{"id":10,"date":"2025-12-10T15:48:29","date_gmt":"2025-12-10T14:48:29","guid":{"rendered":"https:\/\/nstmpl26dev.wpenginepowered.com\/?page_id=10"},"modified":"2026-04-21T15:15:56","modified_gmt":"2026-04-21T13:15:56","slug":"gulv","status":"publish","type":"page","link":"https:\/\/giha.se\/da\/golv\/","title":{"rendered":"Gulv"},"content":{"rendered":"<div class=\"gb-element-873c5736 hero-tjanster\">\n<div class=\"container\">\n<div class=\"gb-element-463f375f\">\n<h2 class=\"gb-text h5 gb-text-def71ef1\">Giha Gulvsystem<\/h2>\n\n\n\n<h1 class=\"gb-text gb-text-18ba34a2\">Innovative, b\u00e6redygtige og let-installerede gulve<\/h1>\n<\/div>\n<\/div>\n\n\n<section class=\"mht-block mht-block-cards mht-block-cards-5828a0d5de8d970a001c14a4f3d7ee46 cards-services\">\n\n    \n<style id='mht-block-cards-5828a0d5de8d970a001c14a4f3d7ee46-vars'>section.mht-block-cards-5828a0d5de8d970a001c14a4f3d7ee46{--mht-block-cards-cards-column-gap:24px;--mht-block-cards-cards-row-gap:24px;--mht-block-cards-card-padding-top:24px;--mht-block-cards-card-padding-right:24px;--mht-block-cards-card-padding-bottom:30px;--mht-block-cards-card-padding-left:24px;--mht-block-cards-card-image-width:30px;--mht-block-cards-card-image-height:24px;--mht-block-cards-card-icon-font-size:1.5rem;--mht-block-cards-title-margin-bottom:0;--mht-block-cards-title-margin-left:42px;--mht-block-cards-desc-margin-top:36px}@media(max-width:991.98px){section.mht-block-cards-5828a0d5de8d970a001c14a4f3d7ee46{--mht-block-cards-cards-column-gap:12px;--mht-block-cards-cards-row-gap:12px;--mht-block-cards-card-padding-top:18px;--mht-block-cards-card-padding-bottom:24px;--mht-block-cards-desc-margin-top:15px}}<\/style>\n\n    <div class=\"section-rich-bg rich-bg\">\n            <\/div>\n\n    <div class=\"container\">\n        <div class=\"section-content\">\n            <div class=\"section-content--inner\">\n\n                <ul class=\"cards--cards mht-grid-3 mht-grid-m-1\">\n                                            <li class=\"cards--card-item\">\n                                <a class=\"cards--card cards--card-v1\" style=\"padding-top:var(--mht-block-cards-card-padding-top);padding-right:var(--mht-block-cards-card-padding-right);padding-bottom:var(--mht-block-cards-card-padding-bottom);padding-left:var(--mht-block-cards-card-padding-left)\" href=\"https:\/\/giha.se\/da\/gulv\/installationsgulv\/\" >\n\n    <div class=\"cards--card--header\">\n        \r\n    <div class=\"cards--card--image image-size-type-fixed image-type-fa_icon\" style=\"width:var(--mht-block-cards-card-image-width);height:var(--mht-block-cards-card-image-height)\">\r\n        <i class=\"mht-fa-icon fa-sharp fa-solid fa-arrow-right\" style=\"font-size:var(--mht-block-cards-card-icon-font-size)\"><\/i>\r\n    <\/div><!-- .cards--card--image -->\r\n    <\/div><!-- .cards--card--header -->\n\n    <div class=\"cards--card--texts\">\n        <div class=\"cards--card--texts--inner\">\n\n            <div class=\"cards--card--body\">\n                                    <h3 class=\"cards--card--title mht-heading h5\" style=\"margin-bottom:var(--mht-block-cards-title-margin-bottom);margin-left:var(--mht-block-cards-title-margin-left)\">                        Installationsgulv                    <\/h3>                \n                \n                                    <div class=\"cards--card--desc mht-wysiwyg\" style=\"margin-top:var(--mht-block-cards-desc-margin-top)\">\n                        <p>Tids- og omkostningseffektivt system til nivellering af uj\u00e6vne gulve, helt fugtfrit. Nivelleringsfunktionen giver total fleksibilitet, hurtig montering og h\u00f8j belastningsevne.<\/p>\n                    <\/div>\n                            <\/div><!-- .cards--card--body -->\n\n            \n        <\/div><!-- .cards--card--texts--inner -->\n    <\/div><!-- .cards--card--texts -->\n\n    <\/a>\n                        <\/li>\n                                            <li class=\"cards--card-item\">\n                                <a class=\"cards--card cards--card-v1\" style=\"padding-top:var(--mht-block-cards-card-padding-top);padding-right:var(--mht-block-cards-card-padding-right);padding-bottom:var(--mht-block-cards-card-padding-bottom);padding-left:var(--mht-block-cards-card-padding-left)\" href=\"https:\/\/giha.se\/da\/gulv\/akustikgulv\/\" >\n\n    <div class=\"cards--card--header\">\n        \r\n    <div class=\"cards--card--image image-size-type-fixed image-type-fa_icon\" style=\"width:var(--mht-block-cards-card-image-width);height:var(--mht-block-cards-card-image-height)\">\r\n        <i class=\"mht-fa-icon fa-sharp fa-solid fa-arrow-right\" style=\"font-size:var(--mht-block-cards-card-icon-font-size)\"><\/i>\r\n    <\/div><!-- .cards--card--image -->\r\n    <\/div><!-- .cards--card--header -->\n\n    <div class=\"cards--card--texts\">\n        <div class=\"cards--card--texts--inner\">\n\n            <div class=\"cards--card--body\">\n                                    <h3 class=\"cards--card--title mht-heading h5\" style=\"margin-bottom:var(--mht-block-cards-title-margin-bottom);margin-left:var(--mht-block-cards-title-margin-left)\">                        Akustikgulv                    <\/h3>                \n                \n                                    <div class=\"cards--card--desc mht-wysiwyg\" style=\"margin-top:var(--mht-block-cards-desc-margin-top)\">\n                        <p>Patentbeskyttet system med lydfod, der effektivt reducerer trinlyde og vibrationer. Skaber mere stille omgivelser i kontorer, skoler og boliger med simpel montering.<\/p>\n                    <\/div>\n                            <\/div><!-- .cards--card--body -->\n\n            \n        <\/div><!-- .cards--card--texts--inner -->\n    <\/div><!-- .cards--card--texts -->\n\n    <\/a>\n                        <\/li>\n                                            <li class=\"cards--card-item\">\n                                <a class=\"cards--card cards--card-v1\" style=\"padding-top:var(--mht-block-cards-card-padding-top);padding-right:var(--mht-block-cards-card-padding-right);padding-bottom:var(--mht-block-cards-card-padding-bottom);padding-left:var(--mht-block-cards-card-padding-left)\" href=\"https:\/\/giha.se\/da\/gulv\/ventilationsgulv\/\" >\n\n    <div class=\"cards--card--header\">\n        \r\n    <div class=\"cards--card--image image-size-type-fixed image-type-fa_icon\" style=\"width:var(--mht-block-cards-card-image-width);height:var(--mht-block-cards-card-image-height)\">\r\n        <i class=\"mht-fa-icon fa-sharp fa-solid fa-arrow-right\" style=\"font-size:var(--mht-block-cards-card-icon-font-size)\"><\/i>\r\n    <\/div><!-- .cards--card--image -->\r\n    <\/div><!-- .cards--card--header -->\n\n    <div class=\"cards--card--texts\">\n        <div class=\"cards--card--texts--inner\">\n\n            <div class=\"cards--card--body\">\n                                    <h3 class=\"cards--card--title mht-heading h5\" style=\"margin-bottom:var(--mht-block-cards-title-margin-bottom);margin-left:var(--mht-block-cards-title-margin-left)\">                        Ventilationsgulv                    <\/h3>                \n                \n                                    <div class=\"cards--card--desc mht-wysiwyg\" style=\"margin-top:var(--mht-block-cards-desc-margin-top)\">\n                        <p>Markedets smarteste l\u00f8sning mod fugt, skimmelsvamp og radon. Mekanisk ventileret system med ekstremt lav byggeh\u00f8jde, der sikrer et sundt og behageligt indeklima.<\/p>\n                    <\/div>\n                            <\/div><!-- .cards--card--body -->\n\n            \n        <\/div><!-- .cards--card--texts--inner -->\n    <\/div><!-- .cards--card--texts -->\n\n    <\/a>\n                        <\/li>\n                                            <li class=\"cards--card-item\">\n                                <a class=\"cards--card cards--card-v1\" style=\"padding-top:var(--mht-block-cards-card-padding-top);padding-right:var(--mht-block-cards-card-padding-right);padding-bottom:var(--mht-block-cards-card-padding-bottom);padding-left:var(--mht-block-cards-card-padding-left)\" href=\"https:\/\/giha.se\/da\/gulv\/gulvvarme\/\" >\n\n    <div class=\"cards--card--header\">\n        \r\n    <div class=\"cards--card--image image-size-type-fixed image-type-fa_icon\" style=\"width:var(--mht-block-cards-card-image-width);height:var(--mht-block-cards-card-image-height)\">\r\n        <i class=\"mht-fa-icon fa-sharp fa-solid fa-arrow-right\" style=\"font-size:var(--mht-block-cards-card-icon-font-size)\"><\/i>\r\n    <\/div><!-- .cards--card--image -->\r\n    <\/div><!-- .cards--card--header -->\n\n    <div class=\"cards--card--texts\">\n        <div class=\"cards--card--texts--inner\">\n\n            <div class=\"cards--card--body\">\n                                    <h3 class=\"cards--card--title mht-heading h5\" style=\"margin-bottom:var(--mht-block-cards-title-margin-bottom);margin-left:var(--mht-block-cards-title-margin-left)\">                        Gulvvarme                    <\/h3>                \n                \n                                    <div class=\"cards--card--desc mht-wysiwyg\" style=\"margin-top:var(--mht-block-cards-desc-margin-top)\">\n                        <p>Energibesparende og milj\u00f8venlige gulvvarmeanl\u00e6g baseret p\u00e5 patenteret teknologi. Giver j\u00e6vn varmefordeling og hurtig installation p\u00e5 de fleste typer af underlag, b\u00e5de ved nybyggeri og renovering.<\/p>\n                    <\/div>\n                            <\/div><!-- .cards--card--body -->\n\n            \n        <\/div><!-- .cards--card--texts--inner -->\n    <\/div><!-- .cards--card--texts -->\n\n    <\/a>\n                        <\/li>\n                                            <li class=\"cards--card-item\">\n                                <a class=\"cards--card cards--card-v1\" style=\"padding-top:var(--mht-block-cards-card-padding-top);padding-right:var(--mht-block-cards-card-padding-right);padding-bottom:var(--mht-block-cards-card-padding-bottom);padding-left:var(--mht-block-cards-card-padding-left)\" href=\"https:\/\/giha.se\/da\/gulv\/projektering\/\" >\n\n    <div class=\"cards--card--header\">\n        \r\n    <div class=\"cards--card--image image-size-type-fixed image-type-fa_icon\" style=\"width:var(--mht-block-cards-card-image-width);height:var(--mht-block-cards-card-image-height)\">\r\n        <i class=\"mht-fa-icon fa-sharp fa-solid fa-arrow-right\" style=\"font-size:var(--mht-block-cards-card-icon-font-size)\"><\/i>\r\n    <\/div><!-- .cards--card--image -->\r\n    <\/div><!-- .cards--card--header -->\n\n    <div class=\"cards--card--texts\">\n        <div class=\"cards--card--texts--inner\">\n\n            <div class=\"cards--card--body\">\n                                    <h3 class=\"cards--card--title mht-heading h5\" style=\"margin-bottom:var(--mht-block-cards-title-margin-bottom);margin-left:var(--mht-block-cards-title-margin-left)\">                        Projektering                    <\/h3>                \n                \n                                    <div class=\"cards--card--desc mht-wysiwyg\" style=\"margin-top:var(--mht-block-cards-desc-margin-top)\">\n                        <p>Vi tilbyder teknisk ekspertise fra tegning til f\u00e6rdig konstruktion. Skr\u00e6ddersyet produktudvikling og omhyggelige beregninger sikrer optimal funktion og kvalitet i ethvert unikt projekt.<\/p>\n                    <\/div>\n                            <\/div><!-- .cards--card--body -->\n\n            \n        <\/div><!-- .cards--card--texts--inner -->\n    <\/div><!-- .cards--card--texts -->\n\n    <\/a>\n                        <\/li>\n                                            <li class=\"cards--card-item\">\n                                <a class=\"cards--card cards--card-v1\" style=\"padding-top:var(--mht-block-cards-card-padding-top);padding-right:var(--mht-block-cards-card-padding-right);padding-bottom:var(--mht-block-cards-card-padding-bottom);padding-left:var(--mht-block-cards-card-padding-left)\" href=\"https:\/\/giha.se\/da\/gulv\/vent-inspektion\/\" >\n\n    <div class=\"cards--card--header\">\n        \r\n    <div class=\"cards--card--image image-size-type-fixed image-type-fa_icon\" style=\"width:var(--mht-block-cards-card-image-width);height:var(--mht-block-cards-card-image-height)\">\r\n        <i class=\"mht-fa-icon fa-sharp fa-solid fa-arrow-right\" style=\"font-size:var(--mht-block-cards-card-icon-font-size)\"><\/i>\r\n    <\/div><!-- .cards--card--image -->\r\n    <\/div><!-- .cards--card--header -->\n\n    <div class=\"cards--card--texts\">\n        <div class=\"cards--card--texts--inner\">\n\n            <div class=\"cards--card--body\">\n                                    <h3 class=\"cards--card--title mht-heading h5\" style=\"margin-bottom:var(--mht-block-cards-title-margin-bottom);margin-left:var(--mht-block-cards-title-margin-left)\">                        Vent INSPEKT                    <\/h3>                \n                \n                                    <div class=\"cards--card--desc mht-wysiwyg\" style=\"margin-top:var(--mht-block-cards-desc-margin-top)\">\n                        <p>Den smarte metode til gulvinspektion. Med specialudviklet bor og f\u00e6rdige d\u00e6kl\u00e5g kontrolleres fugt og lugt hurtigt uden at \u00f8del\u00e6gge lokalets layout eller gulvkonstruktion.<\/p>\n                    <\/div>\n                            <\/div><!-- .cards--card--body -->\n\n            \n        <\/div><!-- .cards--card--texts--inner -->\n    <\/div><!-- .cards--card--texts -->\n\n    <\/a>\n                        <\/li>\n                                    <\/ul>\n\n            <\/div><!-- .section-content-inner -->\n        <\/div><!-- .section-content -->\n    <\/div><!-- .container -->\n\n<\/section>\n<\/div>\n\n\n\n<div class=\"gb-element-4b2501b7 folj-oss\">\n<div class=\"container gb-element-fd1041ea\">\n<div class=\"last-child-mb-0 gb-element-b1b220f1\">\n<h2 class=\"gb-text h5 gb-text-350af809\">F\u00f8lg Giha p\u00e5 Facebook!<\/h2>\n<\/div>\n\n\n\n<div class=\"gb-element-1cd099e6\"><div class=\"mht-block mht-block-contact-info mht-block-contact-info-f898ea42e43157d8eb6046bf87937df4 social-info\">\r\n\r\n    \n<style id='mht-block-contact-info-f898ea42e43157d8eb6046bf87937df4-vars'><\/style>\n\r\n    <ul class=\"contact-info-items fa-ul layout-d-horizontal layout-m-vertical justify-content-flex-start\">\r\n                                    <li class=\"item\">\r\n                                            <a class=\"item-inner\" href=\"https:\/\/www.facebook.com\/gihagolvet\/?locale=sv_SE\" target=\"_blank\">\r\n                    \r\n                                            <span class=\"fa-li icon-wrap\"><i class=\"fa-brands fa-facebook\"><\/i><\/span>\r\n                                                                <span class=\"text\">Facebook<\/span>\r\n                    \r\n                                            <\/a>\r\n                                    <\/li>\r\n                        <\/ul>\r\n\r\n<\/div>\r\n<\/div>\n<\/div>\n<\/div>","protected":false},"excerpt":{"rendered":"<p>Giha Golvsystem Innovativa, h\u00e5llbara och l\u00e4ttinstallerade golv<\/p>","protected":false},"author":1,"featured_media":0,"parent":0,"menu_order":0,"comment_status":"closed","ping_status":"closed","template":"","meta":{"_acf_changed":true,"inline_featured_image":false,"footnotes":""},"class_list":["post-10","page","type-page","status-publish","hentry"],"acf":[],"yoast_head":"<!-- This site is optimized with the Yoast SEO plugin v27.6 - https:\/\/yoast.com\/product\/yoast-seo-wordpress\/ -->\n<title>V\u00e5ra golv och tj\u00e4nster | Patenterade golvsystem | Giha<\/title>\n<meta name=\"description\" content=\"Se Gihas utbud av installationsgolv, akustikgolv och ventilationsgolv. Patenterade golv med fokus p\u00e5 milj\u00f6, kvalitet och snabbt montage.\" \/>\n<meta name=\"robots\" content=\"index, follow, max-snippet:-1, max-image-preview:large, max-video-preview:-1\" \/>\n<link rel=\"canonical\" href=\"https:\/\/giha.se\/da\/gulv\/\" \/>\n<meta property=\"og:locale\" content=\"da_DK\" \/>\n<meta property=\"og:type\" content=\"article\" \/>\n<meta property=\"og:title\" content=\"V\u00e5ra golv och tj\u00e4nster | Patenterade golvsystem | Giha\" \/>\n<meta property=\"og:description\" content=\"Se Gihas utbud av installationsgolv, akustikgolv och ventilationsgolv. Patenterade golv med fokus p\u00e5 milj\u00f6, kvalitet och snabbt montage.\" \/>\n<meta property=\"og:url\" content=\"https:\/\/giha.se\/da\/gulv\/\" \/>\n<meta property=\"og:site_name\" content=\"Giha Golvsystem\" \/>\n<meta property=\"article:publisher\" content=\"https:\/\/www.facebook.com\/gihagolvet\/?locale=sv_SE\" \/>\n<meta property=\"article:modified_time\" content=\"2026-04-21T13:15:56+00:00\" \/>\n<meta property=\"og:image\" content=\"https:\/\/giha.se\/wp-content\/uploads\/2026\/05\/Giha-Site-image.webp\" \/>\n\t<meta property=\"og:image:width\" content=\"1200\" \/>\n\t<meta property=\"og:image:height\" content=\"675\" \/>\n\t<meta property=\"og:image:type\" content=\"image\/webp\" \/>\n<meta name=\"twitter:card\" content=\"summary_large_image\" \/>\n<meta name=\"twitter:label1\" content=\"Est. reading time\" \/>\n\t<meta name=\"twitter:data1\" content=\"1 minut\" \/>\n<script type=\"application\/ld+json\" class=\"yoast-schema-graph\">{\"@context\":\"https:\\\/\\\/schema.org\",\"@graph\":[{\"@type\":\"WebPage\",\"@id\":\"https:\\\/\\\/giha.se\\\/golv\\\/\",\"url\":\"https:\\\/\\\/giha.se\\\/golv\\\/\",\"name\":\"V\u00e5ra golv och tj\u00e4nster | Patenterade golvsystem | Giha\",\"isPartOf\":{\"@id\":\"https:\\\/\\\/giha.se\\\/#website\"},\"datePublished\":\"2025-12-10T14:48:29+00:00\",\"dateModified\":\"2026-04-21T13:15:56+00:00\",\"description\":\"Se Gihas utbud av installationsgolv, akustikgolv och ventilationsgolv. Patenterade golv med fokus p\u00e5 milj\u00f6, kvalitet och snabbt montage.\",\"breadcrumb\":{\"@id\":\"https:\\\/\\\/giha.se\\\/golv\\\/#breadcrumb\"},\"inLanguage\":\"da-DK\",\"potentialAction\":[{\"@type\":\"ReadAction\",\"target\":[\"https:\\\/\\\/giha.se\\\/golv\\\/\"]}]},{\"@type\":\"BreadcrumbList\",\"@id\":\"https:\\\/\\\/giha.se\\\/golv\\\/#breadcrumb\",\"itemListElement\":[{\"@type\":\"ListItem\",\"position\":1,\"name\":\"Home\",\"item\":\"https:\\\/\\\/giha.se\\\/\"},{\"@type\":\"ListItem\",\"position\":2,\"name\":\"Golv\"}]},{\"@type\":\"WebSite\",\"@id\":\"https:\\\/\\\/giha.se\\\/#website\",\"url\":\"https:\\\/\\\/giha.se\\\/\",\"name\":\"Giha Golvsystem\",\"description\":\"\",\"publisher\":{\"@id\":\"https:\\\/\\\/giha.se\\\/#organization\"},\"potentialAction\":[{\"@type\":\"SearchAction\",\"target\":{\"@type\":\"EntryPoint\",\"urlTemplate\":\"https:\\\/\\\/giha.se\\\/?s={search_term_string}\"},\"query-input\":{\"@type\":\"PropertyValueSpecification\",\"valueRequired\":true,\"valueName\":\"search_term_string\"}}],\"inLanguage\":\"da-DK\"},{\"@type\":[\"Organization\",\"Place\"],\"@id\":\"https:\\\/\\\/giha.se\\\/#organization\",\"name\":\"Hertig Knut Aktiebolag\",\"url\":\"https:\\\/\\\/giha.se\\\/\",\"logo\":{\"@id\":\"https:\\\/\\\/giha.se\\\/golv\\\/#local-main-organization-logo\"},\"image\":{\"@id\":\"https:\\\/\\\/giha.se\\\/golv\\\/#local-main-organization-logo\"},\"sameAs\":[\"https:\\\/\\\/www.facebook.com\\\/gihagolvet\\\/?locale=sv_SE\"],\"address\":{\"@id\":\"https:\\\/\\\/giha.se\\\/golv\\\/#local-main-place-address\"},\"geo\":{\"@type\":\"GeoCoordinates\",\"latitude\":\"57.15223341785647\",\"longitude\":\"12.320171146322505\"},\"telephone\":[\"0340 \u2013 62 07 64\"],\"openingHoursSpecification\":[],\"email\":\"info@giha.se\"},{\"@type\":\"PostalAddress\",\"@id\":\"https:\\\/\\\/giha.se\\\/golv\\\/#local-main-place-address\",\"streetAddress\":\"Lindberg 97\",\"addressLocality\":\"Varberg\",\"postalCode\":\"432 92\",\"addressCountry\":\"SE\"},{\"@type\":\"ImageObject\",\"inLanguage\":\"da-DK\",\"@id\":\"https:\\\/\\\/giha.se\\\/golv\\\/#local-main-organization-logo\",\"url\":\"https:\\\/\\\/giha.se\\\/wp-content\\\/uploads\\\/2026\\\/05\\\/Giha-Org-logo.webp\",\"contentUrl\":\"https:\\\/\\\/giha.se\\\/wp-content\\\/uploads\\\/2026\\\/05\\\/Giha-Org-logo.webp\",\"width\":696,\"height\":696,\"caption\":\"Hertig Knut Aktiebolag\"}]}<\/script>\n<meta name=\"geo.placename\" content=\"Varberg\" \/>\n<meta name=\"geo.position\" content=\"57.15223341785647;12.320171146322505\" \/>\n<meta name=\"geo.region\" content=\"Sverige\" \/>\n<!-- \/ Yoast SEO plugin. -->","yoast_head_json":{"title":"Vores gulve og services | Patenterede gulvsystemer | Giha","description":"Se Gihas udvalg af installationsgulve, akustikgulve og ventilationsgulve. Patenteret gulve med fokus p\u00e5 milj\u00f8, kvalitet og hurtig montage.","robots":{"index":"index","follow":"follow","max-snippet":"max-snippet:-1","max-image-preview":"max-image-preview:large","max-video-preview":"max-video-preview:-1"},"canonical":"https:\/\/giha.se\/da\/gulv\/","og_locale":"da_DK","og_type":"article","og_title":"V\u00e5ra golv och tj\u00e4nster | Patenterade golvsystem | Giha","og_description":"Se Gihas utbud av installationsgolv, akustikgolv och ventilationsgolv. Patenterade golv med fokus p\u00e5 milj\u00f6, kvalitet och snabbt montage.","og_url":"https:\/\/giha.se\/da\/gulv\/","og_site_name":"Giha Golvsystem","article_publisher":"https:\/\/www.facebook.com\/gihagolvet\/?locale=sv_SE","article_modified_time":"2026-04-21T13:15:56+00:00","og_image":[{"width":1200,"height":675,"url":"https:\/\/giha.se\/wp-content\/uploads\/2026\/05\/Giha-Site-image.webp","type":"image\/webp"}],"twitter_card":"summary_large_image","twitter_misc":{"Est. reading time":"1 minut"},"schema":{"@context":"https:\/\/schema.org","@graph":[{"@type":"WebPage","@id":"https:\/\/giha.se\/golv\/","url":"https:\/\/giha.se\/golv\/","name":"Vores gulve og services | Patenterede gulvsystemer | Giha","isPartOf":{"@id":"https:\/\/giha.se\/#website"},"datePublished":"2025-12-10T14:48:29+00:00","dateModified":"2026-04-21T13:15:56+00:00","description":"Se Gihas udvalg af installationsgulve, akustikgulve og ventilationsgulve. Patenteret gulve med fokus p\u00e5 milj\u00f8, kvalitet og hurtig montage.","breadcrumb":{"@id":"https:\/\/giha.se\/golv\/#breadcrumb"},"inLanguage":"da-DK","potentialAction":[{"@type":"ReadAction","target":["https:\/\/giha.se\/golv\/"]}]},{"@type":"BreadcrumbList","@id":"https:\/\/giha.se\/golv\/#breadcrumb","itemListElement":[{"@type":"ListItem","position":1,"name":"Home","item":"https:\/\/giha.se\/"},{"@type":"ListItem","position":2,"name":"Golv"}]},{"@type":"WebSite","@id":"https:\/\/giha.se\/#website","url":"https:\/\/giha.se\/","name":"Giha Gulvsystem","description":"","publisher":{"@id":"https:\/\/giha.se\/#organization"},"potentialAction":[{"@type":"SearchAction","target":{"@type":"EntryPoint","urlTemplate":"https:\/\/giha.se\/?s={search_term_string}"},"query-input":{"@type":"PropertyValueSpecification","valueRequired":true,"valueName":"search_term_string"}}],"inLanguage":"da-DK"},{"@type":["Organization","Place"],"@id":"https:\/\/giha.se\/#organization","name":"Hertug Knut Aktiebolag","url":"https:\/\/giha.se\/","logo":{"@id":"https:\/\/giha.se\/golv\/#local-main-organization-logo"},"image":{"@id":"https:\/\/giha.se\/golv\/#local-main-organization-logo"},"sameAs":["https:\/\/www.facebook.com\/gihagolvet\/?locale=sv_SE"],"address":{"@id":"https:\/\/giha.se\/golv\/#local-main-place-address"},"geo":{"@type":"GeoCoordinates","latitude":"57.15223341785647","longitude":"12.320171146322505"},"telephone":["0340 \u2013 62 07 64"],"openingHoursSpecification":[],"email":"info@giha.se"},{"@type":"PostalAddress","@id":"https:\/\/giha.se\/golv\/#local-main-place-address","streetAddress":"Lindberg 97","addressLocality":"Varberg","postalCode":"432 92","addressCountry":"SE"},{"@type":"ImageObject","inLanguage":"da-DK","@id":"https:\/\/giha.se\/golv\/#local-main-organization-logo","url":"https:\/\/giha.se\/wp-content\/uploads\/2026\/05\/Giha-Org-logo.webp","contentUrl":"https:\/\/giha.se\/wp-content\/uploads\/2026\/05\/Giha-Org-logo.webp","width":696,"height":696,"caption":"Hertig Knut Aktiebolag"}]},"geo.placename":"Varberg","geo.position":{"lat":"57.15223341785647","long":"12.320171146322505"},"geo.region":"Sverige"},"_links":{"self":[{"href":"https:\/\/giha.se\/da\/wp-json\/wp\/v2\/pages\/10","targetHints":{"allow":["GET"]}}],"collection":[{"href":"https:\/\/giha.se\/da\/wp-json\/wp\/v2\/pages"}],"about":[{"href":"https:\/\/giha.se\/da\/wp-json\/wp\/v2\/types\/page"}],"author":[{"embeddable":true,"href":"https:\/\/giha.se\/da\/wp-json\/wp\/v2\/users\/1"}],"replies":[{"embeddable":true,"href":"https:\/\/giha.se\/da\/wp-json\/wp\/v2\/comments?post=10"}],"version-history":[{"count":0,"href":"https:\/\/giha.se\/da\/wp-json\/wp\/v2\/pages\/10\/revisions"}],"wp:attachment":[{"href":"https:\/\/giha.se\/da\/wp-json\/wp\/v2\/media?parent=10"}],"curies":[{"name":"wp","href":"https:\/\/api.w.org\/{rel}","templated":true}]}}