{"id":1626,"date":"2026-04-07T15:52:29","date_gmt":"2026-04-07T13:52:29","guid":{"rendered":"https:\/\/giha.se\/?page_id=1626"},"modified":"2026-04-21T13:53:10","modified_gmt":"2026-04-21T11:53:10","slug":"installationsgulv","status":"publish","type":"page","link":"https:\/\/giha.se\/da\/golv\/installationsgolv\/","title":{"rendered":"Installationsgulv"},"content":{"rendered":"<div class=\"container\">\n<div class=\"gb-element-d80239bf\">\n<div class=\"last-child-mb-0 gb-element-57575c3d\">\n<h2 class=\"gb-text h5 mht-color-accent gb-text-077d671a\">Installationsgulv<\/h2>\n\n\n\n<h1 class=\"gb-text gb-text-30719cba\">Giha Installationsgulv<\/h1>\n\n\n\n<p class=\"gb-text gb-text-a83d4b45\">Giha Installationsgulve er det optimale valg til en hurtig og fugtfri gulvkonstruktion. Med vores patenterede systemer skaber vi j\u00e6vne underlag og skjuler installationer effektivt i b\u00e5de nybyggeri og renoveringsprojekter.<\/p>\n<\/div>\n\n\n\n<div class=\"gb-element-3637d379\">\n<img loading=\"lazy\" decoding=\"async\" width=\"1792\" height=\"880\" class=\"gb-media-54c2d586\" alt=\"\" src=\"https:\/\/giha.se\/wp-content\/uploads\/2026\/04\/Hisab-installationsgolv-kontor@2x-1.webp\" srcset=\"https:\/\/giha.se\/wp-content\/uploads\/2026\/04\/Hisab-installationsgolv-kontor@2x-1.webp 1792w, https:\/\/giha.se\/wp-content\/uploads\/2026\/04\/Hisab-installationsgolv-kontor@2x-1-300x147.webp 300w, https:\/\/giha.se\/wp-content\/uploads\/2026\/04\/Hisab-installationsgolv-kontor@2x-1-1024x503.webp 1024w, https:\/\/giha.se\/wp-content\/uploads\/2026\/04\/Hisab-installationsgolv-kontor@2x-1-768x377.webp 768w, https:\/\/giha.se\/wp-content\/uploads\/2026\/04\/Hisab-installationsgolv-kontor@2x-1-575x282.webp 575w, https:\/\/giha.se\/wp-content\/uploads\/2026\/04\/Hisab-installationsgolv-kontor@2x-1-1320x648.webp 1320w\" sizes=\"auto, (max-width: 1792px) 100vw, 1792px\" \/>\n\n\n\n<img loading=\"lazy\" decoding=\"async\" width=\"716\" height=\"762\" class=\"gb-media-39bf6a22\" alt=\"\" src=\"https:\/\/giha.se\/wp-content\/uploads\/2026\/04\/Hisab-installationsgolv-kontor@2x.webp\" srcset=\"https:\/\/giha.se\/wp-content\/uploads\/2026\/04\/Hisab-installationsgolv-kontor@2x.webp 716w, https:\/\/giha.se\/wp-content\/uploads\/2026\/04\/Hisab-installationsgolv-kontor@2x-282x300.webp 282w, https:\/\/giha.se\/wp-content\/uploads\/2026\/04\/Hisab-installationsgolv-kontor@2x-575x612.webp 575w\" sizes=\"auto, (max-width: 716px) 100vw, 716px\" \/>\n<\/div>\n\n\n\n<div class=\"gb-element-ee322066\">\n<h2 class=\"gb-text h4-m gb-text-62d75167\">Tids- og omkostningseffektivt, udlign uj\u00e6vne gulve og helt fri for fugt<\/h2>\n\n\n\n<h4 class=\"gb-text h5 gb-text-ba979222\">S\u00e5dan fungerer Giha installationsgulve<\/h4>\n\n\n\n<p>Vores system er baseret p\u00e5 en genial metode, hvor gulvsp\u00e5npladerne hviler direkte p\u00e5 nylonskruer, der er nivelleret til pr\u00e6cis h\u00f8jde. Dette eliminerer behovet for tidskr\u00e6vende st\u00f8bning eller selvnivellerende spartel, hvilket g\u00f8r processen b\u00e5de tids- og omkostningseffektiv. Ved at undg\u00e5 v\u00e5de arbejdsprocesser tilf\u00f8res ingen fugt til bygningen, og du kan nemt rette gamle, uj\u00e6vne tr\u00e6gulve eller r\u00e5beton op. Det efterlader et gener\u00f8st rum under gulvoverfladen til usynlig tr\u00e6kning af el-, VVS- og netv\u00e6rkskabler.<\/p>\n\n\n\n<p>Systemet er ekstremt fleksibelt og egnet til en bred vifte af milj\u00f8er, s\u00e5som moderne kontorer, butikslokaler og teknologisk intensive datacentre eller serverrum. Det er ogs\u00e5 en fremragende l\u00f8sning til offentlige bygninger som skoler, daginstitutioner og kirker, hvor tilg\u00e6ngelighed og skjulte installationer er et krav. Restauranter, uddannelsesinstitutioner og servicebygninger nyder ogs\u00e5 godt af den korte monteringstid. For k\u00e6ldermilj\u00f8er er det et sikkert valg, da konstruktionen tillader underliggende luftcirkulation og holder gulvfladen t\u00f8r og varm.<\/p>\n<\/div>\n\n\n\n<div class=\"gb-element-bd49e5df\">\n<div class=\"gb-element-5bd14ef8 dash-top\">\n<div class=\"last-child-mb-0\">\n<h2 class=\"gb-text h4 gb-text-ec480733\">Niveaujusterende funktion for total fleksibilitet<\/h2>\n<\/div>\n\n\n\n<div class=\"last-child-mb-0 gb-element-307c1843\">\n<p>Giha Installationsgulve tilbyder en unik nivellerende funktion, der kan justere gulvh\u00f8jden fra 26 mm op til 400 mm inklusive sp\u00e5npladen. Dette g\u00f8r det muligt at udligne store niveauforskelle og uj\u00e6vnheder i underlaget uden tunge og dyre opbygninger. <\/p>\n\n\n\n<p>Justeringen sker hurtigt og nemt gennem de formonterede b\u00f8sninger, hvilket sikrer et helt plant slutresultat, uanset om foruds\u00e6tningerne er et skr\u00e5nende industrigulv eller et svigtende bj\u00e6lkelag i et \u00e6ldre hus.<\/p>\n<\/div>\n<\/div>\n\n\n\n<div class=\"gb-element-d69de223 dash-top\">\n<div class=\"last-child-mb-0\">\n<h2 class=\"gb-text h4 gb-text-9581baac\">Enkel efterjustering og usynlig genoprettelse<\/h2>\n<\/div>\n\n\n\n<div class=\"last-child-mb-0 gb-element-fb66abdd\">\n<p>N\u00e5r installationsarbejdet under gulvet er afsluttet, og h\u00f8jden er indstillet, afkortes nylonskruerne for en perfekt finish. Ved behov for fremtidige inspektioner eller yderligere kabelf\u00f8ring kan vores specialdesignede d\u00e6ksler bruges til nem genmontering. <\/p>\n\n\n\n<p>L\u00e5set monteras i golvplattans bussningar och t\u00e4cks sedan diskret av mattl\u00e4ggning eller flytspackling. Om du v\u00e4ljer att l\u00e4gga parkett eller tr\u00e4golv ovanp\u00e5 beh\u00f6vs inga t\u00e4cklock alls, vilket g\u00f6r systemet helt osynligt f\u00f6r \u00f6gat.<\/p>\n<\/div>\n<\/div>\n\n\n\n<div class=\"gb-element-5d28a983 dash-top\">\n<div class=\"last-child-mb-0\">\n<h2 class=\"gb-text h4 gb-text-9cdd281e\">Teknisk information for Giha installationsgulve<\/h2>\n<\/div>\n\n\n\n<div class=\"last-child-mb-0 gb-element-176aa6be\">\n<p>Systemet best\u00e5r af f\u00e5 komponenter for at minimere materialeh\u00e5ndtering og transportbehov. Vores gulvplader er 22 mm tykke og kan leveres med formonteret isolering for forbedret termisk komfort og lydd\u00e6mpning. <\/p>\n\n\n\n<p>Til stabil fastg\u00f8relse anvendes enten betonskrue eller dykkert afh\u00e6ngigt af underlagets beskaffenhed. Alle dele er dimensioneret til at kunne t\u00e5le h\u00f8j belastning, hvilket g\u00f8r Giha til en p\u00e5lidelig partner til tunge kontorm\u00f8bler og teknisk udstyr i kr\u00e6vende milj\u00f8er.<\/p>\n<\/div>\n<\/div>\n<\/div>\n<\/div>\n\n\n\n<div>\n<div>\n<div class=\"container last-child-mb-0 gb-element-47f31ca2\">\n<h5 class=\"gb-text mht-color-accent gb-text-c58c5f8f\">Giha Installationsgulv<\/h5>\n\n\n\n<h2 class=\"gb-text\">Hurtig montering, h\u00f8j belastning og fugtfri konstruktion<\/h2>\n<\/div>\n<\/div>\n\n\n<section class=\"mht-block mht-block-cards mht-block-cards-69450ee1e749475ce9aef2e5d7c6e869\">\n\n    \n<style id='mht-block-cards-69450ee1e749475ce9aef2e5d7c6e869-vars'>section.mht-block-cards-69450ee1e749475ce9aef2e5d7c6e869{--mht-block-cards-cards-column-gap:80px;--mht-block-cards-cards-row-gap:80px;--mht-block-cards-content-max-width:1128px;--mht-block-cards-card-text-align:center;--mht-block-cards-card-image-margin-left:auto;--mht-block-cards-card-image-margin-right:auto;--mht-block-cards-card-icon-font-size:40px;--mht-block-cards-card-icon-color:var(--mht-color-accent);--mht-block-cards-title-margin-top:46px;--mht-block-cards-title-margin-bottom:12px}@media(max-width:991.98px){section.mht-block-cards-69450ee1e749475ce9aef2e5d7c6e869{--mht-block-cards-card-padding-right:19px;--mht-block-cards-card-padding-left:19px;--mht-block-cards-title-margin-top:36px}}<\/style>\n\n    <div class=\"section-rich-bg rich-bg\">\n            <\/div>\n\n    <div class=\"container\">\n        <div class=\"section-content\">\n            <div class=\"section-content--inner\" style=\"max-width:var(--mht-block-cards-content-max-width)\">\n\n                <ul class=\"cards--cards mht-grid-3 mht-grid-m-1\">\n                                            <li class=\"cards--card-item\">\n                                <div class=\"cards--card cards--card-v1\" style=\"text-align:var(--mht-block-cards-card-text-align);padding-right:var(--mht-block-cards-card-padding-right);padding-left:var(--mht-block-cards-card-padding-left)\">\n\n    <div class=\"cards--card--header\">\n        \r\n    <\/div><!-- .cards--card--header -->\n\n    <div class=\"cards--card--texts\">\n        <div class=\"cards--card--texts--inner\">\n\n            <div class=\"cards--card--body\">\n                                    <h3 class=\"cards--card--title mht-heading h5\" style=\"margin-top:var(--mht-block-cards-title-margin-top);margin-bottom:var(--mht-block-cards-title-margin-bottom)\">                        Til flere ans\u00f8gninger                    <\/h3>                \n                \n                                    <div class=\"cards--card--desc mht-wysiwyg\">\n                        <p>Vores system tilpasses nemt til b\u00e5de nybyggeri og renovering, uanset om underlaget er beton, tr\u00e6 eller har store uj\u00e6vnheder.<\/p>\n                    <\/div>\n                            <\/div><!-- .cards--card--body -->\n\n            \n        <\/div><!-- .cards--card--texts--inner -->\n    <\/div><!-- .cards--card--texts -->\n\n    <\/div>\n                        <\/li>\n                                            <li class=\"cards--card-item\">\n                                <div class=\"cards--card cards--card-v1\" style=\"text-align:var(--mht-block-cards-card-text-align);padding-right:var(--mht-block-cards-card-padding-right);padding-left:var(--mht-block-cards-card-padding-left)\">\n\n    <div class=\"cards--card--header\">\n        \r\n    <\/div><!-- .cards--card--header -->\n\n    <div class=\"cards--card--texts\">\n        <div class=\"cards--card--texts--inner\">\n\n            <div class=\"cards--card--body\">\n                                    <h3 class=\"cards--card--title mht-heading h5\" style=\"margin-top:var(--mht-block-cards-title-margin-top);margin-bottom:var(--mht-block-cards-title-margin-bottom)\">                        F\u00e6rre arbejdsgange                    <\/h3>                \n                \n                                    <div class=\"cards--card--desc mht-wysiwyg\">\n                        <p>Slip st\u00f8bning og spartling; gulvet hviler p\u00e5 nylonskruer, hvilket g\u00f8r monteringen hurtigere og s\u00e6nker de samlede projektomkostninger betydeligt.<\/p>\n                    <\/div>\n                            <\/div><!-- .cards--card--body -->\n\n            \n        <\/div><!-- .cards--card--texts--inner -->\n    <\/div><!-- .cards--card--texts -->\n\n    <\/div>\n                        <\/li>\n                                            <li class=\"cards--card-item\">\n                                <div class=\"cards--card cards--card-v1\" style=\"text-align:var(--mht-block-cards-card-text-align);padding-right:var(--mht-block-cards-card-padding-right);padding-left:var(--mht-block-cards-card-padding-left)\">\n\n    <div class=\"cards--card--header\">\n        \r\n    <\/div><!-- .cards--card--header -->\n\n    <div class=\"cards--card--texts\">\n        <div class=\"cards--card--texts--inner\">\n\n            <div class=\"cards--card--body\">\n                                    <h3 class=\"cards--card--title mht-heading h5\" style=\"margin-top:var(--mht-block-cards-title-margin-top);margin-bottom:var(--mht-block-cards-title-margin-bottom)\">                        P\u00e5virker ikke layout                    <\/h3>                \n                \n                                    <div class=\"cards--card--desc mht-wysiwyg\">\n                        <p>Den lave byggeh\u00f8jde og fleksible nivellering g\u00f8r, at lokalets eksisterende layout bevares uden at kr\u00e6ve store indgreb i konstruktionen.<\/p>\n                    <\/div>\n                            <\/div><!-- .cards--card--body -->\n\n            \n        <\/div><!-- .cards--card--texts--inner -->\n    <\/div><!-- .cards--card--texts -->\n\n    <\/div>\n                        <\/li>\n                                    <\/ul>\n\n            <\/div><!-- .section-content-inner -->\n        <\/div><!-- .section-content -->\n    <\/div><!-- .container -->\n\n<\/section>\n<\/div>\n<\/div>\n\n\n\n<div class=\"gb-element-4b2501b7 folj-oss\">\n<div class=\"container gb-element-fd1041ea\">\n<div class=\"last-child-mb-0 gb-element-b1b220f1\">\n<h2 class=\"gb-text h5 gb-text-350af809\">F\u00f8lg Giha p\u00e5 Facebook!<\/h2>\n<\/div>\n\n\n\n<div class=\"gb-element-1cd099e6\"><div class=\"mht-block mht-block-contact-info mht-block-contact-info-e5aecf11a4973492f826872837b7f664 social-info\">\r\n\r\n    \n<style id='mht-block-contact-info-e5aecf11a4973492f826872837b7f664-vars'><\/style>\n\r\n    <ul class=\"contact-info-items fa-ul layout-d-horizontal layout-m-vertical justify-content-flex-start\">\r\n                                    <li class=\"item\">\r\n                                            <a class=\"item-inner\" href=\"https:\/\/www.facebook.com\/gihagolvet\/?locale=sv_SE\" target=\"_blank\">\r\n                    \r\n                                            <span class=\"fa-li icon-wrap\"><i class=\"fa-brands fa-facebook\"><\/i><\/span>\r\n                                                                <span class=\"text\">Facebook<\/span>\r\n                    \r\n                                            <\/a>\r\n                                    <\/li>\r\n                        <\/ul>\r\n\r\n<\/div>\r\n<\/div>\n<\/div>\n<\/div>","protected":false},"excerpt":{"rendered":"<p>Installationsgolv Giha Installationsgolv Giha Installationsgolv \u00e4r det optimala valet f\u00f6r en snabb och fuktfri golvkonstruktion. Med v\u00e5ra patenterade system skapar vi j\u00e4mna underlag och d\u00f6ljer installationer effektivt i b\u00e5de nybyggnation och renoveringsprojekt. Tids- och kostnadseffektivt, rikta upp oj\u00e4mna golv och helt fritt fr\u00e5n fukt S\u00e5 fungerar Giha Installationsgolv V\u00e5rt system bygger p\u00e5 en genialisk metod [&hellip;]<\/p>\n","protected":false},"author":2,"featured_media":0,"parent":10,"menu_order":1,"comment_status":"closed","ping_status":"closed","template":"","meta":{"_acf_changed":true,"inline_featured_image":false,"footnotes":""},"class_list":["post-1626","page","type-page","status-publish","hentry"],"acf":[],"yoast_head":"<!-- This site is optimized with the Yoast SEO plugin v27.6 - https:\/\/yoast.com\/product\/yoast-seo-wordpress\/ -->\n<title>Giha Installationsgolv | Smart golvsystem med enkel installation<\/title>\n<meta name=\"description\" content=\"Snabb golvl\u00e4ggning med Giha Installationsgolv. Slipp gjutning med v\u00e5ra niv\u00e5reglerande system. Milj\u00f6v\u00e4nligt, fuktfritt och t\u00e5l h\u00f6g belastning.\" \/>\n<meta name=\"robots\" content=\"index, follow, max-snippet:-1, max-image-preview:large, max-video-preview:-1\" \/>\n<link rel=\"canonical\" href=\"https:\/\/giha.se\/da\/gulv\/installationsgulv\/\" \/>\n<meta property=\"og:locale\" content=\"da_DK\" \/>\n<meta property=\"og:type\" content=\"article\" \/>\n<meta property=\"og:title\" content=\"Giha Installationsgolv | Smart golvsystem med enkel installation\" \/>\n<meta property=\"og:description\" content=\"Snabb golvl\u00e4ggning med Giha Installationsgolv. Slipp gjutning med v\u00e5ra niv\u00e5reglerande system. Milj\u00f6v\u00e4nligt, fuktfritt och t\u00e5l h\u00f6g belastning.\" \/>\n<meta property=\"og:url\" content=\"https:\/\/giha.se\/da\/gulv\/installationsgulv\/\" \/>\n<meta property=\"og:site_name\" content=\"Giha Golvsystem\" \/>\n<meta property=\"article:publisher\" content=\"https:\/\/www.facebook.com\/gihagolvet\/?locale=sv_SE\" \/>\n<meta property=\"article:modified_time\" content=\"2026-04-21T11:53:10+00:00\" \/>\n<meta property=\"og:image\" content=\"https:\/\/giha.se\/wp-content\/uploads\/2026\/04\/Hisab-installationsgolv-kontor@2x-1.webp\" \/>\n<meta name=\"twitter:card\" content=\"summary_large_image\" \/>\n<meta name=\"twitter:label1\" content=\"Est. reading time\" \/>\n\t<meta name=\"twitter:data1\" content=\"3 minutter\" \/>\n<script type=\"application\/ld+json\" class=\"yoast-schema-graph\">{\"@context\":\"https:\\\/\\\/schema.org\",\"@graph\":[{\"@type\":\"WebPage\",\"@id\":\"https:\\\/\\\/giha.se\\\/golv\\\/installationsgolv\\\/\",\"url\":\"https:\\\/\\\/giha.se\\\/golv\\\/installationsgolv\\\/\",\"name\":\"Giha Installationsgolv | Smart golvsystem med enkel installation\",\"isPartOf\":{\"@id\":\"https:\\\/\\\/giha.se\\\/#website\"},\"primaryImageOfPage\":{\"@id\":\"https:\\\/\\\/giha.se\\\/golv\\\/installationsgolv\\\/#primaryimage\"},\"image\":{\"@id\":\"https:\\\/\\\/giha.se\\\/golv\\\/installationsgolv\\\/#primaryimage\"},\"thumbnailUrl\":\"https:\\\/\\\/giha.se\\\/wp-content\\\/uploads\\\/2026\\\/04\\\/Hisab-installationsgolv-kontor@2x-1.webp\",\"datePublished\":\"2026-04-07T13:52:29+00:00\",\"dateModified\":\"2026-04-21T11:53:10+00:00\",\"description\":\"Snabb golvl\u00e4ggning med Giha Installationsgolv. Slipp gjutning med v\u00e5ra niv\u00e5reglerande system. Milj\u00f6v\u00e4nligt, fuktfritt och t\u00e5l h\u00f6g belastning.\",\"breadcrumb\":{\"@id\":\"https:\\\/\\\/giha.se\\\/golv\\\/installationsgolv\\\/#breadcrumb\"},\"inLanguage\":\"da-DK\",\"potentialAction\":[{\"@type\":\"ReadAction\",\"target\":[\"https:\\\/\\\/giha.se\\\/golv\\\/installationsgolv\\\/\"]}]},{\"@type\":\"ImageObject\",\"inLanguage\":\"da-DK\",\"@id\":\"https:\\\/\\\/giha.se\\\/golv\\\/installationsgolv\\\/#primaryimage\",\"url\":\"https:\\\/\\\/giha.se\\\/wp-content\\\/uploads\\\/2026\\\/04\\\/Hisab-installationsgolv-kontor@2x-1.webp\",\"contentUrl\":\"https:\\\/\\\/giha.se\\\/wp-content\\\/uploads\\\/2026\\\/04\\\/Hisab-installationsgolv-kontor@2x-1.webp\"},{\"@type\":\"BreadcrumbList\",\"@id\":\"https:\\\/\\\/giha.se\\\/golv\\\/installationsgolv\\\/#breadcrumb\",\"itemListElement\":[{\"@type\":\"ListItem\",\"position\":1,\"name\":\"Home\",\"item\":\"https:\\\/\\\/giha.se\\\/\"},{\"@type\":\"ListItem\",\"position\":2,\"name\":\"Golv\",\"item\":\"https:\\\/\\\/giha.se\\\/golv\\\/\"},{\"@type\":\"ListItem\",\"position\":3,\"name\":\"Installationsgolv\"}]},{\"@type\":\"WebSite\",\"@id\":\"https:\\\/\\\/giha.se\\\/#website\",\"url\":\"https:\\\/\\\/giha.se\\\/\",\"name\":\"Giha Golvsystem\",\"description\":\"\",\"publisher\":{\"@id\":\"https:\\\/\\\/giha.se\\\/#organization\"},\"potentialAction\":[{\"@type\":\"SearchAction\",\"target\":{\"@type\":\"EntryPoint\",\"urlTemplate\":\"https:\\\/\\\/giha.se\\\/?s={search_term_string}\"},\"query-input\":{\"@type\":\"PropertyValueSpecification\",\"valueRequired\":true,\"valueName\":\"search_term_string\"}}],\"inLanguage\":\"da-DK\"},{\"@type\":[\"Organization\",\"Place\"],\"@id\":\"https:\\\/\\\/giha.se\\\/#organization\",\"name\":\"Hertig Knut Aktiebolag\",\"url\":\"https:\\\/\\\/giha.se\\\/\",\"logo\":{\"@id\":\"https:\\\/\\\/giha.se\\\/golv\\\/installationsgolv\\\/#local-main-organization-logo\"},\"image\":{\"@id\":\"https:\\\/\\\/giha.se\\\/golv\\\/installationsgolv\\\/#local-main-organization-logo\"},\"sameAs\":[\"https:\\\/\\\/www.facebook.com\\\/gihagolvet\\\/?locale=sv_SE\"],\"address\":{\"@id\":\"https:\\\/\\\/giha.se\\\/golv\\\/installationsgolv\\\/#local-main-place-address\"},\"geo\":{\"@type\":\"GeoCoordinates\",\"latitude\":\"57.15223341785647\",\"longitude\":\"12.320171146322505\"},\"telephone\":[\"0340 \u2013 62 07 64\"],\"openingHoursSpecification\":[],\"email\":\"info@giha.se\"},{\"@type\":\"PostalAddress\",\"@id\":\"https:\\\/\\\/giha.se\\\/golv\\\/installationsgolv\\\/#local-main-place-address\",\"streetAddress\":\"Lindberg 97\",\"addressLocality\":\"Varberg\",\"postalCode\":\"432 92\",\"addressCountry\":\"SE\"},{\"@type\":\"ImageObject\",\"inLanguage\":\"da-DK\",\"@id\":\"https:\\\/\\\/giha.se\\\/golv\\\/installationsgolv\\\/#local-main-organization-logo\",\"url\":\"https:\\\/\\\/giha.se\\\/wp-content\\\/uploads\\\/2026\\\/05\\\/Giha-Org-logo.webp\",\"contentUrl\":\"https:\\\/\\\/giha.se\\\/wp-content\\\/uploads\\\/2026\\\/05\\\/Giha-Org-logo.webp\",\"width\":696,\"height\":696,\"caption\":\"Hertig Knut Aktiebolag\"}]}<\/script>\n<meta name=\"geo.placename\" content=\"Varberg\" \/>\n<meta name=\"geo.position\" content=\"57.15223341785647;12.320171146322505\" \/>\n<meta name=\"geo.region\" content=\"Sverige\" \/>\n<!-- \/ Yoast SEO plugin. -->","yoast_head_json":{"title":"Giha Installationsgulv | Smart gulvsystem med enkel installation","description":"Hurtig gulvl\u00e6gning med Giha Installationsgulve. Undg\u00e5 st\u00f8bning med vores niveauregulerende systemer. Milj\u00f8venligt, fugtfrit og kan t\u00e5le h\u00f8j belastning.","robots":{"index":"index","follow":"follow","max-snippet":"max-snippet:-1","max-image-preview":"max-image-preview:large","max-video-preview":"max-video-preview:-1"},"canonical":"https:\/\/giha.se\/da\/gulv\/installationsgulv\/","og_locale":"da_DK","og_type":"article","og_title":"Giha Installationsgolv | Smart golvsystem med enkel installation","og_description":"Snabb golvl\u00e4ggning med Giha Installationsgolv. Slipp gjutning med v\u00e5ra niv\u00e5reglerande system. Milj\u00f6v\u00e4nligt, fuktfritt och t\u00e5l h\u00f6g belastning.","og_url":"https:\/\/giha.se\/da\/gulv\/installationsgulv\/","og_site_name":"Giha Golvsystem","article_publisher":"https:\/\/www.facebook.com\/gihagolvet\/?locale=sv_SE","article_modified_time":"2026-04-21T11:53:10+00:00","og_image":[{"url":"https:\/\/giha.se\/wp-content\/uploads\/2026\/04\/Hisab-installationsgolv-kontor@2x-1.webp","type":"","width":"","height":""}],"twitter_card":"summary_large_image","twitter_misc":{"Est. reading time":"3 minutter"},"schema":{"@context":"https:\/\/schema.org","@graph":[{"@type":"WebPage","@id":"https:\/\/giha.se\/golv\/installationsgolv\/","url":"https:\/\/giha.se\/golv\/installationsgolv\/","name":"Giha Installationsgulv | Smart gulvsystem med enkel installation","isPartOf":{"@id":"https:\/\/giha.se\/#website"},"primaryImageOfPage":{"@id":"https:\/\/giha.se\/golv\/installationsgolv\/#primaryimage"},"image":{"@id":"https:\/\/giha.se\/golv\/installationsgolv\/#primaryimage"},"thumbnailUrl":"https:\/\/giha.se\/wp-content\/uploads\/2026\/04\/Hisab-installationsgolv-kontor@2x-1.webp","datePublished":"2026-04-07T13:52:29+00:00","dateModified":"2026-04-21T11:53:10+00:00","description":"Hurtig gulvl\u00e6gning med Giha Installationsgulve. Undg\u00e5 st\u00f8bning med vores niveauregulerende systemer. Milj\u00f8venligt, fugtfrit og kan t\u00e5le h\u00f8j belastning.","breadcrumb":{"@id":"https:\/\/giha.se\/golv\/installationsgolv\/#breadcrumb"},"inLanguage":"da-DK","potentialAction":[{"@type":"ReadAction","target":["https:\/\/giha.se\/golv\/installationsgolv\/"]}]},{"@type":"ImageObject","inLanguage":"da-DK","@id":"https:\/\/giha.se\/golv\/installationsgolv\/#primaryimage","url":"https:\/\/giha.se\/wp-content\/uploads\/2026\/04\/Hisab-installationsgolv-kontor@2x-1.webp","contentUrl":"https:\/\/giha.se\/wp-content\/uploads\/2026\/04\/Hisab-installationsgolv-kontor@2x-1.webp"},{"@type":"BreadcrumbList","@id":"https:\/\/giha.se\/golv\/installationsgolv\/#breadcrumb","itemListElement":[{"@type":"ListItem","position":1,"name":"Home","item":"https:\/\/giha.se\/"},{"@type":"ListItem","position":2,"name":"Golv","item":"https:\/\/giha.se\/golv\/"},{"@type":"ListItem","position":3,"name":"Installationsgolv"}]},{"@type":"WebSite","@id":"https:\/\/giha.se\/#website","url":"https:\/\/giha.se\/","name":"Giha Gulvsystem","description":"","publisher":{"@id":"https:\/\/giha.se\/#organization"},"potentialAction":[{"@type":"SearchAction","target":{"@type":"EntryPoint","urlTemplate":"https:\/\/giha.se\/?s={search_term_string}"},"query-input":{"@type":"PropertyValueSpecification","valueRequired":true,"valueName":"search_term_string"}}],"inLanguage":"da-DK"},{"@type":["Organization","Place"],"@id":"https:\/\/giha.se\/#organization","name":"Hertug Knut Aktiebolag","url":"https:\/\/giha.se\/","logo":{"@id":"https:\/\/giha.se\/golv\/installationsgolv\/#local-main-organization-logo"},"image":{"@id":"https:\/\/giha.se\/golv\/installationsgolv\/#local-main-organization-logo"},"sameAs":["https:\/\/www.facebook.com\/gihagolvet\/?locale=sv_SE"],"address":{"@id":"https:\/\/giha.se\/golv\/installationsgolv\/#local-main-place-address"},"geo":{"@type":"GeoCoordinates","latitude":"57.15223341785647","longitude":"12.320171146322505"},"telephone":["0340 \u2013 62 07 64"],"openingHoursSpecification":[],"email":"info@giha.se"},{"@type":"PostalAddress","@id":"https:\/\/giha.se\/golv\/installationsgolv\/#local-main-place-address","streetAddress":"Lindberg 97","addressLocality":"Varberg","postalCode":"432 92","addressCountry":"SE"},{"@type":"ImageObject","inLanguage":"da-DK","@id":"https:\/\/giha.se\/golv\/installationsgolv\/#local-main-organization-logo","url":"https:\/\/giha.se\/wp-content\/uploads\/2026\/05\/Giha-Org-logo.webp","contentUrl":"https:\/\/giha.se\/wp-content\/uploads\/2026\/05\/Giha-Org-logo.webp","width":696,"height":696,"caption":"Hertig Knut Aktiebolag"}]},"geo.placename":"Varberg","geo.position":{"lat":"57.15223341785647","long":"12.320171146322505"},"geo.region":"Sverige"},"_links":{"self":[{"href":"https:\/\/giha.se\/da\/wp-json\/wp\/v2\/pages\/1626","targetHints":{"allow":["GET"]}}],"collection":[{"href":"https:\/\/giha.se\/da\/wp-json\/wp\/v2\/pages"}],"about":[{"href":"https:\/\/giha.se\/da\/wp-json\/wp\/v2\/types\/page"}],"author":[{"embeddable":true,"href":"https:\/\/giha.se\/da\/wp-json\/wp\/v2\/users\/2"}],"replies":[{"embeddable":true,"href":"https:\/\/giha.se\/da\/wp-json\/wp\/v2\/comments?post=1626"}],"version-history":[{"count":0,"href":"https:\/\/giha.se\/da\/wp-json\/wp\/v2\/pages\/1626\/revisions"}],"up":[{"embeddable":true,"href":"https:\/\/giha.se\/da\/wp-json\/wp\/v2\/pages\/10"}],"wp:attachment":[{"href":"https:\/\/giha.se\/da\/wp-json\/wp\/v2\/media?parent=1626"}],"curies":[{"name":"wp","href":"https:\/\/api.w.org\/{rel}","templated":true}]}}