{"id":1633,"date":"2026-04-08T09:32:44","date_gmt":"2026-04-08T07:32:44","guid":{"rendered":"https:\/\/giha.se\/?page_id=1633"},"modified":"2026-04-21T13:54:26","modified_gmt":"2026-04-21T11:54:26","slug":"ventilationsgulv","status":"publish","type":"page","link":"https:\/\/giha.se\/da\/golv\/ventilationsgolv\/","title":{"rendered":"Ventilationsgulv"},"content":{"rendered":"<div class=\"container\">\n<div class=\"gb-element-d80239bf\">\n<div class=\"last-child-mb-0 gb-element-57575c3d\">\n<h2 class=\"gb-text h5 mht-color-accent gb-text-077d671a\">Ventilationsgulv<\/h2>\n\n\n\n<h1 class=\"gb-text gb-text-30719cba\">Giha Ventilationsgulv<\/h1>\n\n\n\n<p class=\"gb-text gb-text-a83d4b45\">Et mekanisk ventilationsgulv fra Giha er den mest effektive l\u00f8sning ved problemer med fugt, skimmelsvamp og radon. Vi skaber et sundt indeklima gennem innovativ teknologi, der beskytter b\u00e5de bygning og beboere.<\/p>\n<\/div>\n\n\n\n<div class=\"gb-element-3637d379\">\n<img loading=\"lazy\" decoding=\"async\" width=\"1792\" height=\"880\" class=\"gb-media-54c2d586\" alt=\"\" src=\"https:\/\/giha.se\/wp-content\/uploads\/2026\/04\/mekaniskt-ventilerat-golv-fran-hisabs-snickerifabrik@2x.webp\" srcset=\"https:\/\/giha.se\/wp-content\/uploads\/2026\/04\/mekaniskt-ventilerat-golv-fran-hisabs-snickerifabrik@2x.webp 1792w, https:\/\/giha.se\/wp-content\/uploads\/2026\/04\/mekaniskt-ventilerat-golv-fran-hisabs-snickerifabrik@2x-300x147.webp 300w, https:\/\/giha.se\/wp-content\/uploads\/2026\/04\/mekaniskt-ventilerat-golv-fran-hisabs-snickerifabrik@2x-1024x503.webp 1024w, https:\/\/giha.se\/wp-content\/uploads\/2026\/04\/mekaniskt-ventilerat-golv-fran-hisabs-snickerifabrik@2x-768x377.webp 768w, https:\/\/giha.se\/wp-content\/uploads\/2026\/04\/mekaniskt-ventilerat-golv-fran-hisabs-snickerifabrik@2x-575x282.webp 575w, https:\/\/giha.se\/wp-content\/uploads\/2026\/04\/mekaniskt-ventilerat-golv-fran-hisabs-snickerifabrik@2x-1320x648.webp 1320w\" sizes=\"auto, (max-width: 1792px) 100vw, 1792px\" \/>\n\n\n\n<img loading=\"lazy\" decoding=\"async\" width=\"716\" height=\"762\" class=\"gb-media-39bf6a22\" alt=\"\" src=\"https:\/\/giha.se\/wp-content\/uploads\/2026\/04\/mekaniskt-ventilerat-golv-fran-hisabs-snickerifabrik@2x-1.webp\" srcset=\"https:\/\/giha.se\/wp-content\/uploads\/2026\/04\/mekaniskt-ventilerat-golv-fran-hisabs-snickerifabrik@2x-1.webp 716w, https:\/\/giha.se\/wp-content\/uploads\/2026\/04\/mekaniskt-ventilerat-golv-fran-hisabs-snickerifabrik@2x-1-282x300.webp 282w, https:\/\/giha.se\/wp-content\/uploads\/2026\/04\/mekaniskt-ventilerat-golv-fran-hisabs-snickerifabrik@2x-1-575x612.webp 575w\" sizes=\"auto, (max-width: 716px) 100vw, 716px\" \/>\n<\/div>\n\n\n\n<div class=\"gb-element-ee322066\">\n<h2 class=\"gb-text h4-m gb-text-62d75167\">Giha's mekaniske ventilationsgulve forhindrer fugt, skimmel og radon<\/h2>\n\n\n\n<h4 class=\"gb-text h5 gb-text-ba979222\">Effektiv beskyttelse mod fugt, radon og emissioner<\/h4>\n\n\n\n<p>Giha Ventilationsgulv fungerer som et separat ventilationssystem, der skaber et undertryk under gulvfladen. Gennem specialudviklede ventilationskanaler og en udsugningsventilator ledes fugtig luft, d\u00e5rlig lugt og skadelige gasser som jordradon effektivt ud af bygningen, inden de n\u00e5r beboelsesmilj\u00f8et. Systemet har en udt\u00f8rrende effekt p\u00e5 betonpladen, hvilket sikrer, at fugtniveauerne holdes p\u00e5 et sundt niveau og forhindrer, at skimmelsvamp etableres efter eksempelvis en vandskade.<\/p>\n\n\n\n<p>Vores ventilationsgulve er udviklet til at v\u00e6re diskrete og effektive. Denne energibesparende gulvventilation har en meget lav byggeh\u00f8jde, hvilket betyder, at rummets udseende ikke p\u00e5virkes n\u00e6vnev\u00e6rdigt. Det er et gennempr\u00f8vet system, der kombinerer teknisk pr\u00e6cision med nem vedligeholdelse, hvilket g\u00f8r det til et oplagt valg for b\u00e5de husejere og administratorer, der \u00f8nsker at fremtidssikre deres lokaler mod fugtrelaterede problemer.<\/p>\n<\/div>\n\n\n\n<div class=\"gb-element-bd49e5df\">\n<div class=\"gb-element-5bd14ef8 dash-top\">\n<div class=\"last-child-mb-0\">\n<h2 class=\"gb-text h4 gb-text-ec480733\">S\u00e5dan p\u00e5virker fugt og d\u00e5rligt indeklima<\/h2>\n<\/div>\n\n\n\n<div class=\"last-child-mb-0 gb-element-307c1843\">\n<p>D\u00e5lig luftkvalitet og skjulte fugtskader kan f\u00f8re til alvorlige helseproblemer. Ved \u00e5 installere et ventilasjonsgulv fra Giha skapes et mer behagelig innend\u00f8rsmilj\u00f8 som motvirker symptomer som irritasjon i luftveiene, tretthet og hodepine. <\/p>\n\n\n\n<p>Vores gulvsystem l\u00f8ser det grundl\u00e6ggende problem ved at filtrere indend\u00f8rsluften og ventilere de skadelige partikler og emissioner v\u00e6k, hvilket skaber et trygt og sundt milj\u00f8 at opholde sig i.<\/p>\n<\/div>\n<\/div>\n\n\n\n<div class=\"gb-element-d69de223 dash-top\">\n<div class=\"last-child-mb-0\">\n<h2 class=\"gb-text h4 gb-text-9581baac\">Innovativ, slidst\u00e6rk teknologi med lav byggeh\u00f8jde <\/h2>\n<\/div>\n\n\n\n<div class=\"last-child-mb-0 gb-element-fb66abdd\">\n<p>Kernen i Giha Ventilationsgulv er vores smarte konstruktion med f\u00e5 indg\u00e5ende komponenter. Systemet kr\u00e6ver ingen b\u00e6rende regelkonstruktion, da gulvpladerne hviler p\u00e5 patenterede nylonskruer, der muligg\u00f8r pr\u00e6cis h\u00f8jdejustering. <\/p>\n\n\n\n<p>P\u00e5 trods af den smidige konstruktion er det et ekstremt robust system, der kan klare h\u00f8j belastning, hvilket g\u00f8r det velegnet til alt fra private hjem til tunge industrilokaler og kontorer, hvor kravene til styrke er store.<\/p>\n<\/div>\n<\/div>\n\n\n\n<div class=\"gb-element-5d28a983 dash-top\">\n<div class=\"last-child-mb-0\">\n<h2 class=\"gb-text h4 gb-text-9cdd281e\">Holdbare materialer for et sundt klima<\/h2>\n<\/div>\n\n\n\n<div class=\"last-child-mb-0 gb-element-176aa6be\">\n<p>Vi g\u00e5r aldrig p\u00e5 kompromis med kvalitet eller milj\u00f8. Vores ventilationsgulve er fremstillet af Svanem\u00e6rkede og FSC-certificerede gulvsp\u00e5nplader, der er produceret med 100 % gr\u00f8n str\u00f8m. Systemet er desuden godkendt af Sunda Hus og Byggvarubed\u00f6mningen, hvilket betyder, at du kan v\u00e6re sikker p\u00e5, at materialerne er sikre for b\u00e5de dig og milj\u00f8et. <\/p>\n\n\n\n<p>Ved at bruge f\u00e5 komponenter reducerer vi desuden transportbehovet og skaber en mere klimavenlig l\u00f8sning for fremtidens b\u00e6redygtige byggeri.<\/p>\n<\/div>\n<\/div>\n<\/div>\n<\/div>\n<\/div>\n\n\n\n<div>\n<div>\n<div class=\"container last-child-mb-0 gb-element-47f31ca2\">\n<h5 class=\"gb-text mht-color-accent gb-text-c58c5f8f\">Ventilationsgulv<\/h5>\n\n\n\n<h2 class=\"gb-text\">Smidig montering, enkel sk\u00f6tsel og energibesparende gulvventilation<\/h2>\n<\/div>\n<\/div>\n\n\n<section class=\"mht-block mht-block-cards mht-block-cards-5bfd4550b22fe1677c91bcacbaac0ea1\">\n\n    \n<style id='mht-block-cards-5bfd4550b22fe1677c91bcacbaac0ea1-vars'>section.mht-block-cards-5bfd4550b22fe1677c91bcacbaac0ea1{--mht-block-cards-cards-column-gap:80px;--mht-block-cards-cards-row-gap:80px;--mht-block-cards-content-max-width:1128px;--mht-block-cards-card-text-align:center;--mht-block-cards-card-image-margin-left:auto;--mht-block-cards-card-image-margin-right:auto;--mht-block-cards-card-icon-font-size:40px;--mht-block-cards-card-icon-color:var(--mht-color-accent);--mht-block-cards-title-margin-top:46px;--mht-block-cards-title-margin-bottom:12px}@media(max-width:991.98px){section.mht-block-cards-5bfd4550b22fe1677c91bcacbaac0ea1{--mht-block-cards-card-padding-right:19px;--mht-block-cards-card-padding-left:19px;--mht-block-cards-title-margin-top:36px}}<\/style>\n\n    <div class=\"section-rich-bg rich-bg\">\n            <\/div>\n\n    <div class=\"container\">\n        <div class=\"section-content\">\n            <div class=\"section-content--inner\" style=\"max-width:var(--mht-block-cards-content-max-width)\">\n\n                <ul class=\"cards--cards mht-grid-3 mht-grid-m-1\">\n                                            <li class=\"cards--card-item\">\n                                <div class=\"cards--card cards--card-v1\" style=\"text-align:var(--mht-block-cards-card-text-align);padding-right:var(--mht-block-cards-card-padding-right);padding-left:var(--mht-block-cards-card-padding-left)\">\n\n    <div class=\"cards--card--header\">\n        \r\n    <\/div><!-- .cards--card--header -->\n\n    <div class=\"cards--card--texts\">\n        <div class=\"cards--card--texts--inner\">\n\n            <div class=\"cards--card--body\">\n                                    <h3 class=\"cards--card--title mht-heading h5\" style=\"margin-top:var(--mht-block-cards-title-margin-top);margin-bottom:var(--mht-block-cards-title-margin-bottom)\">                        Monter ovenp\u00e5 gulv                    <\/h3>                \n                \n                                    <div class=\"cards--card--desc mht-wysiwyg\">\n                        <p>Systemet monteres hurtigt direkte oven p\u00e5 det nuv\u00e6rende gulv uden krav om en b\u00e6rende bj\u00e6lkekonstruktion, hvilket giver en betydeligt mere omkostningseffektiv og enkel installationsproces.<\/p>\n                    <\/div>\n                            <\/div><!-- .cards--card--body -->\n\n            \n        <\/div><!-- .cards--card--texts--inner -->\n    <\/div><!-- .cards--card--texts -->\n\n    <\/div>\n                        <\/li>\n                                            <li class=\"cards--card-item\">\n                                <div class=\"cards--card cards--card-v1\" style=\"text-align:var(--mht-block-cards-card-text-align);padding-right:var(--mht-block-cards-card-padding-right);padding-left:var(--mht-block-cards-card-padding-left)\">\n\n    <div class=\"cards--card--header\">\n        \r\n    <\/div><!-- .cards--card--header -->\n\n    <div class=\"cards--card--texts\">\n        <div class=\"cards--card--texts--inner\">\n\n            <div class=\"cards--card--body\">\n                                    <h3 class=\"cards--card--title mht-heading h5\" style=\"margin-top:var(--mht-block-cards-title-margin-top);margin-bottom:var(--mht-block-cards-title-margin-bottom)\">                        Svanem\u00e6rkede materialer                    <\/h3>                \n                \n                                    <div class=\"cards--card--desc mht-wysiwyg\">\n                        <p>Giha \u00f8nsker at mindske vores \u2013 og din \u2013 milj\u00f8p\u00e5virkning. Vi bruger udelukkende milj\u00f8certificerede sp\u00e5nplader i et gennempr\u00f8vet system, der fremstilles med 100 % gr\u00f8n str\u00f8m for at beskytte milj\u00f8et.<\/p>\n                    <\/div>\n                            <\/div><!-- .cards--card--body -->\n\n            \n        <\/div><!-- .cards--card--texts--inner -->\n    <\/div><!-- .cards--card--texts -->\n\n    <\/div>\n                        <\/li>\n                                            <li class=\"cards--card-item\">\n                                <div class=\"cards--card cards--card-v1\" style=\"text-align:var(--mht-block-cards-card-text-align);padding-right:var(--mht-block-cards-card-padding-right);padding-left:var(--mht-block-cards-card-padding-left)\">\n\n    <div class=\"cards--card--header\">\n        \r\n    <\/div><!-- .cards--card--header -->\n\n    <div class=\"cards--card--texts\">\n        <div class=\"cards--card--texts--inner\">\n\n            <div class=\"cards--card--body\">\n                                    <h3 class=\"cards--card--title mht-heading h5\" style=\"margin-top:var(--mht-block-cards-title-margin-top);margin-bottom:var(--mht-block-cards-title-margin-bottom)\">                        F\u00e6rdigmonteret isolering                    <\/h3>                \n                \n                                    <div class=\"cards--card--desc mht-wysiwyg\">\n                        <p>For increased comfort and energy efficiency, our floor systems can be delivered with pre-mounted foam insulation, contributing to a warmer and quieter indoor climate.<\/p>\n                    <\/div>\n                            <\/div><!-- .cards--card--body -->\n\n            \n        <\/div><!-- .cards--card--texts--inner -->\n    <\/div><!-- .cards--card--texts -->\n\n    <\/div>\n                        <\/li>\n                                    <\/ul>\n\n            <\/div><!-- .section-content-inner -->\n        <\/div><!-- .section-content -->\n    <\/div><!-- .container -->\n\n<\/section>\n<\/div>\n\n\n\n<div class=\"gb-element-4b2501b7 folj-oss\">\n<div class=\"container gb-element-fd1041ea\">\n<div class=\"last-child-mb-0 gb-element-b1b220f1\">\n<h2 class=\"gb-text h5 gb-text-350af809\">F\u00f8lg Giha p\u00e5 Facebook!<\/h2>\n<\/div>\n\n\n\n<div class=\"gb-element-1cd099e6\"><div class=\"mht-block mht-block-contact-info mht-block-contact-info-306d7f6cb8971a93baf073757e5b1cdd social-info\">\r\n\r\n    \n<style id='mht-block-contact-info-306d7f6cb8971a93baf073757e5b1cdd-vars'><\/style>\n\r\n    <ul class=\"contact-info-items fa-ul layout-d-horizontal layout-m-vertical justify-content-flex-start\">\r\n                                    <li class=\"item\">\r\n                                            <a class=\"item-inner\" href=\"https:\/\/www.facebook.com\/gihagolvet\/?locale=sv_SE\" target=\"_blank\">\r\n                    \r\n                                            <span class=\"fa-li icon-wrap\"><i class=\"fa-brands fa-facebook\"><\/i><\/span>\r\n                                                                <span class=\"text\">Facebook<\/span>\r\n                    \r\n                                            <\/a>\r\n                                    <\/li>\r\n                        <\/ul>\r\n\r\n<\/div>\r\n<\/div>\n<\/div>\n<\/div>","protected":false},"excerpt":{"rendered":"<p>Ventilationsgolv Giha Ventilationsgolv Ett mekaniskt ventilationsgolv fr\u00e5n Giha \u00e4r den mest effektiva l\u00f6sningen vid problem med fukt, m\u00f6gel och radon. Vi skapar ett h\u00e4lsosamt inomhusklimat genom innovativ teknik som skyddar b\u00e5de byggnad och boende. Mekaniska ventilationsgolv fr\u00e5n Giha f\u00f6rhindrar fukt, m\u00f6gel och radon Effektivt skydd mot fukt, radon och emissioner Giha Ventilationsgolv fungerar som ett [&hellip;]<\/p>\n","protected":false},"author":2,"featured_media":0,"parent":10,"menu_order":3,"comment_status":"closed","ping_status":"closed","template":"","meta":{"_acf_changed":true,"inline_featured_image":false,"footnotes":""},"class_list":["post-1633","page","type-page","status-publish","hentry"],"acf":[],"yoast_head":"<!-- This site is optimized with the Yoast SEO plugin v27.6 - https:\/\/yoast.com\/product\/yoast-seo-wordpress\/ -->\n<title>Ventilationsgolv | Effektivt mot fukt, radon och d\u00e5lig lukt | Giha<\/title>\n<meta name=\"description\" content=\"Installera Giha Ventilationsgolv f\u00f6r en sundare inomhusmilj\u00f6. Smidig montering ovanp\u00e5 nuvarande golv, energisn\u00e5l drift och Svanen-m\u00e4rkta.\" \/>\n<meta name=\"robots\" content=\"index, follow, max-snippet:-1, max-image-preview:large, max-video-preview:-1\" \/>\n<link rel=\"canonical\" href=\"https:\/\/giha.se\/da\/gulv\/ventilationsgulv\/\" \/>\n<meta property=\"og:locale\" content=\"da_DK\" \/>\n<meta property=\"og:type\" content=\"article\" \/>\n<meta property=\"og:title\" content=\"Ventilationsgolv | Effektivt mot fukt, radon och d\u00e5lig lukt | Giha\" \/>\n<meta property=\"og:description\" content=\"Installera Giha Ventilationsgolv f\u00f6r en sundare inomhusmilj\u00f6. Smidig montering ovanp\u00e5 nuvarande golv, energisn\u00e5l drift och Svanen-m\u00e4rkta.\" \/>\n<meta property=\"og:url\" content=\"https:\/\/giha.se\/da\/gulv\/ventilationsgulv\/\" \/>\n<meta property=\"og:site_name\" content=\"Giha Golvsystem\" \/>\n<meta property=\"article:publisher\" content=\"https:\/\/www.facebook.com\/gihagolvet\/?locale=sv_SE\" \/>\n<meta property=\"article:modified_time\" content=\"2026-04-21T11:54:26+00:00\" \/>\n<meta property=\"og:image\" content=\"https:\/\/giha.se\/wp-content\/uploads\/2026\/04\/mekaniskt-ventilerat-golv-fran-hisabs-snickerifabrik@2x.webp\" \/>\n<meta name=\"twitter:card\" content=\"summary_large_image\" \/>\n<meta name=\"twitter:label1\" content=\"Est. reading time\" \/>\n\t<meta name=\"twitter:data1\" content=\"5 minutter\" \/>\n<script type=\"application\/ld+json\" class=\"yoast-schema-graph\">{\"@context\":\"https:\\\/\\\/schema.org\",\"@graph\":[{\"@type\":\"WebPage\",\"@id\":\"https:\\\/\\\/giha.se\\\/golv\\\/ventilationsgolv\\\/\",\"url\":\"https:\\\/\\\/giha.se\\\/golv\\\/ventilationsgolv\\\/\",\"name\":\"Ventilationsgolv | Effektivt mot fukt, radon och d\u00e5lig lukt | Giha\",\"isPartOf\":{\"@id\":\"https:\\\/\\\/giha.se\\\/#website\"},\"primaryImageOfPage\":{\"@id\":\"https:\\\/\\\/giha.se\\\/golv\\\/ventilationsgolv\\\/#primaryimage\"},\"image\":{\"@id\":\"https:\\\/\\\/giha.se\\\/golv\\\/ventilationsgolv\\\/#primaryimage\"},\"thumbnailUrl\":\"https:\\\/\\\/giha.se\\\/wp-content\\\/uploads\\\/2026\\\/04\\\/mekaniskt-ventilerat-golv-fran-hisabs-snickerifabrik@2x.webp\",\"datePublished\":\"2026-04-08T07:32:44+00:00\",\"dateModified\":\"2026-04-21T11:54:26+00:00\",\"description\":\"Installera Giha Ventilationsgolv f\u00f6r en sundare inomhusmilj\u00f6. Smidig montering ovanp\u00e5 nuvarande golv, energisn\u00e5l drift och Svanen-m\u00e4rkta.\",\"breadcrumb\":{\"@id\":\"https:\\\/\\\/giha.se\\\/golv\\\/ventilationsgolv\\\/#breadcrumb\"},\"inLanguage\":\"da-DK\",\"potentialAction\":[{\"@type\":\"ReadAction\",\"target\":[\"https:\\\/\\\/giha.se\\\/golv\\\/ventilationsgolv\\\/\"]}]},{\"@type\":\"ImageObject\",\"inLanguage\":\"da-DK\",\"@id\":\"https:\\\/\\\/giha.se\\\/golv\\\/ventilationsgolv\\\/#primaryimage\",\"url\":\"https:\\\/\\\/giha.se\\\/wp-content\\\/uploads\\\/2026\\\/04\\\/mekaniskt-ventilerat-golv-fran-hisabs-snickerifabrik@2x.webp\",\"contentUrl\":\"https:\\\/\\\/giha.se\\\/wp-content\\\/uploads\\\/2026\\\/04\\\/mekaniskt-ventilerat-golv-fran-hisabs-snickerifabrik@2x.webp\"},{\"@type\":\"BreadcrumbList\",\"@id\":\"https:\\\/\\\/giha.se\\\/golv\\\/ventilationsgolv\\\/#breadcrumb\",\"itemListElement\":[{\"@type\":\"ListItem\",\"position\":1,\"name\":\"Home\",\"item\":\"https:\\\/\\\/giha.se\\\/\"},{\"@type\":\"ListItem\",\"position\":2,\"name\":\"Golv\",\"item\":\"https:\\\/\\\/giha.se\\\/golv\\\/\"},{\"@type\":\"ListItem\",\"position\":3,\"name\":\"Ventilationsgolv\"}]},{\"@type\":\"WebSite\",\"@id\":\"https:\\\/\\\/giha.se\\\/#website\",\"url\":\"https:\\\/\\\/giha.se\\\/\",\"name\":\"Giha Golvsystem\",\"description\":\"\",\"publisher\":{\"@id\":\"https:\\\/\\\/giha.se\\\/#organization\"},\"potentialAction\":[{\"@type\":\"SearchAction\",\"target\":{\"@type\":\"EntryPoint\",\"urlTemplate\":\"https:\\\/\\\/giha.se\\\/?s={search_term_string}\"},\"query-input\":{\"@type\":\"PropertyValueSpecification\",\"valueRequired\":true,\"valueName\":\"search_term_string\"}}],\"inLanguage\":\"da-DK\"},{\"@type\":[\"Organization\",\"Place\"],\"@id\":\"https:\\\/\\\/giha.se\\\/#organization\",\"name\":\"Hertig Knut Aktiebolag\",\"url\":\"https:\\\/\\\/giha.se\\\/\",\"logo\":{\"@id\":\"https:\\\/\\\/giha.se\\\/golv\\\/ventilationsgolv\\\/#local-main-organization-logo\"},\"image\":{\"@id\":\"https:\\\/\\\/giha.se\\\/golv\\\/ventilationsgolv\\\/#local-main-organization-logo\"},\"sameAs\":[\"https:\\\/\\\/www.facebook.com\\\/gihagolvet\\\/?locale=sv_SE\"],\"address\":{\"@id\":\"https:\\\/\\\/giha.se\\\/golv\\\/ventilationsgolv\\\/#local-main-place-address\"},\"geo\":{\"@type\":\"GeoCoordinates\",\"latitude\":\"57.15223341785647\",\"longitude\":\"12.320171146322505\"},\"telephone\":[\"0340 \u2013 62 07 64\"],\"openingHoursSpecification\":[],\"email\":\"info@giha.se\"},{\"@type\":\"PostalAddress\",\"@id\":\"https:\\\/\\\/giha.se\\\/golv\\\/ventilationsgolv\\\/#local-main-place-address\",\"streetAddress\":\"Lindberg 97\",\"addressLocality\":\"Varberg\",\"postalCode\":\"432 92\",\"addressCountry\":\"SE\"},{\"@type\":\"ImageObject\",\"inLanguage\":\"da-DK\",\"@id\":\"https:\\\/\\\/giha.se\\\/golv\\\/ventilationsgolv\\\/#local-main-organization-logo\",\"url\":\"https:\\\/\\\/giha.se\\\/wp-content\\\/uploads\\\/2026\\\/05\\\/Giha-Org-logo.webp\",\"contentUrl\":\"https:\\\/\\\/giha.se\\\/wp-content\\\/uploads\\\/2026\\\/05\\\/Giha-Org-logo.webp\",\"width\":696,\"height\":696,\"caption\":\"Hertig Knut Aktiebolag\"}]}<\/script>\n<meta name=\"geo.placename\" content=\"Varberg\" \/>\n<meta name=\"geo.position\" content=\"57.15223341785647;12.320171146322505\" \/>\n<meta name=\"geo.region\" content=\"Sverige\" \/>\n<!-- \/ Yoast SEO plugin. -->","yoast_head_json":{"title":"Ventilationsgulv | Effektivt mod fugt, radon og d\u00e5rlig lugt | Giha","description":"Installer Giha Ventilationsgulv for et sundere indeklima. Nem montering oven p\u00e5 eksisterende gulv, energibesparende drift og Svanem\u00e6rket.","robots":{"index":"index","follow":"follow","max-snippet":"max-snippet:-1","max-image-preview":"max-image-preview:large","max-video-preview":"max-video-preview:-1"},"canonical":"https:\/\/giha.se\/da\/gulv\/ventilationsgulv\/","og_locale":"da_DK","og_type":"article","og_title":"Ventilationsgolv | Effektivt mot fukt, radon och d\u00e5lig lukt | Giha","og_description":"Installera Giha Ventilationsgolv f\u00f6r en sundare inomhusmilj\u00f6. Smidig montering ovanp\u00e5 nuvarande golv, energisn\u00e5l drift och Svanen-m\u00e4rkta.","og_url":"https:\/\/giha.se\/da\/gulv\/ventilationsgulv\/","og_site_name":"Giha Golvsystem","article_publisher":"https:\/\/www.facebook.com\/gihagolvet\/?locale=sv_SE","article_modified_time":"2026-04-21T11:54:26+00:00","og_image":[{"url":"https:\/\/giha.se\/wp-content\/uploads\/2026\/04\/mekaniskt-ventilerat-golv-fran-hisabs-snickerifabrik@2x.webp","type":"","width":"","height":""}],"twitter_card":"summary_large_image","twitter_misc":{"Est. reading time":"5 minutter"},"schema":{"@context":"https:\/\/schema.org","@graph":[{"@type":"WebPage","@id":"https:\/\/giha.se\/golv\/ventilationsgolv\/","url":"https:\/\/giha.se\/golv\/ventilationsgolv\/","name":"Ventilationsgulv | Effektivt mod fugt, radon og d\u00e5rlig lugt | Giha","isPartOf":{"@id":"https:\/\/giha.se\/#website"},"primaryImageOfPage":{"@id":"https:\/\/giha.se\/golv\/ventilationsgolv\/#primaryimage"},"image":{"@id":"https:\/\/giha.se\/golv\/ventilationsgolv\/#primaryimage"},"thumbnailUrl":"https:\/\/giha.se\/wp-content\/uploads\/2026\/04\/mekaniskt-ventilerat-golv-fran-hisabs-snickerifabrik@2x.webp","datePublished":"2026-04-08T07:32:44+00:00","dateModified":"2026-04-21T11:54:26+00:00","description":"Installer Giha Ventilationsgulv for et sundere indeklima. Nem montering oven p\u00e5 eksisterende gulv, energibesparende drift og Svanem\u00e6rket.","breadcrumb":{"@id":"https:\/\/giha.se\/golv\/ventilationsgolv\/#breadcrumb"},"inLanguage":"da-DK","potentialAction":[{"@type":"ReadAction","target":["https:\/\/giha.se\/golv\/ventilationsgolv\/"]}]},{"@type":"ImageObject","inLanguage":"da-DK","@id":"https:\/\/giha.se\/golv\/ventilationsgolv\/#primaryimage","url":"https:\/\/giha.se\/wp-content\/uploads\/2026\/04\/mekaniskt-ventilerat-golv-fran-hisabs-snickerifabrik@2x.webp","contentUrl":"https:\/\/giha.se\/wp-content\/uploads\/2026\/04\/mekaniskt-ventilerat-golv-fran-hisabs-snickerifabrik@2x.webp"},{"@type":"BreadcrumbList","@id":"https:\/\/giha.se\/golv\/ventilationsgolv\/#breadcrumb","itemListElement":[{"@type":"ListItem","position":1,"name":"Home","item":"https:\/\/giha.se\/"},{"@type":"ListItem","position":2,"name":"Golv","item":"https:\/\/giha.se\/golv\/"},{"@type":"ListItem","position":3,"name":"Ventilationsgolv"}]},{"@type":"WebSite","@id":"https:\/\/giha.se\/#website","url":"https:\/\/giha.se\/","name":"Giha Gulvsystem","description":"","publisher":{"@id":"https:\/\/giha.se\/#organization"},"potentialAction":[{"@type":"SearchAction","target":{"@type":"EntryPoint","urlTemplate":"https:\/\/giha.se\/?s={search_term_string}"},"query-input":{"@type":"PropertyValueSpecification","valueRequired":true,"valueName":"search_term_string"}}],"inLanguage":"da-DK"},{"@type":["Organization","Place"],"@id":"https:\/\/giha.se\/#organization","name":"Hertug Knut Aktiebolag","url":"https:\/\/giha.se\/","logo":{"@id":"https:\/\/giha.se\/golv\/ventilationsgolv\/#local-main-organization-logo"},"image":{"@id":"https:\/\/giha.se\/golv\/ventilationsgolv\/#local-main-organization-logo"},"sameAs":["https:\/\/www.facebook.com\/gihagolvet\/?locale=sv_SE"],"address":{"@id":"https:\/\/giha.se\/golv\/ventilationsgolv\/#local-main-place-address"},"geo":{"@type":"GeoCoordinates","latitude":"57.15223341785647","longitude":"12.320171146322505"},"telephone":["0340 \u2013 62 07 64"],"openingHoursSpecification":[],"email":"info@giha.se"},{"@type":"PostalAddress","@id":"https:\/\/giha.se\/golv\/ventilationsgolv\/#local-main-place-address","streetAddress":"Lindberg 97","addressLocality":"Varberg","postalCode":"432 92","addressCountry":"SE"},{"@type":"ImageObject","inLanguage":"da-DK","@id":"https:\/\/giha.se\/golv\/ventilationsgolv\/#local-main-organization-logo","url":"https:\/\/giha.se\/wp-content\/uploads\/2026\/05\/Giha-Org-logo.webp","contentUrl":"https:\/\/giha.se\/wp-content\/uploads\/2026\/05\/Giha-Org-logo.webp","width":696,"height":696,"caption":"Hertig Knut Aktiebolag"}]},"geo.placename":"Varberg","geo.position":{"lat":"57.15223341785647","long":"12.320171146322505"},"geo.region":"Sverige"},"_links":{"self":[{"href":"https:\/\/giha.se\/da\/wp-json\/wp\/v2\/pages\/1633","targetHints":{"allow":["GET"]}}],"collection":[{"href":"https:\/\/giha.se\/da\/wp-json\/wp\/v2\/pages"}],"about":[{"href":"https:\/\/giha.se\/da\/wp-json\/wp\/v2\/types\/page"}],"author":[{"embeddable":true,"href":"https:\/\/giha.se\/da\/wp-json\/wp\/v2\/users\/2"}],"replies":[{"embeddable":true,"href":"https:\/\/giha.se\/da\/wp-json\/wp\/v2\/comments?post=1633"}],"version-history":[{"count":0,"href":"https:\/\/giha.se\/da\/wp-json\/wp\/v2\/pages\/1633\/revisions"}],"up":[{"embeddable":true,"href":"https:\/\/giha.se\/da\/wp-json\/wp\/v2\/pages\/10"}],"wp:attachment":[{"href":"https:\/\/giha.se\/da\/wp-json\/wp\/v2\/media?parent=1633"}],"curies":[{"name":"wp","href":"https:\/\/api.w.org\/{rel}","templated":true}]}}