{"id":1635,"date":"2026-04-08T09:33:13","date_gmt":"2026-04-08T07:33:13","guid":{"rendered":"https:\/\/giha.se\/?page_id=1635"},"modified":"2026-04-21T13:50:05","modified_gmt":"2026-04-21T11:50:05","slug":"projektering","status":"publish","type":"page","link":"https:\/\/giha.se\/da\/golv\/projektering\/","title":{"rendered":"Projektering"},"content":{"rendered":"<div class=\"container\">\n<div class=\"gb-element-d80239bf\">\n<div class=\"last-child-mb-0 gb-element-57575c3d\">\n<h2 class=\"gb-text h5 mht-color-accent gb-text-077d671a\">Projektering<\/h2>\n\n\n\n<h1 class=\"gb-text gb-text-30719cba\">Projektering och utveckling<\/h1>\n\n\n\n<p class=\"gb-text gb-text-a83d4b45\">Vi p\u00e5 Giha kombinerar \u00f6ver 25 \u00e5rs erfarenhet med modern innovation f\u00f6r att projektera och utveckla skr\u00e4ddarsydda golvsystem. Fr\u00e5n teknisk ber\u00e4kning till f\u00e4rdig produkt s\u00e4kerst\u00e4ller vi h\u00e5llbara l\u00f6sningar f\u00f6r alla typer av milj\u00f6er.<\/p>\n<\/div>\n\n\n\n<div class=\"gb-element-3637d379\">\n<img loading=\"lazy\" decoding=\"async\" width=\"1792\" height=\"880\" class=\"gb-media-54c2d586\" alt=\"\" src=\"https:\/\/giha.se\/wp-content\/uploads\/2026\/04\/giha-hisab-mekaniskt-ventilerat-golv@2x.webp\" srcset=\"https:\/\/giha.se\/wp-content\/uploads\/2026\/04\/giha-hisab-mekaniskt-ventilerat-golv@2x.webp 1792w, https:\/\/giha.se\/wp-content\/uploads\/2026\/04\/giha-hisab-mekaniskt-ventilerat-golv@2x-300x147.webp 300w, https:\/\/giha.se\/wp-content\/uploads\/2026\/04\/giha-hisab-mekaniskt-ventilerat-golv@2x-1024x503.webp 1024w, https:\/\/giha.se\/wp-content\/uploads\/2026\/04\/giha-hisab-mekaniskt-ventilerat-golv@2x-768x377.webp 768w, https:\/\/giha.se\/wp-content\/uploads\/2026\/04\/giha-hisab-mekaniskt-ventilerat-golv@2x-575x282.webp 575w, https:\/\/giha.se\/wp-content\/uploads\/2026\/04\/giha-hisab-mekaniskt-ventilerat-golv@2x-1320x648.webp 1320w\" sizes=\"auto, (max-width: 1792px) 100vw, 1792px\" \/>\n\n\n\n<img loading=\"lazy\" decoding=\"async\" width=\"716\" height=\"762\" class=\"gb-media-39bf6a22\" alt=\"\" src=\"https:\/\/giha.se\/wp-content\/uploads\/2026\/04\/giha-hisab-mekaniskt-ventilerat-golv@2x-1.webp\" srcset=\"https:\/\/giha.se\/wp-content\/uploads\/2026\/04\/giha-hisab-mekaniskt-ventilerat-golv@2x-1.webp 716w, https:\/\/giha.se\/wp-content\/uploads\/2026\/04\/giha-hisab-mekaniskt-ventilerat-golv@2x-1-282x300.webp 282w, https:\/\/giha.se\/wp-content\/uploads\/2026\/04\/giha-hisab-mekaniskt-ventilerat-golv@2x-1-575x612.webp 575w\" sizes=\"auto, (max-width: 716px) 100vw, 716px\" \/>\n<\/div>\n\n\n\n<div class=\"gb-element-ee322066\">\n<h2 class=\"gb-text h4-m gb-text-62d75167\">Produktutveckling av golvsystem f\u00f6r hem, industri och kontor<\/h2>\n\n\n\n<h4 class=\"gb-text h5 gb-text-ba979222\">Svenska golvl\u00f6sningar f\u00f6r hela Europa<\/h4>\n\n\n\n<p>Giha startade sin resa i Hultsfred och har sedan dess vuxit till en internationell akt\u00f6r. Genom \u00e5ren har vi varit en nyckelpartner i utvecklingen av innovativa l\u00f6sningar f\u00f6r stora akt\u00f6rer som IKEA (tidigare Swedspan). V\u00e5r f\u00f6rm\u00e5ga att skapa unika, patenterade system har gjort att v\u00e5ra l\u00f6sningar idag \u00e5terfinns i allt fr\u00e5n svenska villor till stora komplex i Schweiz, Spanien och Baltikum.<\/p>\n\n\n\n<p>V\u00e5r expertis str\u00e4cker sig \u00f6ver hela Norden och Europa, d\u00e4r vi levererar projektanpassade system som m\u00f6ter specifika nationella krav. Med produktion i Varberg och en stark tradition av sm\u00e5l\u00e4ndsk klurighet, forts\u00e4tter vi att exportera svensk ingenj\u00f6rskonst f\u00f6r att l\u00f6sa komplexa golvutmaningar p\u00e5 en global marknad, alltid med samma personliga engagemang f\u00f6r varje enskild kund.<\/p>\n<\/div>\n\n\n\n<div class=\"gb-element-bd49e5df\">\n<div class=\"gb-element-5bd14ef8 dash-top\">\n<div class=\"last-child-mb-0\">\n<h2 class=\"gb-text h4 gb-text-ec480733\">Milj\u00f6medveten projektering f\u00f6r framtiden<\/h2>\n<\/div>\n\n\n\n<div class=\"last-child-mb-0 gb-element-307c1843\">\n<p>H\u00e5llbarhet \u00e4r k\u00e4rnan i v\u00e5r produktutveckling. Vi tar ett helhetsansvar f\u00f6r milj\u00f6 och arbetsmilj\u00f6 genom hela kedjan \u2013 fr\u00e5n val av Svanen-m\u00e4rkta och FSC-godk\u00e4nda sp\u00e5nskivor till optimerad logistik som minskar transportbehovet. <\/p>\n\n\n\n<p>Genom att projektera med f\u00e5 komponenter sparar vi inte bara material utan f\u00f6rb\u00e4ttrar \u00e4ven ergonomin f\u00f6r mont\u00f6rerna. Vi arbetar i ett naturligt kretslopp d\u00e4r \u00e5tervinning och anv\u00e4ndning av 100 % gr\u00f6n el \u00e4r sj\u00e4lvklara val.<\/p>\n<\/div>\n<\/div>\n\n\n\n<div class=\"gb-element-d69de223 dash-top\">\n<div class=\"last-child-mb-0\">\n<h2 class=\"gb-text h4 gb-text-9581baac\">Fr\u00e5n ritning till teknisk ber\u00e4kning<\/h2>\n<\/div>\n\n\n\n<div class=\"last-child-mb-0 gb-element-fb66abdd\">\n<p>En framg\u00e5ngsrik golvinstallation b\u00f6rjar med en noggrann projektering. Vi hj\u00e4lper v\u00e5ra kunder med allt fr\u00e5n tekniska ber\u00e4kningar till kompletta underlag inf\u00f6r byggstart. <\/p>\n\n\n\n<p>Genom att involvera oss tidigt i processen kan vi optimera golvsystemet efter byggnadens specifika f\u00f6ruts\u00e4ttningar. Oavsett om det g\u00e4ller att r\u00e4kna p\u00e5 akustikklasser enligt svensk standard eller att dimensionera ventilationskanaler f\u00f6r optimal fuktutdrivning. Vi f\u00f6rvandlar komplexa ritningar till effektiva och monteringsf\u00e4rdiga l\u00f6sningar.<\/p>\n<\/div>\n<\/div>\n\n\n\n<div class=\"gb-element-5d28a983 dash-top\">\n<div class=\"last-child-mb-0\">\n<h2 class=\"gb-text h4 gb-text-9cdd281e\">Innovation f\u00f6r sunda inomhusmilj\u00f6er<\/h2>\n<\/div>\n\n\n\n<div class=\"last-child-mb-0 gb-element-176aa6be\">\n<p>Vi slutar aldrig att utvecklas. V\u00e5rt fokus ligger p\u00e5 att framst\u00e4lla intelligenta system som l\u00f6ser verkliga problem, s\u00e5som fukt, m\u00f6gel och radon. Genom ett n\u00e4ra samarbete med forskningsinstitut som RISE (tidigare SP) har vi utvecklat marknadens f\u00f6rsta P-m\u00e4rkta ventilationsgolv. <\/p>\n\n\n\n<p>Denna innovationskraft driver oss att st\u00e4ndigt hitta nya metoder f\u00f6r att skapa ett h\u00e4lsosammare inomhusklimat, vilket g\u00f6r oss till en trygg partner f\u00f6r framtidens byggprojekt.<\/p>\n<\/div>\n<\/div>\n<\/div>\n<\/div>\n<\/div>\n\n\n\n<div>\n<div>\n<div class=\"container last-child-mb-0 gb-element-47f31ca2\">\n<h5 class=\"gb-text mht-color-accent gb-text-c58c5f8f\">Projektering<\/h5>\n\n\n\n<h2 class=\"gb-text\">Giha har gedigen expertis f\u00f6r h\u00e5llbara golv<\/h2>\n<\/div>\n<\/div>\n\n\n<section class=\"mht-block mht-block-cards mht-block-cards-23d14494aee3e4b90e93170c9b735b8b\">\n\n    \n<style id='mht-block-cards-23d14494aee3e4b90e93170c9b735b8b-vars'>section.mht-block-cards-23d14494aee3e4b90e93170c9b735b8b{--mht-block-cards-cards-column-gap:80px;--mht-block-cards-cards-row-gap:80px;--mht-block-cards-content-max-width:1128px;--mht-block-cards-card-text-align:center;--mht-block-cards-card-image-margin-left:auto;--mht-block-cards-card-image-margin-right:auto;--mht-block-cards-card-icon-font-size:40px;--mht-block-cards-card-icon-color:var(--mht-color-accent);--mht-block-cards-title-margin-top:46px;--mht-block-cards-title-margin-bottom:12px}@media(max-width:991.98px){section.mht-block-cards-23d14494aee3e4b90e93170c9b735b8b{--mht-block-cards-card-padding-right:19px;--mht-block-cards-card-padding-left:19px;--mht-block-cards-title-margin-top:36px}}<\/style>\n\n    <div class=\"section-rich-bg rich-bg\">\n            <\/div>\n\n    <div class=\"container\">\n        <div class=\"section-content\">\n            <div class=\"section-content--inner\" style=\"max-width:var(--mht-block-cards-content-max-width)\">\n\n                <ul class=\"cards--cards mht-grid-3 mht-grid-m-1\">\n                                            <li class=\"cards--card-item\">\n                                <div class=\"cards--card cards--card-v1\" style=\"text-align:var(--mht-block-cards-card-text-align);padding-right:var(--mht-block-cards-card-padding-right);padding-left:var(--mht-block-cards-card-padding-left)\">\n\n    <div class=\"cards--card--header\">\n        \r\n    <\/div><!-- .cards--card--header -->\n\n    <div class=\"cards--card--texts\">\n        <div class=\"cards--card--texts--inner\">\n\n            <div class=\"cards--card--body\">\n                                    <h3 class=\"cards--card--title mht-heading h5\" style=\"margin-top:var(--mht-block-cards-title-margin-top);margin-bottom:var(--mht-block-cards-title-margin-bottom)\">                        Certifierad trygghet                    <\/h3>                \n                \n                                    <div class=\"cards--card--desc mht-wysiwyg\">\n                        <p>V\u00e5ra system \u00e4r P-m\u00e4rkta av RISE och uppfyller marknadens str\u00e4ngaste krav f\u00f6r kvalitet och milj\u00f6.<\/p>\n                    <\/div>\n                            <\/div><!-- .cards--card--body -->\n\n            \n        <\/div><!-- .cards--card--texts--inner -->\n    <\/div><!-- .cards--card--texts -->\n\n    <\/div>\n                        <\/li>\n                                            <li class=\"cards--card-item\">\n                                <div class=\"cards--card cards--card-v1\" style=\"text-align:var(--mht-block-cards-card-text-align);padding-right:var(--mht-block-cards-card-padding-right);padding-left:var(--mht-block-cards-card-padding-left)\">\n\n    <div class=\"cards--card--header\">\n        \r\n    <\/div><!-- .cards--card--header -->\n\n    <div class=\"cards--card--texts\">\n        <div class=\"cards--card--texts--inner\">\n\n            <div class=\"cards--card--body\">\n                                    <h3 class=\"cards--card--title mht-heading h5\" style=\"margin-top:var(--mht-block-cards-title-margin-top);margin-bottom:var(--mht-block-cards-title-margin-bottom)\">                        Kompromissl\u00f6s kvalitet                    <\/h3>                \n                \n                                    <div class=\"cards--card--desc mht-wysiwyg\">\n                        <p>Med 25 \u00e5rs erfarenhet garanterar vi h\u00f6gsta funktionalitet och l\u00e5ng livsl\u00e4ngd i alla v\u00e5ra golvsystem<\/p>\n                    <\/div>\n                            <\/div><!-- .cards--card--body -->\n\n            \n        <\/div><!-- .cards--card--texts--inner -->\n    <\/div><!-- .cards--card--texts -->\n\n    <\/div>\n                        <\/li>\n                                            <li class=\"cards--card-item\">\n                                <div class=\"cards--card cards--card-v1\" style=\"text-align:var(--mht-block-cards-card-text-align);padding-right:var(--mht-block-cards-card-padding-right);padding-left:var(--mht-block-cards-card-padding-left)\">\n\n    <div class=\"cards--card--header\">\n        \r\n    <\/div><!-- .cards--card--header -->\n\n    <div class=\"cards--card--texts\">\n        <div class=\"cards--card--texts--inner\">\n\n            <div class=\"cards--card--body\">\n                                    <h3 class=\"cards--card--title mht-heading h5\" style=\"margin-top:var(--mht-block-cards-title-margin-top);margin-bottom:var(--mht-block-cards-title-margin-bottom)\">                        Skr\u00e4ddarsydd design                    <\/h3>                \n                \n                                    <div class=\"cards--card--desc mht-wysiwyg\">\n                        <p>Anpassade och patenterade golv efter varje projekts specifika ritningar, kravspecifikationer och \u00f6nskem\u00e5l.<\/p>\n                    <\/div>\n                            <\/div><!-- .cards--card--body -->\n\n            \n        <\/div><!-- .cards--card--texts--inner -->\n    <\/div><!-- .cards--card--texts -->\n\n    <\/div>\n                        <\/li>\n                                    <\/ul>\n\n            <\/div><!-- .section-content-inner -->\n        <\/div><!-- .section-content -->\n    <\/div><!-- .container -->\n\n<\/section>\n<\/div>\n\n\n\n<div class=\"gb-element-4b2501b7 folj-oss\">\n<div class=\"container gb-element-fd1041ea\">\n<div class=\"last-child-mb-0 gb-element-b1b220f1\">\n<h2 class=\"gb-text h5 gb-text-350af809\">F\u00f8lg Giha p\u00e5 Facebook!<\/h2>\n<\/div>\n\n\n\n<div class=\"gb-element-1cd099e6\"><div class=\"mht-block mht-block-contact-info mht-block-contact-info-49ac536b853c35f0d89bf21e88cdd567 social-info\">\r\n\r\n    \n<style id='mht-block-contact-info-49ac536b853c35f0d89bf21e88cdd567-vars'><\/style>\n\r\n    <ul class=\"contact-info-items fa-ul layout-d-horizontal layout-m-vertical justify-content-flex-start\">\r\n                                    <li class=\"item\">\r\n                                            <a class=\"item-inner\" href=\"https:\/\/www.facebook.com\/gihagolvet\/?locale=sv_SE\" target=\"_blank\">\r\n                    \r\n                                            <span class=\"fa-li icon-wrap\"><i class=\"fa-brands fa-facebook\"><\/i><\/span>\r\n                                                                <span class=\"text\">Facebook<\/span>\r\n                    \r\n                                            <\/a>\r\n                                    <\/li>\r\n                        <\/ul>\r\n\r\n<\/div>\r\n<\/div>\n<\/div>\n<\/div>","protected":false},"excerpt":{"rendered":"<p>Projektering Projektering och utveckling Vi p\u00e5 Giha kombinerar \u00f6ver 25 \u00e5rs erfarenhet med modern innovation f\u00f6r att projektera och utveckla skr\u00e4ddarsydda golvsystem. Fr\u00e5n teknisk ber\u00e4kning till f\u00e4rdig produkt s\u00e4kerst\u00e4ller vi h\u00e5llbara l\u00f6sningar f\u00f6r alla typer av milj\u00f6er. Produktutveckling av golvsystem f\u00f6r hem, industri och kontor Svenska golvl\u00f6sningar f\u00f6r hela Europa Giha startade sin resa i [&hellip;]<\/p>\n","protected":false},"author":2,"featured_media":0,"parent":10,"menu_order":5,"comment_status":"closed","ping_status":"closed","template":"","meta":{"_acf_changed":true,"inline_featured_image":false,"footnotes":""},"class_list":["post-1635","page","type-page","status-publish","hentry"],"acf":[],"yoast_head":"<!-- This site is optimized with the Yoast SEO plugin v27.6 - https:\/\/yoast.com\/product\/yoast-seo-wordpress\/ -->\n<title>Produktutveckling | Projektering av golvsystem | Giha<\/title>\n<meta name=\"description\" content=\"Projektering och utveckling av patenterade golvsystem f\u00f6r alla milj\u00f6er. Milj\u00f6medvetna l\u00f6sningar, teknisk ber\u00e4kning och expertis inom golv.\" \/>\n<meta name=\"robots\" content=\"index, follow, max-snippet:-1, max-image-preview:large, max-video-preview:-1\" \/>\n<link rel=\"canonical\" href=\"https:\/\/giha.se\/da\/gulv\/projektering\/\" \/>\n<meta property=\"og:locale\" content=\"da_DK\" \/>\n<meta property=\"og:type\" content=\"article\" \/>\n<meta property=\"og:title\" content=\"Produktutveckling | Projektering av golvsystem | Giha\" \/>\n<meta property=\"og:description\" content=\"Projektering och utveckling av patenterade golvsystem f\u00f6r alla milj\u00f6er. Milj\u00f6medvetna l\u00f6sningar, teknisk ber\u00e4kning och expertis inom golv.\" \/>\n<meta property=\"og:url\" content=\"https:\/\/giha.se\/da\/gulv\/projektering\/\" \/>\n<meta property=\"og:site_name\" content=\"Giha Golvsystem\" \/>\n<meta property=\"article:publisher\" content=\"https:\/\/www.facebook.com\/gihagolvet\/?locale=sv_SE\" \/>\n<meta property=\"article:modified_time\" content=\"2026-04-21T11:50:05+00:00\" \/>\n<meta property=\"og:image\" content=\"https:\/\/giha.se\/wp-content\/uploads\/2026\/04\/giha-hisab-mekaniskt-ventilerat-golv@2x.webp\" \/>\n<meta name=\"twitter:card\" content=\"summary_large_image\" \/>\n<meta name=\"twitter:label1\" content=\"Est. reading time\" \/>\n\t<meta name=\"twitter:data1\" content=\"3 minutter\" \/>\n<script type=\"application\/ld+json\" class=\"yoast-schema-graph\">{\"@context\":\"https:\\\/\\\/schema.org\",\"@graph\":[{\"@type\":\"WebPage\",\"@id\":\"https:\\\/\\\/giha.se\\\/golv\\\/projektering\\\/\",\"url\":\"https:\\\/\\\/giha.se\\\/golv\\\/projektering\\\/\",\"name\":\"Produktutveckling | Projektering av golvsystem | Giha\",\"isPartOf\":{\"@id\":\"https:\\\/\\\/giha.se\\\/#website\"},\"primaryImageOfPage\":{\"@id\":\"https:\\\/\\\/giha.se\\\/golv\\\/projektering\\\/#primaryimage\"},\"image\":{\"@id\":\"https:\\\/\\\/giha.se\\\/golv\\\/projektering\\\/#primaryimage\"},\"thumbnailUrl\":\"https:\\\/\\\/giha.se\\\/wp-content\\\/uploads\\\/2026\\\/04\\\/giha-hisab-mekaniskt-ventilerat-golv@2x.webp\",\"datePublished\":\"2026-04-08T07:33:13+00:00\",\"dateModified\":\"2026-04-21T11:50:05+00:00\",\"description\":\"Projektering och utveckling av patenterade golvsystem f\u00f6r alla milj\u00f6er. Milj\u00f6medvetna l\u00f6sningar, teknisk ber\u00e4kning och expertis inom golv.\",\"breadcrumb\":{\"@id\":\"https:\\\/\\\/giha.se\\\/golv\\\/projektering\\\/#breadcrumb\"},\"inLanguage\":\"da-DK\",\"potentialAction\":[{\"@type\":\"ReadAction\",\"target\":[\"https:\\\/\\\/giha.se\\\/golv\\\/projektering\\\/\"]}]},{\"@type\":\"ImageObject\",\"inLanguage\":\"da-DK\",\"@id\":\"https:\\\/\\\/giha.se\\\/golv\\\/projektering\\\/#primaryimage\",\"url\":\"https:\\\/\\\/giha.se\\\/wp-content\\\/uploads\\\/2026\\\/04\\\/giha-hisab-mekaniskt-ventilerat-golv@2x.webp\",\"contentUrl\":\"https:\\\/\\\/giha.se\\\/wp-content\\\/uploads\\\/2026\\\/04\\\/giha-hisab-mekaniskt-ventilerat-golv@2x.webp\"},{\"@type\":\"BreadcrumbList\",\"@id\":\"https:\\\/\\\/giha.se\\\/golv\\\/projektering\\\/#breadcrumb\",\"itemListElement\":[{\"@type\":\"ListItem\",\"position\":1,\"name\":\"Home\",\"item\":\"https:\\\/\\\/giha.se\\\/\"},{\"@type\":\"ListItem\",\"position\":2,\"name\":\"Golv\",\"item\":\"https:\\\/\\\/giha.se\\\/golv\\\/\"},{\"@type\":\"ListItem\",\"position\":3,\"name\":\"Projektering\"}]},{\"@type\":\"WebSite\",\"@id\":\"https:\\\/\\\/giha.se\\\/#website\",\"url\":\"https:\\\/\\\/giha.se\\\/\",\"name\":\"Giha Golvsystem\",\"description\":\"\",\"publisher\":{\"@id\":\"https:\\\/\\\/giha.se\\\/#organization\"},\"potentialAction\":[{\"@type\":\"SearchAction\",\"target\":{\"@type\":\"EntryPoint\",\"urlTemplate\":\"https:\\\/\\\/giha.se\\\/?s={search_term_string}\"},\"query-input\":{\"@type\":\"PropertyValueSpecification\",\"valueRequired\":true,\"valueName\":\"search_term_string\"}}],\"inLanguage\":\"da-DK\"},{\"@type\":[\"Organization\",\"Place\"],\"@id\":\"https:\\\/\\\/giha.se\\\/#organization\",\"name\":\"Hertig Knut Aktiebolag\",\"url\":\"https:\\\/\\\/giha.se\\\/\",\"logo\":{\"@id\":\"https:\\\/\\\/giha.se\\\/golv\\\/projektering\\\/#local-main-organization-logo\"},\"image\":{\"@id\":\"https:\\\/\\\/giha.se\\\/golv\\\/projektering\\\/#local-main-organization-logo\"},\"sameAs\":[\"https:\\\/\\\/www.facebook.com\\\/gihagolvet\\\/?locale=sv_SE\"],\"telephone\":[],\"openingHoursSpecification\":[{\"@type\":\"OpeningHoursSpecification\",\"dayOfWeek\":[\"Monday\",\"Tuesday\",\"Wednesday\",\"Thursday\",\"Friday\",\"Saturday\",\"Sunday\"],\"opens\":\"09:00\",\"closes\":\"17:00\"}]},{\"@type\":\"ImageObject\",\"inLanguage\":\"da-DK\",\"@id\":\"https:\\\/\\\/giha.se\\\/golv\\\/projektering\\\/#local-main-organization-logo\",\"url\":\"https:\\\/\\\/giha.se\\\/wp-content\\\/uploads\\\/2026\\\/05\\\/Giha-Org-logo.webp\",\"contentUrl\":\"https:\\\/\\\/giha.se\\\/wp-content\\\/uploads\\\/2026\\\/05\\\/Giha-Org-logo.webp\",\"width\":696,\"height\":696,\"caption\":\"Hertig Knut Aktiebolag\"}]}<\/script>\n<!-- \/ Yoast SEO plugin. -->","yoast_head_json":{"title":"Produktutveckling | Projektering av golvsystem | Giha","description":"Projektering och utveckling av patenterade golvsystem f\u00f6r alla milj\u00f6er. Milj\u00f6medvetna l\u00f6sningar, teknisk ber\u00e4kning och expertis inom golv.","robots":{"index":"index","follow":"follow","max-snippet":"max-snippet:-1","max-image-preview":"max-image-preview:large","max-video-preview":"max-video-preview:-1"},"canonical":"https:\/\/giha.se\/da\/gulv\/projektering\/","og_locale":"da_DK","og_type":"article","og_title":"Produktutveckling | Projektering av golvsystem | Giha","og_description":"Projektering och utveckling av patenterade golvsystem f\u00f6r alla milj\u00f6er. Milj\u00f6medvetna l\u00f6sningar, teknisk ber\u00e4kning och expertis inom golv.","og_url":"https:\/\/giha.se\/da\/gulv\/projektering\/","og_site_name":"Giha Golvsystem","article_publisher":"https:\/\/www.facebook.com\/gihagolvet\/?locale=sv_SE","article_modified_time":"2026-04-21T11:50:05+00:00","og_image":[{"url":"https:\/\/giha.se\/wp-content\/uploads\/2026\/04\/giha-hisab-mekaniskt-ventilerat-golv@2x.webp","type":"","width":"","height":""}],"twitter_card":"summary_large_image","twitter_misc":{"Est. reading time":"3 minutter"},"schema":{"@context":"https:\/\/schema.org","@graph":[{"@type":"WebPage","@id":"https:\/\/giha.se\/golv\/projektering\/","url":"https:\/\/giha.se\/golv\/projektering\/","name":"Produktutveckling | Projektering av golvsystem | Giha","isPartOf":{"@id":"https:\/\/giha.se\/#website"},"primaryImageOfPage":{"@id":"https:\/\/giha.se\/golv\/projektering\/#primaryimage"},"image":{"@id":"https:\/\/giha.se\/golv\/projektering\/#primaryimage"},"thumbnailUrl":"https:\/\/giha.se\/wp-content\/uploads\/2026\/04\/giha-hisab-mekaniskt-ventilerat-golv@2x.webp","datePublished":"2026-04-08T07:33:13+00:00","dateModified":"2026-04-21T11:50:05+00:00","description":"Projektering och utveckling av patenterade golvsystem f\u00f6r alla milj\u00f6er. Milj\u00f6medvetna l\u00f6sningar, teknisk ber\u00e4kning och expertis inom golv.","breadcrumb":{"@id":"https:\/\/giha.se\/golv\/projektering\/#breadcrumb"},"inLanguage":"da-DK","potentialAction":[{"@type":"ReadAction","target":["https:\/\/giha.se\/golv\/projektering\/"]}]},{"@type":"ImageObject","inLanguage":"da-DK","@id":"https:\/\/giha.se\/golv\/projektering\/#primaryimage","url":"https:\/\/giha.se\/wp-content\/uploads\/2026\/04\/giha-hisab-mekaniskt-ventilerat-golv@2x.webp","contentUrl":"https:\/\/giha.se\/wp-content\/uploads\/2026\/04\/giha-hisab-mekaniskt-ventilerat-golv@2x.webp"},{"@type":"BreadcrumbList","@id":"https:\/\/giha.se\/golv\/projektering\/#breadcrumb","itemListElement":[{"@type":"ListItem","position":1,"name":"Home","item":"https:\/\/giha.se\/"},{"@type":"ListItem","position":2,"name":"Golv","item":"https:\/\/giha.se\/golv\/"},{"@type":"ListItem","position":3,"name":"Projektering"}]},{"@type":"WebSite","@id":"https:\/\/giha.se\/#website","url":"https:\/\/giha.se\/","name":"Giha Gulvsystem","description":"","publisher":{"@id":"https:\/\/giha.se\/#organization"},"potentialAction":[{"@type":"SearchAction","target":{"@type":"EntryPoint","urlTemplate":"https:\/\/giha.se\/?s={search_term_string}"},"query-input":{"@type":"PropertyValueSpecification","valueRequired":true,"valueName":"search_term_string"}}],"inLanguage":"da-DK"},{"@type":["Organization","Place"],"@id":"https:\/\/giha.se\/#organization","name":"Hertug Knut Aktiebolag","url":"https:\/\/giha.se\/","logo":{"@id":"https:\/\/giha.se\/golv\/projektering\/#local-main-organization-logo"},"image":{"@id":"https:\/\/giha.se\/golv\/projektering\/#local-main-organization-logo"},"sameAs":["https:\/\/www.facebook.com\/gihagolvet\/?locale=sv_SE"],"telephone":[],"openingHoursSpecification":[{"@type":"OpeningHoursSpecification","dayOfWeek":["Monday","Tuesday","Wednesday","Thursday","Friday","Saturday","Sunday"],"opens":"09:00","closes":"17:00"}]},{"@type":"ImageObject","inLanguage":"da-DK","@id":"https:\/\/giha.se\/golv\/projektering\/#local-main-organization-logo","url":"https:\/\/giha.se\/wp-content\/uploads\/2026\/05\/Giha-Org-logo.webp","contentUrl":"https:\/\/giha.se\/wp-content\/uploads\/2026\/05\/Giha-Org-logo.webp","width":696,"height":696,"caption":"Hertig Knut Aktiebolag"}]}},"_links":{"self":[{"href":"https:\/\/giha.se\/da\/wp-json\/wp\/v2\/pages\/1635","targetHints":{"allow":["GET"]}}],"collection":[{"href":"https:\/\/giha.se\/da\/wp-json\/wp\/v2\/pages"}],"about":[{"href":"https:\/\/giha.se\/da\/wp-json\/wp\/v2\/types\/page"}],"author":[{"embeddable":true,"href":"https:\/\/giha.se\/da\/wp-json\/wp\/v2\/users\/2"}],"replies":[{"embeddable":true,"href":"https:\/\/giha.se\/da\/wp-json\/wp\/v2\/comments?post=1635"}],"version-history":[{"count":0,"href":"https:\/\/giha.se\/da\/wp-json\/wp\/v2\/pages\/1635\/revisions"}],"up":[{"embeddable":true,"href":"https:\/\/giha.se\/da\/wp-json\/wp\/v2\/pages\/10"}],"wp:attachment":[{"href":"https:\/\/giha.se\/da\/wp-json\/wp\/v2\/media?parent=1635"}],"curies":[{"name":"wp","href":"https:\/\/api.w.org\/{rel}","templated":true}]}}