{"id":1636,"date":"2026-04-08T09:33:29","date_gmt":"2026-04-08T07:33:29","guid":{"rendered":"https:\/\/giha.se\/?page_id=1636"},"modified":"2026-04-21T13:49:39","modified_gmt":"2026-04-21T11:49:39","slug":"vent-inspektion","status":"publish","type":"page","link":"https:\/\/giha.se\/da\/golv\/ventinspect\/","title":{"rendered":"Vent INSPEKT"},"content":{"rendered":"<div class=\"container\">\n<div class=\"gb-element-d80239bf\">\n<div class=\"last-child-mb-0 gb-element-57575c3d\">\n<h2 class=\"gb-text h5 mht-color-accent gb-text-077d671a\">Gulvinspektion<\/h2>\n\n\n\n<h1 class=\"gb-text gb-text-30719cba\">Ventilationsinspektion<\/h1>\n\n\n\n<p class=\"gb-text gb-text-a83d4b45\">Giha Ventinspect er den markedsledende metode til professionel gulvinspektion. Gennem innovativ teknologi muligg\u00f8r vi hurtig og pr\u00e6cis kontrol af undergulve uden at for\u00e5rsage un\u00f8dvendig skade p\u00e5 overfladematerialet eller konstruktionen.<\/p>\n<\/div>\n\n\n\n<div class=\"gb-element-3637d379\">\n<img loading=\"lazy\" decoding=\"async\" width=\"1792\" height=\"880\" class=\"gb-media-54c2d586\" alt=\"\" src=\"https:\/\/giha.se\/wp-content\/uploads\/2026\/04\/mekaniskt-ventilerat-golv-giha-hisab@2x.webp\" srcset=\"https:\/\/giha.se\/wp-content\/uploads\/2026\/04\/mekaniskt-ventilerat-golv-giha-hisab@2x.webp 1792w, https:\/\/giha.se\/wp-content\/uploads\/2026\/04\/mekaniskt-ventilerat-golv-giha-hisab@2x-300x147.webp 300w, https:\/\/giha.se\/wp-content\/uploads\/2026\/04\/mekaniskt-ventilerat-golv-giha-hisab@2x-1024x503.webp 1024w, https:\/\/giha.se\/wp-content\/uploads\/2026\/04\/mekaniskt-ventilerat-golv-giha-hisab@2x-768x377.webp 768w, https:\/\/giha.se\/wp-content\/uploads\/2026\/04\/mekaniskt-ventilerat-golv-giha-hisab@2x-575x282.webp 575w, https:\/\/giha.se\/wp-content\/uploads\/2026\/04\/mekaniskt-ventilerat-golv-giha-hisab@2x-1320x648.webp 1320w\" sizes=\"auto, (max-width: 1792px) 100vw, 1792px\" \/>\n\n\n\n<img loading=\"lazy\" decoding=\"async\" width=\"716\" height=\"762\" class=\"gb-media-39bf6a22\" alt=\"\" src=\"https:\/\/giha.se\/wp-content\/uploads\/2026\/04\/mekaniskt-ventilerat-golv-giha-hisab@2x-1.webp\" srcset=\"https:\/\/giha.se\/wp-content\/uploads\/2026\/04\/mekaniskt-ventilerat-golv-giha-hisab@2x-1.webp 716w, https:\/\/giha.se\/wp-content\/uploads\/2026\/04\/mekaniskt-ventilerat-golv-giha-hisab@2x-1-282x300.webp 282w, https:\/\/giha.se\/wp-content\/uploads\/2026\/04\/mekaniskt-ventilerat-golv-giha-hisab@2x-1-575x612.webp 575w\" sizes=\"auto, (max-width: 716px) 100vw, 716px\" \/>\n<\/div>\n\n\n\n<div class=\"gb-element-ee322066\">\n<h2 class=\"gb-text h4-m gb-text-62d75167\">Giha Ventinspect \u2013 den smarte metode til gulvinspektion<\/h2>\n\n\n\n<h4 class=\"gb-text h5 gb-text-ba979222\">Kontroller for fugt, skimmel eller d\u00e5rlig lugt<\/h4>\n\n\n\n<p>At opdage problemer i tide er afg\u00f8rende for et sundt indeklima. Med vores metode til gulvinspektion kan eksperter hurtigt identificere tilstedev\u00e6relsen af fugt, skimmel eller d\u00e5rlig lugt, der er tr\u00e6ngt op fra betonpladen. Ved at inspicere rummet under gulvet f\u00e5r du et direkte svar p\u00e5 konstruktionens tilstand.<\/p>\n\n\n\n<p>Dette er et uundv\u00e6rligt v\u00e6rkt\u00f8j ved mistanke om skjulte skader eller ved radonm\u00e5ling. I stedet for dyre opbrydninger giver Ventinspect et klart billede af underlaget, hvilket sparer b\u00e5de tid og penge ved saneringsbeslutninger.<\/p>\n<\/div>\n\n\n\n<div class=\"gb-element-bd49e5df\">\n<div class=\"gb-element-5bd14ef8 dash-top\">\n<div class=\"last-child-mb-0\">\n<h2 class=\"gb-text h4 gb-text-ec480733\">Specialudviklet ventilboremaskine<\/h2>\n<\/div>\n\n\n\n<div class=\"last-child-mb-0 gb-element-307c1843\">\n<p>Systemets kerne er vores specialudviklede ventilationsbor. Boret er teknisk designet til at skabe pr\u00e6cise \u00e5bninger i gulvkonstruktionen med minimal p\u00e5virkning. <\/p>\n\n\n\n<p>V\u00e6rkt\u00f8jet er udviklet til at opfylde de h\u00f8je krav, som fugtkonsulenter og inspekt\u00f8rer stiller, og som har brug for en p\u00e5lidelig og enkel l\u00f8sning til at f\u00e5 adgang til rummet mellem underlaget og installationsgulvet ved m\u00e5linger.<\/p>\n<\/div>\n<\/div>\n\n\n\n<div class=\"gb-element-d69de223 dash-top\">\n<div class=\"last-child-mb-0\">\n<h2 class=\"gb-text h4 gb-text-9581baac\">Nem genplyning med f\u00e6rdige l\u00e5g<\/h2>\n<\/div>\n\n\n\n<div class=\"last-child-mb-0 gb-element-fb66abdd\">\n<p>Efter en udf\u00f8rt inspektion genoprettes gulvet hurtigt og \u00e6stetisk med vores f\u00e6rdige d\u00e6ksler. Du undg\u00e5r grimme reparationer eller behovet for at udskifte hele gulvsektioner. <\/p>\n\n\n\n<p>L\u00e5sen findes i adskillige forskellige standardudgaver, men kan ogs\u00e5 kundetilpasses for at smelte perfekt ind i dine specifikke omgivelser. Dette g\u00f8r metoden lige s\u00e5 effektiv i industrilokaler som i offentlige milj\u00f8er og kontorer.<\/p>\n<\/div>\n<\/div>\n\n\n\n<div class=\"gb-element-5d28a983 dash-top\">\n<div class=\"last-child-mb-0\">\n<h2 class=\"gb-text h4 gb-text-9cdd281e\">Betroet af brancheeksperter<\/h2>\n<\/div>\n\n\n\n<div class=\"last-child-mb-0 gb-element-176aa6be\">\n<p>Vores metode til gulvinspektion anvendes dagligt af f\u00f8rende akt\u00f8rer inden for fugtsanering og bygningsr\u00e5dgivning, herunder Anticimex, Polygon og RISE. <\/p>\n\n\n\n<p>At branchens mest anerkendte eksperter v\u00e6lger Giha Ventinspect er et bevis p\u00e5 systemets pr\u00e6cision og p\u00e5lidelighed. Vi udvikler konstant metoden for at ligge forrest i feltet inden for svenske byggestandarder og innovativ skadeskontrol.<\/p>\n<\/div>\n<\/div>\n<\/div>\n<\/div>\n<\/div>\n\n\n\n<div>\n<div>\n<div class=\"container last-child-mb-0 gb-element-47f31ca2\">\n<h5 class=\"gb-text mht-color-accent gb-text-c58c5f8f\">Gulvinspektion<\/h5>\n\n\n\n<h2 class=\"gb-text\">Smidigere inspektion med Giha Ventinspect<\/h2>\n<\/div>\n<\/div>\n\n\n<section class=\"mht-block mht-block-cards mht-block-cards-f604c68edd3fcbf3fa5ced441290016d\">\n\n    \n<style id='mht-block-cards-f604c68edd3fcbf3fa5ced441290016d-vars'>section.mht-block-cards-f604c68edd3fcbf3fa5ced441290016d{--mht-block-cards-cards-column-gap:80px;--mht-block-cards-cards-row-gap:80px;--mht-block-cards-content-max-width:1128px;--mht-block-cards-card-text-align:center;--mht-block-cards-card-image-margin-left:auto;--mht-block-cards-card-image-margin-right:auto;--mht-block-cards-card-icon-font-size:40px;--mht-block-cards-card-icon-color:var(--mht-color-accent);--mht-block-cards-title-margin-top:46px;--mht-block-cards-title-margin-bottom:12px}@media(max-width:991.98px){section.mht-block-cards-f604c68edd3fcbf3fa5ced441290016d{--mht-block-cards-card-padding-right:19px;--mht-block-cards-card-padding-left:19px;--mht-block-cards-title-margin-top:36px}}<\/style>\n\n    <div class=\"section-rich-bg rich-bg\">\n            <\/div>\n\n    <div class=\"container\">\n        <div class=\"section-content\">\n            <div class=\"section-content--inner\" style=\"max-width:var(--mht-block-cards-content-max-width)\">\n\n                <ul class=\"cards--cards mht-grid-3 mht-grid-m-1\">\n                                            <li class=\"cards--card-item\">\n                                <div class=\"cards--card cards--card-v1\" style=\"text-align:var(--mht-block-cards-card-text-align);padding-right:var(--mht-block-cards-card-padding-right);padding-left:var(--mht-block-cards-card-padding-left)\">\n\n    <div class=\"cards--card--header\">\n        \r\n    <\/div><!-- .cards--card--header -->\n\n    <div class=\"cards--card--texts\">\n        <div class=\"cards--card--texts--inner\">\n\n            <div class=\"cards--card--body\">\n                                    <h3 class=\"cards--card--title mht-heading h5\" style=\"margin-top:var(--mht-block-cards-title-margin-top);margin-bottom:var(--mht-block-cards-title-margin-bottom)\">                        Hurtig diagnose                    <\/h3>                \n                \n                                    <div class=\"cards--card--desc mht-wysiwyg\">\n                        <p>Find skjulte problemer med fugt, lugt og radon uden at \u00f8del\u00e6gge gulvets eksisterende overfladestruktur.<\/p>\n                    <\/div>\n                            <\/div><!-- .cards--card--body -->\n\n            \n        <\/div><!-- .cards--card--texts--inner -->\n    <\/div><!-- .cards--card--texts -->\n\n    <\/div>\n                        <\/li>\n                                            <li class=\"cards--card-item\">\n                                <div class=\"cards--card cards--card-v1\" style=\"text-align:var(--mht-block-cards-card-text-align);padding-right:var(--mht-block-cards-card-padding-right);padding-left:var(--mht-block-cards-card-padding-left)\">\n\n    <div class=\"cards--card--header\">\n        \r\n    <\/div><!-- .cards--card--header -->\n\n    <div class=\"cards--card--texts\">\n        <div class=\"cards--card--texts--inner\">\n\n            <div class=\"cards--card--body\">\n                                    <h3 class=\"cards--card--title mht-heading h5\" style=\"margin-top:var(--mht-block-cards-title-margin-top);margin-bottom:var(--mht-block-cards-title-margin-bottom)\">                        Minimal indvirkning                    <\/h3>                \n                \n                                    <div class=\"cards--card--desc mht-wysiwyg\">\n                        <p>Specielle boringer og f\u00e6rdige d\u00e6kl\u00e5g sikrer en diskret inspektion, der n\u00e6sten ikke efterlader spor.<\/p>\n                    <\/div>\n                            <\/div><!-- .cards--card--body -->\n\n            \n        <\/div><!-- .cards--card--texts--inner -->\n    <\/div><!-- .cards--card--texts -->\n\n    <\/div>\n                        <\/li>\n                                            <li class=\"cards--card-item\">\n                                <div class=\"cards--card cards--card-v1\" style=\"text-align:var(--mht-block-cards-card-text-align);padding-right:var(--mht-block-cards-card-padding-right);padding-left:var(--mht-block-cards-card-padding-left)\">\n\n    <div class=\"cards--card--header\">\n        \r\n    <\/div><!-- .cards--card--header -->\n\n    <div class=\"cards--card--texts\">\n        <div class=\"cards--card--texts--inner\">\n\n            <div class=\"cards--card--body\">\n                                    <h3 class=\"cards--card--title mht-heading h5\" style=\"margin-top:var(--mht-block-cards-title-margin-top);margin-bottom:var(--mht-block-cards-title-margin-bottom)\">                        Professionel standard                    <\/h3>                \n                \n                                    <div class=\"cards--card--desc mht-wysiwyg\">\n                        <p>Udviklet i samarbejde med f\u00f8rende fugtkonsulenter for h\u00f8jest mulig pr\u00e6cision ved enhver inspektion.<\/p>\n                    <\/div>\n                            <\/div><!-- .cards--card--body -->\n\n            \n        <\/div><!-- .cards--card--texts--inner -->\n    <\/div><!-- .cards--card--texts -->\n\n    <\/div>\n                        <\/li>\n                                    <\/ul>\n\n            <\/div><!-- .section-content-inner -->\n        <\/div><!-- .section-content -->\n    <\/div><!-- .container -->\n\n<\/section>\n<\/div>\n\n\n\n<div class=\"gb-element-4b2501b7 folj-oss\">\n<div class=\"container gb-element-fd1041ea\">\n<div class=\"last-child-mb-0 gb-element-b1b220f1\">\n<h2 class=\"gb-text h5 gb-text-350af809\">F\u00f8lg Giha p\u00e5 Facebook!<\/h2>\n<\/div>\n\n\n\n<div class=\"gb-element-1cd099e6\"><div class=\"mht-block mht-block-contact-info mht-block-contact-info-c9879da0124c9da652e0f0789d0b55a4 social-info\">\r\n\r\n    \n<style id='mht-block-contact-info-c9879da0124c9da652e0f0789d0b55a4-vars'><\/style>\n\r\n    <ul class=\"contact-info-items fa-ul layout-d-horizontal layout-m-vertical justify-content-flex-start\">\r\n                                    <li class=\"item\">\r\n                                            <a class=\"item-inner\" href=\"https:\/\/www.facebook.com\/gihagolvet\/?locale=sv_SE\" target=\"_blank\">\r\n                    \r\n                                            <span class=\"fa-li icon-wrap\"><i class=\"fa-brands fa-facebook\"><\/i><\/span>\r\n                                                                <span class=\"text\">Facebook<\/span>\r\n                    \r\n                                            <\/a>\r\n                                    <\/li>\r\n                        <\/ul>\r\n\r\n<\/div>\r\n<\/div>\n<\/div>\n<\/div>","protected":false},"excerpt":{"rendered":"<p>Golvinspektion Giha Ventinspect Giha Ventinspect \u00e4r den marknadsledande metoden f\u00f6r professionell golvinspektion. Genom innovativ teknik m\u00f6jligg\u00f6r vi snabb och precis kontroll av undergolv utan att orsaka on\u00f6dig skada p\u00e5 ytmaterialet eller konstruktionen. Giha Ventinspect &#8211; den smarta metoden f\u00f6r golvinspektion Kontrollera fukt, m\u00f6gel eller d\u00e5lig lukt Att uppt\u00e4cka problem i tid \u00e4r avg\u00f6rande f\u00f6r en [&hellip;]<\/p>\n","protected":false},"author":2,"featured_media":0,"parent":10,"menu_order":6,"comment_status":"closed","ping_status":"closed","template":"","meta":{"_acf_changed":true,"inline_featured_image":false,"footnotes":""},"class_list":["post-1636","page","type-page","status-publish","hentry"],"acf":[],"yoast_head":"<!-- This site is optimized with the Yoast SEO plugin v27.6 - https:\/\/yoast.com\/product\/yoast-seo-wordpress\/ -->\n<title>Golvinspektion med Giha Ventinspect | Smart metod f\u00f6r fukt &amp; lukt<\/title>\n<meta name=\"description\" content=\"Uppt\u00e4ck fukt, m\u00f6gel och radon med Giha Ventinspect. Snabb metod f\u00f6r golvinspektion - anv\u00e4nds av experter. Minimal \u00e5verkan, enkel \u00e5terlagning.\" \/>\n<meta name=\"robots\" content=\"index, follow, max-snippet:-1, max-image-preview:large, max-video-preview:-1\" \/>\n<link rel=\"canonical\" href=\"https:\/\/giha.se\/da\/gulv\/vent-inspektion\/\" \/>\n<meta property=\"og:locale\" content=\"da_DK\" \/>\n<meta property=\"og:type\" content=\"article\" \/>\n<meta property=\"og:title\" content=\"Golvinspektion med Giha Ventinspect | Smart metod f\u00f6r fukt &amp; lukt\" \/>\n<meta property=\"og:description\" content=\"Uppt\u00e4ck fukt, m\u00f6gel och radon med Giha Ventinspect. Snabb metod f\u00f6r golvinspektion - anv\u00e4nds av experter. Minimal \u00e5verkan, enkel \u00e5terlagning.\" \/>\n<meta property=\"og:url\" content=\"https:\/\/giha.se\/da\/gulv\/vent-inspektion\/\" \/>\n<meta property=\"og:site_name\" content=\"Giha Golvsystem\" \/>\n<meta property=\"article:publisher\" content=\"https:\/\/www.facebook.com\/gihagolvet\/?locale=sv_SE\" \/>\n<meta property=\"article:modified_time\" content=\"2026-04-21T11:49:39+00:00\" \/>\n<meta property=\"og:image\" content=\"https:\/\/giha.se\/wp-content\/uploads\/2026\/04\/mekaniskt-ventilerat-golv-giha-hisab@2x.webp\" \/>\n<meta name=\"twitter:card\" content=\"summary_large_image\" \/>\n<meta name=\"twitter:label1\" content=\"Est. reading time\" \/>\n\t<meta name=\"twitter:data1\" content=\"2 minutter\" \/>\n<script type=\"application\/ld+json\" class=\"yoast-schema-graph\">{\"@context\":\"https:\\\/\\\/schema.org\",\"@graph\":[{\"@type\":\"WebPage\",\"@id\":\"https:\\\/\\\/giha.se\\\/golv\\\/ventinspect\\\/\",\"url\":\"https:\\\/\\\/giha.se\\\/golv\\\/ventinspect\\\/\",\"name\":\"Golvinspektion med Giha Ventinspect | Smart metod f\u00f6r fukt & lukt\",\"isPartOf\":{\"@id\":\"https:\\\/\\\/giha.se\\\/#website\"},\"primaryImageOfPage\":{\"@id\":\"https:\\\/\\\/giha.se\\\/golv\\\/ventinspect\\\/#primaryimage\"},\"image\":{\"@id\":\"https:\\\/\\\/giha.se\\\/golv\\\/ventinspect\\\/#primaryimage\"},\"thumbnailUrl\":\"https:\\\/\\\/giha.se\\\/wp-content\\\/uploads\\\/2026\\\/04\\\/mekaniskt-ventilerat-golv-giha-hisab@2x.webp\",\"datePublished\":\"2026-04-08T07:33:29+00:00\",\"dateModified\":\"2026-04-21T11:49:39+00:00\",\"description\":\"Uppt\u00e4ck fukt, m\u00f6gel och radon med Giha Ventinspect. Snabb metod f\u00f6r golvinspektion - anv\u00e4nds av experter. Minimal \u00e5verkan, enkel \u00e5terlagning.\",\"breadcrumb\":{\"@id\":\"https:\\\/\\\/giha.se\\\/golv\\\/ventinspect\\\/#breadcrumb\"},\"inLanguage\":\"da-DK\",\"potentialAction\":[{\"@type\":\"ReadAction\",\"target\":[\"https:\\\/\\\/giha.se\\\/golv\\\/ventinspect\\\/\"]}]},{\"@type\":\"ImageObject\",\"inLanguage\":\"da-DK\",\"@id\":\"https:\\\/\\\/giha.se\\\/golv\\\/ventinspect\\\/#primaryimage\",\"url\":\"https:\\\/\\\/giha.se\\\/wp-content\\\/uploads\\\/2026\\\/04\\\/mekaniskt-ventilerat-golv-giha-hisab@2x.webp\",\"contentUrl\":\"https:\\\/\\\/giha.se\\\/wp-content\\\/uploads\\\/2026\\\/04\\\/mekaniskt-ventilerat-golv-giha-hisab@2x.webp\"},{\"@type\":\"BreadcrumbList\",\"@id\":\"https:\\\/\\\/giha.se\\\/golv\\\/ventinspect\\\/#breadcrumb\",\"itemListElement\":[{\"@type\":\"ListItem\",\"position\":1,\"name\":\"Home\",\"item\":\"https:\\\/\\\/giha.se\\\/\"},{\"@type\":\"ListItem\",\"position\":2,\"name\":\"Golv\",\"item\":\"https:\\\/\\\/giha.se\\\/golv\\\/\"},{\"@type\":\"ListItem\",\"position\":3,\"name\":\"Ventinspect\"}]},{\"@type\":\"WebSite\",\"@id\":\"https:\\\/\\\/giha.se\\\/#website\",\"url\":\"https:\\\/\\\/giha.se\\\/\",\"name\":\"Giha Golvsystem\",\"description\":\"\",\"publisher\":{\"@id\":\"https:\\\/\\\/giha.se\\\/#organization\"},\"potentialAction\":[{\"@type\":\"SearchAction\",\"target\":{\"@type\":\"EntryPoint\",\"urlTemplate\":\"https:\\\/\\\/giha.se\\\/?s={search_term_string}\"},\"query-input\":{\"@type\":\"PropertyValueSpecification\",\"valueRequired\":true,\"valueName\":\"search_term_string\"}}],\"inLanguage\":\"da-DK\"},{\"@type\":[\"Organization\",\"Place\"],\"@id\":\"https:\\\/\\\/giha.se\\\/#organization\",\"name\":\"Hertig Knut Aktiebolag\",\"url\":\"https:\\\/\\\/giha.se\\\/\",\"logo\":{\"@id\":\"https:\\\/\\\/giha.se\\\/golv\\\/ventinspect\\\/#local-main-organization-logo\"},\"image\":{\"@id\":\"https:\\\/\\\/giha.se\\\/golv\\\/ventinspect\\\/#local-main-organization-logo\"},\"sameAs\":[\"https:\\\/\\\/www.facebook.com\\\/gihagolvet\\\/?locale=sv_SE\"],\"address\":{\"@id\":\"https:\\\/\\\/giha.se\\\/golv\\\/ventinspect\\\/#local-main-place-address\"},\"geo\":{\"@type\":\"GeoCoordinates\",\"latitude\":\"57.15223341785647\",\"longitude\":\"12.320171146322505\"},\"telephone\":[\"0340 \u2013 62 07 64\"],\"openingHoursSpecification\":[],\"email\":\"info@giha.se\"},{\"@type\":\"PostalAddress\",\"@id\":\"https:\\\/\\\/giha.se\\\/golv\\\/ventinspect\\\/#local-main-place-address\",\"streetAddress\":\"Lindberg 97\",\"addressLocality\":\"Varberg\",\"postalCode\":\"432 92\",\"addressCountry\":\"SE\"},{\"@type\":\"ImageObject\",\"inLanguage\":\"da-DK\",\"@id\":\"https:\\\/\\\/giha.se\\\/golv\\\/ventinspect\\\/#local-main-organization-logo\",\"url\":\"https:\\\/\\\/giha.se\\\/wp-content\\\/uploads\\\/2026\\\/05\\\/Giha-Org-logo.webp\",\"contentUrl\":\"https:\\\/\\\/giha.se\\\/wp-content\\\/uploads\\\/2026\\\/05\\\/Giha-Org-logo.webp\",\"width\":696,\"height\":696,\"caption\":\"Hertig Knut Aktiebolag\"}]}<\/script>\n<meta name=\"geo.placename\" content=\"Varberg\" \/>\n<meta name=\"geo.position\" content=\"57.15223341785647;12.320171146322505\" \/>\n<meta name=\"geo.region\" content=\"Sverige\" \/>\n<!-- \/ Yoast SEO plugin. -->","yoast_head_json":{"title":"Gulvinspektion med Giha Ventinspect | Smart metode til fugt &amp; lugt","description":"Opdag fugt, skimmel og radon med Giha Ventinspect. Hurtig metode til gulvinspektion - brugt af eksperter. Minimal indgriben, nem genopretning.","robots":{"index":"index","follow":"follow","max-snippet":"max-snippet:-1","max-image-preview":"max-image-preview:large","max-video-preview":"max-video-preview:-1"},"canonical":"https:\/\/giha.se\/da\/gulv\/vent-inspektion\/","og_locale":"da_DK","og_type":"article","og_title":"Golvinspektion med Giha Ventinspect | Smart metod f\u00f6r fukt & lukt","og_description":"Uppt\u00e4ck fukt, m\u00f6gel och radon med Giha Ventinspect. Snabb metod f\u00f6r golvinspektion - anv\u00e4nds av experter. Minimal \u00e5verkan, enkel \u00e5terlagning.","og_url":"https:\/\/giha.se\/da\/gulv\/vent-inspektion\/","og_site_name":"Giha Golvsystem","article_publisher":"https:\/\/www.facebook.com\/gihagolvet\/?locale=sv_SE","article_modified_time":"2026-04-21T11:49:39+00:00","og_image":[{"url":"https:\/\/giha.se\/wp-content\/uploads\/2026\/04\/mekaniskt-ventilerat-golv-giha-hisab@2x.webp","type":"","width":"","height":""}],"twitter_card":"summary_large_image","twitter_misc":{"Est. reading time":"2 minutter"},"schema":{"@context":"https:\/\/schema.org","@graph":[{"@type":"WebPage","@id":"https:\/\/giha.se\/golv\/ventinspect\/","url":"https:\/\/giha.se\/golv\/ventinspect\/","name":"Gulvinspektion med Giha Ventinspect | Smart metode til fugt &amp; lugt","isPartOf":{"@id":"https:\/\/giha.se\/#website"},"primaryImageOfPage":{"@id":"https:\/\/giha.se\/golv\/ventinspect\/#primaryimage"},"image":{"@id":"https:\/\/giha.se\/golv\/ventinspect\/#primaryimage"},"thumbnailUrl":"https:\/\/giha.se\/wp-content\/uploads\/2026\/04\/mekaniskt-ventilerat-golv-giha-hisab@2x.webp","datePublished":"2026-04-08T07:33:29+00:00","dateModified":"2026-04-21T11:49:39+00:00","description":"Opdag fugt, skimmel og radon med Giha Ventinspect. Hurtig metode til gulvinspektion - brugt af eksperter. Minimal indgriben, nem genopretning.","breadcrumb":{"@id":"https:\/\/giha.se\/golv\/ventinspect\/#breadcrumb"},"inLanguage":"da-DK","potentialAction":[{"@type":"ReadAction","target":["https:\/\/giha.se\/golv\/ventinspect\/"]}]},{"@type":"ImageObject","inLanguage":"da-DK","@id":"https:\/\/giha.se\/golv\/ventinspect\/#primaryimage","url":"https:\/\/giha.se\/wp-content\/uploads\/2026\/04\/mekaniskt-ventilerat-golv-giha-hisab@2x.webp","contentUrl":"https:\/\/giha.se\/wp-content\/uploads\/2026\/04\/mekaniskt-ventilerat-golv-giha-hisab@2x.webp"},{"@type":"BreadcrumbList","@id":"https:\/\/giha.se\/golv\/ventinspect\/#breadcrumb","itemListElement":[{"@type":"ListItem","position":1,"name":"Home","item":"https:\/\/giha.se\/"},{"@type":"ListItem","position":2,"name":"Golv","item":"https:\/\/giha.se\/golv\/"},{"@type":"ListItem","position":3,"name":"Ventinspect"}]},{"@type":"WebSite","@id":"https:\/\/giha.se\/#website","url":"https:\/\/giha.se\/","name":"Giha Gulvsystem","description":"","publisher":{"@id":"https:\/\/giha.se\/#organization"},"potentialAction":[{"@type":"SearchAction","target":{"@type":"EntryPoint","urlTemplate":"https:\/\/giha.se\/?s={search_term_string}"},"query-input":{"@type":"PropertyValueSpecification","valueRequired":true,"valueName":"search_term_string"}}],"inLanguage":"da-DK"},{"@type":["Organization","Place"],"@id":"https:\/\/giha.se\/#organization","name":"Hertug Knut Aktiebolag","url":"https:\/\/giha.se\/","logo":{"@id":"https:\/\/giha.se\/golv\/ventinspect\/#local-main-organization-logo"},"image":{"@id":"https:\/\/giha.se\/golv\/ventinspect\/#local-main-organization-logo"},"sameAs":["https:\/\/www.facebook.com\/gihagolvet\/?locale=sv_SE"],"address":{"@id":"https:\/\/giha.se\/golv\/ventinspect\/#local-main-place-address"},"geo":{"@type":"GeoCoordinates","latitude":"57.15223341785647","longitude":"12.320171146322505"},"telephone":["0340 \u2013 62 07 64"],"openingHoursSpecification":[],"email":"info@giha.se"},{"@type":"PostalAddress","@id":"https:\/\/giha.se\/golv\/ventinspect\/#local-main-place-address","streetAddress":"Lindberg 97","addressLocality":"Varberg","postalCode":"432 92","addressCountry":"SE"},{"@type":"ImageObject","inLanguage":"da-DK","@id":"https:\/\/giha.se\/golv\/ventinspect\/#local-main-organization-logo","url":"https:\/\/giha.se\/wp-content\/uploads\/2026\/05\/Giha-Org-logo.webp","contentUrl":"https:\/\/giha.se\/wp-content\/uploads\/2026\/05\/Giha-Org-logo.webp","width":696,"height":696,"caption":"Hertig Knut Aktiebolag"}]},"geo.placename":"Varberg","geo.position":{"lat":"57.15223341785647","long":"12.320171146322505"},"geo.region":"Sverige"},"_links":{"self":[{"href":"https:\/\/giha.se\/da\/wp-json\/wp\/v2\/pages\/1636","targetHints":{"allow":["GET"]}}],"collection":[{"href":"https:\/\/giha.se\/da\/wp-json\/wp\/v2\/pages"}],"about":[{"href":"https:\/\/giha.se\/da\/wp-json\/wp\/v2\/types\/page"}],"author":[{"embeddable":true,"href":"https:\/\/giha.se\/da\/wp-json\/wp\/v2\/users\/2"}],"replies":[{"embeddable":true,"href":"https:\/\/giha.se\/da\/wp-json\/wp\/v2\/comments?post=1636"}],"version-history":[{"count":0,"href":"https:\/\/giha.se\/da\/wp-json\/wp\/v2\/pages\/1636\/revisions"}],"up":[{"embeddable":true,"href":"https:\/\/giha.se\/da\/wp-json\/wp\/v2\/pages\/10"}],"wp:attachment":[{"href":"https:\/\/giha.se\/da\/wp-json\/wp\/v2\/media?parent=1636"}],"curies":[{"name":"wp","href":"https:\/\/api.w.org\/{rel}","templated":true}]}}