{"id":1626,"date":"2026-04-07T15:52:29","date_gmt":"2026-04-07T13:52:29","guid":{"rendered":"https:\/\/giha.se\/?page_id=1626"},"modified":"2026-04-21T13:53:10","modified_gmt":"2026-04-21T11:53:10","slug":"installation-flooring","status":"publish","type":"page","link":"https:\/\/giha.se\/en\/golv\/installationsgolv\/","title":{"rendered":"Installation flooring"},"content":{"rendered":"<div class=\"container\">\n<div class=\"gb-element-d80239bf\">\n<div class=\"last-child-mb-0 gb-element-57575c3d\">\n<h2 class=\"gb-text h5 mht-color-accent gb-text-077d671a\">Installation flooring<\/h2>\n\n\n\n<h1 class=\"gb-text gb-text-30719cba\">Giha Installation Flooring<\/h1>\n\n\n\n<p class=\"gb-text gb-text-a83d4b45\">Giha Installation Flooring is the optimal choice for a fast and moisture-free floor construction. With our patented systems, we create even subfloors and effectively conceal installations in both new build and renovation projects.<\/p>\n<\/div>\n\n\n\n<div class=\"gb-element-3637d379\">\n<img loading=\"lazy\" decoding=\"async\" width=\"1792\" height=\"880\" class=\"gb-media-54c2d586\" alt=\"\" src=\"https:\/\/giha.se\/wp-content\/uploads\/2026\/04\/Hisab-installationsgolv-kontor@2x-1.webp\" srcset=\"https:\/\/giha.se\/wp-content\/uploads\/2026\/04\/Hisab-installationsgolv-kontor@2x-1.webp 1792w, https:\/\/giha.se\/wp-content\/uploads\/2026\/04\/Hisab-installationsgolv-kontor@2x-1-300x147.webp 300w, https:\/\/giha.se\/wp-content\/uploads\/2026\/04\/Hisab-installationsgolv-kontor@2x-1-1024x503.webp 1024w, https:\/\/giha.se\/wp-content\/uploads\/2026\/04\/Hisab-installationsgolv-kontor@2x-1-768x377.webp 768w, https:\/\/giha.se\/wp-content\/uploads\/2026\/04\/Hisab-installationsgolv-kontor@2x-1-575x282.webp 575w, https:\/\/giha.se\/wp-content\/uploads\/2026\/04\/Hisab-installationsgolv-kontor@2x-1-1320x648.webp 1320w\" sizes=\"auto, (max-width: 1792px) 100vw, 1792px\" \/>\n\n\n\n<img loading=\"lazy\" decoding=\"async\" width=\"716\" height=\"762\" class=\"gb-media-39bf6a22\" alt=\"\" src=\"https:\/\/giha.se\/wp-content\/uploads\/2026\/04\/Hisab-installationsgolv-kontor@2x.webp\" srcset=\"https:\/\/giha.se\/wp-content\/uploads\/2026\/04\/Hisab-installationsgolv-kontor@2x.webp 716w, https:\/\/giha.se\/wp-content\/uploads\/2026\/04\/Hisab-installationsgolv-kontor@2x-282x300.webp 282w, https:\/\/giha.se\/wp-content\/uploads\/2026\/04\/Hisab-installationsgolv-kontor@2x-575x612.webp 575w\" sizes=\"auto, (max-width: 716px) 100vw, 716px\" \/>\n<\/div>\n\n\n\n<div class=\"gb-element-ee322066\">\n<h2 class=\"gb-text h4-m gb-text-62d75167\">Time and cost-effective, level uneven floors and completely free from moisture<\/h2>\n\n\n\n<h4 class=\"gb-text h5 gb-text-ba979222\">How Giha installation floors work<\/h4>\n\n\n\n<p>Our system is based on a brilliant method where the floor chipboard rests directly on nylon screws that are levelled to the exact height. This eliminates the need for time-consuming casting or self-levelling screeding, making the process both time- and cost-effective. By avoiding wet works, no moisture is introduced to the building, and you can smoothly level old, uneven wooden floors or raw concrete. It leaves a generous space under the floor surface for invisible routing of electrical, plumbing, and network cables.<\/p>\n\n\n\n<p>The system is extremely flexible and suitable for a variety of environments such as modern offices, retail premises, and technology-intensive computer rooms or server rooms. It is also an excellent solution for public buildings like schools, nurseries, and churches where accessibility and concealed installations are a requirement. Restaurants, educational facilities, and service buildings also benefit from the short installation time. For basement environments, it is a safe choice as the construction allows for underlying air circulation and keeps the floor surface dry and warm.<\/p>\n<\/div>\n\n\n\n<div class=\"gb-element-bd49e5df\">\n<div class=\"gb-element-5bd14ef8 dash-top\">\n<div class=\"last-child-mb-0\">\n<h2 class=\"gb-text h4 gb-text-ec480733\">Level-adjusting function for total flexibility<\/h2>\n<\/div>\n\n\n\n<div class=\"last-child-mb-0 gb-element-307c1843\">\n<p>Giha Installation Floors offers a unique height-adjusting function that can adjust the floor height from 26 mm up to 400 mm, including chipboard. This makes it possible to bridge large height differences and unevenness in the subfloor without heavy and costly framing. <\/p>\n\n\n\n<p>The adjustment is quick and easy thanks to the pre-mounted bushings, ensuring a completely level final result regardless of whether the conditions are a sloping industrial floor or a flexible joist in an older house.<\/p>\n<\/div>\n<\/div>\n\n\n\n<div class=\"gb-element-d69de223 dash-top\">\n<div class=\"last-child-mb-0\">\n<h2 class=\"gb-text h4 gb-text-9581baac\">Simple adjustment and invisible re-application<\/h2>\n<\/div>\n\n\n\n<div class=\"last-child-mb-0 gb-element-fb66abdd\">\n<p>Once the underfloor installation work is completed and the height is set, the nylon screws are cut for a perfect finish. Should future inspections or additional cable routing be required, our specially adapted cover caps can be used for easy reinstallation. <\/p>\n\n\n\n<p>The cable is fitted into the floor plate's bushings and is then discreetly covered by the floor covering or self-levelling compound. If you choose to lay parquet or wood flooring on top, no cover caps are needed at all, making the system completely invisible to the eye.<\/p>\n<\/div>\n<\/div>\n\n\n\n<div class=\"gb-element-5d28a983 dash-top\">\n<div class=\"last-child-mb-0\">\n<h2 class=\"gb-text h4 gb-text-9cdd281e\">Giha installation floor technical information<\/h2>\n<\/div>\n\n\n\n<div class=\"last-child-mb-0 gb-element-176aa6be\">\n<p>The system comprises few components to minimise material handling and transport requirements. Our floor slabs are 22 mm thick and can be delivered with pre-fitted polystyrene insulation for improved thermal comfort and sound insulation. <\/p>\n\n\n\n<p>For stable fastening, either a concrete screw or a nail plug is used, depending on the condition of the substrate. All parts are dimensioned to withstand high loads, making Giha a reliable partner for heavy office furniture and technical equipment in demanding environments.<\/p>\n<\/div>\n<\/div>\n<\/div>\n<\/div>\n\n\n\n<div>\n<div>\n<div class=\"container last-child-mb-0 gb-element-47f31ca2\">\n<h5 class=\"gb-text mht-color-accent gb-text-c58c5f8f\">Giha Installation Flooring<\/h5>\n\n\n\n<h2 class=\"gb-text\">Quick assembly, high load capacity, and moisture-free construction<\/h2>\n<\/div>\n<\/div>\n\n\n<section class=\"mht-block mht-block-cards mht-block-cards-69450ee1e749475ce9aef2e5d7c6e869\">\n\n    \n<style id='mht-block-cards-69450ee1e749475ce9aef2e5d7c6e869-vars'>section.mht-block-cards-69450ee1e749475ce9aef2e5d7c6e869{--mht-block-cards-cards-column-gap:80px;--mht-block-cards-cards-row-gap:80px;--mht-block-cards-content-max-width:1128px;--mht-block-cards-card-text-align:center;--mht-block-cards-card-image-margin-left:auto;--mht-block-cards-card-image-margin-right:auto;--mht-block-cards-card-icon-font-size:40px;--mht-block-cards-card-icon-color:var(--mht-color-accent);--mht-block-cards-title-margin-top:46px;--mht-block-cards-title-margin-bottom:12px}@media(max-width:991.98px){section.mht-block-cards-69450ee1e749475ce9aef2e5d7c6e869{--mht-block-cards-card-padding-right:19px;--mht-block-cards-card-padding-left:19px;--mht-block-cards-title-margin-top:36px}}<\/style>\n\n    <div class=\"section-rich-bg rich-bg\">\n            <\/div>\n\n    <div class=\"container\">\n        <div class=\"section-content\">\n            <div class=\"section-content--inner\" style=\"max-width:var(--mht-block-cards-content-max-width)\">\n\n                <ul class=\"cards--cards mht-grid-3 mht-grid-m-1\">\n                                            <li class=\"cards--card-item\">\n                                <div class=\"cards--card cards--card-v1\" style=\"text-align:var(--mht-block-cards-card-text-align);padding-right:var(--mht-block-cards-card-padding-right);padding-left:var(--mht-block-cards-card-padding-left)\">\n\n    <div class=\"cards--card--header\">\n        \r\n    <\/div><!-- .cards--card--header -->\n\n    <div class=\"cards--card--texts\">\n        <div class=\"cards--card--texts--inner\">\n\n            <div class=\"cards--card--body\">\n                                    <h3 class=\"cards--card--title mht-heading h5\" style=\"margin-top:var(--mht-block-cards-title-margin-top);margin-bottom:var(--mht-block-cards-title-margin-bottom)\">                        For several documents                    <\/h3>                \n                \n                                    <div class=\"cards--card--desc mht-wysiwyg\">\n                        <p>Our systems are easily adapted for both new builds and renovations, regardless of whether the substrate is concrete, wood, or has significant unevenness.<\/p>\n                    <\/div>\n                            <\/div><!-- .cards--card--body -->\n\n            \n        <\/div><!-- .cards--card--texts--inner -->\n    <\/div><!-- .cards--card--texts -->\n\n    <\/div>\n                        <\/li>\n                                            <li class=\"cards--card-item\">\n                                <div class=\"cards--card cards--card-v1\" style=\"text-align:var(--mht-block-cards-card-text-align);padding-right:var(--mht-block-cards-card-padding-right);padding-left:var(--mht-block-cards-card-padding-left)\">\n\n    <div class=\"cards--card--header\">\n        \r\n    <\/div><!-- .cards--card--header -->\n\n    <div class=\"cards--card--texts\">\n        <div class=\"cards--card--texts--inner\">\n\n            <div class=\"cards--card--body\">\n                                    <h3 class=\"cards--card--title mht-heading h5\" style=\"margin-top:var(--mht-block-cards-title-margin-top);margin-bottom:var(--mht-block-cards-title-margin-bottom)\">                        Fewer work steps                    <\/h3>                \n                \n                                    <div class=\"cards--card--desc mht-wysiwyg\">\n                        <p>Skip casting and putty; the floor rests on nylon screws, making assembly quicker and significantly lowering the total project cost.<\/p>\n                    <\/div>\n                            <\/div><!-- .cards--card--body -->\n\n            \n        <\/div><!-- .cards--card--texts--inner -->\n    <\/div><!-- .cards--card--texts -->\n\n    <\/div>\n                        <\/li>\n                                            <li class=\"cards--card-item\">\n                                <div class=\"cards--card cards--card-v1\" style=\"text-align:var(--mht-block-cards-card-text-align);padding-right:var(--mht-block-cards-card-padding-right);padding-left:var(--mht-block-cards-card-padding-left)\">\n\n    <div class=\"cards--card--header\">\n        \r\n    <\/div><!-- .cards--card--header -->\n\n    <div class=\"cards--card--texts\">\n        <div class=\"cards--card--texts--inner\">\n\n            <div class=\"cards--card--body\">\n                                    <h3 class=\"cards--card--title mht-heading h5\" style=\"margin-top:var(--mht-block-cards-title-margin-top);margin-bottom:var(--mht-block-cards-title-margin-bottom)\">                        Does not affect layout                    <\/h3>                \n                \n                                    <div class=\"cards--card--desc mht-wysiwyg\">\n                        <p>The low construction height and flexible levelling mean that the existing layout of the premises is preserved without requiring major structural interventions.<\/p>\n                    <\/div>\n                            <\/div><!-- .cards--card--body -->\n\n            \n        <\/div><!-- .cards--card--texts--inner -->\n    <\/div><!-- .cards--card--texts -->\n\n    <\/div>\n                        <\/li>\n                                    <\/ul>\n\n            <\/div><!-- .section-content-inner -->\n        <\/div><!-- .section-content -->\n    <\/div><!-- .container -->\n\n<\/section>\n<\/div>\n<\/div>\n\n\n\n<div class=\"gb-element-4b2501b7 folj-oss\">\n<div class=\"container gb-element-fd1041ea\">\n<div class=\"last-child-mb-0 gb-element-b1b220f1\">\n<h2 class=\"gb-text h5 gb-text-350af809\">Follow Giha on Facebook!<\/h2>\n<\/div>\n\n\n\n<div class=\"gb-element-1cd099e6\"><div class=\"mht-block mht-block-contact-info mht-block-contact-info-e5aecf11a4973492f826872837b7f664 social-info\">\r\n\r\n    \n<style id='mht-block-contact-info-e5aecf11a4973492f826872837b7f664-vars'><\/style>\n\r\n    <ul class=\"contact-info-items fa-ul layout-d-horizontal layout-m-vertical justify-content-flex-start\">\r\n                                    <li class=\"item\">\r\n                                            <a class=\"item-inner\" href=\"https:\/\/www.facebook.com\/gihagolvet\/?locale=sv_SE\" target=\"_blank\">\r\n                    \r\n                                            <span class=\"fa-li icon-wrap\"><i class=\"fa-brands fa-facebook\"><\/i><\/span>\r\n                                                                <span class=\"text\">Facebook<\/span>\r\n                    \r\n                                            <\/a>\r\n                                    <\/li>\r\n                        <\/ul>\r\n\r\n<\/div>\r\n<\/div>\n<\/div>\n<\/div>","protected":false},"excerpt":{"rendered":"<p>Installationsgolv Giha Installationsgolv Giha Installationsgolv \u00e4r det optimala valet f\u00f6r en snabb och fuktfri golvkonstruktion. Med v\u00e5ra patenterade system skapar vi j\u00e4mna underlag och d\u00f6ljer installationer effektivt i b\u00e5de nybyggnation och renoveringsprojekt. Tids- och kostnadseffektivt, rikta upp oj\u00e4mna golv och helt fritt fr\u00e5n fukt S\u00e5 fungerar Giha Installationsgolv V\u00e5rt system bygger p\u00e5 en genialisk metod [&hellip;]<\/p>\n","protected":false},"author":2,"featured_media":0,"parent":10,"menu_order":1,"comment_status":"closed","ping_status":"closed","template":"","meta":{"_acf_changed":true,"inline_featured_image":false,"footnotes":""},"class_list":["post-1626","page","type-page","status-publish","hentry"],"acf":[],"yoast_head":"<!-- This site is optimized with the Yoast SEO plugin v27.6 - https:\/\/yoast.com\/product\/yoast-seo-wordpress\/ -->\n<title>Giha Installationsgolv | Smart golvsystem med enkel installation<\/title>\n<meta name=\"description\" content=\"Snabb golvl\u00e4ggning med Giha Installationsgolv. Slipp gjutning med v\u00e5ra niv\u00e5reglerande system. Milj\u00f6v\u00e4nligt, fuktfritt och t\u00e5l h\u00f6g belastning.\" \/>\n<meta name=\"robots\" content=\"index, follow, max-snippet:-1, max-image-preview:large, max-video-preview:-1\" \/>\n<link rel=\"canonical\" href=\"https:\/\/giha.se\/en\/floor\/installation-flooring\/\" \/>\n<meta property=\"og:locale\" content=\"en_GB\" \/>\n<meta property=\"og:type\" content=\"article\" \/>\n<meta property=\"og:title\" content=\"Giha Installationsgolv | Smart golvsystem med enkel installation\" \/>\n<meta property=\"og:description\" content=\"Snabb golvl\u00e4ggning med Giha Installationsgolv. Slipp gjutning med v\u00e5ra niv\u00e5reglerande system. Milj\u00f6v\u00e4nligt, fuktfritt och t\u00e5l h\u00f6g belastning.\" \/>\n<meta property=\"og:url\" content=\"https:\/\/giha.se\/en\/floor\/installation-flooring\/\" \/>\n<meta property=\"og:site_name\" content=\"Giha Golvsystem\" \/>\n<meta property=\"article:publisher\" content=\"https:\/\/www.facebook.com\/gihagolvet\/?locale=sv_SE\" \/>\n<meta property=\"article:modified_time\" content=\"2026-04-21T11:53:10+00:00\" \/>\n<meta property=\"og:image\" content=\"https:\/\/giha.se\/wp-content\/uploads\/2026\/04\/Hisab-installationsgolv-kontor@2x-1.webp\" \/>\n<meta name=\"twitter:card\" content=\"summary_large_image\" \/>\n<meta name=\"twitter:label1\" content=\"Est. reading time\" \/>\n\t<meta name=\"twitter:data1\" content=\"3 minutes\" \/>\n<script type=\"application\/ld+json\" class=\"yoast-schema-graph\">{\"@context\":\"https:\\\/\\\/schema.org\",\"@graph\":[{\"@type\":\"WebPage\",\"@id\":\"https:\\\/\\\/giha.se\\\/golv\\\/installationsgolv\\\/\",\"url\":\"https:\\\/\\\/giha.se\\\/golv\\\/installationsgolv\\\/\",\"name\":\"Giha Installationsgolv | Smart golvsystem med enkel installation\",\"isPartOf\":{\"@id\":\"https:\\\/\\\/giha.se\\\/#website\"},\"primaryImageOfPage\":{\"@id\":\"https:\\\/\\\/giha.se\\\/golv\\\/installationsgolv\\\/#primaryimage\"},\"image\":{\"@id\":\"https:\\\/\\\/giha.se\\\/golv\\\/installationsgolv\\\/#primaryimage\"},\"thumbnailUrl\":\"https:\\\/\\\/giha.se\\\/wp-content\\\/uploads\\\/2026\\\/04\\\/Hisab-installationsgolv-kontor@2x-1.webp\",\"datePublished\":\"2026-04-07T13:52:29+00:00\",\"dateModified\":\"2026-04-21T11:53:10+00:00\",\"description\":\"Snabb golvl\u00e4ggning med Giha Installationsgolv. Slipp gjutning med v\u00e5ra niv\u00e5reglerande system. Milj\u00f6v\u00e4nligt, fuktfritt och t\u00e5l h\u00f6g belastning.\",\"breadcrumb\":{\"@id\":\"https:\\\/\\\/giha.se\\\/golv\\\/installationsgolv\\\/#breadcrumb\"},\"inLanguage\":\"en-GB\",\"potentialAction\":[{\"@type\":\"ReadAction\",\"target\":[\"https:\\\/\\\/giha.se\\\/golv\\\/installationsgolv\\\/\"]}]},{\"@type\":\"ImageObject\",\"inLanguage\":\"en-GB\",\"@id\":\"https:\\\/\\\/giha.se\\\/golv\\\/installationsgolv\\\/#primaryimage\",\"url\":\"https:\\\/\\\/giha.se\\\/wp-content\\\/uploads\\\/2026\\\/04\\\/Hisab-installationsgolv-kontor@2x-1.webp\",\"contentUrl\":\"https:\\\/\\\/giha.se\\\/wp-content\\\/uploads\\\/2026\\\/04\\\/Hisab-installationsgolv-kontor@2x-1.webp\"},{\"@type\":\"BreadcrumbList\",\"@id\":\"https:\\\/\\\/giha.se\\\/golv\\\/installationsgolv\\\/#breadcrumb\",\"itemListElement\":[{\"@type\":\"ListItem\",\"position\":1,\"name\":\"Home\",\"item\":\"https:\\\/\\\/giha.se\\\/\"},{\"@type\":\"ListItem\",\"position\":2,\"name\":\"Golv\",\"item\":\"https:\\\/\\\/giha.se\\\/golv\\\/\"},{\"@type\":\"ListItem\",\"position\":3,\"name\":\"Installationsgolv\"}]},{\"@type\":\"WebSite\",\"@id\":\"https:\\\/\\\/giha.se\\\/#website\",\"url\":\"https:\\\/\\\/giha.se\\\/\",\"name\":\"Giha Golvsystem\",\"description\":\"\",\"publisher\":{\"@id\":\"https:\\\/\\\/giha.se\\\/#organization\"},\"potentialAction\":[{\"@type\":\"SearchAction\",\"target\":{\"@type\":\"EntryPoint\",\"urlTemplate\":\"https:\\\/\\\/giha.se\\\/?s={search_term_string}\"},\"query-input\":{\"@type\":\"PropertyValueSpecification\",\"valueRequired\":true,\"valueName\":\"search_term_string\"}}],\"inLanguage\":\"en-GB\"},{\"@type\":[\"Organization\",\"Place\"],\"@id\":\"https:\\\/\\\/giha.se\\\/#organization\",\"name\":\"Hertig Knut Aktiebolag\",\"url\":\"https:\\\/\\\/giha.se\\\/\",\"logo\":{\"@id\":\"https:\\\/\\\/giha.se\\\/golv\\\/installationsgolv\\\/#local-main-organization-logo\"},\"image\":{\"@id\":\"https:\\\/\\\/giha.se\\\/golv\\\/installationsgolv\\\/#local-main-organization-logo\"},\"sameAs\":[\"https:\\\/\\\/www.facebook.com\\\/gihagolvet\\\/?locale=sv_SE\"],\"address\":{\"@id\":\"https:\\\/\\\/giha.se\\\/golv\\\/installationsgolv\\\/#local-main-place-address\"},\"geo\":{\"@type\":\"GeoCoordinates\",\"latitude\":\"57.15223341785647\",\"longitude\":\"12.320171146322505\"},\"telephone\":[\"0340 \u2013 62 07 64\"],\"openingHoursSpecification\":[],\"email\":\"info@giha.se\"},{\"@type\":\"PostalAddress\",\"@id\":\"https:\\\/\\\/giha.se\\\/golv\\\/installationsgolv\\\/#local-main-place-address\",\"streetAddress\":\"Lindberg 97\",\"addressLocality\":\"Varberg\",\"postalCode\":\"432 92\",\"addressCountry\":\"SE\"},{\"@type\":\"ImageObject\",\"inLanguage\":\"en-GB\",\"@id\":\"https:\\\/\\\/giha.se\\\/golv\\\/installationsgolv\\\/#local-main-organization-logo\",\"url\":\"https:\\\/\\\/giha.se\\\/wp-content\\\/uploads\\\/2026\\\/05\\\/Giha-Org-logo.webp\",\"contentUrl\":\"https:\\\/\\\/giha.se\\\/wp-content\\\/uploads\\\/2026\\\/05\\\/Giha-Org-logo.webp\",\"width\":696,\"height\":696,\"caption\":\"Hertig Knut Aktiebolag\"}]}<\/script>\n<meta name=\"geo.placename\" content=\"Varberg\" \/>\n<meta name=\"geo.position\" content=\"57.15223341785647;12.320171146322505\" \/>\n<meta name=\"geo.region\" content=\"Sweden\" \/>\n<!-- \/ Yoast SEO plugin. -->","yoast_head_json":{"title":"Giha Installation Flooring | Smart flooring system with easy installation","description":"Fast floor laying with Giha Installation Flooring. Avoid screeding with our levelling systems. Environmentally friendly, moisture-free and can withstand heavy loads.","robots":{"index":"index","follow":"follow","max-snippet":"max-snippet:-1","max-image-preview":"max-image-preview:large","max-video-preview":"max-video-preview:-1"},"canonical":"https:\/\/giha.se\/en\/floor\/installation-flooring\/","og_locale":"en_GB","og_type":"article","og_title":"Giha Installationsgolv | Smart golvsystem med enkel installation","og_description":"Snabb golvl\u00e4ggning med Giha Installationsgolv. Slipp gjutning med v\u00e5ra niv\u00e5reglerande system. Milj\u00f6v\u00e4nligt, fuktfritt och t\u00e5l h\u00f6g belastning.","og_url":"https:\/\/giha.se\/en\/floor\/installation-flooring\/","og_site_name":"Giha Golvsystem","article_publisher":"https:\/\/www.facebook.com\/gihagolvet\/?locale=sv_SE","article_modified_time":"2026-04-21T11:53:10+00:00","og_image":[{"url":"https:\/\/giha.se\/wp-content\/uploads\/2026\/04\/Hisab-installationsgolv-kontor@2x-1.webp","type":"","width":"","height":""}],"twitter_card":"summary_large_image","twitter_misc":{"Est. reading time":"3 minutes"},"schema":{"@context":"https:\/\/schema.org","@graph":[{"@type":"WebPage","@id":"https:\/\/giha.se\/golv\/installationsgolv\/","url":"https:\/\/giha.se\/golv\/installationsgolv\/","name":"Giha Installation Flooring | Smart flooring system with easy installation","isPartOf":{"@id":"https:\/\/giha.se\/#website"},"primaryImageOfPage":{"@id":"https:\/\/giha.se\/golv\/installationsgolv\/#primaryimage"},"image":{"@id":"https:\/\/giha.se\/golv\/installationsgolv\/#primaryimage"},"thumbnailUrl":"https:\/\/giha.se\/wp-content\/uploads\/2026\/04\/Hisab-installationsgolv-kontor@2x-1.webp","datePublished":"2026-04-07T13:52:29+00:00","dateModified":"2026-04-21T11:53:10+00:00","description":"Fast floor laying with Giha Installation Flooring. Avoid screeding with our levelling systems. Environmentally friendly, moisture-free and can withstand heavy loads.","breadcrumb":{"@id":"https:\/\/giha.se\/golv\/installationsgolv\/#breadcrumb"},"inLanguage":"en-GB","potentialAction":[{"@type":"ReadAction","target":["https:\/\/giha.se\/golv\/installationsgolv\/"]}]},{"@type":"ImageObject","inLanguage":"en-GB","@id":"https:\/\/giha.se\/golv\/installationsgolv\/#primaryimage","url":"https:\/\/giha.se\/wp-content\/uploads\/2026\/04\/Hisab-installationsgolv-kontor@2x-1.webp","contentUrl":"https:\/\/giha.se\/wp-content\/uploads\/2026\/04\/Hisab-installationsgolv-kontor@2x-1.webp"},{"@type":"BreadcrumbList","@id":"https:\/\/giha.se\/golv\/installationsgolv\/#breadcrumb","itemListElement":[{"@type":"ListItem","position":1,"name":"Home","item":"https:\/\/giha.se\/"},{"@type":"ListItem","position":2,"name":"Golv","item":"https:\/\/giha.se\/golv\/"},{"@type":"ListItem","position":3,"name":"Installationsgolv"}]},{"@type":"WebSite","@id":"https:\/\/giha.se\/#website","url":"https:\/\/giha.se\/","name":"Giha Flooring Systems","description":"","publisher":{"@id":"https:\/\/giha.se\/#organization"},"potentialAction":[{"@type":"SearchAction","target":{"@type":"EntryPoint","urlTemplate":"https:\/\/giha.se\/?s={search_term_string}"},"query-input":{"@type":"PropertyValueSpecification","valueRequired":true,"valueName":"search_term_string"}}],"inLanguage":"en-GB"},{"@type":["Organization","Place"],"@id":"https:\/\/giha.se\/#organization","name":"Duke Knut Limited","url":"https:\/\/giha.se\/","logo":{"@id":"https:\/\/giha.se\/golv\/installationsgolv\/#local-main-organization-logo"},"image":{"@id":"https:\/\/giha.se\/golv\/installationsgolv\/#local-main-organization-logo"},"sameAs":["https:\/\/www.facebook.com\/gihagolvet\/?locale=sv_SE"],"address":{"@id":"https:\/\/giha.se\/golv\/installationsgolv\/#local-main-place-address"},"geo":{"@type":"GeoCoordinates","latitude":"57.15223341785647","longitude":"12.320171146322505"},"telephone":["0340 \u2013 62 07 64"],"openingHoursSpecification":[],"email":"info@giha.se"},{"@type":"PostalAddress","@id":"https:\/\/giha.se\/golv\/installationsgolv\/#local-main-place-address","streetAddress":"Lindberg 97","addressLocality":"Varberg","postalCode":"432 92","addressCountry":"SE"},{"@type":"ImageObject","inLanguage":"en-GB","@id":"https:\/\/giha.se\/golv\/installationsgolv\/#local-main-organization-logo","url":"https:\/\/giha.se\/wp-content\/uploads\/2026\/05\/Giha-Org-logo.webp","contentUrl":"https:\/\/giha.se\/wp-content\/uploads\/2026\/05\/Giha-Org-logo.webp","width":696,"height":696,"caption":"Hertig Knut Aktiebolag"}]},"geo.placename":"Varberg","geo.position":{"lat":"57.15223341785647","long":"12.320171146322505"},"geo.region":"Sweden"},"_links":{"self":[{"href":"https:\/\/giha.se\/en\/wp-json\/wp\/v2\/pages\/1626","targetHints":{"allow":["GET"]}}],"collection":[{"href":"https:\/\/giha.se\/en\/wp-json\/wp\/v2\/pages"}],"about":[{"href":"https:\/\/giha.se\/en\/wp-json\/wp\/v2\/types\/page"}],"author":[{"embeddable":true,"href":"https:\/\/giha.se\/en\/wp-json\/wp\/v2\/users\/2"}],"replies":[{"embeddable":true,"href":"https:\/\/giha.se\/en\/wp-json\/wp\/v2\/comments?post=1626"}],"version-history":[{"count":0,"href":"https:\/\/giha.se\/en\/wp-json\/wp\/v2\/pages\/1626\/revisions"}],"up":[{"embeddable":true,"href":"https:\/\/giha.se\/en\/wp-json\/wp\/v2\/pages\/10"}],"wp:attachment":[{"href":"https:\/\/giha.se\/en\/wp-json\/wp\/v2\/media?parent=1626"}],"curies":[{"name":"wp","href":"https:\/\/api.w.org\/{rel}","templated":true}]}}