{"id":1635,"date":"2026-04-08T09:33:13","date_gmt":"2026-04-08T07:33:13","guid":{"rendered":"https:\/\/giha.se\/?page_id=1635"},"modified":"2026-04-21T13:50:05","modified_gmt":"2026-04-21T11:50:05","slug":"design","status":"publish","type":"page","link":"https:\/\/giha.se\/en\/golv\/projektering\/","title":{"rendered":"Design"},"content":{"rendered":"<div class=\"container\">\n<div class=\"gb-element-d80239bf\">\n<div class=\"last-child-mb-0 gb-element-57575c3d\">\n<h2 class=\"gb-text h5 mht-color-accent gb-text-077d671a\">Design<\/h2>\n\n\n\n<h1 class=\"gb-text gb-text-30719cba\">Design and development<\/h1>\n\n\n\n<p class=\"gb-text gb-text-a83d4b45\">At Giha, we combine over 25 years of experience with modern innovation to design and develop bespoke flooring systems. From technical calculation to the finished product, we ensure durable solutions for all types of environments.<\/p>\n<\/div>\n\n\n\n<div class=\"gb-element-3637d379\">\n<img loading=\"lazy\" decoding=\"async\" width=\"1792\" height=\"880\" class=\"gb-media-54c2d586\" alt=\"\" src=\"https:\/\/giha.se\/wp-content\/uploads\/2026\/04\/giha-hisab-mekaniskt-ventilerat-golv@2x.webp\" srcset=\"https:\/\/giha.se\/wp-content\/uploads\/2026\/04\/giha-hisab-mekaniskt-ventilerat-golv@2x.webp 1792w, https:\/\/giha.se\/wp-content\/uploads\/2026\/04\/giha-hisab-mekaniskt-ventilerat-golv@2x-300x147.webp 300w, https:\/\/giha.se\/wp-content\/uploads\/2026\/04\/giha-hisab-mekaniskt-ventilerat-golv@2x-1024x503.webp 1024w, https:\/\/giha.se\/wp-content\/uploads\/2026\/04\/giha-hisab-mekaniskt-ventilerat-golv@2x-768x377.webp 768w, https:\/\/giha.se\/wp-content\/uploads\/2026\/04\/giha-hisab-mekaniskt-ventilerat-golv@2x-575x282.webp 575w, https:\/\/giha.se\/wp-content\/uploads\/2026\/04\/giha-hisab-mekaniskt-ventilerat-golv@2x-1320x648.webp 1320w\" sizes=\"auto, (max-width: 1792px) 100vw, 1792px\" \/>\n\n\n\n<img loading=\"lazy\" decoding=\"async\" width=\"716\" height=\"762\" class=\"gb-media-39bf6a22\" alt=\"\" src=\"https:\/\/giha.se\/wp-content\/uploads\/2026\/04\/giha-hisab-mekaniskt-ventilerat-golv@2x-1.webp\" srcset=\"https:\/\/giha.se\/wp-content\/uploads\/2026\/04\/giha-hisab-mekaniskt-ventilerat-golv@2x-1.webp 716w, https:\/\/giha.se\/wp-content\/uploads\/2026\/04\/giha-hisab-mekaniskt-ventilerat-golv@2x-1-282x300.webp 282w, https:\/\/giha.se\/wp-content\/uploads\/2026\/04\/giha-hisab-mekaniskt-ventilerat-golv@2x-1-575x612.webp 575w\" sizes=\"auto, (max-width: 716px) 100vw, 716px\" \/>\n<\/div>\n\n\n\n<div class=\"gb-element-ee322066\">\n<h2 class=\"gb-text h4-m gb-text-62d75167\">Product development of flooring systems for homes, industry, and offices<\/h2>\n\n\n\n<h4 class=\"gb-text h5 gb-text-ba979222\">Swedish flooring solutions for all of Europe<\/h4>\n\n\n\n<p>Giha started its journey in Hultsfred and has since grown into an international player. Over the years, we have been a key partner in the development of innovative solutions for major players such as IKEA (formerly Swedspan). Our ability to create unique, patented systems means that our solutions are now found in everything from Swedish homes to large complexes in Switzerland, Spain and the Baltics.<\/p>\n\n\n\n<p>Our expertise spans across the Nordic region and Europe, where we deliver project-adapted systems that meet specific national requirements. With production in Varberg and a strong tradition of Sm\u00e5land ingenuity, we continue to export Swedish engineering to solve complex flooring challenges on a global market, always with the same personal commitment to each individual customer.<\/p>\n<\/div>\n\n\n\n<div class=\"gb-element-bd49e5df\">\n<div class=\"gb-element-5bd14ef8 dash-top\">\n<div class=\"last-child-mb-0\">\n<h2 class=\"gb-text h4 gb-text-ec480733\">Environmentally conscious design for the future<\/h2>\n<\/div>\n\n\n\n<div class=\"last-child-mb-0 gb-element-307c1843\">\n<p>Sustainability is at the core of our product development. We take overall responsibility for the environment and working conditions throughout the entire chain \u2013 from the selection of Swan-labelled and FSC-approved chipboard to optimised logistics that reduce the need for transport. <\/p>\n\n\n\n<p>By designing systems with fewer components, we not only save on materials but also improve ergonomics for our fitters. We operate within a natural cycle where recycling and the use of 100% green electricity are the obvious choices.<\/p>\n<\/div>\n<\/div>\n\n\n\n<div class=\"gb-element-d69de223 dash-top\">\n<div class=\"last-child-mb-0\">\n<h2 class=\"gb-text h4 gb-text-9581baac\">From drawing to technical calculation<\/h2>\n<\/div>\n\n\n\n<div class=\"last-child-mb-0 gb-element-fb66abdd\">\n<p>Successful flooring installation begins with meticulous planning. We assist our clients with everything from technical calculations to complete documentation prior to the start of construction. <\/p>\n\n\n\n<p>By involving us early in the process, we can optimise the floor system according to the building's specific conditions. Whether it concerns calculating acoustic classes according to Swedish standards or dimensioning ventilation ducts for optimal moisture removal. We transform complex drawings into efficient and ready-to-assemble solutions.<\/p>\n<\/div>\n<\/div>\n\n\n\n<div class=\"gb-element-5d28a983 dash-top\">\n<div class=\"last-child-mb-0\">\n<h2 class=\"gb-text h4 gb-text-9cdd281e\">Innovation for healthy indoor environments<\/h2>\n<\/div>\n\n\n\n<div class=\"last-child-mb-0 gb-element-176aa6be\">\n<p>We never stop developing. Our focus is on producing intelligent systems that solve real-world problems, such as damp, mould, and radon. Through close collaboration with research institutes like RISE (formerly SP), we have developed the market's first P-marked ventilation floor slab. <\/p>\n\n\n\n<p>This innovative power drives us to constantly find new methods to create a healthier indoor climate, making us a reliable partner for future building projects.<\/p>\n<\/div>\n<\/div>\n<\/div>\n<\/div>\n<\/div>\n\n\n\n<div>\n<div>\n<div class=\"container last-child-mb-0 gb-element-47f31ca2\">\n<h5 class=\"gb-text mht-color-accent gb-text-c58c5f8f\">Design<\/h5>\n\n\n\n<h2 class=\"gb-text\">Giha has extensive expertise in sustainable flooring.<\/h2>\n<\/div>\n<\/div>\n\n\n<section class=\"mht-block mht-block-cards mht-block-cards-23d14494aee3e4b90e93170c9b735b8b\">\n\n    \n<style id='mht-block-cards-23d14494aee3e4b90e93170c9b735b8b-vars'>section.mht-block-cards-23d14494aee3e4b90e93170c9b735b8b{--mht-block-cards-cards-column-gap:80px;--mht-block-cards-cards-row-gap:80px;--mht-block-cards-content-max-width:1128px;--mht-block-cards-card-text-align:center;--mht-block-cards-card-image-margin-left:auto;--mht-block-cards-card-image-margin-right:auto;--mht-block-cards-card-icon-font-size:40px;--mht-block-cards-card-icon-color:var(--mht-color-accent);--mht-block-cards-title-margin-top:46px;--mht-block-cards-title-margin-bottom:12px}@media(max-width:991.98px){section.mht-block-cards-23d14494aee3e4b90e93170c9b735b8b{--mht-block-cards-card-padding-right:19px;--mht-block-cards-card-padding-left:19px;--mht-block-cards-title-margin-top:36px}}<\/style>\n\n    <div class=\"section-rich-bg rich-bg\">\n            <\/div>\n\n    <div class=\"container\">\n        <div class=\"section-content\">\n            <div class=\"section-content--inner\" style=\"max-width:var(--mht-block-cards-content-max-width)\">\n\n                <ul class=\"cards--cards mht-grid-3 mht-grid-m-1\">\n                                            <li class=\"cards--card-item\">\n                                <div class=\"cards--card cards--card-v1\" style=\"text-align:var(--mht-block-cards-card-text-align);padding-right:var(--mht-block-cards-card-padding-right);padding-left:var(--mht-block-cards-card-padding-left)\">\n\n    <div class=\"cards--card--header\">\n        \r\n    <\/div><!-- .cards--card--header -->\n\n    <div class=\"cards--card--texts\">\n        <div class=\"cards--card--texts--inner\">\n\n            <div class=\"cards--card--body\">\n                                    <h3 class=\"cards--card--title mht-heading h5\" style=\"margin-top:var(--mht-block-cards-title-margin-top);margin-bottom:var(--mht-block-cards-title-margin-bottom)\">                        Certified peace of mind                    <\/h3>                \n                \n                                    <div class=\"cards--card--desc mht-wysiwyg\">\n                        <p>Our systems are P-marked by RISE and meet the market's strictest requirements for quality and environment.<\/p>\n                    <\/div>\n                            <\/div><!-- .cards--card--body -->\n\n            \n        <\/div><!-- .cards--card--texts--inner -->\n    <\/div><!-- .cards--card--texts -->\n\n    <\/div>\n                        <\/li>\n                                            <li class=\"cards--card-item\">\n                                <div class=\"cards--card cards--card-v1\" style=\"text-align:var(--mht-block-cards-card-text-align);padding-right:var(--mht-block-cards-card-padding-right);padding-left:var(--mht-block-cards-card-padding-left)\">\n\n    <div class=\"cards--card--header\">\n        \r\n    <\/div><!-- .cards--card--header -->\n\n    <div class=\"cards--card--texts\">\n        <div class=\"cards--card--texts--inner\">\n\n            <div class=\"cards--card--body\">\n                                    <h3 class=\"cards--card--title mht-heading h5\" style=\"margin-top:var(--mht-block-cards-title-margin-top);margin-bottom:var(--mht-block-cards-title-margin-bottom)\">                        Uncompromising quality                    <\/h3>                \n                \n                                    <div class=\"cards--card--desc mht-wysiwyg\">\n                        <p>With 25 years of experience, we guarantee the highest functionality and longevity in all our flooring systems.<\/p>\n                    <\/div>\n                            <\/div><!-- .cards--card--body -->\n\n            \n        <\/div><!-- .cards--card--texts--inner -->\n    <\/div><!-- .cards--card--texts -->\n\n    <\/div>\n                        <\/li>\n                                            <li class=\"cards--card-item\">\n                                <div class=\"cards--card cards--card-v1\" style=\"text-align:var(--mht-block-cards-card-text-align);padding-right:var(--mht-block-cards-card-padding-right);padding-left:var(--mht-block-cards-card-padding-left)\">\n\n    <div class=\"cards--card--header\">\n        \r\n    <\/div><!-- .cards--card--header -->\n\n    <div class=\"cards--card--texts\">\n        <div class=\"cards--card--texts--inner\">\n\n            <div class=\"cards--card--body\">\n                                    <h3 class=\"cards--card--title mht-heading h5\" style=\"margin-top:var(--mht-block-cards-title-margin-top);margin-bottom:var(--mht-block-cards-title-margin-bottom)\">                        Bespoke design                    <\/h3>                \n                \n                                    <div class=\"cards--card--desc mht-wysiwyg\">\n                        <p>Bespoke and patented flooring to suit each project's specific drawings, specifications, and requirements.<\/p>\n                    <\/div>\n                            <\/div><!-- .cards--card--body -->\n\n            \n        <\/div><!-- .cards--card--texts--inner -->\n    <\/div><!-- .cards--card--texts -->\n\n    <\/div>\n                        <\/li>\n                                    <\/ul>\n\n            <\/div><!-- .section-content-inner -->\n        <\/div><!-- .section-content -->\n    <\/div><!-- .container -->\n\n<\/section>\n<\/div>\n\n\n\n<div class=\"gb-element-4b2501b7 folj-oss\">\n<div class=\"container gb-element-fd1041ea\">\n<div class=\"last-child-mb-0 gb-element-b1b220f1\">\n<h2 class=\"gb-text h5 gb-text-350af809\">Follow Giha on Facebook!<\/h2>\n<\/div>\n\n\n\n<div class=\"gb-element-1cd099e6\"><div class=\"mht-block mht-block-contact-info mht-block-contact-info-49ac536b853c35f0d89bf21e88cdd567 social-info\">\r\n\r\n    \n<style id='mht-block-contact-info-49ac536b853c35f0d89bf21e88cdd567-vars'><\/style>\n\r\n    <ul class=\"contact-info-items fa-ul layout-d-horizontal layout-m-vertical justify-content-flex-start\">\r\n                                    <li class=\"item\">\r\n                                            <a class=\"item-inner\" href=\"https:\/\/www.facebook.com\/gihagolvet\/?locale=sv_SE\" target=\"_blank\">\r\n                    \r\n                                            <span class=\"fa-li icon-wrap\"><i class=\"fa-brands fa-facebook\"><\/i><\/span>\r\n                                                                <span class=\"text\">Facebook<\/span>\r\n                    \r\n                                            <\/a>\r\n                                    <\/li>\r\n                        <\/ul>\r\n\r\n<\/div>\r\n<\/div>\n<\/div>\n<\/div>","protected":false},"excerpt":{"rendered":"<p>Projektering Projektering och utveckling Vi p\u00e5 Giha kombinerar \u00f6ver 25 \u00e5rs erfarenhet med modern innovation f\u00f6r att projektera och utveckla skr\u00e4ddarsydda golvsystem. Fr\u00e5n teknisk ber\u00e4kning till f\u00e4rdig produkt s\u00e4kerst\u00e4ller vi h\u00e5llbara l\u00f6sningar f\u00f6r alla typer av milj\u00f6er. Produktutveckling av golvsystem f\u00f6r hem, industri och kontor Svenska golvl\u00f6sningar f\u00f6r hela Europa Giha startade sin resa i [&hellip;]<\/p>\n","protected":false},"author":2,"featured_media":0,"parent":10,"menu_order":5,"comment_status":"closed","ping_status":"closed","template":"","meta":{"_acf_changed":true,"inline_featured_image":false,"footnotes":""},"class_list":["post-1635","page","type-page","status-publish","hentry"],"acf":[],"yoast_head":"<!-- This site is optimized with the Yoast SEO plugin v27.6 - https:\/\/yoast.com\/product\/yoast-seo-wordpress\/ -->\n<title>Produktutveckling | Projektering av golvsystem | Giha<\/title>\n<meta name=\"description\" content=\"Projektering och utveckling av patenterade golvsystem f\u00f6r alla milj\u00f6er. Milj\u00f6medvetna l\u00f6sningar, teknisk ber\u00e4kning och expertis inom golv.\" \/>\n<meta name=\"robots\" content=\"index, follow, max-snippet:-1, max-image-preview:large, max-video-preview:-1\" \/>\n<link rel=\"canonical\" href=\"https:\/\/giha.se\/en\/floor\/design\/\" \/>\n<meta property=\"og:locale\" content=\"en_GB\" \/>\n<meta property=\"og:type\" content=\"article\" \/>\n<meta property=\"og:title\" content=\"Produktutveckling | Projektering av golvsystem | Giha\" \/>\n<meta property=\"og:description\" content=\"Projektering och utveckling av patenterade golvsystem f\u00f6r alla milj\u00f6er. Milj\u00f6medvetna l\u00f6sningar, teknisk ber\u00e4kning och expertis inom golv.\" \/>\n<meta property=\"og:url\" content=\"https:\/\/giha.se\/en\/floor\/design\/\" \/>\n<meta property=\"og:site_name\" content=\"Giha Golvsystem\" \/>\n<meta property=\"article:publisher\" content=\"https:\/\/www.facebook.com\/gihagolvet\/?locale=sv_SE\" \/>\n<meta property=\"article:modified_time\" content=\"2026-04-21T11:50:05+00:00\" \/>\n<meta property=\"og:image\" content=\"https:\/\/giha.se\/wp-content\/uploads\/2026\/04\/giha-hisab-mekaniskt-ventilerat-golv@2x.webp\" \/>\n<meta name=\"twitter:card\" content=\"summary_large_image\" \/>\n<meta name=\"twitter:label1\" content=\"Est. reading time\" \/>\n\t<meta name=\"twitter:data1\" content=\"3 minutes\" \/>\n<script type=\"application\/ld+json\" class=\"yoast-schema-graph\">{\"@context\":\"https:\\\/\\\/schema.org\",\"@graph\":[{\"@type\":\"WebPage\",\"@id\":\"https:\\\/\\\/giha.se\\\/golv\\\/projektering\\\/\",\"url\":\"https:\\\/\\\/giha.se\\\/golv\\\/projektering\\\/\",\"name\":\"Produktutveckling | Projektering av golvsystem | Giha\",\"isPartOf\":{\"@id\":\"https:\\\/\\\/giha.se\\\/#website\"},\"primaryImageOfPage\":{\"@id\":\"https:\\\/\\\/giha.se\\\/golv\\\/projektering\\\/#primaryimage\"},\"image\":{\"@id\":\"https:\\\/\\\/giha.se\\\/golv\\\/projektering\\\/#primaryimage\"},\"thumbnailUrl\":\"https:\\\/\\\/giha.se\\\/wp-content\\\/uploads\\\/2026\\\/04\\\/giha-hisab-mekaniskt-ventilerat-golv@2x.webp\",\"datePublished\":\"2026-04-08T07:33:13+00:00\",\"dateModified\":\"2026-04-21T11:50:05+00:00\",\"description\":\"Projektering och utveckling av patenterade golvsystem f\u00f6r alla milj\u00f6er. Milj\u00f6medvetna l\u00f6sningar, teknisk ber\u00e4kning och expertis inom golv.\",\"breadcrumb\":{\"@id\":\"https:\\\/\\\/giha.se\\\/golv\\\/projektering\\\/#breadcrumb\"},\"inLanguage\":\"en-GB\",\"potentialAction\":[{\"@type\":\"ReadAction\",\"target\":[\"https:\\\/\\\/giha.se\\\/golv\\\/projektering\\\/\"]}]},{\"@type\":\"ImageObject\",\"inLanguage\":\"en-GB\",\"@id\":\"https:\\\/\\\/giha.se\\\/golv\\\/projektering\\\/#primaryimage\",\"url\":\"https:\\\/\\\/giha.se\\\/wp-content\\\/uploads\\\/2026\\\/04\\\/giha-hisab-mekaniskt-ventilerat-golv@2x.webp\",\"contentUrl\":\"https:\\\/\\\/giha.se\\\/wp-content\\\/uploads\\\/2026\\\/04\\\/giha-hisab-mekaniskt-ventilerat-golv@2x.webp\"},{\"@type\":\"BreadcrumbList\",\"@id\":\"https:\\\/\\\/giha.se\\\/golv\\\/projektering\\\/#breadcrumb\",\"itemListElement\":[{\"@type\":\"ListItem\",\"position\":1,\"name\":\"Home\",\"item\":\"https:\\\/\\\/giha.se\\\/\"},{\"@type\":\"ListItem\",\"position\":2,\"name\":\"Golv\",\"item\":\"https:\\\/\\\/giha.se\\\/golv\\\/\"},{\"@type\":\"ListItem\",\"position\":3,\"name\":\"Projektering\"}]},{\"@type\":\"WebSite\",\"@id\":\"https:\\\/\\\/giha.se\\\/#website\",\"url\":\"https:\\\/\\\/giha.se\\\/\",\"name\":\"Giha Golvsystem\",\"description\":\"\",\"publisher\":{\"@id\":\"https:\\\/\\\/giha.se\\\/#organization\"},\"potentialAction\":[{\"@type\":\"SearchAction\",\"target\":{\"@type\":\"EntryPoint\",\"urlTemplate\":\"https:\\\/\\\/giha.se\\\/?s={search_term_string}\"},\"query-input\":{\"@type\":\"PropertyValueSpecification\",\"valueRequired\":true,\"valueName\":\"search_term_string\"}}],\"inLanguage\":\"en-GB\"},{\"@type\":[\"Organization\",\"Place\"],\"@id\":\"https:\\\/\\\/giha.se\\\/#organization\",\"name\":\"Hertig Knut Aktiebolag\",\"url\":\"https:\\\/\\\/giha.se\\\/\",\"logo\":{\"@id\":\"https:\\\/\\\/giha.se\\\/golv\\\/projektering\\\/#local-main-organization-logo\"},\"image\":{\"@id\":\"https:\\\/\\\/giha.se\\\/golv\\\/projektering\\\/#local-main-organization-logo\"},\"sameAs\":[\"https:\\\/\\\/www.facebook.com\\\/gihagolvet\\\/?locale=sv_SE\"],\"address\":{\"@id\":\"https:\\\/\\\/giha.se\\\/golv\\\/projektering\\\/#local-main-place-address\"},\"geo\":{\"@type\":\"GeoCoordinates\",\"latitude\":\"57.15223341785647\",\"longitude\":\"12.320171146322505\"},\"telephone\":[\"0340 \u2013 62 07 64\"],\"openingHoursSpecification\":[],\"email\":\"info@giha.se\"},{\"@type\":\"PostalAddress\",\"@id\":\"https:\\\/\\\/giha.se\\\/golv\\\/projektering\\\/#local-main-place-address\",\"streetAddress\":\"Lindberg 97\",\"addressLocality\":\"Varberg\",\"postalCode\":\"432 92\",\"addressCountry\":\"SE\"},{\"@type\":\"ImageObject\",\"inLanguage\":\"en-GB\",\"@id\":\"https:\\\/\\\/giha.se\\\/golv\\\/projektering\\\/#local-main-organization-logo\",\"url\":\"https:\\\/\\\/giha.se\\\/wp-content\\\/uploads\\\/2026\\\/05\\\/Giha-Org-logo.webp\",\"contentUrl\":\"https:\\\/\\\/giha.se\\\/wp-content\\\/uploads\\\/2026\\\/05\\\/Giha-Org-logo.webp\",\"width\":696,\"height\":696,\"caption\":\"Hertig Knut Aktiebolag\"}]}<\/script>\n<meta name=\"geo.placename\" content=\"Varberg\" \/>\n<meta name=\"geo.position\" content=\"57.15223341785647;12.320171146322505\" \/>\n<meta name=\"geo.region\" content=\"Sweden\" \/>\n<!-- \/ Yoast SEO plugin. -->","yoast_head_json":{"title":"Product development | Floor system design | Giha","description":"Design and development of patented flooring systems for all environments. Environmentally conscious solutions, technical calculation and expertise in flooring.","robots":{"index":"index","follow":"follow","max-snippet":"max-snippet:-1","max-image-preview":"max-image-preview:large","max-video-preview":"max-video-preview:-1"},"canonical":"https:\/\/giha.se\/en\/floor\/design\/","og_locale":"en_GB","og_type":"article","og_title":"Produktutveckling | Projektering av golvsystem | Giha","og_description":"Projektering och utveckling av patenterade golvsystem f\u00f6r alla milj\u00f6er. Milj\u00f6medvetna l\u00f6sningar, teknisk ber\u00e4kning och expertis inom golv.","og_url":"https:\/\/giha.se\/en\/floor\/design\/","og_site_name":"Giha Golvsystem","article_publisher":"https:\/\/www.facebook.com\/gihagolvet\/?locale=sv_SE","article_modified_time":"2026-04-21T11:50:05+00:00","og_image":[{"url":"https:\/\/giha.se\/wp-content\/uploads\/2026\/04\/giha-hisab-mekaniskt-ventilerat-golv@2x.webp","type":"","width":"","height":""}],"twitter_card":"summary_large_image","twitter_misc":{"Est. reading time":"3 minutes"},"schema":{"@context":"https:\/\/schema.org","@graph":[{"@type":"WebPage","@id":"https:\/\/giha.se\/golv\/projektering\/","url":"https:\/\/giha.se\/golv\/projektering\/","name":"Product development | Floor system design | Giha","isPartOf":{"@id":"https:\/\/giha.se\/#website"},"primaryImageOfPage":{"@id":"https:\/\/giha.se\/golv\/projektering\/#primaryimage"},"image":{"@id":"https:\/\/giha.se\/golv\/projektering\/#primaryimage"},"thumbnailUrl":"https:\/\/giha.se\/wp-content\/uploads\/2026\/04\/giha-hisab-mekaniskt-ventilerat-golv@2x.webp","datePublished":"2026-04-08T07:33:13+00:00","dateModified":"2026-04-21T11:50:05+00:00","description":"Design and development of patented flooring systems for all environments. Environmentally conscious solutions, technical calculation and expertise in flooring.","breadcrumb":{"@id":"https:\/\/giha.se\/golv\/projektering\/#breadcrumb"},"inLanguage":"en-GB","potentialAction":[{"@type":"ReadAction","target":["https:\/\/giha.se\/golv\/projektering\/"]}]},{"@type":"ImageObject","inLanguage":"en-GB","@id":"https:\/\/giha.se\/golv\/projektering\/#primaryimage","url":"https:\/\/giha.se\/wp-content\/uploads\/2026\/04\/giha-hisab-mekaniskt-ventilerat-golv@2x.webp","contentUrl":"https:\/\/giha.se\/wp-content\/uploads\/2026\/04\/giha-hisab-mekaniskt-ventilerat-golv@2x.webp"},{"@type":"BreadcrumbList","@id":"https:\/\/giha.se\/golv\/projektering\/#breadcrumb","itemListElement":[{"@type":"ListItem","position":1,"name":"Home","item":"https:\/\/giha.se\/"},{"@type":"ListItem","position":2,"name":"Golv","item":"https:\/\/giha.se\/golv\/"},{"@type":"ListItem","position":3,"name":"Projektering"}]},{"@type":"WebSite","@id":"https:\/\/giha.se\/#website","url":"https:\/\/giha.se\/","name":"Giha Flooring Systems","description":"","publisher":{"@id":"https:\/\/giha.se\/#organization"},"potentialAction":[{"@type":"SearchAction","target":{"@type":"EntryPoint","urlTemplate":"https:\/\/giha.se\/?s={search_term_string}"},"query-input":{"@type":"PropertyValueSpecification","valueRequired":true,"valueName":"search_term_string"}}],"inLanguage":"en-GB"},{"@type":["Organization","Place"],"@id":"https:\/\/giha.se\/#organization","name":"Duke Knut Limited","url":"https:\/\/giha.se\/","logo":{"@id":"https:\/\/giha.se\/golv\/projektering\/#local-main-organization-logo"},"image":{"@id":"https:\/\/giha.se\/golv\/projektering\/#local-main-organization-logo"},"sameAs":["https:\/\/www.facebook.com\/gihagolvet\/?locale=sv_SE"],"address":{"@id":"https:\/\/giha.se\/golv\/projektering\/#local-main-place-address"},"geo":{"@type":"GeoCoordinates","latitude":"57.15223341785647","longitude":"12.320171146322505"},"telephone":["0340 \u2013 62 07 64"],"openingHoursSpecification":[],"email":"info@giha.se"},{"@type":"PostalAddress","@id":"https:\/\/giha.se\/golv\/projektering\/#local-main-place-address","streetAddress":"Lindberg 97","addressLocality":"Varberg","postalCode":"432 92","addressCountry":"SE"},{"@type":"ImageObject","inLanguage":"en-GB","@id":"https:\/\/giha.se\/golv\/projektering\/#local-main-organization-logo","url":"https:\/\/giha.se\/wp-content\/uploads\/2026\/05\/Giha-Org-logo.webp","contentUrl":"https:\/\/giha.se\/wp-content\/uploads\/2026\/05\/Giha-Org-logo.webp","width":696,"height":696,"caption":"Hertig Knut Aktiebolag"}]},"geo.placename":"Varberg","geo.position":{"lat":"57.15223341785647","long":"12.320171146322505"},"geo.region":"Sweden"},"_links":{"self":[{"href":"https:\/\/giha.se\/en\/wp-json\/wp\/v2\/pages\/1635","targetHints":{"allow":["GET"]}}],"collection":[{"href":"https:\/\/giha.se\/en\/wp-json\/wp\/v2\/pages"}],"about":[{"href":"https:\/\/giha.se\/en\/wp-json\/wp\/v2\/types\/page"}],"author":[{"embeddable":true,"href":"https:\/\/giha.se\/en\/wp-json\/wp\/v2\/users\/2"}],"replies":[{"embeddable":true,"href":"https:\/\/giha.se\/en\/wp-json\/wp\/v2\/comments?post=1635"}],"version-history":[{"count":0,"href":"https:\/\/giha.se\/en\/wp-json\/wp\/v2\/pages\/1635\/revisions"}],"up":[{"embeddable":true,"href":"https:\/\/giha.se\/en\/wp-json\/wp\/v2\/pages\/10"}],"wp:attachment":[{"href":"https:\/\/giha.se\/en\/wp-json\/wp\/v2\/media?parent=1635"}],"curies":[{"name":"wp","href":"https:\/\/api.w.org\/{rel}","templated":true}]}}