{"id":1626,"date":"2026-04-07T15:52:29","date_gmt":"2026-04-07T13:52:29","guid":{"rendered":"https:\/\/giha.se\/?page_id=1626"},"modified":"2026-04-21T13:53:10","modified_gmt":"2026-04-21T11:53:10","slug":"asennuslattia","status":"publish","type":"page","link":"https:\/\/giha.se\/fi\/golv\/installationsgolv\/","title":{"rendered":"Asennuslattia"},"content":{"rendered":"<div class=\"container\">\n<div class=\"gb-element-d80239bf\">\n<div class=\"last-child-mb-0 gb-element-57575c3d\">\n<h2 class=\"gb-text h5 mht-color-accent gb-text-077d671a\">Asennuslattia<\/h2>\n\n\n\n<h1 class=\"gb-text gb-text-30719cba\">Giha Asennuslattia<\/h1>\n\n\n\n<p class=\"gb-text gb-text-a83d4b45\">Giha-asennuslattia on optimaalinen valinta nopeaan ja kosteutta kest\u00e4v\u00e4\u00e4n lattiarakenteeseen. Patentoitujen j\u00e4rjestelmiemme avulla luomme tasaisia alustoja ja piilotamme asennukset tehokkaasti sek\u00e4 uudisrakentamisessa ett\u00e4 saneerauskohteissa.<\/p>\n<\/div>\n\n\n\n<div class=\"gb-element-3637d379\">\n<img loading=\"lazy\" decoding=\"async\" width=\"1792\" height=\"880\" class=\"gb-media-54c2d586\" alt=\"\" src=\"https:\/\/giha.se\/wp-content\/uploads\/2026\/04\/Hisab-installationsgolv-kontor@2x-1.webp\" srcset=\"https:\/\/giha.se\/wp-content\/uploads\/2026\/04\/Hisab-installationsgolv-kontor@2x-1.webp 1792w, https:\/\/giha.se\/wp-content\/uploads\/2026\/04\/Hisab-installationsgolv-kontor@2x-1-300x147.webp 300w, https:\/\/giha.se\/wp-content\/uploads\/2026\/04\/Hisab-installationsgolv-kontor@2x-1-1024x503.webp 1024w, https:\/\/giha.se\/wp-content\/uploads\/2026\/04\/Hisab-installationsgolv-kontor@2x-1-768x377.webp 768w, https:\/\/giha.se\/wp-content\/uploads\/2026\/04\/Hisab-installationsgolv-kontor@2x-1-575x282.webp 575w, https:\/\/giha.se\/wp-content\/uploads\/2026\/04\/Hisab-installationsgolv-kontor@2x-1-1320x648.webp 1320w\" sizes=\"auto, (max-width: 1792px) 100vw, 1792px\" \/>\n\n\n\n<img loading=\"lazy\" decoding=\"async\" width=\"716\" height=\"762\" class=\"gb-media-39bf6a22\" alt=\"\" src=\"https:\/\/giha.se\/wp-content\/uploads\/2026\/04\/Hisab-installationsgolv-kontor@2x.webp\" srcset=\"https:\/\/giha.se\/wp-content\/uploads\/2026\/04\/Hisab-installationsgolv-kontor@2x.webp 716w, https:\/\/giha.se\/wp-content\/uploads\/2026\/04\/Hisab-installationsgolv-kontor@2x-282x300.webp 282w, https:\/\/giha.se\/wp-content\/uploads\/2026\/04\/Hisab-installationsgolv-kontor@2x-575x612.webp 575w\" sizes=\"auto, (max-width: 716px) 100vw, 716px\" \/>\n<\/div>\n\n\n\n<div class=\"gb-element-ee322066\">\n<h2 class=\"gb-text h4-m gb-text-62d75167\">Aikaa ja kustannuksia s\u00e4\u00e4st\u00e4v\u00e4, tasoittaa ep\u00e4tasaiset lattiat ja t\u00e4ysin kosteudesta vapaa<\/h2>\n\n\n\n<h4 class=\"gb-text h5 gb-text-ba979222\">N\u00e4in Giha-asennuslattia toimii<\/h4>\n\n\n\n<p>J\u00e4rjestelm\u00e4mme perustuu nerokkaaseen menetelm\u00e4\u00e4n, jossa lattiasibokset lep\u00e4\u00e4v\u00e4t suoraan nailonkruvuilla, jotka on tasattu tarkkaan korkeuteen. T\u00e4m\u00e4 poistaa aikaa viev\u00e4n valun tai lattiatasoitteen tarpeen, tehden prosessista sek\u00e4 aika- ett\u00e4 kustannustehokkaan. V\u00e4lt\u00e4m\u00e4ll\u00e4 m\u00e4rki\u00e4 ty\u00f6vaiheita rakennukseen ei tuoda kosteutta, ja vanhat, ep\u00e4tasaiset puulattiat tai raakabetoni voidaan oikaista sulavasti. Lattian pinnan alle j\u00e4\u00e4 reilusti tilaa s\u00e4hk\u00f6-, putki- ja verkkokaapeleiden n\u00e4kym\u00e4tt\u00f6m\u00e4\u00e4n vet\u00e4miseen.<\/p>\n\n\n\n<p>J\u00e4rjestelm\u00e4 on eritt\u00e4in joustava ja sopii monenlaisiin ymp\u00e4rist\u00f6ihin, kuten moderneihin toimistoihin, liiketiloihin ja tekniikkaintensiivisiin konesaleihin tai palvelinhuoneisiin. Se on my\u00f6s erinomainen ratkaisu julkisiin rakennuksiin, kuten kouluihin, p\u00e4iv\u00e4koteihin ja kirkkoihin, joissa esteett\u00f6myys ja piilotetut asennukset ovat vaatimus. My\u00f6s ravintolat, oppilaitokset ja palvelurakennukset hy\u00f6tyv\u00e4t lyhyest\u00e4 asennusajasta. Kellaritiloihin se on turvallinen valinta, sill\u00e4 rakenne mahdollistaa ilmankierron alla ja pit\u00e4\u00e4 lattiapinnan kuivana ja l\u00e4mpim\u00e4n\u00e4.<\/p>\n<\/div>\n\n\n\n<div class=\"gb-element-bd49e5df\">\n<div class=\"gb-element-5bd14ef8 dash-top\">\n<div class=\"last-child-mb-0\">\n<h2 class=\"gb-text h4 gb-text-ec480733\">Tasoja s\u00e4\u00e4t\u00e4v\u00e4 toiminto t\u00e4ydelliseen joustavuuteen<\/h2>\n<\/div>\n\n\n\n<div class=\"last-child-mb-0 gb-element-307c1843\">\n<p>Giha-asennuslattia tarjoaa ainutlaatuisen tasonkorjaustoiminnon, jolla lattian korkeutta voidaan s\u00e4\u00e4t\u00e4\u00e4 26 mm:st\u00e4 aina 400 mm:iin, lastulevy mukaan lukien. T\u00e4m\u00e4 mahdollistaa suurten korkeuserojen ja alustan ep\u00e4tasaisuuksien ylitt\u00e4misen ilman raskaita ja kalliita korokkeita. <\/p>\n\n\n\n<p>S\u00e4\u00e4t\u00f6 on nopeaa ja helppoa esiasennettujen holkkien avulla, mik\u00e4 takaa t\u00e4ysin tasaisen lopputuloksen riippumatta siit\u00e4, onko kyseess\u00e4 vino teollisuuslattia vai vanhemman talon joustava rossipohja.<\/p>\n<\/div>\n<\/div>\n\n\n\n<div class=\"gb-element-d69de223 dash-top\">\n<div class=\"last-child-mb-0\">\n<h2 class=\"gb-text h4 gb-text-9581baac\">Helppo j\u00e4lkikorjaus ja n\u00e4kym\u00e4t\u00f6n uudelleenasennus<\/h2>\n<\/div>\n\n\n\n<div class=\"last-child-mb-0 gb-element-fb66abdd\">\n<p>Kun asennusty\u00f6t lattian alla on tehty ja korkeus asetettu, nailonkierteet katkaistaan t\u00e4ydellisen lopputuloksen saavuttamiseksi. Jos tulevia tarkastuksia tai lis\u00e4kaapelointia tarvitaan, voit k\u00e4ytt\u00e4\u00e4 erikoisvalmisteisia peitelevyj\u00e4mme helppoa uudelleenasennusta varten. <\/p>\n\n\n\n<p>Lukko asennetaan lattialevyn pusseihin ja peitet\u00e4\u00e4n sitten huomaamattomasti mattop\u00e4\u00e4llysteell\u00e4 tai tasoitteella. Jos valitset parketin tai puulattian asentamisen p\u00e4\u00e4lle, erillisi\u00e4 suojalukkoja ei tarvita lainkaan, mik\u00e4 tekee j\u00e4rjestelm\u00e4st\u00e4 t\u00e4ysin n\u00e4kym\u00e4tt\u00f6m\u00e4n.<\/p>\n<\/div>\n<\/div>\n\n\n\n<div class=\"gb-element-5d28a983 dash-top\">\n<div class=\"last-child-mb-0\">\n<h2 class=\"gb-text h4 gb-text-9cdd281e\">Tekniset tiedot Giha-asennuslattiat<\/h2>\n<\/div>\n\n\n\n<div class=\"last-child-mb-0 gb-element-176aa6be\">\n<p>J\u00e4rjestelm\u00e4 koostuu v\u00e4hist\u00e4 osista materiaalink\u00e4sittelyn ja kuljetustarpeiden minimoimiseksi. Lattialevymme ovat 22 mm paksuja ja ne voidaan toimittaa esiasennetulla umpisolueristeell\u00e4 parannetun l\u00e4mp\u00f6mukavuuden ja \u00e4\u00e4nieristyksen takaamiseksi. <\/p>\n\n\n\n<p>Vakaa kiinnitys varmistetaan k\u00e4ytt\u00e4m\u00e4ll\u00e4 joko betonisruuvia tai naulakiilaa alustan ominaisuuksista riippuen. Kaikki osat on mitoitettu kest\u00e4m\u00e4\u00e4n suurta kuormitusta, mik\u00e4 tekee Gihasta luotettavan kumppanin raskaiden toimistokalusteiden ja teknisten laitteiden asennukseen vaativissa ymp\u00e4rist\u00f6iss\u00e4.<\/p>\n<\/div>\n<\/div>\n<\/div>\n<\/div>\n\n\n\n<div>\n<div>\n<div class=\"container last-child-mb-0 gb-element-47f31ca2\">\n<h5 class=\"gb-text mht-color-accent gb-text-c58c5f8f\">Giha Asennuslattia<\/h5>\n\n\n\n<h2 class=\"gb-text\">Nopea asennus, suuri kuorma ja kosteutta hylkiv\u00e4 rakenne<\/h2>\n<\/div>\n<\/div>\n\n\n<section class=\"mht-block mht-block-cards mht-block-cards-69450ee1e749475ce9aef2e5d7c6e869\">\n\n    \n<style id='mht-block-cards-69450ee1e749475ce9aef2e5d7c6e869-vars'>section.mht-block-cards-69450ee1e749475ce9aef2e5d7c6e869{--mht-block-cards-cards-column-gap:80px;--mht-block-cards-cards-row-gap:80px;--mht-block-cards-content-max-width:1128px;--mht-block-cards-card-text-align:center;--mht-block-cards-card-image-margin-left:auto;--mht-block-cards-card-image-margin-right:auto;--mht-block-cards-card-icon-font-size:40px;--mht-block-cards-card-icon-color:var(--mht-color-accent);--mht-block-cards-title-margin-top:46px;--mht-block-cards-title-margin-bottom:12px}@media(max-width:991.98px){section.mht-block-cards-69450ee1e749475ce9aef2e5d7c6e869{--mht-block-cards-card-padding-right:19px;--mht-block-cards-card-padding-left:19px;--mht-block-cards-title-margin-top:36px}}<\/style>\n\n    <div class=\"section-rich-bg rich-bg\">\n            <\/div>\n\n    <div class=\"container\">\n        <div class=\"section-content\">\n            <div class=\"section-content--inner\" style=\"max-width:var(--mht-block-cards-content-max-width)\">\n\n                <ul class=\"cards--cards mht-grid-3 mht-grid-m-1\">\n                                            <li class=\"cards--card-item\">\n                                <div class=\"cards--card cards--card-v1\" style=\"text-align:var(--mht-block-cards-card-text-align);padding-right:var(--mht-block-cards-card-padding-right);padding-left:var(--mht-block-cards-card-padding-left)\">\n\n    <div class=\"cards--card--header\">\n        \r\n    <\/div><!-- .cards--card--header -->\n\n    <div class=\"cards--card--texts\">\n        <div class=\"cards--card--texts--inner\">\n\n            <div class=\"cards--card--body\">\n                                    <h3 class=\"cards--card--title mht-heading h5\" style=\"margin-top:var(--mht-block-cards-title-margin-top);margin-bottom:var(--mht-block-cards-title-margin-bottom)\">                        Useammalle perustalle                    <\/h3>                \n                \n                                    <div class=\"cards--card--desc mht-wysiwyg\">\n                        <p>J\u00e4rjestelm\u00e4mme mukautuvat helposti sek\u00e4 uudisrakentamiseen ett\u00e4 saneeraukseen, olipa alusta betonia, puuta tai siin\u00e4 olisi suuria ep\u00e4tasaisuuksia.<\/p>\n                    <\/div>\n                            <\/div><!-- .cards--card--body -->\n\n            \n        <\/div><!-- .cards--card--texts--inner -->\n    <\/div><!-- .cards--card--texts -->\n\n    <\/div>\n                        <\/li>\n                                            <li class=\"cards--card-item\">\n                                <div class=\"cards--card cards--card-v1\" style=\"text-align:var(--mht-block-cards-card-text-align);padding-right:var(--mht-block-cards-card-padding-right);padding-left:var(--mht-block-cards-card-padding-left)\">\n\n    <div class=\"cards--card--header\">\n        \r\n    <\/div><!-- .cards--card--header -->\n\n    <div class=\"cards--card--texts\">\n        <div class=\"cards--card--texts--inner\">\n\n            <div class=\"cards--card--body\">\n                                    <h3 class=\"cards--card--title mht-heading h5\" style=\"margin-top:var(--mht-block-cards-title-margin-top);margin-bottom:var(--mht-block-cards-title-margin-bottom)\">                        V\u00e4hemm\u00e4n ty\u00f6vaiheita                    <\/h3>                \n                \n                                    <div class=\"cards--card--desc mht-wysiwyg\">\n                        <p>V\u00e4lt valua ja tasoitusta; lattia lep\u00e4\u00e4 nailonkruveilla, mik\u00e4 tekee asennuksesta nopeampaa ja alentaa kokonaisprojektikustannuksia merkitt\u00e4v\u00e4sti.<\/p>\n                    <\/div>\n                            <\/div><!-- .cards--card--body -->\n\n            \n        <\/div><!-- .cards--card--texts--inner -->\n    <\/div><!-- .cards--card--texts -->\n\n    <\/div>\n                        <\/li>\n                                            <li class=\"cards--card-item\">\n                                <div class=\"cards--card cards--card-v1\" style=\"text-align:var(--mht-block-cards-card-text-align);padding-right:var(--mht-block-cards-card-padding-right);padding-left:var(--mht-block-cards-card-padding-left)\">\n\n    <div class=\"cards--card--header\">\n        \r\n    <\/div><!-- .cards--card--header -->\n\n    <div class=\"cards--card--texts\">\n        <div class=\"cards--card--texts--inner\">\n\n            <div class=\"cards--card--body\">\n                                    <h3 class=\"cards--card--title mht-heading h5\" style=\"margin-top:var(--mht-block-cards-title-margin-top);margin-bottom:var(--mht-block-cards-title-margin-bottom)\">                        Ei vaikuta asetteluun                    <\/h3>                \n                \n                                    <div class=\"cards--card--desc mht-wysiwyg\">\n                        <p>Matala rakennuskorkeus ja joustava tasoitus s\u00e4ilytt\u00e4v\u00e4t tilan olemassa olevan pohjaratkaisun ilman suuria rakenteellisia toimenpiteit\u00e4.<\/p>\n                    <\/div>\n                            <\/div><!-- .cards--card--body -->\n\n            \n        <\/div><!-- .cards--card--texts--inner -->\n    <\/div><!-- .cards--card--texts -->\n\n    <\/div>\n                        <\/li>\n                                    <\/ul>\n\n            <\/div><!-- .section-content-inner -->\n        <\/div><!-- .section-content -->\n    <\/div><!-- .container -->\n\n<\/section>\n<\/div>\n<\/div>\n\n\n\n<div class=\"gb-element-4b2501b7 folj-oss\">\n<div class=\"container gb-element-fd1041ea\">\n<div class=\"last-child-mb-0 gb-element-b1b220f1\">\n<h2 class=\"gb-text h5 gb-text-350af809\">Seuraa Gihua Facebookissa!<\/h2>\n<\/div>\n\n\n\n<div class=\"gb-element-1cd099e6\"><div class=\"mht-block mht-block-contact-info mht-block-contact-info-e5aecf11a4973492f826872837b7f664 social-info\">\r\n\r\n    \n<style id='mht-block-contact-info-e5aecf11a4973492f826872837b7f664-vars'><\/style>\n\r\n    <ul class=\"contact-info-items fa-ul layout-d-horizontal layout-m-vertical justify-content-flex-start\">\r\n                                    <li class=\"item\">\r\n                                            <a class=\"item-inner\" href=\"https:\/\/www.facebook.com\/gihagolvet\/?locale=sv_SE\" target=\"_blank\">\r\n                    \r\n                                            <span class=\"fa-li icon-wrap\"><i class=\"fa-brands fa-facebook\"><\/i><\/span>\r\n                                                                <span class=\"text\">Facebook<\/span>\r\n                    \r\n                                            <\/a>\r\n                                    <\/li>\r\n                        <\/ul>\r\n\r\n<\/div>\r\n<\/div>\n<\/div>\n<\/div>","protected":false},"excerpt":{"rendered":"<p>Installationsgolv Giha Installationsgolv Giha Installationsgolv \u00e4r det optimala valet f\u00f6r en snabb och fuktfri golvkonstruktion. Med v\u00e5ra patenterade system skapar vi j\u00e4mna underlag och d\u00f6ljer installationer effektivt i b\u00e5de nybyggnation och renoveringsprojekt. Tids- och kostnadseffektivt, rikta upp oj\u00e4mna golv och helt fritt fr\u00e5n fukt S\u00e5 fungerar Giha Installationsgolv V\u00e5rt system bygger p\u00e5 en genialisk metod [&hellip;]<\/p>\n","protected":false},"author":2,"featured_media":0,"parent":10,"menu_order":1,"comment_status":"closed","ping_status":"closed","template":"","meta":{"_acf_changed":true,"inline_featured_image":false,"footnotes":""},"class_list":["post-1626","page","type-page","status-publish","hentry"],"acf":[],"yoast_head":"<!-- This site is optimized with the Yoast SEO plugin v27.6 - https:\/\/yoast.com\/product\/yoast-seo-wordpress\/ -->\n<title>Giha Installationsgolv | Smart golvsystem med enkel installation<\/title>\n<meta name=\"description\" content=\"Snabb golvl\u00e4ggning med Giha Installationsgolv. Slipp gjutning med v\u00e5ra niv\u00e5reglerande system. Milj\u00f6v\u00e4nligt, fuktfritt och t\u00e5l h\u00f6g belastning.\" \/>\n<meta name=\"robots\" content=\"index, follow, max-snippet:-1, max-image-preview:large, max-video-preview:-1\" \/>\n<link rel=\"canonical\" href=\"https:\/\/giha.se\/fi\/lattia\/asennuslattia\/\" \/>\n<meta property=\"og:locale\" content=\"fi_FI\" \/>\n<meta property=\"og:type\" content=\"article\" \/>\n<meta property=\"og:title\" content=\"Giha Installationsgolv | Smart golvsystem med enkel installation\" \/>\n<meta property=\"og:description\" content=\"Snabb golvl\u00e4ggning med Giha Installationsgolv. Slipp gjutning med v\u00e5ra niv\u00e5reglerande system. Milj\u00f6v\u00e4nligt, fuktfritt och t\u00e5l h\u00f6g belastning.\" \/>\n<meta property=\"og:url\" content=\"https:\/\/giha.se\/fi\/lattia\/asennuslattia\/\" \/>\n<meta property=\"og:site_name\" content=\"Giha Golvsystem\" \/>\n<meta property=\"article:publisher\" content=\"https:\/\/www.facebook.com\/gihagolvet\/?locale=sv_SE\" \/>\n<meta property=\"article:modified_time\" content=\"2026-04-21T11:53:10+00:00\" \/>\n<meta property=\"og:image\" content=\"https:\/\/giha.se\/wp-content\/uploads\/2026\/04\/Hisab-installationsgolv-kontor@2x-1.webp\" \/>\n<meta name=\"twitter:card\" content=\"summary_large_image\" \/>\n<meta name=\"twitter:label1\" content=\"Est. reading time\" \/>\n\t<meta name=\"twitter:data1\" content=\"3 minuuttia\" \/>\n<script type=\"application\/ld+json\" class=\"yoast-schema-graph\">{\"@context\":\"https:\\\/\\\/schema.org\",\"@graph\":[{\"@type\":\"WebPage\",\"@id\":\"https:\\\/\\\/giha.se\\\/golv\\\/installationsgolv\\\/\",\"url\":\"https:\\\/\\\/giha.se\\\/golv\\\/installationsgolv\\\/\",\"name\":\"Giha Installationsgolv | Smart golvsystem med enkel installation\",\"isPartOf\":{\"@id\":\"https:\\\/\\\/giha.se\\\/#website\"},\"primaryImageOfPage\":{\"@id\":\"https:\\\/\\\/giha.se\\\/golv\\\/installationsgolv\\\/#primaryimage\"},\"image\":{\"@id\":\"https:\\\/\\\/giha.se\\\/golv\\\/installationsgolv\\\/#primaryimage\"},\"thumbnailUrl\":\"https:\\\/\\\/giha.se\\\/wp-content\\\/uploads\\\/2026\\\/04\\\/Hisab-installationsgolv-kontor@2x-1.webp\",\"datePublished\":\"2026-04-07T13:52:29+00:00\",\"dateModified\":\"2026-04-21T11:53:10+00:00\",\"description\":\"Snabb golvl\u00e4ggning med Giha Installationsgolv. Slipp gjutning med v\u00e5ra niv\u00e5reglerande system. Milj\u00f6v\u00e4nligt, fuktfritt och t\u00e5l h\u00f6g belastning.\",\"breadcrumb\":{\"@id\":\"https:\\\/\\\/giha.se\\\/golv\\\/installationsgolv\\\/#breadcrumb\"},\"inLanguage\":\"fi\",\"potentialAction\":[{\"@type\":\"ReadAction\",\"target\":[\"https:\\\/\\\/giha.se\\\/golv\\\/installationsgolv\\\/\"]}]},{\"@type\":\"ImageObject\",\"inLanguage\":\"fi\",\"@id\":\"https:\\\/\\\/giha.se\\\/golv\\\/installationsgolv\\\/#primaryimage\",\"url\":\"https:\\\/\\\/giha.se\\\/wp-content\\\/uploads\\\/2026\\\/04\\\/Hisab-installationsgolv-kontor@2x-1.webp\",\"contentUrl\":\"https:\\\/\\\/giha.se\\\/wp-content\\\/uploads\\\/2026\\\/04\\\/Hisab-installationsgolv-kontor@2x-1.webp\"},{\"@type\":\"BreadcrumbList\",\"@id\":\"https:\\\/\\\/giha.se\\\/golv\\\/installationsgolv\\\/#breadcrumb\",\"itemListElement\":[{\"@type\":\"ListItem\",\"position\":1,\"name\":\"Home\",\"item\":\"https:\\\/\\\/giha.se\\\/\"},{\"@type\":\"ListItem\",\"position\":2,\"name\":\"Golv\",\"item\":\"https:\\\/\\\/giha.se\\\/golv\\\/\"},{\"@type\":\"ListItem\",\"position\":3,\"name\":\"Installationsgolv\"}]},{\"@type\":\"WebSite\",\"@id\":\"https:\\\/\\\/giha.se\\\/#website\",\"url\":\"https:\\\/\\\/giha.se\\\/\",\"name\":\"Giha Golvsystem\",\"description\":\"\",\"publisher\":{\"@id\":\"https:\\\/\\\/giha.se\\\/#organization\"},\"potentialAction\":[{\"@type\":\"SearchAction\",\"target\":{\"@type\":\"EntryPoint\",\"urlTemplate\":\"https:\\\/\\\/giha.se\\\/?s={search_term_string}\"},\"query-input\":{\"@type\":\"PropertyValueSpecification\",\"valueRequired\":true,\"valueName\":\"search_term_string\"}}],\"inLanguage\":\"fi\"},{\"@type\":[\"Organization\",\"Place\"],\"@id\":\"https:\\\/\\\/giha.se\\\/#organization\",\"name\":\"Hertig Knut Aktiebolag\",\"url\":\"https:\\\/\\\/giha.se\\\/\",\"logo\":{\"@id\":\"https:\\\/\\\/giha.se\\\/golv\\\/installationsgolv\\\/#local-main-organization-logo\"},\"image\":{\"@id\":\"https:\\\/\\\/giha.se\\\/golv\\\/installationsgolv\\\/#local-main-organization-logo\"},\"sameAs\":[\"https:\\\/\\\/www.facebook.com\\\/gihagolvet\\\/?locale=sv_SE\"],\"telephone\":[],\"openingHoursSpecification\":[{\"@type\":\"OpeningHoursSpecification\",\"dayOfWeek\":[\"Monday\",\"Tuesday\",\"Wednesday\",\"Thursday\",\"Friday\",\"Saturday\",\"Sunday\"],\"opens\":\"09:00\",\"closes\":\"17:00\"}]},{\"@type\":\"ImageObject\",\"inLanguage\":\"fi\",\"@id\":\"https:\\\/\\\/giha.se\\\/golv\\\/installationsgolv\\\/#local-main-organization-logo\",\"url\":\"https:\\\/\\\/giha.se\\\/wp-content\\\/uploads\\\/2026\\\/05\\\/Giha-Org-logo.webp\",\"contentUrl\":\"https:\\\/\\\/giha.se\\\/wp-content\\\/uploads\\\/2026\\\/05\\\/Giha-Org-logo.webp\",\"width\":696,\"height\":696,\"caption\":\"Hertig Knut Aktiebolag\"}]}<\/script>\n<!-- \/ Yoast SEO plugin. -->","yoast_head_json":{"title":"Giha Asennuslattia | \u00c4lyk\u00e4s lattiaj\u00e4rjestelm\u00e4 helppoon asennukseen","description":"Nopea lattian asennus Giha-asennuslattialla. V\u00e4lt\u00e4 valanta tasoitusj\u00e4rjestelmill\u00e4mme. Ymp\u00e4rist\u00f6yst\u00e4v\u00e4llinen, kosteutta kest\u00e4v\u00e4 ja kest\u00e4\u00e4 suurta kuormitusta.","robots":{"index":"index","follow":"follow","max-snippet":"max-snippet:-1","max-image-preview":"max-image-preview:large","max-video-preview":"max-video-preview:-1"},"canonical":"https:\/\/giha.se\/fi\/lattia\/asennuslattia\/","og_locale":"fi_FI","og_type":"article","og_title":"Giha Installationsgolv | Smart golvsystem med enkel installation","og_description":"Snabb golvl\u00e4ggning med Giha Installationsgolv. Slipp gjutning med v\u00e5ra niv\u00e5reglerande system. Milj\u00f6v\u00e4nligt, fuktfritt och t\u00e5l h\u00f6g belastning.","og_url":"https:\/\/giha.se\/fi\/lattia\/asennuslattia\/","og_site_name":"Giha Golvsystem","article_publisher":"https:\/\/www.facebook.com\/gihagolvet\/?locale=sv_SE","article_modified_time":"2026-04-21T11:53:10+00:00","og_image":[{"url":"https:\/\/giha.se\/wp-content\/uploads\/2026\/04\/Hisab-installationsgolv-kontor@2x-1.webp","type":"","width":"","height":""}],"twitter_card":"summary_large_image","twitter_misc":{"Est. reading time":"3 minuuttia"},"schema":{"@context":"https:\/\/schema.org","@graph":[{"@type":"WebPage","@id":"https:\/\/giha.se\/golv\/installationsgolv\/","url":"https:\/\/giha.se\/golv\/installationsgolv\/","name":"Giha Asennuslattia | \u00c4lyk\u00e4s lattiaj\u00e4rjestelm\u00e4 helppoon asennukseen","isPartOf":{"@id":"https:\/\/giha.se\/#website"},"primaryImageOfPage":{"@id":"https:\/\/giha.se\/golv\/installationsgolv\/#primaryimage"},"image":{"@id":"https:\/\/giha.se\/golv\/installationsgolv\/#primaryimage"},"thumbnailUrl":"https:\/\/giha.se\/wp-content\/uploads\/2026\/04\/Hisab-installationsgolv-kontor@2x-1.webp","datePublished":"2026-04-07T13:52:29+00:00","dateModified":"2026-04-21T11:53:10+00:00","description":"Nopea lattian asennus Giha-asennuslattialla. V\u00e4lt\u00e4 valanta tasoitusj\u00e4rjestelmill\u00e4mme. Ymp\u00e4rist\u00f6yst\u00e4v\u00e4llinen, kosteutta kest\u00e4v\u00e4 ja kest\u00e4\u00e4 suurta kuormitusta.","breadcrumb":{"@id":"https:\/\/giha.se\/golv\/installationsgolv\/#breadcrumb"},"inLanguage":"fi","potentialAction":[{"@type":"ReadAction","target":["https:\/\/giha.se\/golv\/installationsgolv\/"]}]},{"@type":"ImageObject","inLanguage":"fi","@id":"https:\/\/giha.se\/golv\/installationsgolv\/#primaryimage","url":"https:\/\/giha.se\/wp-content\/uploads\/2026\/04\/Hisab-installationsgolv-kontor@2x-1.webp","contentUrl":"https:\/\/giha.se\/wp-content\/uploads\/2026\/04\/Hisab-installationsgolv-kontor@2x-1.webp"},{"@type":"BreadcrumbList","@id":"https:\/\/giha.se\/golv\/installationsgolv\/#breadcrumb","itemListElement":[{"@type":"ListItem","position":1,"name":"Home","item":"https:\/\/giha.se\/"},{"@type":"ListItem","position":2,"name":"Golv","item":"https:\/\/giha.se\/golv\/"},{"@type":"ListItem","position":3,"name":"Installationsgolv"}]},{"@type":"WebSite","@id":"https:\/\/giha.se\/#website","url":"https:\/\/giha.se\/","name":"Giha Lattiaratkaisut","description":"","publisher":{"@id":"https:\/\/giha.se\/#organization"},"potentialAction":[{"@type":"SearchAction","target":{"@type":"EntryPoint","urlTemplate":"https:\/\/giha.se\/?s={search_term_string}"},"query-input":{"@type":"PropertyValueSpecification","valueRequired":true,"valueName":"search_term_string"}}],"inLanguage":"fi"},{"@type":["Organization","Place"],"@id":"https:\/\/giha.se\/#organization","name":"Hertig Knut Osakeyhti\u00f6","url":"https:\/\/giha.se\/","logo":{"@id":"https:\/\/giha.se\/golv\/installationsgolv\/#local-main-organization-logo"},"image":{"@id":"https:\/\/giha.se\/golv\/installationsgolv\/#local-main-organization-logo"},"sameAs":["https:\/\/www.facebook.com\/gihagolvet\/?locale=sv_SE"],"telephone":[],"openingHoursSpecification":[{"@type":"OpeningHoursSpecification","dayOfWeek":["Monday","Tuesday","Wednesday","Thursday","Friday","Saturday","Sunday"],"opens":"09:00","closes":"17:00"}]},{"@type":"ImageObject","inLanguage":"fi","@id":"https:\/\/giha.se\/golv\/installationsgolv\/#local-main-organization-logo","url":"https:\/\/giha.se\/wp-content\/uploads\/2026\/05\/Giha-Org-logo.webp","contentUrl":"https:\/\/giha.se\/wp-content\/uploads\/2026\/05\/Giha-Org-logo.webp","width":696,"height":696,"caption":"Hertig Knut Aktiebolag"}]}},"_links":{"self":[{"href":"https:\/\/giha.se\/fi\/wp-json\/wp\/v2\/pages\/1626","targetHints":{"allow":["GET"]}}],"collection":[{"href":"https:\/\/giha.se\/fi\/wp-json\/wp\/v2\/pages"}],"about":[{"href":"https:\/\/giha.se\/fi\/wp-json\/wp\/v2\/types\/page"}],"author":[{"embeddable":true,"href":"https:\/\/giha.se\/fi\/wp-json\/wp\/v2\/users\/2"}],"replies":[{"embeddable":true,"href":"https:\/\/giha.se\/fi\/wp-json\/wp\/v2\/comments?post=1626"}],"version-history":[{"count":0,"href":"https:\/\/giha.se\/fi\/wp-json\/wp\/v2\/pages\/1626\/revisions"}],"up":[{"embeddable":true,"href":"https:\/\/giha.se\/fi\/wp-json\/wp\/v2\/pages\/10"}],"wp:attachment":[{"href":"https:\/\/giha.se\/fi\/wp-json\/wp\/v2\/media?parent=1626"}],"curies":[{"name":"wp","href":"https:\/\/api.w.org\/{rel}","templated":true}]}}