{"id":1632,"date":"2026-04-08T09:32:29","date_gmt":"2026-04-08T07:32:29","guid":{"rendered":"https:\/\/giha.se\/?page_id=1632"},"modified":"2026-04-21T13:51:08","modified_gmt":"2026-04-21T11:51:08","slug":"akustinen-lattia","status":"publish","type":"page","link":"https:\/\/giha.se\/fi\/golv\/akustikgolv\/","title":{"rendered":"Akustiikkalattia"},"content":{"rendered":"<div class=\"container\">\n<div class=\"gb-element-d80239bf\">\n<div class=\"last-child-mb-0 gb-element-57575c3d\">\n<h2 class=\"gb-text h5 mht-color-accent gb-text-077d671a\">Akustiikkalattia<\/h2>\n\n\n\n<h1 class=\"gb-text gb-text-30719cba\">Giha Akustikgolv<\/h1>\n\n\n\n<p class=\"gb-text gb-text-a83d4b45\">Giha Akustikgolv on mallisuojattu latti\u00adj\u00e4rjestelm\u00e4, joka on kehitetty \u00e4\u00e4nen ja v\u00e4rin\u00e4\u00adn tehokkaaseen vaimentamiseen. Patentoimallamme askel\u00e4\u00e4nien vaimennus\u00adtekniikalla luomme hiljaisia ja miellytt\u00e4\u00advi\u00e4 ymp\u00e4rist\u00f6j\u00e4 aina kodeista julkisiin tiloihin.<\/p>\n<\/div>\n\n\n\n<div class=\"gb-element-3637d379\">\n<img loading=\"lazy\" decoding=\"async\" width=\"1792\" height=\"880\" class=\"gb-media-54c2d586\" alt=\"\" src=\"https:\/\/giha.se\/wp-content\/uploads\/2026\/04\/giha-hisab-akustikgolv-ljuddampande-golv@2x.webp\" srcset=\"https:\/\/giha.se\/wp-content\/uploads\/2026\/04\/giha-hisab-akustikgolv-ljuddampande-golv@2x.webp 1792w, https:\/\/giha.se\/wp-content\/uploads\/2026\/04\/giha-hisab-akustikgolv-ljuddampande-golv@2x-300x147.webp 300w, https:\/\/giha.se\/wp-content\/uploads\/2026\/04\/giha-hisab-akustikgolv-ljuddampande-golv@2x-1024x503.webp 1024w, https:\/\/giha.se\/wp-content\/uploads\/2026\/04\/giha-hisab-akustikgolv-ljuddampande-golv@2x-768x377.webp 768w, https:\/\/giha.se\/wp-content\/uploads\/2026\/04\/giha-hisab-akustikgolv-ljuddampande-golv@2x-575x282.webp 575w, https:\/\/giha.se\/wp-content\/uploads\/2026\/04\/giha-hisab-akustikgolv-ljuddampande-golv@2x-1320x648.webp 1320w\" sizes=\"auto, (max-width: 1792px) 100vw, 1792px\" \/>\n\n\n\n<img loading=\"lazy\" decoding=\"async\" width=\"716\" height=\"762\" class=\"gb-media-39bf6a22\" alt=\"\" src=\"https:\/\/giha.se\/wp-content\/uploads\/2026\/04\/giha-hisab-akustikgolv-ljuddampande-golv@2x-1.webp\" srcset=\"https:\/\/giha.se\/wp-content\/uploads\/2026\/04\/giha-hisab-akustikgolv-ljuddampande-golv@2x-1.webp 716w, https:\/\/giha.se\/wp-content\/uploads\/2026\/04\/giha-hisab-akustikgolv-ljuddampande-golv@2x-1-282x300.webp 282w, https:\/\/giha.se\/wp-content\/uploads\/2026\/04\/giha-hisab-akustikgolv-ljuddampande-golv@2x-1-575x612.webp 575w\" sizes=\"auto, (max-width: 716px) 100vw, 716px\" \/>\n<\/div>\n\n\n\n<div class=\"gb-element-ee322066\">\n<h2 class=\"gb-text h4-m gb-text-62d75167\">Giha Akustikgolv est\u00e4\u00e4 \u00e4\u00e4nen levi\u00e4misen viereisiin huoneisiin ja tiloihin<\/h2>\n\n\n\n<h4 class=\"gb-text h5 gb-text-ba979222\">N\u00e4in toimii patentoitu lattiaratkaisumme<\/h4>\n\n\n\n<p>Akustiikkalattiamme perustuu innovatiiviseen rakenteeseen, jossa suuri \u00e4\u00e4nt\u00e4 vaimentava pinta rikkoo \u00e4\u00e4niaallot ennen kuin ne levi\u00e4v\u00e4t rakennuksen runkoon. Giha Akustiikkalattian avulla estet\u00e4\u00e4n t\u00e4rin\u00f6iden kulkeutuminen kerrosten v\u00e4lill\u00e4, mik\u00e4 on ratkaisevan t\u00e4rke\u00e4\u00e4 monimutkaisissa rakennusprojekteissa. J\u00e4rjestelm\u00e4 on eritt\u00e4in joustava ja se voidaan sovittaa korkeimpaan \u00e4\u00e4niluokkaan (luokat A ja B), kun \u00e4\u00e4nimili\u00f6\u00f6n asetetaan poikkeuksellisen korkeat vaatimukset Boverketin rakennusm\u00e4\u00e4r\u00e4ysten v\u00e4himm\u00e4isvaatimusten lis\u00e4ksi.<\/p>\n\n\n\n<p>J\u00e4rjestelm\u00e4n monipuolisuuden ansiosta se soveltuu monenlaisiin ymp\u00e4rist\u00f6ihin, kuten toimistoihin, kouluihin ja urheiluhalleihin, joissa melutaso on usein korkea. Sit\u00e4 k\u00e4ytet\u00e4\u00e4n menestyksekk\u00e4\u00e4sti my\u00f6s asunnoissa, hoitolaitoksissa, konferenssitiloissa ja kirjastoissa. Erityistarpeita omaavissa tiloissa, kuten konserttisaleissa, juhlatiloissa ja erityisasumispalveluissa, Giha Akustikgolv tarjoaa luotettavan ja mitattavan \u00e4\u00e4nieristyksen parannuksen, joka nostaa koko kiinteist\u00f6n laatua ja k\u00e4ytt\u00f6kokemusta.<\/p>\n<\/div>\n\n\n\n<div class=\"gb-element-bd49e5df\">\n<div class=\"gb-element-5bd14ef8 dash-top\">\n<div class=\"last-child-mb-0\">\n<h2 class=\"gb-text h4 gb-text-ec480733\">N\u00e4in \u00e4\u00e4ni levi\u00e4\u00e4 tiloissa<\/h2>\n<\/div>\n\n\n\n<div class=\"last-child-mb-0 gb-element-307c1843\">\n<p>Rakennusten \u00e4\u00e4niraidat jaetaan usein ilmanv\u00e4litteisiin \u00e4\u00e4niin ja rakenteiden v\u00e4litt\u00e4miin \u00e4\u00e4niin. Ilmanv\u00e4litteiset \u00e4\u00e4net, kuten puhe tai musiikki, levi\u00e4v\u00e4t vapaasti ilmassa, kun taas rakenteiden v\u00e4litt\u00e4m\u00e4t \u00e4\u00e4net (askel\u00e4\u00e4net) syntyv\u00e4t, kun esineet osuvat lattiaan \u2013 kuten silloin, kun raskaita tuoleja siirret\u00e4\u00e4n tai joku k\u00e4velee kovilla kengill\u00e4. <\/p>\n\n\n\n<p>Lattiaj\u00e4rjestelm\u00e4mme on suunniteltu erityisesti vaimentamaan molempia n\u00e4it\u00e4 \u00e4\u00e4nityyppej\u00e4, luoden harmonisen ymp\u00e4rist\u00f6n toiminnasta riippumatta.<\/p>\n<\/div>\n<\/div>\n\n\n\n<div class=\"gb-element-d69de223 dash-top\">\n<div class=\"last-child-mb-0\">\n<h2 class=\"gb-text h4 gb-text-9581baac\">Tekniset tiedot Giha Akustikgolv<\/h2>\n<\/div>\n\n\n\n<div class=\"last-child-mb-0 gb-element-fb66abdd\">\n<p>Laboratoriotestatut akustiikkalattiamme RISE:ss\u00e4 Bor\u00e5sissa saavuttavat askel\u00e4\u00e4nieristyksen jopa 26 dB. J\u00e4rjestelm\u00e4 t\u00e4ytt\u00e4\u00e4 ruotsalaisen standardin SS 25267 vaatimukset, ja tarjoamme kaikki tarvittavat tiedot tarkkoja laskelmia varten valmiissa rakennuksessa. <\/p>\n\n\n\n<p>Betonruuvin, holkin ja patentoidun \u00e4\u00e4nijalan avulla taataan vakaa asennus, joka s\u00e4ilytt\u00e4\u00e4 \u00e4\u00e4nieristysominaisuutensa koko lattian k\u00e4ytt\u00f6i\u00e4n ajan.<\/p>\n<\/div>\n<\/div>\n\n\n\n<div class=\"gb-element-5d28a983 dash-top\">\n<div class=\"last-child-mb-0\">\n<h2 class=\"gb-text h4 gb-text-9cdd281e\">Ymp\u00e4rist\u00f6yst\u00e4v\u00e4llinen valmistus ja kest\u00e4vyys<\/h2>\n<\/div>\n\n\n\n<div class=\"last-child-mb-0 gb-element-176aa6be\">\n<p>Kuten kaikki j\u00e4rjestelm\u00e4mme, my\u00f6s Giha-akustiset lattiat valmistetaan ymp\u00e4rist\u00f6\u00e4 kunnioittaen. K\u00e4yt\u00e4mme yksinomaan Joutsen-merkittyj\u00e4 ja FSC-sertifioituja lattialevyj\u00e4, jotka valmistetaan tehtaallamme 100-prosenttisesti uusiutuvalla s\u00e4hk\u00f6ll\u00e4. <\/p>\n\n\n\n<p>J\u00e4rjestelm\u00e4 on Sunda Husin, Bastan ja Byggvarubed\u00f6mningenin hyv\u00e4ksym\u00e4, mik\u00e4 tarkoittaa, ett\u00e4 saat lattian, joka ei ainoastaan vaimenna \u00e4\u00e4nt\u00e4 tehokkaasti, vaan my\u00f6s edist\u00e4\u00e4 kest\u00e4v\u00e4\u00e4 ja ilmasto\u00e4lyk\u00e4st\u00e4 rakentamista.<\/p>\n<\/div>\n<\/div>\n<\/div>\n<\/div>\n<\/div>\n\n\n\n<div>\n<div>\n<div class=\"container last-child-mb-0 gb-element-47f31ca2\">\n<h5 class=\"gb-text mht-color-accent gb-text-c58c5f8f\">Akustiikkalattia<\/h5>\n\n\n\n<h2 class=\"gb-text\">Patentoitu \u00e4\u00e4nijalka, tehokas \u00e4\u00e4nenvaimennus ja helppo asennus<\/h2>\n<\/div>\n<\/div>\n\n\n<section class=\"mht-block mht-block-cards mht-block-cards-2ed7156731608ede3de0d4c3832c9a00\">\n\n    \n<style id='mht-block-cards-2ed7156731608ede3de0d4c3832c9a00-vars'>section.mht-block-cards-2ed7156731608ede3de0d4c3832c9a00{--mht-block-cards-cards-column-gap:80px;--mht-block-cards-cards-row-gap:80px;--mht-block-cards-content-max-width:1128px;--mht-block-cards-card-text-align:center;--mht-block-cards-card-image-margin-left:auto;--mht-block-cards-card-image-margin-right:auto;--mht-block-cards-card-icon-font-size:40px;--mht-block-cards-card-icon-color:var(--mht-color-accent);--mht-block-cards-title-margin-top:46px;--mht-block-cards-title-margin-bottom:12px}@media(max-width:991.98px){section.mht-block-cards-2ed7156731608ede3de0d4c3832c9a00{--mht-block-cards-card-padding-right:19px;--mht-block-cards-card-padding-left:19px;--mht-block-cards-title-margin-top:36px}}<\/style>\n\n    <div class=\"section-rich-bg rich-bg\">\n            <\/div>\n\n    <div class=\"container\">\n        <div class=\"section-content\">\n            <div class=\"section-content--inner\" style=\"max-width:var(--mht-block-cards-content-max-width)\">\n\n                <ul class=\"cards--cards mht-grid-3 mht-grid-m-1\">\n                                            <li class=\"cards--card-item\">\n                                <div class=\"cards--card cards--card-v1\" style=\"text-align:var(--mht-block-cards-card-text-align);padding-right:var(--mht-block-cards-card-padding-right);padding-left:var(--mht-block-cards-card-padding-left)\">\n\n    <div class=\"cards--card--header\">\n        \r\n    <\/div><!-- .cards--card--header -->\n\n    <div class=\"cards--card--texts\">\n        <div class=\"cards--card--texts--inner\">\n\n            <div class=\"cards--card--body\">\n                                    <h3 class=\"cards--card--title mht-heading h5\" style=\"margin-top:var(--mht-block-cards-title-margin-top);margin-bottom:var(--mht-block-cards-title-margin-bottom)\">                        Patentoitu \u00e4\u00e4nijalka                    <\/h3>                \n                \n                                    <div class=\"cards--card--desc mht-wysiwyg\">\n                        <p>Ainutlaatuinen ja patentoitu \u00e4\u00e4nijalka on esiasennettu pohjalevyyn, mik\u00e4 s\u00e4\u00e4st\u00e4\u00e4 t\u00e4rkeit\u00e4 ty\u00f6vaiheita ja varmistaa optimaalisen t\u00e4rin\u00e4nvaimennuksen heti asennuksen yhteydess\u00e4.<\/p>\n                    <\/div>\n                            <\/div><!-- .cards--card--body -->\n\n            \n        <\/div><!-- .cards--card--texts--inner -->\n    <\/div><!-- .cards--card--texts -->\n\n    <\/div>\n                        <\/li>\n                                            <li class=\"cards--card-item\">\n                                <div class=\"cards--card cards--card-v1\" style=\"text-align:var(--mht-block-cards-card-text-align);padding-right:var(--mht-block-cards-card-padding-right);padding-left:var(--mht-block-cards-card-padding-left)\">\n\n    <div class=\"cards--card--header\">\n        \r\n    <\/div><!-- .cards--card--header -->\n\n    <div class=\"cards--card--texts\">\n        <div class=\"cards--card--texts--inner\">\n\n            <div class=\"cards--card--body\">\n                                    <h3 class=\"cards--card--title mht-heading h5\" style=\"margin-top:var(--mht-block-cards-title-margin-top);margin-bottom:var(--mht-block-cards-title-margin-bottom)\">                        \u00c4\u00e4nenvaimennuslattia                    <\/h3>                \n                \n                                    <div class=\"cards--card--desc mht-wysiwyg\">\n                        <p>J\u00e4rjestelm\u00e4mme v\u00e4hent\u00e4\u00e4 tehokkaasti sek\u00e4 ilma- ett\u00e4 askel\u00e4\u00e4nt\u00e4 jopa 26 dB, luoden hiljaisemman ja terveellisemm\u00e4n sis\u00e4ymp\u00e4rist\u00f6n.<\/p>\n                    <\/div>\n                            <\/div><!-- .cards--card--body -->\n\n            \n        <\/div><!-- .cards--card--texts--inner -->\n    <\/div><!-- .cards--card--texts -->\n\n    <\/div>\n                        <\/li>\n                                            <li class=\"cards--card-item\">\n                                <div class=\"cards--card cards--card-v1\" style=\"text-align:var(--mht-block-cards-card-text-align);padding-right:var(--mht-block-cards-card-padding-right);padding-left:var(--mht-block-cards-card-padding-left)\">\n\n    <div class=\"cards--card--header\">\n        \r\n    <\/div><!-- .cards--card--header -->\n\n    <div class=\"cards--card--texts\">\n        <div class=\"cards--card--texts--inner\">\n\n            <div class=\"cards--card--body\">\n                                    <h3 class=\"cards--card--title mht-heading h5\" style=\"margin-top:var(--mht-block-cards-title-margin-top);margin-bottom:var(--mht-block-cards-title-margin-bottom)\">                        Helppo kokoaminen                    <\/h3>                \n                \n                                    <div class=\"cards--card--desc mht-wysiwyg\">\n                        <p>Rakennelma mahdollistaa putkien ja kaapeleiden nopean asennuksen lattian alle, mik\u00e4 v\u00e4hent\u00e4\u00e4 ty\u00f6vaiheita ja alentaa merkitt\u00e4v\u00e4sti projektin kokonaiskustannuksia.<\/p>\n                    <\/div>\n                            <\/div><!-- .cards--card--body -->\n\n            \n        <\/div><!-- .cards--card--texts--inner -->\n    <\/div><!-- .cards--card--texts -->\n\n    <\/div>\n                        <\/li>\n                                    <\/ul>\n\n            <\/div><!-- .section-content-inner -->\n        <\/div><!-- .section-content -->\n    <\/div><!-- .container -->\n\n<\/section>\n<\/div>\n\n\n\n<div class=\"gb-element-4b2501b7 folj-oss\">\n<div class=\"container gb-element-fd1041ea\">\n<div class=\"last-child-mb-0 gb-element-b1b220f1\">\n<h2 class=\"gb-text h5 gb-text-350af809\">Seuraa Gihua Facebookissa!<\/h2>\n<\/div>\n\n\n\n<div class=\"gb-element-1cd099e6\"><div class=\"mht-block mht-block-contact-info mht-block-contact-info-aff2dd6ead45990c96a14d8346832fdb social-info\">\r\n\r\n    \n<style id='mht-block-contact-info-aff2dd6ead45990c96a14d8346832fdb-vars'><\/style>\n\r\n    <ul class=\"contact-info-items fa-ul layout-d-horizontal layout-m-vertical justify-content-flex-start\">\r\n                                    <li class=\"item\">\r\n                                            <a class=\"item-inner\" href=\"https:\/\/www.facebook.com\/gihagolvet\/?locale=sv_SE\" target=\"_blank\">\r\n                    \r\n                                            <span class=\"fa-li icon-wrap\"><i class=\"fa-brands fa-facebook\"><\/i><\/span>\r\n                                                                <span class=\"text\">Facebook<\/span>\r\n                    \r\n                                            <\/a>\r\n                                    <\/li>\r\n                        <\/ul>\r\n\r\n<\/div>\r\n<\/div>\n<\/div>\n<\/div>","protected":false},"excerpt":{"rendered":"<p>Akustikgolv Giha Akustikgolv Giha Akustikgolv \u00e4r ett m\u00f6nsterskyddat golvsystem utvecklat f\u00f6r att effektivt reducera ljud och vibrationer. Med v\u00e5r patenterade teknik f\u00f6r stegljuds\u00adreducering skapar vi tysta och behagliga milj\u00f6er i allt fr\u00e5n bost\u00e4der till offentliga lokaler. Giha Akustikgolv f\u00f6rhindrar att ljudet sprids till n\u00e4rliggande rum och lokaler S\u00e5 fungerar v\u00e5r m\u00f6nsterskyddade golvl\u00f6sning V\u00e5rt akustikgolv bygger [&hellip;]<\/p>\n","protected":false},"author":2,"featured_media":0,"parent":10,"menu_order":2,"comment_status":"closed","ping_status":"closed","template":"","meta":{"_acf_changed":true,"inline_featured_image":false,"footnotes":""},"class_list":["post-1632","page","type-page","status-publish","hentry"],"acf":[],"yoast_head":"<!-- This site is optimized with the Yoast SEO plugin v27.6 - https:\/\/yoast.com\/product\/yoast-seo-wordpress\/ -->\n<title>Giha Akustikgolv | Ljudreducerande golv f\u00f6r kontor och stora lokaler<\/title>\n<meta name=\"description\" content=\"Maximera ljudkomforten med Giha Akustikgolv. Patenterad ljudfot, 26 dB stegljudsf\u00f6rb\u00e4ttring och Svanen-m\u00e4rkta material f\u00f6r ljudreducering.\" \/>\n<meta name=\"robots\" content=\"index, follow, max-snippet:-1, max-image-preview:large, max-video-preview:-1\" \/>\n<link rel=\"canonical\" href=\"https:\/\/giha.se\/fi\/lattia\/akustinen-lattia\/\" \/>\n<meta property=\"og:locale\" content=\"fi_FI\" \/>\n<meta property=\"og:type\" content=\"article\" \/>\n<meta property=\"og:title\" content=\"Giha Akustikgolv | Ljudreducerande golv f\u00f6r kontor och stora lokaler\" \/>\n<meta property=\"og:description\" content=\"Maximera ljudkomforten med Giha Akustikgolv. Patenterad ljudfot, 26 dB stegljudsf\u00f6rb\u00e4ttring och Svanen-m\u00e4rkta material f\u00f6r ljudreducering.\" \/>\n<meta property=\"og:url\" content=\"https:\/\/giha.se\/fi\/lattia\/akustinen-lattia\/\" \/>\n<meta property=\"og:site_name\" content=\"Giha Golvsystem\" \/>\n<meta property=\"article:publisher\" content=\"https:\/\/www.facebook.com\/gihagolvet\/?locale=sv_SE\" \/>\n<meta property=\"article:modified_time\" content=\"2026-04-21T11:51:08+00:00\" \/>\n<meta property=\"og:image\" content=\"https:\/\/giha.se\/wp-content\/uploads\/2026\/04\/giha-hisab-akustikgolv-ljuddampande-golv@2x.webp\" \/>\n<meta name=\"twitter:card\" content=\"summary_large_image\" \/>\n<meta name=\"twitter:label1\" content=\"Est. reading time\" \/>\n\t<meta name=\"twitter:data1\" content=\"3 minuuttia\" \/>\n<script type=\"application\/ld+json\" class=\"yoast-schema-graph\">{\"@context\":\"https:\\\/\\\/schema.org\",\"@graph\":[{\"@type\":\"WebPage\",\"@id\":\"https:\\\/\\\/giha.se\\\/golv\\\/akustikgolv\\\/\",\"url\":\"https:\\\/\\\/giha.se\\\/golv\\\/akustikgolv\\\/\",\"name\":\"Giha Akustikgolv | Ljudreducerande golv f\u00f6r kontor och stora lokaler\",\"isPartOf\":{\"@id\":\"https:\\\/\\\/giha.se\\\/#website\"},\"primaryImageOfPage\":{\"@id\":\"https:\\\/\\\/giha.se\\\/golv\\\/akustikgolv\\\/#primaryimage\"},\"image\":{\"@id\":\"https:\\\/\\\/giha.se\\\/golv\\\/akustikgolv\\\/#primaryimage\"},\"thumbnailUrl\":\"https:\\\/\\\/giha.se\\\/wp-content\\\/uploads\\\/2026\\\/04\\\/giha-hisab-akustikgolv-ljuddampande-golv@2x.webp\",\"datePublished\":\"2026-04-08T07:32:29+00:00\",\"dateModified\":\"2026-04-21T11:51:08+00:00\",\"description\":\"Maximera ljudkomforten med Giha Akustikgolv. Patenterad ljudfot, 26 dB stegljudsf\u00f6rb\u00e4ttring och Svanen-m\u00e4rkta material f\u00f6r ljudreducering.\",\"breadcrumb\":{\"@id\":\"https:\\\/\\\/giha.se\\\/golv\\\/akustikgolv\\\/#breadcrumb\"},\"inLanguage\":\"fi\",\"potentialAction\":[{\"@type\":\"ReadAction\",\"target\":[\"https:\\\/\\\/giha.se\\\/golv\\\/akustikgolv\\\/\"]}]},{\"@type\":\"ImageObject\",\"inLanguage\":\"fi\",\"@id\":\"https:\\\/\\\/giha.se\\\/golv\\\/akustikgolv\\\/#primaryimage\",\"url\":\"https:\\\/\\\/giha.se\\\/wp-content\\\/uploads\\\/2026\\\/04\\\/giha-hisab-akustikgolv-ljuddampande-golv@2x.webp\",\"contentUrl\":\"https:\\\/\\\/giha.se\\\/wp-content\\\/uploads\\\/2026\\\/04\\\/giha-hisab-akustikgolv-ljuddampande-golv@2x.webp\"},{\"@type\":\"BreadcrumbList\",\"@id\":\"https:\\\/\\\/giha.se\\\/golv\\\/akustikgolv\\\/#breadcrumb\",\"itemListElement\":[{\"@type\":\"ListItem\",\"position\":1,\"name\":\"Home\",\"item\":\"https:\\\/\\\/giha.se\\\/\"},{\"@type\":\"ListItem\",\"position\":2,\"name\":\"Golv\",\"item\":\"https:\\\/\\\/giha.se\\\/golv\\\/\"},{\"@type\":\"ListItem\",\"position\":3,\"name\":\"Akustikgolv\"}]},{\"@type\":\"WebSite\",\"@id\":\"https:\\\/\\\/giha.se\\\/#website\",\"url\":\"https:\\\/\\\/giha.se\\\/\",\"name\":\"Giha Golvsystem\",\"description\":\"\",\"publisher\":{\"@id\":\"https:\\\/\\\/giha.se\\\/#organization\"},\"potentialAction\":[{\"@type\":\"SearchAction\",\"target\":{\"@type\":\"EntryPoint\",\"urlTemplate\":\"https:\\\/\\\/giha.se\\\/?s={search_term_string}\"},\"query-input\":{\"@type\":\"PropertyValueSpecification\",\"valueRequired\":true,\"valueName\":\"search_term_string\"}}],\"inLanguage\":\"fi\"},{\"@type\":[\"Organization\",\"Place\"],\"@id\":\"https:\\\/\\\/giha.se\\\/#organization\",\"name\":\"Hertig Knut Aktiebolag\",\"url\":\"https:\\\/\\\/giha.se\\\/\",\"logo\":{\"@id\":\"https:\\\/\\\/giha.se\\\/golv\\\/akustikgolv\\\/#local-main-organization-logo\"},\"image\":{\"@id\":\"https:\\\/\\\/giha.se\\\/golv\\\/akustikgolv\\\/#local-main-organization-logo\"},\"sameAs\":[\"https:\\\/\\\/www.facebook.com\\\/gihagolvet\\\/?locale=sv_SE\"],\"address\":{\"@id\":\"https:\\\/\\\/giha.se\\\/golv\\\/akustikgolv\\\/#local-main-place-address\"},\"geo\":{\"@type\":\"GeoCoordinates\",\"latitude\":\"57.15223341785647\",\"longitude\":\"12.320171146322505\"},\"telephone\":[\"0340 \u2013 62 07 64\"],\"openingHoursSpecification\":[],\"email\":\"info@giha.se\"},{\"@type\":\"PostalAddress\",\"@id\":\"https:\\\/\\\/giha.se\\\/golv\\\/akustikgolv\\\/#local-main-place-address\",\"streetAddress\":\"Lindberg 97\",\"addressLocality\":\"Varberg\",\"postalCode\":\"432 92\",\"addressCountry\":\"SE\"},{\"@type\":\"ImageObject\",\"inLanguage\":\"fi\",\"@id\":\"https:\\\/\\\/giha.se\\\/golv\\\/akustikgolv\\\/#local-main-organization-logo\",\"url\":\"https:\\\/\\\/giha.se\\\/wp-content\\\/uploads\\\/2026\\\/05\\\/Giha-Org-logo.webp\",\"contentUrl\":\"https:\\\/\\\/giha.se\\\/wp-content\\\/uploads\\\/2026\\\/05\\\/Giha-Org-logo.webp\",\"width\":696,\"height\":696,\"caption\":\"Hertig Knut Aktiebolag\"}]}<\/script>\n<meta name=\"geo.placename\" content=\"Varberg\" \/>\n<meta name=\"geo.position\" content=\"57.15223341785647;12.320171146322505\" \/>\n<meta name=\"geo.region\" content=\"Ruotsi\" \/>\n<!-- \/ Yoast SEO plugin. -->","yoast_head_json":{"title":"Giha Akustikgolv | \u00c4\u00e4nenvaimennuslattiat toimistoihin ja suuriin tiloihin","description":"Maksimoi \u00e4\u00e4nimukavuus Giha Akustikgolvilla. Patentoitu \u00e4\u00e4nijalka, 26 dB askel\u00e4\u00e4nieristys ja Joutsen-merkityt materiaalit \u00e4\u00e4nienvaimennukseen.","robots":{"index":"index","follow":"follow","max-snippet":"max-snippet:-1","max-image-preview":"max-image-preview:large","max-video-preview":"max-video-preview:-1"},"canonical":"https:\/\/giha.se\/fi\/lattia\/akustinen-lattia\/","og_locale":"fi_FI","og_type":"article","og_title":"Giha Akustikgolv | Ljudreducerande golv f\u00f6r kontor och stora lokaler","og_description":"Maximera ljudkomforten med Giha Akustikgolv. Patenterad ljudfot, 26 dB stegljudsf\u00f6rb\u00e4ttring och Svanen-m\u00e4rkta material f\u00f6r ljudreducering.","og_url":"https:\/\/giha.se\/fi\/lattia\/akustinen-lattia\/","og_site_name":"Giha Golvsystem","article_publisher":"https:\/\/www.facebook.com\/gihagolvet\/?locale=sv_SE","article_modified_time":"2026-04-21T11:51:08+00:00","og_image":[{"url":"https:\/\/giha.se\/wp-content\/uploads\/2026\/04\/giha-hisab-akustikgolv-ljuddampande-golv@2x.webp","type":"","width":"","height":""}],"twitter_card":"summary_large_image","twitter_misc":{"Est. reading time":"3 minuuttia"},"schema":{"@context":"https:\/\/schema.org","@graph":[{"@type":"WebPage","@id":"https:\/\/giha.se\/golv\/akustikgolv\/","url":"https:\/\/giha.se\/golv\/akustikgolv\/","name":"Giha Akustikgolv | \u00c4\u00e4nenvaimennuslattiat toimistoihin ja suuriin tiloihin","isPartOf":{"@id":"https:\/\/giha.se\/#website"},"primaryImageOfPage":{"@id":"https:\/\/giha.se\/golv\/akustikgolv\/#primaryimage"},"image":{"@id":"https:\/\/giha.se\/golv\/akustikgolv\/#primaryimage"},"thumbnailUrl":"https:\/\/giha.se\/wp-content\/uploads\/2026\/04\/giha-hisab-akustikgolv-ljuddampande-golv@2x.webp","datePublished":"2026-04-08T07:32:29+00:00","dateModified":"2026-04-21T11:51:08+00:00","description":"Maksimoi \u00e4\u00e4nimukavuus Giha Akustikgolvilla. Patentoitu \u00e4\u00e4nijalka, 26 dB askel\u00e4\u00e4nieristys ja Joutsen-merkityt materiaalit \u00e4\u00e4nienvaimennukseen.","breadcrumb":{"@id":"https:\/\/giha.se\/golv\/akustikgolv\/#breadcrumb"},"inLanguage":"fi","potentialAction":[{"@type":"ReadAction","target":["https:\/\/giha.se\/golv\/akustikgolv\/"]}]},{"@type":"ImageObject","inLanguage":"fi","@id":"https:\/\/giha.se\/golv\/akustikgolv\/#primaryimage","url":"https:\/\/giha.se\/wp-content\/uploads\/2026\/04\/giha-hisab-akustikgolv-ljuddampande-golv@2x.webp","contentUrl":"https:\/\/giha.se\/wp-content\/uploads\/2026\/04\/giha-hisab-akustikgolv-ljuddampande-golv@2x.webp"},{"@type":"BreadcrumbList","@id":"https:\/\/giha.se\/golv\/akustikgolv\/#breadcrumb","itemListElement":[{"@type":"ListItem","position":1,"name":"Home","item":"https:\/\/giha.se\/"},{"@type":"ListItem","position":2,"name":"Golv","item":"https:\/\/giha.se\/golv\/"},{"@type":"ListItem","position":3,"name":"Akustikgolv"}]},{"@type":"WebSite","@id":"https:\/\/giha.se\/#website","url":"https:\/\/giha.se\/","name":"Giha Lattiaratkaisut","description":"","publisher":{"@id":"https:\/\/giha.se\/#organization"},"potentialAction":[{"@type":"SearchAction","target":{"@type":"EntryPoint","urlTemplate":"https:\/\/giha.se\/?s={search_term_string}"},"query-input":{"@type":"PropertyValueSpecification","valueRequired":true,"valueName":"search_term_string"}}],"inLanguage":"fi"},{"@type":["Organization","Place"],"@id":"https:\/\/giha.se\/#organization","name":"Hertig Knut Osakeyhti\u00f6","url":"https:\/\/giha.se\/","logo":{"@id":"https:\/\/giha.se\/golv\/akustikgolv\/#local-main-organization-logo"},"image":{"@id":"https:\/\/giha.se\/golv\/akustikgolv\/#local-main-organization-logo"},"sameAs":["https:\/\/www.facebook.com\/gihagolvet\/?locale=sv_SE"],"address":{"@id":"https:\/\/giha.se\/golv\/akustikgolv\/#local-main-place-address"},"geo":{"@type":"GeoCoordinates","latitude":"57.15223341785647","longitude":"12.320171146322505"},"telephone":["0340 \u2013 62 07 64"],"openingHoursSpecification":[],"email":"info@giha.se"},{"@type":"PostalAddress","@id":"https:\/\/giha.se\/golv\/akustikgolv\/#local-main-place-address","streetAddress":"Lindberg 97","addressLocality":"Varberg","postalCode":"432 92","addressCountry":"SE"},{"@type":"ImageObject","inLanguage":"fi","@id":"https:\/\/giha.se\/golv\/akustikgolv\/#local-main-organization-logo","url":"https:\/\/giha.se\/wp-content\/uploads\/2026\/05\/Giha-Org-logo.webp","contentUrl":"https:\/\/giha.se\/wp-content\/uploads\/2026\/05\/Giha-Org-logo.webp","width":696,"height":696,"caption":"Hertig Knut Aktiebolag"}]},"geo.placename":"Varberg","geo.position":{"lat":"57.15223341785647","long":"12.320171146322505"},"geo.region":"Ruotsi"},"_links":{"self":[{"href":"https:\/\/giha.se\/fi\/wp-json\/wp\/v2\/pages\/1632","targetHints":{"allow":["GET"]}}],"collection":[{"href":"https:\/\/giha.se\/fi\/wp-json\/wp\/v2\/pages"}],"about":[{"href":"https:\/\/giha.se\/fi\/wp-json\/wp\/v2\/types\/page"}],"author":[{"embeddable":true,"href":"https:\/\/giha.se\/fi\/wp-json\/wp\/v2\/users\/2"}],"replies":[{"embeddable":true,"href":"https:\/\/giha.se\/fi\/wp-json\/wp\/v2\/comments?post=1632"}],"version-history":[{"count":0,"href":"https:\/\/giha.se\/fi\/wp-json\/wp\/v2\/pages\/1632\/revisions"}],"up":[{"embeddable":true,"href":"https:\/\/giha.se\/fi\/wp-json\/wp\/v2\/pages\/10"}],"wp:attachment":[{"href":"https:\/\/giha.se\/fi\/wp-json\/wp\/v2\/media?parent=1632"}],"curies":[{"name":"wp","href":"https:\/\/api.w.org\/{rel}","templated":true}]}}