{"id":1626,"date":"2026-04-07T15:52:29","date_gmt":"2026-04-07T13:52:29","guid":{"rendered":"https:\/\/giha.se\/?page_id=1626"},"modified":"2026-04-21T13:53:10","modified_gmt":"2026-04-21T11:53:10","slug":"haekkunargolf","status":"publish","type":"page","link":"https:\/\/giha.se\/is\/golv\/installationsgolv\/","title":{"rendered":"Lyftig\u00f3lf"},"content":{"rendered":"<div class=\"container\">\n<div class=\"gb-element-d80239bf\">\n<div class=\"last-child-mb-0 gb-element-57575c3d\">\n<h2 class=\"gb-text h5 mht-color-accent gb-text-077d671a\">Lyftig\u00f3lf<\/h2>\n\n\n\n<h1 class=\"gb-text gb-text-30719cba\">Giha uppsetningarg\u00f3lfefni<\/h1>\n\n\n\n<p class=\"gb-text gb-text-a83d4b45\">Giha Installation Flooring er kj\u00f6rinn kostur fyrir hra\u00f0a og rakafr\u00eda lagningu g\u00f3lfs. Me\u00f0 einkaleyfisverndu\u00f0um kerfum okkar bj\u00f3\u00f0um vi\u00f0 upp \u00e1 j\u00f6fn undirl\u00f6g og felum \u00fej\u00f3nustu\u00f6flun \u00e1 \u00e1hrifar\u00edkan h\u00e1tt b\u00e6\u00f0i \u00ed n\u00fdbyggingum og endurb\u00f3taverkefnum.<\/p>\n<\/div>\n\n\n\n<div class=\"gb-element-3637d379\">\n<img loading=\"lazy\" decoding=\"async\" width=\"1792\" height=\"880\" class=\"gb-media-54c2d586\" alt=\"\" src=\"https:\/\/giha.se\/wp-content\/uploads\/2026\/04\/Hisab-installationsgolv-kontor@2x-1.webp\" srcset=\"https:\/\/giha.se\/wp-content\/uploads\/2026\/04\/Hisab-installationsgolv-kontor@2x-1.webp 1792w, https:\/\/giha.se\/wp-content\/uploads\/2026\/04\/Hisab-installationsgolv-kontor@2x-1-300x147.webp 300w, https:\/\/giha.se\/wp-content\/uploads\/2026\/04\/Hisab-installationsgolv-kontor@2x-1-1024x503.webp 1024w, https:\/\/giha.se\/wp-content\/uploads\/2026\/04\/Hisab-installationsgolv-kontor@2x-1-768x377.webp 768w, https:\/\/giha.se\/wp-content\/uploads\/2026\/04\/Hisab-installationsgolv-kontor@2x-1-575x282.webp 575w, https:\/\/giha.se\/wp-content\/uploads\/2026\/04\/Hisab-installationsgolv-kontor@2x-1-1320x648.webp 1320w\" sizes=\"auto, (max-width: 1792px) 100vw, 1792px\" \/>\n\n\n\n<img loading=\"lazy\" decoding=\"async\" width=\"716\" height=\"762\" class=\"gb-media-39bf6a22\" alt=\"\" src=\"https:\/\/giha.se\/wp-content\/uploads\/2026\/04\/Hisab-installationsgolv-kontor@2x.webp\" srcset=\"https:\/\/giha.se\/wp-content\/uploads\/2026\/04\/Hisab-installationsgolv-kontor@2x.webp 716w, https:\/\/giha.se\/wp-content\/uploads\/2026\/04\/Hisab-installationsgolv-kontor@2x-282x300.webp 282w, https:\/\/giha.se\/wp-content\/uploads\/2026\/04\/Hisab-installationsgolv-kontor@2x-575x612.webp 575w\" sizes=\"auto, (max-width: 716px) 100vw, 716px\" \/>\n<\/div>\n\n\n\n<div class=\"gb-element-ee322066\">\n<h2 class=\"gb-text h4-m gb-text-62d75167\">T\u00edma- og kostna\u00f0arskilvirk, jafnar \u00f3j\u00f6fn g\u00f3lf og er algj\u00f6rlega laust vi\u00f0 raka.<\/h2>\n\n\n\n<h4 class=\"gb-text h5 gb-text-ba979222\">Hvernig Giha-innsetningarg\u00f3lf virkar<\/h4>\n\n\n\n<p>Kerfi\u00f0 okkar byggir \u00e1 snjallri a\u00f0fer\u00f0 \u00fear sem krosssp\u00f3narg\u00f3lfsplankar hv\u00edla beint \u00e1 nylonskr\u00fafum sem eru stilltir \u00ed n\u00e1kv\u00e6mlega r\u00e9tta h\u00e6\u00f0. \u00deetta \u00fatr\u00fdmir \u00fe\u00f6rfinni \u00e1 t\u00edmafrekri sl\u00e9ttun e\u00f0a sj\u00e1lfsj\u00f6fnunarefni, sem gerir ferli\u00f0 b\u00e6\u00f0i t\u00edma- og kostna\u00f0arhagkv\u00e6mt. Me\u00f0 \u00fev\u00ed a\u00f0 for\u00f0ast blauta vinnu b\u00e6tist enginn raki inn \u00ed bygginguna og au\u00f0velt er a\u00f0 sl\u00e9tta gamlar, \u00f3j\u00f6fnar tr\u00e9g\u00f3lfur e\u00f0a beran steypug\u00f3lf. \u00deetta skilur eftir n\u00e6gt pl\u00e1ss undir g\u00f3lffl\u00f6tinni til a\u00f0 lei\u00f0a rafmagns-, p\u00edpu- og netkapla fallega.<\/p>\n\n\n\n<p>Kerfi\u00f0 er afar sveigjanlegt og hentar fj\u00f6lbreyttum umhverfum, svo sem n\u00fat\u00edmalegum skrifstofum, sm\u00e1s\u00f6lur\u00fdmum og t\u00e6kniv\u00e6num t\u00f6lvu- e\u00f0a \u00fej\u00f3nustustofum. \u00dea\u00f0 er einnig fr\u00e1b\u00e6r lausn fyrir opinberar byggingar, svo sem sk\u00f3la, leiksk\u00f3la og kirkjur, \u00fear sem a\u00f0gengi og falin uppsetning eru nau\u00f0synleg. Veitingasta\u00f0ir, fr\u00e6\u00f0slubyggingar og \u00fej\u00f3nustubyggingar nj\u00f3ta einnig g\u00f3\u00f0s af stuttri uppsetningart\u00edma. Fyrir kjallaraumhverfi er \u00feetta \u00f6ruggt val \u00fear sem h\u00f6nnunin gerir kleift loftstreymi undir g\u00f3lfi og heldur g\u00f3lffleti \u00feurrku og heitu.<\/p>\n<\/div>\n\n\n\n<div class=\"gb-element-bd49e5df\">\n<div class=\"gb-element-5bd14ef8 dash-top\">\n<div class=\"last-child-mb-0\">\n<h2 class=\"gb-text h4 gb-text-ec480733\">Stigast\u00fdringarvirkni fyrir algeran sveigjanleika<\/h2>\n<\/div>\n\n\n\n<div class=\"last-child-mb-0 gb-element-307c1843\">\n<p>Giha upph\u00e6kka\u00f0 a\u00f0gengisg\u00f3lf b\u00fd\u00f0ur upp \u00e1 einstaka sj\u00e1lfsl\u00e9ttandi virkni sem getur stillt g\u00f3lfsh\u00e6\u00f0ina fr\u00e1 26 mm upp \u00ed 400 mm, \u00fear me\u00f0 tali\u00f0 sp\u00f3napl\u00f6tug\u00f3lfi\u00f0. \u00deetta gerir kleift a\u00f0 vega upp veruleg h\u00e6\u00f0amismun og \u00f3j\u00f6fnur \u00ed undirlagi \u00e1n \u00feess a\u00f0 \u00feurfa \u00feungar og kostna\u00f0arsamar undirlegur. <\/p>\n\n\n\n<p>Stilling er flj\u00f3tleg og au\u00f0veld \u00fe\u00f6kk s\u00e9 fyrirfram uppsettum \u00fer\u00fdstihylkjum, sem tryggja fullkomlega jafna yfirbor\u00f0s\u00e1fer\u00f0 \u00f3h\u00e1\u00f0 \u00fev\u00ed hvort um er a\u00f0 r\u00e6\u00f0a hallandi i\u00f0na\u00f0ar g\u00f3lf e\u00f0a bogi\u00f0 bitag\u00f3lf \u00ed eldri h\u00fasi.<\/p>\n<\/div>\n<\/div>\n\n\n\n<div class=\"gb-element-d69de223 dash-top\">\n<div class=\"last-child-mb-0\">\n<h2 class=\"gb-text h4 gb-text-9581baac\">Au\u00f0velt a\u00f0 stilla aftur og \u00f3s\u00fdnileg festing<\/h2>\n<\/div>\n\n\n\n<div class=\"last-child-mb-0 gb-element-fb66abdd\">\n<p>\u00deegar uppsetningarvinna undir g\u00f3lfinu er loki\u00f0 og h\u00e6\u00f0in hefur veri\u00f0 stillt, eru nylonskr\u00fafurnar klipptar til a\u00f0 n\u00e1 fullkomnu yfirbrag\u00f0i. Ef framt\u00ed\u00f0ar sko\u00f0anir e\u00f0a vi\u00f0b\u00f3tar kapallagning ver\u00f0ur nau\u00f0synleg, er h\u00e6gt a\u00f0 nota s\u00e9rh\u00f6nnu\u00f0 lokpl\u00f6tur okkar til a\u00f0 komast au\u00f0veldlega aftur a\u00f0 sv\u00e6\u00f0inu. <\/p>\n\n\n\n<p>Hl\u00edfarnar eru festar \u00ed festingum g\u00f3lffl\u00edsarinnar og s\u00ed\u00f0an fali\u00f0 vandlega undir teppi e\u00f0a me\u00f0 sj\u00e1lffyllandi m\u00far. Ef \u00fe\u00fa velur a\u00f0 leggja parket e\u00f0a vi\u00f0arg\u00f3lf ofan \u00e1 \u00fe\u00e6r, \u00fearf alls engar hl\u00edfapl\u00f6tur, sem gerir kerfi\u00f0 algerlega \u00f3s\u00fdnilegt fyrir auga\u00f0.<\/p>\n<\/div>\n<\/div>\n\n\n\n<div class=\"gb-element-5d28a983 dash-top\">\n<div class=\"last-child-mb-0\">\n<h2 class=\"gb-text h4 gb-text-9cdd281e\">T\u00e6knilegar uppl\u00fdsingar um Giha h\u00e6kka\u00f0 a\u00f0gengisg\u00f3lf<\/h2>\n<\/div>\n\n\n\n<div class=\"last-child-mb-0 gb-element-176aa6be\">\n<p>Kerfi\u00f0 samanstendur af a\u00f0eins f\u00e1um \u00edhlutum til a\u00f0 l\u00e1gmarka efnisme\u00f0h\u00f6ndlun og flutnings\u00fe\u00f6rf. G\u00f3lffl\u00edsar okkar eru 22 mm \u00feykkar og eru f\u00e1anlegar me\u00f0 foruppsettri frumuplast-einangrun til a\u00f0 b\u00e6ta varm\u00fe\u00e6gindi og hlj\u00f3\u00f0einangrun. <\/p>\n\n\n\n<p>Til \u00f6ruggrar festingar eru anna\u00f0hvort steypuskr\u00fafur e\u00f0a naglapluggar nota\u00f0ir, allt eftir e\u00f0li undirlagsins. Allir \u00edhlutir eru hanna\u00f0ir til a\u00f0 \u00feola mikla \u00e1lag, sem gerir Giha a\u00f0 \u00e1rei\u00f0anlegum samstarfsa\u00f0ila fyrir \u00feung skrifstofuh\u00fasg\u00f6gn og t\u00e6knib\u00fana\u00f0 \u00ed krefjandi umhverfi.<\/p>\n<\/div>\n<\/div>\n<\/div>\n<\/div>\n\n\n\n<div>\n<div>\n<div class=\"container last-child-mb-0 gb-element-47f31ca2\">\n<h5 class=\"gb-text mht-color-accent gb-text-c58c5f8f\">Giha uppsetningarg\u00f3lfefni<\/h5>\n\n\n\n<h2 class=\"gb-text\">Flj\u00f3tleg uppsetning, mikil bur\u00f0argeta og rakafr\u00ed h\u00f6nnun<\/h2>\n<\/div>\n<\/div>\n\n\n<section class=\"mht-block mht-block-cards mht-block-cards-69450ee1e749475ce9aef2e5d7c6e869\">\n\n    \n<style id='mht-block-cards-69450ee1e749475ce9aef2e5d7c6e869-vars'>section.mht-block-cards-69450ee1e749475ce9aef2e5d7c6e869{--mht-block-cards-cards-column-gap:80px;--mht-block-cards-cards-row-gap:80px;--mht-block-cards-content-max-width:1128px;--mht-block-cards-card-text-align:center;--mht-block-cards-card-image-margin-left:auto;--mht-block-cards-card-image-margin-right:auto;--mht-block-cards-card-icon-font-size:40px;--mht-block-cards-card-icon-color:var(--mht-color-accent);--mht-block-cards-title-margin-top:46px;--mht-block-cards-title-margin-bottom:12px}@media(max-width:991.98px){section.mht-block-cards-69450ee1e749475ce9aef2e5d7c6e869{--mht-block-cards-card-padding-right:19px;--mht-block-cards-card-padding-left:19px;--mht-block-cards-title-margin-top:36px}}<\/style>\n\n    <div class=\"section-rich-bg rich-bg\">\n            <\/div>\n\n    <div class=\"container\">\n        <div class=\"section-content\">\n            <div class=\"section-content--inner\" style=\"max-width:var(--mht-block-cards-content-max-width)\">\n\n                <ul class=\"cards--cards mht-grid-3 mht-grid-m-1\">\n                                            <li class=\"cards--card-item\">\n                                <div class=\"cards--card cards--card-v1\" style=\"text-align:var(--mht-block-cards-card-text-align);padding-right:var(--mht-block-cards-card-padding-right);padding-left:var(--mht-block-cards-card-padding-left)\">\n\n    <div class=\"cards--card--header\">\n        \r\n    <\/div><!-- .cards--card--header -->\n\n    <div class=\"cards--card--texts\">\n        <div class=\"cards--card--texts--inner\">\n\n            <div class=\"cards--card--body\">\n                                    <h3 class=\"cards--card--title mht-heading h5\" style=\"margin-top:var(--mht-block-cards-title-margin-top);margin-bottom:var(--mht-block-cards-title-margin-bottom)\">                        Fyrir m\u00f6rg yfirbor\u00f0                    <\/h3>                \n                \n                                    <div class=\"cards--card--desc mht-wysiwyg\">\n                        <p>Kerfi okkar er au\u00f0velt a\u00f0 a\u00f0laga b\u00e6\u00f0i vi\u00f0 n\u00fdbyggingar og endurb\u00e6tur, \u00f3h\u00e1\u00f0 \u00fev\u00ed hvort undirlagi\u00f0 s\u00e9 steypa, vi\u00f0 e\u00f0a me\u00f0 verulegum \u00f3j\u00f6fnum.<\/p>\n                    <\/div>\n                            <\/div><!-- .cards--card--body -->\n\n            \n        <\/div><!-- .cards--card--texts--inner -->\n    <\/div><!-- .cards--card--texts -->\n\n    <\/div>\n                        <\/li>\n                                            <li class=\"cards--card-item\">\n                                <div class=\"cards--card cards--card-v1\" style=\"text-align:var(--mht-block-cards-card-text-align);padding-right:var(--mht-block-cards-card-padding-right);padding-left:var(--mht-block-cards-card-padding-left)\">\n\n    <div class=\"cards--card--header\">\n        \r\n    <\/div><!-- .cards--card--header -->\n\n    <div class=\"cards--card--texts\">\n        <div class=\"cards--card--texts--inner\">\n\n            <div class=\"cards--card--body\">\n                                    <h3 class=\"cards--card--title mht-heading h5\" style=\"margin-top:var(--mht-block-cards-title-margin-top);margin-bottom:var(--mht-block-cards-title-margin-bottom)\">                        F\u00e6rri skref                    <\/h3>                \n                \n                                    <div class=\"cards--card--desc mht-wysiwyg\">\n                        <p>Ekki \u00fearf a\u00f0 mj\u00f3ka e\u00f0a sl\u00e9tta; g\u00f3lfi\u00f0 hv\u00edlir \u00e1 nylonskr\u00fafum, sem fl\u00fdtir fyrir uppsetningu og dregur verulega \u00far heildarkostna\u00f0i verkefnisins.<\/p>\n                    <\/div>\n                            <\/div><!-- .cards--card--body -->\n\n            \n        <\/div><!-- .cards--card--texts--inner -->\n    <\/div><!-- .cards--card--texts -->\n\n    <\/div>\n                        <\/li>\n                                            <li class=\"cards--card-item\">\n                                <div class=\"cards--card cards--card-v1\" style=\"text-align:var(--mht-block-cards-card-text-align);padding-right:var(--mht-block-cards-card-padding-right);padding-left:var(--mht-block-cards-card-padding-left)\">\n\n    <div class=\"cards--card--header\">\n        \r\n    <\/div><!-- .cards--card--header -->\n\n    <div class=\"cards--card--texts\">\n        <div class=\"cards--card--texts--inner\">\n\n            <div class=\"cards--card--body\">\n                                    <h3 class=\"cards--card--title mht-heading h5\" style=\"margin-top:var(--mht-block-cards-title-margin-top);margin-bottom:var(--mht-block-cards-title-margin-bottom)\">                        \u00c1 ekki vi\u00f0 um uppsetninguna                    <\/h3>                \n                \n                                    <div class=\"cards--card--desc mht-wysiwyg\">\n                        <p>L\u00e1g byggingarh\u00e6\u00f0 og sveigjanleg j\u00f6fnun gera kleift a\u00f0 vi\u00f0halda n\u00faverandi skipulagi h\u00fasn\u00e6\u00f0isins \u00e1n \u00feess a\u00f0 \u00feurfa umfangsmiklar bur\u00f0arvirkisbreytingar.<\/p>\n                    <\/div>\n                            <\/div><!-- .cards--card--body -->\n\n            \n        <\/div><!-- .cards--card--texts--inner -->\n    <\/div><!-- .cards--card--texts -->\n\n    <\/div>\n                        <\/li>\n                                    <\/ul>\n\n            <\/div><!-- .section-content-inner -->\n        <\/div><!-- .section-content -->\n    <\/div><!-- .container -->\n\n<\/section>\n<\/div>\n<\/div>\n\n\n\n<div class=\"gb-element-4b2501b7 folj-oss\">\n<div class=\"container gb-element-fd1041ea\">\n<div class=\"last-child-mb-0 gb-element-b1b220f1\">\n<h2 class=\"gb-text h5 gb-text-350af809\">Fylgdu Giha \u00e1 Facebook!<\/h2>\n<\/div>\n\n\n\n<div class=\"gb-element-1cd099e6\"><div class=\"mht-block mht-block-contact-info mht-block-contact-info-e5aecf11a4973492f826872837b7f664 social-info\">\r\n\r\n    \n<style id='mht-block-contact-info-e5aecf11a4973492f826872837b7f664-vars'><\/style>\n\r\n    <ul class=\"contact-info-items fa-ul layout-d-horizontal layout-m-vertical justify-content-flex-start\">\r\n                                    <li class=\"item\">\r\n                                            <a class=\"item-inner\" href=\"https:\/\/www.facebook.com\/gihagolvet\/?locale=sv_SE\" target=\"_blank\">\r\n                    \r\n                                            <span class=\"fa-li icon-wrap\"><i class=\"fa-brands fa-facebook\"><\/i><\/span>\r\n                                                                <span class=\"text\">Facebook<\/span>\r\n                    \r\n                                            <\/a>\r\n                                    <\/li>\r\n                        <\/ul>\r\n\r\n<\/div>\r\n<\/div>\n<\/div>\n<\/div>","protected":false},"excerpt":{"rendered":"<p>Installationsgolv Giha Installationsgolv Giha Installationsgolv \u00e4r det optimala valet f\u00f6r en snabb och fuktfri golvkonstruktion. Med v\u00e5ra patenterade system skapar vi j\u00e4mna underlag och d\u00f6ljer installationer effektivt i b\u00e5de nybyggnation och renoveringsprojekt. Tids- och kostnadseffektivt, rikta upp oj\u00e4mna golv och helt fritt fr\u00e5n fukt S\u00e5 fungerar Giha Installationsgolv V\u00e5rt system bygger p\u00e5 en genialisk metod [&hellip;]<\/p>\n","protected":false},"author":2,"featured_media":0,"parent":10,"menu_order":1,"comment_status":"closed","ping_status":"closed","template":"","meta":{"_acf_changed":true,"inline_featured_image":false,"footnotes":""},"class_list":["post-1626","page","type-page","status-publish","hentry"],"acf":[],"yoast_head":"<!-- This site is optimized with the Yoast SEO plugin v27.6 - https:\/\/yoast.com\/product\/yoast-seo-wordpress\/ -->\n<title>Giha Installationsgolv | Smart golvsystem med enkel installation<\/title>\n<meta name=\"description\" content=\"Snabb golvl\u00e4ggning med Giha Installationsgolv. Slipp gjutning med v\u00e5ra niv\u00e5reglerande system. Milj\u00f6v\u00e4nligt, fuktfritt och t\u00e5l h\u00f6g belastning.\" \/>\n<meta name=\"robots\" content=\"index, follow, max-snippet:-1, max-image-preview:large, max-video-preview:-1\" \/>\n<link rel=\"canonical\" href=\"https:\/\/giha.se\/is\/golf\/haekkunargolf\/\" \/>\n<meta property=\"og:locale\" content=\"is_IS\" \/>\n<meta property=\"og:type\" content=\"article\" \/>\n<meta property=\"og:title\" content=\"Giha Installationsgolv | Smart golvsystem med enkel installation\" \/>\n<meta property=\"og:description\" content=\"Snabb golvl\u00e4ggning med Giha Installationsgolv. Slipp gjutning med v\u00e5ra niv\u00e5reglerande system. Milj\u00f6v\u00e4nligt, fuktfritt och t\u00e5l h\u00f6g belastning.\" \/>\n<meta property=\"og:url\" content=\"https:\/\/giha.se\/is\/golf\/haekkunargolf\/\" \/>\n<meta property=\"og:site_name\" content=\"Giha Golvsystem\" \/>\n<meta property=\"article:publisher\" content=\"https:\/\/www.facebook.com\/gihagolvet\/?locale=sv_SE\" \/>\n<meta property=\"article:modified_time\" content=\"2026-04-21T11:53:10+00:00\" \/>\n<meta property=\"og:image\" content=\"https:\/\/giha.se\/wp-content\/uploads\/2026\/04\/Hisab-installationsgolv-kontor@2x-1.webp\" \/>\n<meta name=\"twitter:card\" content=\"summary_large_image\" \/>\n<meta name=\"twitter:label1\" content=\"Est. reading time\" \/>\n\t<meta name=\"twitter:data1\" content=\"3 minutes\" \/>\n<script type=\"application\/ld+json\" class=\"yoast-schema-graph\">{\"@context\":\"https:\\\/\\\/schema.org\",\"@graph\":[{\"@type\":\"WebPage\",\"@id\":\"https:\\\/\\\/giha.se\\\/golv\\\/installationsgolv\\\/\",\"url\":\"https:\\\/\\\/giha.se\\\/golv\\\/installationsgolv\\\/\",\"name\":\"Giha Installationsgolv | Smart golvsystem med enkel installation\",\"isPartOf\":{\"@id\":\"https:\\\/\\\/giha.se\\\/#website\"},\"primaryImageOfPage\":{\"@id\":\"https:\\\/\\\/giha.se\\\/golv\\\/installationsgolv\\\/#primaryimage\"},\"image\":{\"@id\":\"https:\\\/\\\/giha.se\\\/golv\\\/installationsgolv\\\/#primaryimage\"},\"thumbnailUrl\":\"https:\\\/\\\/giha.se\\\/wp-content\\\/uploads\\\/2026\\\/04\\\/Hisab-installationsgolv-kontor@2x-1.webp\",\"datePublished\":\"2026-04-07T13:52:29+00:00\",\"dateModified\":\"2026-04-21T11:53:10+00:00\",\"description\":\"Snabb golvl\u00e4ggning med Giha Installationsgolv. Slipp gjutning med v\u00e5ra niv\u00e5reglerande system. Milj\u00f6v\u00e4nligt, fuktfritt och t\u00e5l h\u00f6g belastning.\",\"breadcrumb\":{\"@id\":\"https:\\\/\\\/giha.se\\\/golv\\\/installationsgolv\\\/#breadcrumb\"},\"inLanguage\":\"is\",\"potentialAction\":[{\"@type\":\"ReadAction\",\"target\":[\"https:\\\/\\\/giha.se\\\/golv\\\/installationsgolv\\\/\"]}]},{\"@type\":\"ImageObject\",\"inLanguage\":\"is\",\"@id\":\"https:\\\/\\\/giha.se\\\/golv\\\/installationsgolv\\\/#primaryimage\",\"url\":\"https:\\\/\\\/giha.se\\\/wp-content\\\/uploads\\\/2026\\\/04\\\/Hisab-installationsgolv-kontor@2x-1.webp\",\"contentUrl\":\"https:\\\/\\\/giha.se\\\/wp-content\\\/uploads\\\/2026\\\/04\\\/Hisab-installationsgolv-kontor@2x-1.webp\"},{\"@type\":\"BreadcrumbList\",\"@id\":\"https:\\\/\\\/giha.se\\\/golv\\\/installationsgolv\\\/#breadcrumb\",\"itemListElement\":[{\"@type\":\"ListItem\",\"position\":1,\"name\":\"Home\",\"item\":\"https:\\\/\\\/giha.se\\\/\"},{\"@type\":\"ListItem\",\"position\":2,\"name\":\"Golv\",\"item\":\"https:\\\/\\\/giha.se\\\/golv\\\/\"},{\"@type\":\"ListItem\",\"position\":3,\"name\":\"Installationsgolv\"}]},{\"@type\":\"WebSite\",\"@id\":\"https:\\\/\\\/giha.se\\\/#website\",\"url\":\"https:\\\/\\\/giha.se\\\/\",\"name\":\"Giha Golvsystem\",\"description\":\"\",\"publisher\":{\"@id\":\"https:\\\/\\\/giha.se\\\/#organization\"},\"potentialAction\":[{\"@type\":\"SearchAction\",\"target\":{\"@type\":\"EntryPoint\",\"urlTemplate\":\"https:\\\/\\\/giha.se\\\/?s={search_term_string}\"},\"query-input\":{\"@type\":\"PropertyValueSpecification\",\"valueRequired\":true,\"valueName\":\"search_term_string\"}}],\"inLanguage\":\"is\"},{\"@type\":[\"Organization\",\"Place\"],\"@id\":\"https:\\\/\\\/giha.se\\\/#organization\",\"name\":\"Hertig Knut Aktiebolag\",\"url\":\"https:\\\/\\\/giha.se\\\/\",\"logo\":{\"@id\":\"https:\\\/\\\/giha.se\\\/golv\\\/installationsgolv\\\/#local-main-organization-logo\"},\"image\":{\"@id\":\"https:\\\/\\\/giha.se\\\/golv\\\/installationsgolv\\\/#local-main-organization-logo\"},\"sameAs\":[\"https:\\\/\\\/www.facebook.com\\\/gihagolvet\\\/?locale=sv_SE\"],\"address\":{\"@id\":\"https:\\\/\\\/giha.se\\\/golv\\\/installationsgolv\\\/#local-main-place-address\"},\"geo\":{\"@type\":\"GeoCoordinates\",\"latitude\":\"57.15223341785647\",\"longitude\":\"12.320171146322505\"},\"telephone\":[\"0340 \u2013 62 07 64\"],\"openingHoursSpecification\":[],\"email\":\"info@giha.se\"},{\"@type\":\"PostalAddress\",\"@id\":\"https:\\\/\\\/giha.se\\\/golv\\\/installationsgolv\\\/#local-main-place-address\",\"streetAddress\":\"Lindberg 97\",\"addressLocality\":\"Varberg\",\"postalCode\":\"432 92\",\"addressCountry\":\"SE\"},{\"@type\":\"ImageObject\",\"inLanguage\":\"is\",\"@id\":\"https:\\\/\\\/giha.se\\\/golv\\\/installationsgolv\\\/#local-main-organization-logo\",\"url\":\"https:\\\/\\\/giha.se\\\/wp-content\\\/uploads\\\/2026\\\/05\\\/Giha-Org-logo.webp\",\"contentUrl\":\"https:\\\/\\\/giha.se\\\/wp-content\\\/uploads\\\/2026\\\/05\\\/Giha-Org-logo.webp\",\"width\":696,\"height\":696,\"caption\":\"Hertig Knut Aktiebolag\"}]}<\/script>\n<meta name=\"geo.placename\" content=\"Varberg\" \/>\n<meta name=\"geo.position\" content=\"57.15223341785647;12.320171146322505\" \/>\n<meta name=\"geo.region\" content=\"Sweden\" \/>\n<!-- \/ Yoast SEO plugin. -->","yoast_head_json":{"title":"Giha Modular Flooring | Snjallt g\u00f3lfkerfi sem er au\u00f0velt a\u00f0 leggja","description":"Flj\u00f3tleg g\u00f3lfsme\u00f0h\u00f6ndlun me\u00f0 Giha Installationsgolv. Engin \u00fe\u00f6rf \u00e1 a\u00f0 sl\u00e9tta me\u00f0 okkar sj\u00e1lfsl\u00e9ttikerfum. Umhverfisv\u00e6nt, \u00e1n raka og \u00feolir mikla \u00e1lag.","robots":{"index":"index","follow":"follow","max-snippet":"max-snippet:-1","max-image-preview":"max-image-preview:large","max-video-preview":"max-video-preview:-1"},"canonical":"https:\/\/giha.se\/is\/golf\/haekkunargolf\/","og_locale":"is_IS","og_type":"article","og_title":"Giha Installationsgolv | Smart golvsystem med enkel installation","og_description":"Snabb golvl\u00e4ggning med Giha Installationsgolv. Slipp gjutning med v\u00e5ra niv\u00e5reglerande system. Milj\u00f6v\u00e4nligt, fuktfritt och t\u00e5l h\u00f6g belastning.","og_url":"https:\/\/giha.se\/is\/golf\/haekkunargolf\/","og_site_name":"Giha Golvsystem","article_publisher":"https:\/\/www.facebook.com\/gihagolvet\/?locale=sv_SE","article_modified_time":"2026-04-21T11:53:10+00:00","og_image":[{"url":"https:\/\/giha.se\/wp-content\/uploads\/2026\/04\/Hisab-installationsgolv-kontor@2x-1.webp","type":"","width":"","height":""}],"twitter_card":"summary_large_image","twitter_misc":{"Est. reading time":"3 minutes"},"schema":{"@context":"https:\/\/schema.org","@graph":[{"@type":"WebPage","@id":"https:\/\/giha.se\/golv\/installationsgolv\/","url":"https:\/\/giha.se\/golv\/installationsgolv\/","name":"Giha Modular Flooring | Snjallt g\u00f3lfkerfi sem er au\u00f0velt a\u00f0 leggja","isPartOf":{"@id":"https:\/\/giha.se\/#website"},"primaryImageOfPage":{"@id":"https:\/\/giha.se\/golv\/installationsgolv\/#primaryimage"},"image":{"@id":"https:\/\/giha.se\/golv\/installationsgolv\/#primaryimage"},"thumbnailUrl":"https:\/\/giha.se\/wp-content\/uploads\/2026\/04\/Hisab-installationsgolv-kontor@2x-1.webp","datePublished":"2026-04-07T13:52:29+00:00","dateModified":"2026-04-21T11:53:10+00:00","description":"Flj\u00f3tleg g\u00f3lfsme\u00f0h\u00f6ndlun me\u00f0 Giha Installationsgolv. Engin \u00fe\u00f6rf \u00e1 a\u00f0 sl\u00e9tta me\u00f0 okkar sj\u00e1lfsl\u00e9ttikerfum. Umhverfisv\u00e6nt, \u00e1n raka og \u00feolir mikla \u00e1lag.","breadcrumb":{"@id":"https:\/\/giha.se\/golv\/installationsgolv\/#breadcrumb"},"inLanguage":"is","potentialAction":[{"@type":"ReadAction","target":["https:\/\/giha.se\/golv\/installationsgolv\/"]}]},{"@type":"ImageObject","inLanguage":"is","@id":"https:\/\/giha.se\/golv\/installationsgolv\/#primaryimage","url":"https:\/\/giha.se\/wp-content\/uploads\/2026\/04\/Hisab-installationsgolv-kontor@2x-1.webp","contentUrl":"https:\/\/giha.se\/wp-content\/uploads\/2026\/04\/Hisab-installationsgolv-kontor@2x-1.webp"},{"@type":"BreadcrumbList","@id":"https:\/\/giha.se\/golv\/installationsgolv\/#breadcrumb","itemListElement":[{"@type":"ListItem","position":1,"name":"Home","item":"https:\/\/giha.se\/"},{"@type":"ListItem","position":2,"name":"Golv","item":"https:\/\/giha.se\/golv\/"},{"@type":"ListItem","position":3,"name":"Installationsgolv"}]},{"@type":"WebSite","@id":"https:\/\/giha.se\/#website","url":"https:\/\/giha.se\/","name":"Giha g\u00f3lffl\u00edsakerfi","description":"","publisher":{"@id":"https:\/\/giha.se\/#organization"},"potentialAction":[{"@type":"SearchAction","target":{"@type":"EntryPoint","urlTemplate":"https:\/\/giha.se\/?s={search_term_string}"},"query-input":{"@type":"PropertyValueSpecification","valueRequired":true,"valueName":"search_term_string"}}],"inLanguage":"is"},{"@type":["Organization","Place"],"@id":"https:\/\/giha.se\/#organization","name":"Hertig Knut Limited","url":"https:\/\/giha.se\/","logo":{"@id":"https:\/\/giha.se\/golv\/installationsgolv\/#local-main-organization-logo"},"image":{"@id":"https:\/\/giha.se\/golv\/installationsgolv\/#local-main-organization-logo"},"sameAs":["https:\/\/www.facebook.com\/gihagolvet\/?locale=sv_SE"],"address":{"@id":"https:\/\/giha.se\/golv\/installationsgolv\/#local-main-place-address"},"geo":{"@type":"GeoCoordinates","latitude":"57.15223341785647","longitude":"12.320171146322505"},"telephone":["0340 \u2013 62 07 64"],"openingHoursSpecification":[],"email":"info@giha.se"},{"@type":"PostalAddress","@id":"https:\/\/giha.se\/golv\/installationsgolv\/#local-main-place-address","streetAddress":"Lindberg 97","addressLocality":"Varberg","postalCode":"432 92","addressCountry":"SE"},{"@type":"ImageObject","inLanguage":"is","@id":"https:\/\/giha.se\/golv\/installationsgolv\/#local-main-organization-logo","url":"https:\/\/giha.se\/wp-content\/uploads\/2026\/05\/Giha-Org-logo.webp","contentUrl":"https:\/\/giha.se\/wp-content\/uploads\/2026\/05\/Giha-Org-logo.webp","width":696,"height":696,"caption":"Hertig Knut Aktiebolag"}]},"geo.placename":"Varberg","geo.position":{"lat":"57.15223341785647","long":"12.320171146322505"},"geo.region":"Sweden"},"_links":{"self":[{"href":"https:\/\/giha.se\/is\/wp-json\/wp\/v2\/pages\/1626","targetHints":{"allow":["GET"]}}],"collection":[{"href":"https:\/\/giha.se\/is\/wp-json\/wp\/v2\/pages"}],"about":[{"href":"https:\/\/giha.se\/is\/wp-json\/wp\/v2\/types\/page"}],"author":[{"embeddable":true,"href":"https:\/\/giha.se\/is\/wp-json\/wp\/v2\/users\/2"}],"replies":[{"embeddable":true,"href":"https:\/\/giha.se\/is\/wp-json\/wp\/v2\/comments?post=1626"}],"version-history":[{"count":0,"href":"https:\/\/giha.se\/is\/wp-json\/wp\/v2\/pages\/1626\/revisions"}],"up":[{"embeddable":true,"href":"https:\/\/giha.se\/is\/wp-json\/wp\/v2\/pages\/10"}],"wp:attachment":[{"href":"https:\/\/giha.se\/is\/wp-json\/wp\/v2\/media?parent=1626"}],"curies":[{"name":"wp","href":"https:\/\/api.w.org\/{rel}","templated":true}]}}