{"id":1635,"date":"2026-04-08T09:33:13","date_gmt":"2026-04-08T07:33:13","guid":{"rendered":"https:\/\/giha.se\/?page_id=1635"},"modified":"2026-04-21T13:50:05","modified_gmt":"2026-04-21T11:50:05","slug":"honnun","status":"publish","type":"page","link":"https:\/\/giha.se\/is\/golv\/projektering\/","title":{"rendered":"H\u00f6nnun"},"content":{"rendered":"<div class=\"container\">\n<div class=\"gb-element-d80239bf\">\n<div class=\"last-child-mb-0 gb-element-57575c3d\">\n<h2 class=\"gb-text h5 mht-color-accent gb-text-077d671a\">H\u00f6nnun<\/h2>\n\n\n\n<h1 class=\"gb-text gb-text-30719cba\">H\u00f6nnun og \u00fer\u00f3un<\/h1>\n\n\n\n<p class=\"gb-text gb-text-a83d4b45\">Hj\u00e1 Giha sameinum vi\u00f0 yfir 25 \u00e1ra reynslu og n\u00fat\u00edmalega n\u00fdsk\u00f6pun til a\u00f0 hanna og \u00fer\u00f3a s\u00e9rsni\u00f0in g\u00f3lfkerfi. Fr\u00e1 t\u00e6knilegum \u00fatreikningum til fullunninnar v\u00f6ru tryggjum vi\u00f0 sj\u00e1lfb\u00e6rar lausnir fyrir allar tegundir umhverfis.<\/p>\n<\/div>\n\n\n\n<div class=\"gb-element-3637d379\">\n<img loading=\"lazy\" decoding=\"async\" width=\"1792\" height=\"880\" class=\"gb-media-54c2d586\" alt=\"\" src=\"https:\/\/giha.se\/wp-content\/uploads\/2026\/04\/giha-hisab-mekaniskt-ventilerat-golv@2x.webp\" srcset=\"https:\/\/giha.se\/wp-content\/uploads\/2026\/04\/giha-hisab-mekaniskt-ventilerat-golv@2x.webp 1792w, https:\/\/giha.se\/wp-content\/uploads\/2026\/04\/giha-hisab-mekaniskt-ventilerat-golv@2x-300x147.webp 300w, https:\/\/giha.se\/wp-content\/uploads\/2026\/04\/giha-hisab-mekaniskt-ventilerat-golv@2x-1024x503.webp 1024w, https:\/\/giha.se\/wp-content\/uploads\/2026\/04\/giha-hisab-mekaniskt-ventilerat-golv@2x-768x377.webp 768w, https:\/\/giha.se\/wp-content\/uploads\/2026\/04\/giha-hisab-mekaniskt-ventilerat-golv@2x-575x282.webp 575w, https:\/\/giha.se\/wp-content\/uploads\/2026\/04\/giha-hisab-mekaniskt-ventilerat-golv@2x-1320x648.webp 1320w\" sizes=\"auto, (max-width: 1792px) 100vw, 1792px\" \/>\n\n\n\n<img loading=\"lazy\" decoding=\"async\" width=\"716\" height=\"762\" class=\"gb-media-39bf6a22\" alt=\"\" src=\"https:\/\/giha.se\/wp-content\/uploads\/2026\/04\/giha-hisab-mekaniskt-ventilerat-golv@2x-1.webp\" srcset=\"https:\/\/giha.se\/wp-content\/uploads\/2026\/04\/giha-hisab-mekaniskt-ventilerat-golv@2x-1.webp 716w, https:\/\/giha.se\/wp-content\/uploads\/2026\/04\/giha-hisab-mekaniskt-ventilerat-golv@2x-1-282x300.webp 282w, https:\/\/giha.se\/wp-content\/uploads\/2026\/04\/giha-hisab-mekaniskt-ventilerat-golv@2x-1-575x612.webp 575w\" sizes=\"auto, (max-width: 716px) 100vw, 716px\" \/>\n<\/div>\n\n\n\n<div class=\"gb-element-ee322066\">\n<h2 class=\"gb-text h4-m gb-text-62d75167\">V\u00f6r\u00fer\u00f3un g\u00f3lfflokkakerfa fyrir heimili, i\u00f0na\u00f0 og skrifstofur<\/h2>\n\n\n\n<h4 class=\"gb-text h5 gb-text-ba979222\">S\u00e6nskar g\u00f3lflausnir fyrir allt Evr\u00f3pu<\/h4>\n\n\n\n<p>Giha h\u00f3f fer\u00f0alag sitt \u00ed Hultsfred og hefur s\u00ed\u00f0an vaxi\u00f0 og or\u00f0i\u00f0 al\u00fej\u00f3\u00f0legur leikma\u00f0ur. \u00cd gegnum \u00e1rin h\u00f6fum vi\u00f0 veri\u00f0 lykil samstarfsa\u00f0ili \u00ed \u00fer\u00f3un n\u00fdst\u00e1rlegra lausna fyrir st\u00f3rfyrirt\u00e6ki eins og IKEA (\u00e1\u00f0ur Swedspan). H\u00e6fileiki okkar til a\u00f0 b\u00faa til einst\u00f6k, einkaleyfisverndu\u00f0 kerfi \u00fe\u00fd\u00f0ir a\u00f0 lausnir okkar m\u00e1 n\u00fa finna \u00ed \u00f6llu, fr\u00e1 s\u00e6nskum einb\u00fdlish\u00fasum til st\u00f3rra samst\u00e6\u00f0na \u00ed Sviss, Sp\u00e1ni og \u00e1 Balkanh\u00f6funum.<\/p>\n\n\n\n<p>S\u00e9rfr\u00e6\u00f0i\u00feekking okkar spannar allt Nor\u00f0urlandi\u00f0 og Evr\u00f3pu, \u00fear sem vi\u00f0 bj\u00f3\u00f0um upp \u00e1 s\u00e9rsni\u00f0in kerfi sem uppfylla s\u00e9rt\u00e6kar kr\u00f6fur hvers lands. Me\u00f0 framlei\u00f0slust\u00f6\u00f0var \u00ed Varberg og sterka hef\u00f0 fyrir snj\u00f6llum lausnum Sm\u00e5lands h\u00f6ldum vi\u00f0 \u00e1fram a\u00f0 flytja \u00fat s\u00e6nska verkfr\u00e6\u00f0is\u00e9rfr\u00e6\u00f0i\u00feekkingu til a\u00f0 leysa fl\u00f3kin g\u00f3lfvandam\u00e1l \u00e1 al\u00fej\u00f3\u00f0legum marka\u00f0i, \u00e1vallt me\u00f0 s\u00f6mu pers\u00f3nulegu skuldbindingu gagnvart hverjum einstaka vi\u00f0skiptavini.<\/p>\n<\/div>\n\n\n\n<div class=\"gb-element-bd49e5df\">\n<div class=\"gb-element-5bd14ef8 dash-top\">\n<div class=\"last-child-mb-0\">\n<h2 class=\"gb-text h4 gb-text-ec480733\">Umhverfisv\u00e6nt h\u00f6nnun fyrir framt\u00ed\u00f0ina<\/h2>\n<\/div>\n\n\n\n<div class=\"last-child-mb-0 gb-element-307c1843\">\n<p>\u00c1byrg\u00f0 gagnvart umhverfinu og sj\u00e1lfb\u00e6rni er \u00ed hjarta v\u00f6ru\u00fer\u00f3unar okkar. Vi\u00f0 t\u00f6kum fulla \u00e1byrg\u00f0 \u00e1 umhverfinu og vinnuumhverfinu \u00ed allri a\u00f0fangake\u00f0ju \u2013 allt fr\u00e1 vali \u00e1 norr\u00e6nu umhverfismerktu og FSC-vottu\u00f0u krossvi\u00f0i til hagr\u00e6\u00f0\u00f0rar flutningsskipulagningar sem dregur \u00far \u00fe\u00f6rf fyrir flutninga. <\/p>\n\n\n\n<p>Me\u00f0 \u00fev\u00ed a\u00f0 hanna kerfi me\u00f0 f\u00e6rri \u00edhlutum sp\u00f6rum vi\u00f0 ekki a\u00f0eins efni heldur b\u00e6tum vi\u00f0 einnig vinnua\u00f0st\u00e6\u00f0ur uppsetningarmanna okkar. Vi\u00f0 st\u00f6rfum innan n\u00e1tt\u00farulegs hringr\u00e1sar \u00fear sem endurvinnsla og notkun 100% gr\u00e6nnar raforku eru auglj\u00f3sir valkostir.<\/p>\n<\/div>\n<\/div>\n\n\n\n<div class=\"gb-element-d69de223 dash-top\">\n<div class=\"last-child-mb-0\">\n<h2 class=\"gb-text h4 gb-text-9581baac\">Fr\u00e1 teikningu til t\u00e6knilegrar \u00fatreiknings<\/h2>\n<\/div>\n\n\n\n<div class=\"last-child-mb-0 gb-element-fb66abdd\">\n<p>\u00c1rangursr\u00edk g\u00f3lfsamsetning hefst me\u00f0 vark\u00e1rri \u00e1\u00e6tlunarger\u00f0. Vi\u00f0 a\u00f0sto\u00f0um vi\u00f0skiptavini okkar vi\u00f0 allt fr\u00e1 t\u00e6knilegum \u00fatreikningum til a\u00f0 \u00fatvega \u00f6ll nau\u00f0synleg g\u00f6gn \u00e1\u00f0ur en bygging hefst. <\/p>\n\n\n\n<p>Me\u00f0 \u00fev\u00ed a\u00f0 taka \u00fe\u00e1tt snemma \u00ed ferlinu getum vi\u00f0 f\u00ednstillt g\u00f3lfflokkakerfi\u00f0 til a\u00f0 uppfylla s\u00e9rt\u00e6kar kr\u00f6fur byggingarinnar. Hvort sem \u00fea\u00f0 felur \u00ed s\u00e9r a\u00f0 reikna hlj\u00f3\u00f0einangrunarflokka samkv\u00e6mt s\u00e6nskum st\u00f6\u00f0lum e\u00f0a hanna loftr\u00e6stingar\u00e6\u00f0ar fyrir sem bestan rakadr\u00e1tt, umbreytum vi\u00f0 fl\u00f3knum teikningum \u00ed skilvirkar, tilb\u00fanar lausnir til uppsetningar.<\/p>\n<\/div>\n<\/div>\n\n\n\n<div class=\"gb-element-5d28a983 dash-top\">\n<div class=\"last-child-mb-0\">\n<h2 class=\"gb-text h4 gb-text-9cdd281e\">N\u00fdsk\u00f6pun fyrir heilbrig\u00f0 innandyraumhverfi<\/h2>\n<\/div>\n\n\n\n<div class=\"last-child-mb-0 gb-element-176aa6be\">\n<p>Vi\u00f0 h\u00e6ttum aldrei a\u00f0 n\u00fdsk\u00f6pun. Okkur beinist sj\u00f3num a\u00f0 \u00fer\u00f3un snjallra kerfa sem leysa raunveruleg vandam\u00e1l, svo sem raka, myglu og radon. \u00cd n\u00e1nu samstarfi vi\u00f0 ranns\u00f3knastofnanir \u00e1 bor\u00f0 vi\u00f0 RISE (\u00e1\u00f0ur SP) h\u00f6fum vi\u00f0 \u00fer\u00f3a\u00f0 fyrsta P-merkta loftr\u00e6stingarg\u00f3lfi\u00f0 \u00e1 marka\u00f0num. <\/p>\n\n\n\n<p>\u00deessi n\u00fdsk\u00f6punarandi kn\u00fdr okkur \u00e1fram til a\u00f0 finna s\u00edfellt n\u00fdjar lei\u00f0ir til a\u00f0 skapa heilbrig\u00f0ara innandyra umhverfi, sem gerir okkur a\u00f0 \u00e1rei\u00f0anlegum samstarfsa\u00f0ila \u00ed byggingarverkefnum framt\u00ed\u00f0arinnar.<\/p>\n<\/div>\n<\/div>\n<\/div>\n<\/div>\n<\/div>\n\n\n\n<div>\n<div>\n<div class=\"container last-child-mb-0 gb-element-47f31ca2\">\n<h5 class=\"gb-text mht-color-accent gb-text-c58c5f8f\">H\u00f6nnun<\/h5>\n\n\n\n<h2 class=\"gb-text\">Giha hefur v\u00ed\u00f0t\u00e6ka s\u00e9rfr\u00e6\u00f0i\u00feekkingu \u00e1 sj\u00e1lfb\u00e6rum g\u00f3lfefnum.<\/h2>\n<\/div>\n<\/div>\n\n\n<section class=\"mht-block mht-block-cards mht-block-cards-23d14494aee3e4b90e93170c9b735b8b\">\n\n    \n<style id='mht-block-cards-23d14494aee3e4b90e93170c9b735b8b-vars'>section.mht-block-cards-23d14494aee3e4b90e93170c9b735b8b{--mht-block-cards-cards-column-gap:80px;--mht-block-cards-cards-row-gap:80px;--mht-block-cards-content-max-width:1128px;--mht-block-cards-card-text-align:center;--mht-block-cards-card-image-margin-left:auto;--mht-block-cards-card-image-margin-right:auto;--mht-block-cards-card-icon-font-size:40px;--mht-block-cards-card-icon-color:var(--mht-color-accent);--mht-block-cards-title-margin-top:46px;--mht-block-cards-title-margin-bottom:12px}@media(max-width:991.98px){section.mht-block-cards-23d14494aee3e4b90e93170c9b735b8b{--mht-block-cards-card-padding-right:19px;--mht-block-cards-card-padding-left:19px;--mht-block-cards-title-margin-top:36px}}<\/style>\n\n    <div class=\"section-rich-bg rich-bg\">\n            <\/div>\n\n    <div class=\"container\">\n        <div class=\"section-content\">\n            <div class=\"section-content--inner\" style=\"max-width:var(--mht-block-cards-content-max-width)\">\n\n                <ul class=\"cards--cards mht-grid-3 mht-grid-m-1\">\n                                            <li class=\"cards--card-item\">\n                                <div class=\"cards--card cards--card-v1\" style=\"text-align:var(--mht-block-cards-card-text-align);padding-right:var(--mht-block-cards-card-padding-right);padding-left:var(--mht-block-cards-card-padding-left)\">\n\n    <div class=\"cards--card--header\">\n        \r\n    <\/div><!-- .cards--card--header -->\n\n    <div class=\"cards--card--texts\">\n        <div class=\"cards--card--texts--inner\">\n\n            <div class=\"cards--card--body\">\n                                    <h3 class=\"cards--card--title mht-heading h5\" style=\"margin-top:var(--mht-block-cards-title-margin-top);margin-bottom:var(--mht-block-cards-title-margin-bottom)\">                        Votta\u00f0ur s\u00e1larr\u00f3                    <\/h3>                \n                \n                                    <div class=\"cards--card--desc mht-wysiwyg\">\n                        <p>Kerfi okkar bera P-merki fr\u00e1 RISE og uppfylla strangustu g\u00e6\u00f0a- og umhverfisstandarda marka\u00f0arins.<\/p>\n                    <\/div>\n                            <\/div><!-- .cards--card--body -->\n\n            \n        <\/div><!-- .cards--card--texts--inner -->\n    <\/div><!-- .cards--card--texts -->\n\n    <\/div>\n                        <\/li>\n                                            <li class=\"cards--card-item\">\n                                <div class=\"cards--card cards--card-v1\" style=\"text-align:var(--mht-block-cards-card-text-align);padding-right:var(--mht-block-cards-card-padding-right);padding-left:var(--mht-block-cards-card-padding-left)\">\n\n    <div class=\"cards--card--header\">\n        \r\n    <\/div><!-- .cards--card--header -->\n\n    <div class=\"cards--card--texts\">\n        <div class=\"cards--card--texts--inner\">\n\n            <div class=\"cards--card--body\">\n                                    <h3 class=\"cards--card--title mht-heading h5\" style=\"margin-top:var(--mht-block-cards-title-margin-top);margin-bottom:var(--mht-block-cards-title-margin-bottom)\">                        \u00d3s\u00e9rhl\u00edf\u00f0arlaus g\u00e6\u00f0i                    <\/h3>                \n                \n                                    <div class=\"cards--card--desc mht-wysiwyg\">\n                        <p>Me\u00f0 25 \u00e1ra reynslu tryggjum vi\u00f0 h\u00e6sta afk\u00f6st og langa endingu fyrir \u00f6ll g\u00f3lfflokkunarkerfi okkar.<\/p>\n                    <\/div>\n                            <\/div><!-- .cards--card--body -->\n\n            \n        <\/div><!-- .cards--card--texts--inner -->\n    <\/div><!-- .cards--card--texts -->\n\n    <\/div>\n                        <\/li>\n                                            <li class=\"cards--card-item\">\n                                <div class=\"cards--card cards--card-v1\" style=\"text-align:var(--mht-block-cards-card-text-align);padding-right:var(--mht-block-cards-card-padding-right);padding-left:var(--mht-block-cards-card-padding-left)\">\n\n    <div class=\"cards--card--header\">\n        \r\n    <\/div><!-- .cards--card--header -->\n\n    <div class=\"cards--card--texts\">\n        <div class=\"cards--card--texts--inner\">\n\n            <div class=\"cards--card--body\">\n                                    <h3 class=\"cards--card--title mht-heading h5\" style=\"margin-top:var(--mht-block-cards-title-margin-top);margin-bottom:var(--mht-block-cards-title-margin-bottom)\">                        S\u00e9rsni\u00f0in h\u00f6nnun                    <\/h3>                \n                \n                                    <div class=\"cards--card--desc mht-wysiwyg\">\n                        <p>S\u00e9rsni\u00f0in og einkaleyfisverndu\u00f0 g\u00f3lfefni h\u00f6nnu\u00f0 til a\u00f0 uppfylla s\u00e9rt\u00e6kar teikningar, forskriftir og kr\u00f6fur hvers verkefnis.<\/p>\n                    <\/div>\n                            <\/div><!-- .cards--card--body -->\n\n            \n        <\/div><!-- .cards--card--texts--inner -->\n    <\/div><!-- .cards--card--texts -->\n\n    <\/div>\n                        <\/li>\n                                    <\/ul>\n\n            <\/div><!-- .section-content-inner -->\n        <\/div><!-- .section-content -->\n    <\/div><!-- .container -->\n\n<\/section>\n<\/div>\n\n\n\n<div class=\"gb-element-4b2501b7 folj-oss\">\n<div class=\"container gb-element-fd1041ea\">\n<div class=\"last-child-mb-0 gb-element-b1b220f1\">\n<h2 class=\"gb-text h5 gb-text-350af809\">Fylgdu Giha \u00e1 Facebook!<\/h2>\n<\/div>\n\n\n\n<div class=\"gb-element-1cd099e6\"><div class=\"mht-block mht-block-contact-info mht-block-contact-info-49ac536b853c35f0d89bf21e88cdd567 social-info\">\r\n\r\n    \n<style id='mht-block-contact-info-49ac536b853c35f0d89bf21e88cdd567-vars'><\/style>\n\r\n    <ul class=\"contact-info-items fa-ul layout-d-horizontal layout-m-vertical justify-content-flex-start\">\r\n                                    <li class=\"item\">\r\n                                            <a class=\"item-inner\" href=\"https:\/\/www.facebook.com\/gihagolvet\/?locale=sv_SE\" target=\"_blank\">\r\n                    \r\n                                            <span class=\"fa-li icon-wrap\"><i class=\"fa-brands fa-facebook\"><\/i><\/span>\r\n                                                                <span class=\"text\">Facebook<\/span>\r\n                    \r\n                                            <\/a>\r\n                                    <\/li>\r\n                        <\/ul>\r\n\r\n<\/div>\r\n<\/div>\n<\/div>\n<\/div>","protected":false},"excerpt":{"rendered":"<p>Projektering Projektering och utveckling Vi p\u00e5 Giha kombinerar \u00f6ver 25 \u00e5rs erfarenhet med modern innovation f\u00f6r att projektera och utveckla skr\u00e4ddarsydda golvsystem. Fr\u00e5n teknisk ber\u00e4kning till f\u00e4rdig produkt s\u00e4kerst\u00e4ller vi h\u00e5llbara l\u00f6sningar f\u00f6r alla typer av milj\u00f6er. Produktutveckling av golvsystem f\u00f6r hem, industri och kontor Svenska golvl\u00f6sningar f\u00f6r hela Europa Giha startade sin resa i [&hellip;]<\/p>\n","protected":false},"author":2,"featured_media":0,"parent":10,"menu_order":5,"comment_status":"closed","ping_status":"closed","template":"","meta":{"_acf_changed":true,"inline_featured_image":false,"footnotes":""},"class_list":["post-1635","page","type-page","status-publish","hentry"],"acf":[],"yoast_head":"<!-- This site is optimized with the Yoast SEO plugin v27.6 - https:\/\/yoast.com\/product\/yoast-seo-wordpress\/ -->\n<title>Produktutveckling | Projektering av golvsystem | Giha<\/title>\n<meta name=\"description\" content=\"Projektering och utveckling av patenterade golvsystem f\u00f6r alla milj\u00f6er. Milj\u00f6medvetna l\u00f6sningar, teknisk ber\u00e4kning och expertis inom golv.\" \/>\n<meta name=\"robots\" content=\"index, follow, max-snippet:-1, max-image-preview:large, max-video-preview:-1\" \/>\n<link rel=\"canonical\" href=\"https:\/\/giha.se\/is\/golf\/honnun\/\" \/>\n<meta property=\"og:locale\" content=\"is_IS\" \/>\n<meta property=\"og:type\" content=\"article\" \/>\n<meta property=\"og:title\" content=\"Produktutveckling | Projektering av golvsystem | Giha\" \/>\n<meta property=\"og:description\" content=\"Projektering och utveckling av patenterade golvsystem f\u00f6r alla milj\u00f6er. Milj\u00f6medvetna l\u00f6sningar, teknisk ber\u00e4kning och expertis inom golv.\" \/>\n<meta property=\"og:url\" content=\"https:\/\/giha.se\/is\/golf\/honnun\/\" \/>\n<meta property=\"og:site_name\" content=\"Giha Golvsystem\" \/>\n<meta property=\"article:publisher\" content=\"https:\/\/www.facebook.com\/gihagolvet\/?locale=sv_SE\" \/>\n<meta property=\"article:modified_time\" content=\"2026-04-21T11:50:05+00:00\" \/>\n<meta property=\"og:image\" content=\"https:\/\/giha.se\/wp-content\/uploads\/2026\/04\/giha-hisab-mekaniskt-ventilerat-golv@2x.webp\" \/>\n<meta name=\"twitter:card\" content=\"summary_large_image\" \/>\n<meta name=\"twitter:label1\" content=\"Est. reading time\" \/>\n\t<meta name=\"twitter:data1\" content=\"3 minutes\" \/>\n<script type=\"application\/ld+json\" class=\"yoast-schema-graph\">{\"@context\":\"https:\\\/\\\/schema.org\",\"@graph\":[{\"@type\":\"WebPage\",\"@id\":\"https:\\\/\\\/giha.se\\\/golv\\\/projektering\\\/\",\"url\":\"https:\\\/\\\/giha.se\\\/golv\\\/projektering\\\/\",\"name\":\"Produktutveckling | Projektering av golvsystem | Giha\",\"isPartOf\":{\"@id\":\"https:\\\/\\\/giha.se\\\/#website\"},\"primaryImageOfPage\":{\"@id\":\"https:\\\/\\\/giha.se\\\/golv\\\/projektering\\\/#primaryimage\"},\"image\":{\"@id\":\"https:\\\/\\\/giha.se\\\/golv\\\/projektering\\\/#primaryimage\"},\"thumbnailUrl\":\"https:\\\/\\\/giha.se\\\/wp-content\\\/uploads\\\/2026\\\/04\\\/giha-hisab-mekaniskt-ventilerat-golv@2x.webp\",\"datePublished\":\"2026-04-08T07:33:13+00:00\",\"dateModified\":\"2026-04-21T11:50:05+00:00\",\"description\":\"Projektering och utveckling av patenterade golvsystem f\u00f6r alla milj\u00f6er. Milj\u00f6medvetna l\u00f6sningar, teknisk ber\u00e4kning och expertis inom golv.\",\"breadcrumb\":{\"@id\":\"https:\\\/\\\/giha.se\\\/golv\\\/projektering\\\/#breadcrumb\"},\"inLanguage\":\"is\",\"potentialAction\":[{\"@type\":\"ReadAction\",\"target\":[\"https:\\\/\\\/giha.se\\\/golv\\\/projektering\\\/\"]}]},{\"@type\":\"ImageObject\",\"inLanguage\":\"is\",\"@id\":\"https:\\\/\\\/giha.se\\\/golv\\\/projektering\\\/#primaryimage\",\"url\":\"https:\\\/\\\/giha.se\\\/wp-content\\\/uploads\\\/2026\\\/04\\\/giha-hisab-mekaniskt-ventilerat-golv@2x.webp\",\"contentUrl\":\"https:\\\/\\\/giha.se\\\/wp-content\\\/uploads\\\/2026\\\/04\\\/giha-hisab-mekaniskt-ventilerat-golv@2x.webp\"},{\"@type\":\"BreadcrumbList\",\"@id\":\"https:\\\/\\\/giha.se\\\/golv\\\/projektering\\\/#breadcrumb\",\"itemListElement\":[{\"@type\":\"ListItem\",\"position\":1,\"name\":\"Home\",\"item\":\"https:\\\/\\\/giha.se\\\/\"},{\"@type\":\"ListItem\",\"position\":2,\"name\":\"Golv\",\"item\":\"https:\\\/\\\/giha.se\\\/golv\\\/\"},{\"@type\":\"ListItem\",\"position\":3,\"name\":\"Projektering\"}]},{\"@type\":\"WebSite\",\"@id\":\"https:\\\/\\\/giha.se\\\/#website\",\"url\":\"https:\\\/\\\/giha.se\\\/\",\"name\":\"Giha Golvsystem\",\"description\":\"\",\"publisher\":{\"@id\":\"https:\\\/\\\/giha.se\\\/#organization\"},\"potentialAction\":[{\"@type\":\"SearchAction\",\"target\":{\"@type\":\"EntryPoint\",\"urlTemplate\":\"https:\\\/\\\/giha.se\\\/?s={search_term_string}\"},\"query-input\":{\"@type\":\"PropertyValueSpecification\",\"valueRequired\":true,\"valueName\":\"search_term_string\"}}],\"inLanguage\":\"is\"},{\"@type\":[\"Organization\",\"Place\"],\"@id\":\"https:\\\/\\\/giha.se\\\/#organization\",\"name\":\"Hertig Knut Aktiebolag\",\"url\":\"https:\\\/\\\/giha.se\\\/\",\"logo\":{\"@id\":\"https:\\\/\\\/giha.se\\\/golv\\\/projektering\\\/#local-main-organization-logo\"},\"image\":{\"@id\":\"https:\\\/\\\/giha.se\\\/golv\\\/projektering\\\/#local-main-organization-logo\"},\"sameAs\":[\"https:\\\/\\\/www.facebook.com\\\/gihagolvet\\\/?locale=sv_SE\"],\"address\":{\"@id\":\"https:\\\/\\\/giha.se\\\/golv\\\/projektering\\\/#local-main-place-address\"},\"geo\":{\"@type\":\"GeoCoordinates\",\"latitude\":\"57.15223341785647\",\"longitude\":\"12.320171146322505\"},\"telephone\":[\"0340 \u2013 62 07 64\"],\"openingHoursSpecification\":[],\"email\":\"info@giha.se\"},{\"@type\":\"PostalAddress\",\"@id\":\"https:\\\/\\\/giha.se\\\/golv\\\/projektering\\\/#local-main-place-address\",\"streetAddress\":\"Lindberg 97\",\"addressLocality\":\"Varberg\",\"postalCode\":\"432 92\",\"addressCountry\":\"SE\"},{\"@type\":\"ImageObject\",\"inLanguage\":\"is\",\"@id\":\"https:\\\/\\\/giha.se\\\/golv\\\/projektering\\\/#local-main-organization-logo\",\"url\":\"https:\\\/\\\/giha.se\\\/wp-content\\\/uploads\\\/2026\\\/05\\\/Giha-Org-logo.webp\",\"contentUrl\":\"https:\\\/\\\/giha.se\\\/wp-content\\\/uploads\\\/2026\\\/05\\\/Giha-Org-logo.webp\",\"width\":696,\"height\":696,\"caption\":\"Hertig Knut Aktiebolag\"}]}<\/script>\n<meta name=\"geo.placename\" content=\"Varberg\" \/>\n<meta name=\"geo.position\" content=\"57.15223341785647;12.320171146322505\" \/>\n<meta name=\"geo.region\" content=\"Sweden\" \/>\n<!-- \/ Yoast SEO plugin. -->","yoast_head_json":{"title":"V\u00f6ru\u00fer\u00f3un | H\u00f6nnun g\u00f3lfkerfa | Giha","description":"H\u00f6nnun og \u00fer\u00f3un einkaleyfisvarinna g\u00f3lfkerfa fyrir \u00f6ll umhverfi. Umhverfisv\u00e6nar lausnir, t\u00e6knilegar \u00fatreikningar og s\u00e9rfr\u00e6\u00f0i\u00feekking \u00e1 g\u00f3lfefnum.","robots":{"index":"index","follow":"follow","max-snippet":"max-snippet:-1","max-image-preview":"max-image-preview:large","max-video-preview":"max-video-preview:-1"},"canonical":"https:\/\/giha.se\/is\/golf\/honnun\/","og_locale":"is_IS","og_type":"article","og_title":"Produktutveckling | Projektering av golvsystem | Giha","og_description":"Projektering och utveckling av patenterade golvsystem f\u00f6r alla milj\u00f6er. Milj\u00f6medvetna l\u00f6sningar, teknisk ber\u00e4kning och expertis inom golv.","og_url":"https:\/\/giha.se\/is\/golf\/honnun\/","og_site_name":"Giha Golvsystem","article_publisher":"https:\/\/www.facebook.com\/gihagolvet\/?locale=sv_SE","article_modified_time":"2026-04-21T11:50:05+00:00","og_image":[{"url":"https:\/\/giha.se\/wp-content\/uploads\/2026\/04\/giha-hisab-mekaniskt-ventilerat-golv@2x.webp","type":"","width":"","height":""}],"twitter_card":"summary_large_image","twitter_misc":{"Est. reading time":"3 minutes"},"schema":{"@context":"https:\/\/schema.org","@graph":[{"@type":"WebPage","@id":"https:\/\/giha.se\/golv\/projektering\/","url":"https:\/\/giha.se\/golv\/projektering\/","name":"V\u00f6ru\u00fer\u00f3un | H\u00f6nnun g\u00f3lfkerfa | Giha","isPartOf":{"@id":"https:\/\/giha.se\/#website"},"primaryImageOfPage":{"@id":"https:\/\/giha.se\/golv\/projektering\/#primaryimage"},"image":{"@id":"https:\/\/giha.se\/golv\/projektering\/#primaryimage"},"thumbnailUrl":"https:\/\/giha.se\/wp-content\/uploads\/2026\/04\/giha-hisab-mekaniskt-ventilerat-golv@2x.webp","datePublished":"2026-04-08T07:33:13+00:00","dateModified":"2026-04-21T11:50:05+00:00","description":"H\u00f6nnun og \u00fer\u00f3un einkaleyfisvarinna g\u00f3lfkerfa fyrir \u00f6ll umhverfi. Umhverfisv\u00e6nar lausnir, t\u00e6knilegar \u00fatreikningar og s\u00e9rfr\u00e6\u00f0i\u00feekking \u00e1 g\u00f3lfefnum.","breadcrumb":{"@id":"https:\/\/giha.se\/golv\/projektering\/#breadcrumb"},"inLanguage":"is","potentialAction":[{"@type":"ReadAction","target":["https:\/\/giha.se\/golv\/projektering\/"]}]},{"@type":"ImageObject","inLanguage":"is","@id":"https:\/\/giha.se\/golv\/projektering\/#primaryimage","url":"https:\/\/giha.se\/wp-content\/uploads\/2026\/04\/giha-hisab-mekaniskt-ventilerat-golv@2x.webp","contentUrl":"https:\/\/giha.se\/wp-content\/uploads\/2026\/04\/giha-hisab-mekaniskt-ventilerat-golv@2x.webp"},{"@type":"BreadcrumbList","@id":"https:\/\/giha.se\/golv\/projektering\/#breadcrumb","itemListElement":[{"@type":"ListItem","position":1,"name":"Home","item":"https:\/\/giha.se\/"},{"@type":"ListItem","position":2,"name":"Golv","item":"https:\/\/giha.se\/golv\/"},{"@type":"ListItem","position":3,"name":"Projektering"}]},{"@type":"WebSite","@id":"https:\/\/giha.se\/#website","url":"https:\/\/giha.se\/","name":"Giha g\u00f3lffl\u00edsakerfi","description":"","publisher":{"@id":"https:\/\/giha.se\/#organization"},"potentialAction":[{"@type":"SearchAction","target":{"@type":"EntryPoint","urlTemplate":"https:\/\/giha.se\/?s={search_term_string}"},"query-input":{"@type":"PropertyValueSpecification","valueRequired":true,"valueName":"search_term_string"}}],"inLanguage":"is"},{"@type":["Organization","Place"],"@id":"https:\/\/giha.se\/#organization","name":"Hertig Knut Limited","url":"https:\/\/giha.se\/","logo":{"@id":"https:\/\/giha.se\/golv\/projektering\/#local-main-organization-logo"},"image":{"@id":"https:\/\/giha.se\/golv\/projektering\/#local-main-organization-logo"},"sameAs":["https:\/\/www.facebook.com\/gihagolvet\/?locale=sv_SE"],"address":{"@id":"https:\/\/giha.se\/golv\/projektering\/#local-main-place-address"},"geo":{"@type":"GeoCoordinates","latitude":"57.15223341785647","longitude":"12.320171146322505"},"telephone":["0340 \u2013 62 07 64"],"openingHoursSpecification":[],"email":"info@giha.se"},{"@type":"PostalAddress","@id":"https:\/\/giha.se\/golv\/projektering\/#local-main-place-address","streetAddress":"Lindberg 97","addressLocality":"Varberg","postalCode":"432 92","addressCountry":"SE"},{"@type":"ImageObject","inLanguage":"is","@id":"https:\/\/giha.se\/golv\/projektering\/#local-main-organization-logo","url":"https:\/\/giha.se\/wp-content\/uploads\/2026\/05\/Giha-Org-logo.webp","contentUrl":"https:\/\/giha.se\/wp-content\/uploads\/2026\/05\/Giha-Org-logo.webp","width":696,"height":696,"caption":"Hertig Knut Aktiebolag"}]},"geo.placename":"Varberg","geo.position":{"lat":"57.15223341785647","long":"12.320171146322505"},"geo.region":"Sweden"},"_links":{"self":[{"href":"https:\/\/giha.se\/is\/wp-json\/wp\/v2\/pages\/1635","targetHints":{"allow":["GET"]}}],"collection":[{"href":"https:\/\/giha.se\/is\/wp-json\/wp\/v2\/pages"}],"about":[{"href":"https:\/\/giha.se\/is\/wp-json\/wp\/v2\/types\/page"}],"author":[{"embeddable":true,"href":"https:\/\/giha.se\/is\/wp-json\/wp\/v2\/users\/2"}],"replies":[{"embeddable":true,"href":"https:\/\/giha.se\/is\/wp-json\/wp\/v2\/comments?post=1635"}],"version-history":[{"count":0,"href":"https:\/\/giha.se\/is\/wp-json\/wp\/v2\/pages\/1635\/revisions"}],"up":[{"embeddable":true,"href":"https:\/\/giha.se\/is\/wp-json\/wp\/v2\/pages\/10"}],"wp:attachment":[{"href":"https:\/\/giha.se\/is\/wp-json\/wp\/v2\/media?parent=1635"}],"curies":[{"name":"wp","href":"https:\/\/api.w.org\/{rel}","templated":true}]}}