{"id":1636,"date":"2026-04-08T09:33:29","date_gmt":"2026-04-08T07:33:29","guid":{"rendered":"https:\/\/giha.se\/?page_id=1636"},"modified":"2026-04-21T13:49:39","modified_gmt":"2026-04-21T11:49:39","slug":"loftleidsluskodun","status":"publish","type":"page","link":"https:\/\/giha.se\/is\/golv\/ventinspect\/","title":{"rendered":"Loftlei\u00f0sinsko\u00f0un"},"content":{"rendered":"<div class=\"container\">\n<div class=\"gb-element-d80239bf\">\n<div class=\"last-child-mb-0 gb-element-57575c3d\">\n<h2 class=\"gb-text h5 mht-color-accent gb-text-077d671a\">G\u00f3lfsko\u00f0un<\/h2>\n\n\n\n<h1 class=\"gb-text gb-text-30719cba\">Giha Ventinspect<\/h1>\n\n\n\n<p class=\"gb-text gb-text-a83d4b45\">Giha Ventinspect er marka\u00f0slei\u00f0andi a\u00f0fer\u00f0 fyrir faglega g\u00f3lfssko\u00f0un. Me\u00f0 n\u00fdst\u00e1rlegri t\u00e6kni gerum vi\u00f0 kleift a\u00f0 sko\u00f0a undirl\u00f6g g\u00f3lfsins hratt og n\u00e1kv\u00e6mlega \u00e1n \u00feess a\u00f0 valda \u00f3\u00fearfa skemmdum \u00e1 yfirbor\u00f0sefni e\u00f0a bur\u00f0argrind.<\/p>\n<\/div>\n\n\n\n<div class=\"gb-element-3637d379\">\n<img loading=\"lazy\" decoding=\"async\" width=\"1792\" height=\"880\" class=\"gb-media-54c2d586\" alt=\"\" src=\"https:\/\/giha.se\/wp-content\/uploads\/2026\/04\/mekaniskt-ventilerat-golv-giha-hisab@2x.webp\" srcset=\"https:\/\/giha.se\/wp-content\/uploads\/2026\/04\/mekaniskt-ventilerat-golv-giha-hisab@2x.webp 1792w, https:\/\/giha.se\/wp-content\/uploads\/2026\/04\/mekaniskt-ventilerat-golv-giha-hisab@2x-300x147.webp 300w, https:\/\/giha.se\/wp-content\/uploads\/2026\/04\/mekaniskt-ventilerat-golv-giha-hisab@2x-1024x503.webp 1024w, https:\/\/giha.se\/wp-content\/uploads\/2026\/04\/mekaniskt-ventilerat-golv-giha-hisab@2x-768x377.webp 768w, https:\/\/giha.se\/wp-content\/uploads\/2026\/04\/mekaniskt-ventilerat-golv-giha-hisab@2x-575x282.webp 575w, https:\/\/giha.se\/wp-content\/uploads\/2026\/04\/mekaniskt-ventilerat-golv-giha-hisab@2x-1320x648.webp 1320w\" sizes=\"auto, (max-width: 1792px) 100vw, 1792px\" \/>\n\n\n\n<img loading=\"lazy\" decoding=\"async\" width=\"716\" height=\"762\" class=\"gb-media-39bf6a22\" alt=\"\" src=\"https:\/\/giha.se\/wp-content\/uploads\/2026\/04\/mekaniskt-ventilerat-golv-giha-hisab@2x-1.webp\" srcset=\"https:\/\/giha.se\/wp-content\/uploads\/2026\/04\/mekaniskt-ventilerat-golv-giha-hisab@2x-1.webp 716w, https:\/\/giha.se\/wp-content\/uploads\/2026\/04\/mekaniskt-ventilerat-golv-giha-hisab@2x-1-282x300.webp 282w, https:\/\/giha.se\/wp-content\/uploads\/2026\/04\/mekaniskt-ventilerat-golv-giha-hisab@2x-1-575x612.webp 575w\" sizes=\"auto, (max-width: 716px) 100vw, 716px\" \/>\n<\/div>\n\n\n\n<div class=\"gb-element-ee322066\">\n<h2 class=\"gb-text h4-m gb-text-62d75167\">Giha Ventinspect \u2013 snjall lei\u00f0 til a\u00f0 sko\u00f0a g\u00f3lf<\/h2>\n\n\n\n<h4 class=\"gb-text h5 gb-text-ba979222\">Athuga\u00f0u hvort raki, mygla e\u00f0a \u00f3\u00fe\u00e6gilegir lyktir s\u00e9u til sta\u00f0ar.<\/h4>\n\n\n\n<p>A\u00f0 greina vandam\u00e1l snemma er lykilatri\u00f0i fyrir heilbrigt innandyraumhverfi. Me\u00f0 g\u00f3lfssko\u00f0unara\u00f0fer\u00f0 okkar geta s\u00e9rfr\u00e6\u00f0ingar flj\u00f3tt greint raka, myglu e\u00f0a \u00f3\u00fe\u00e6gilega lykt sem st\u00edgur upp \u00far steypupl\u00f6tunni. Me\u00f0 \u00fev\u00ed a\u00f0 sko\u00f0a r\u00fdmi\u00f0 undir g\u00f3lfinu f\u00e6r\u00f0u strax v\u00edsbendingu um \u00e1stand mannvirkisins.<\/p>\n\n\n\n<p>\u00deetta er \u00f3missandi t\u00e6ki \u00feegar grunur leikur um falda skemmd e\u00f0a \u00feegar rad\u00f3nmagn er m\u00e6lt. \u00cd sta\u00f0 kostna\u00f0arsamra ni\u00f0urrifsvinnu veitir Ventinspect sk\u00fdra mynd af undirlagi g\u00f3lfsins og sparar b\u00e6\u00f0i t\u00edma og peninga vi\u00f0 \u00e1kvar\u00f0anat\u00f6ku um endurb\u00e6tur.<\/p>\n<\/div>\n\n\n\n<div class=\"gb-element-bd49e5df\">\n<div class=\"gb-element-5bd14ef8 dash-top\">\n<div class=\"last-child-mb-0\">\n<h2 class=\"gb-text h4 gb-text-ec480733\">S\u00e9rstaklega \u00fer\u00f3a\u00f0ur Ventinspect-borhaus<\/h2>\n<\/div>\n\n\n\n<div class=\"last-child-mb-0 gb-element-307c1843\">\n<p>\u00cd hjarta kerfisins er s\u00e9r\u00fer\u00f3a\u00f0ur Ventinspect-borhausinn okkar. Borhausinn er hanna\u00f0ur til a\u00f0 b\u00faa til n\u00e1kv\u00e6mar opnanir \u00ed g\u00f3lfsbyggingunni me\u00f0 l\u00e1gmarks\u00e1hrifum. <\/p>\n\n\n\n<p>T\u00e6ki\u00f0 hefur veri\u00f0 hanna\u00f0 til a\u00f0 uppfylla h\u00e1ar kr\u00f6fur rakar\u00e1\u00f0gjafa og sko\u00f0unarmanna sem \u00feurfa \u00e1rei\u00f0anlega og \u00fe\u00e6gilega lausn til a\u00f0 komast a\u00f0 r\u00fdminu milli undirlags og lag\u00f0rar g\u00f3lfs vi\u00f0 m\u00e6lingar.<\/p>\n<\/div>\n<\/div>\n\n\n\n<div class=\"gb-element-d69de223 dash-top\">\n<div class=\"last-child-mb-0\">\n<h2 class=\"gb-text h4 gb-text-9581baac\">Au\u00f0velt a\u00f0 \u00fe\u00e9tta aftur me\u00f0 tilb\u00fanum lokum<\/h2>\n<\/div>\n\n\n\n<div class=\"last-child-mb-0 gb-element-fb66abdd\">\n<p>\u00deegar sko\u00f0un er loki\u00f0 er h\u00e6gt a\u00f0 endurheimta g\u00f3lfi\u00f0 flj\u00f3tt og a\u00f0la\u00f0andi me\u00f0 tilb\u00fanum hl\u00edfum okkar. \u00deannig for\u00f0ast \u00fe\u00fa lj\u00f3tar vi\u00f0ger\u00f0ir e\u00f0a a\u00f0 \u00feurfa a\u00f0 skipta \u00fat heillum g\u00f3lfsv\u00e6\u00f0um. <\/p>\n\n\n\n<p>Hulstrin f\u00e1st \u00ed \u00fdmsum sta\u00f0la\u00f0ri h\u00f6nnun, en h\u00e6gt er einnig a\u00f0 s\u00e9rsn\u00ed\u00f0a \u00feau til a\u00f0 falla fullkomlega a\u00f0 umhverfi \u00fe\u00ednu. \u00deetta gerir kerfi\u00f0 jafn \u00e1hrifar\u00edkt \u00ed i\u00f0na\u00f0arh\u00fasn\u00e6\u00f0i og \u00ed opinberum r\u00fdmum og skrifstofum.<\/p>\n<\/div>\n<\/div>\n\n\n\n<div class=\"gb-element-5d28a983 dash-top\">\n<div class=\"last-child-mb-0\">\n<h2 class=\"gb-text h4 gb-text-9cdd281e\">Treyst af i\u00f0na\u00f0ars\u00e9rfr\u00e6\u00f0ingum<\/h2>\n<\/div>\n\n\n\n<div class=\"last-child-mb-0 gb-element-176aa6be\">\n<p>G\u00f3lfssko\u00f0unara\u00f0fer\u00f0 okkar er notu\u00f0 daglega af lei\u00f0andi fyrirt\u00e6kjum \u00ed rakav\u00f6rn og byggingarr\u00e1\u00f0gj\u00f6f, \u00fear \u00e1 me\u00f0al Anticimex, Polygon og RISE. <\/p>\n\n\n\n<p>A\u00f0 virtustu s\u00e9rfr\u00e6\u00f0ingar greinarinnar velja Giha Ventinspect er s\u00f6nnun \u00e1 n\u00e1kv\u00e6mni og \u00e1rei\u00f0anleika kerfisins. Vi\u00f0 f\u00ednp\u00fassum st\u00f6\u00f0ugt a\u00f0fer\u00f0ir okkar til a\u00f0 vera \u00ed fararbroddi s\u00e6nskra byggingasta\u00f0la og n\u00fdst\u00e1rlegrar skemmdargreiningar.<\/p>\n<\/div>\n<\/div>\n<\/div>\n<\/div>\n<\/div>\n\n\n\n<div>\n<div>\n<div class=\"container last-child-mb-0 gb-element-47f31ca2\">\n<h5 class=\"gb-text mht-color-accent gb-text-c58c5f8f\">G\u00f3lfsko\u00f0un<\/h5>\n\n\n\n<h2 class=\"gb-text\">Grei\u00f0ari sko\u00f0anir me\u00f0 Giha Ventinspect<\/h2>\n<\/div>\n<\/div>\n\n\n<section class=\"mht-block mht-block-cards mht-block-cards-f604c68edd3fcbf3fa5ced441290016d\">\n\n    \n<style id='mht-block-cards-f604c68edd3fcbf3fa5ced441290016d-vars'>section.mht-block-cards-f604c68edd3fcbf3fa5ced441290016d{--mht-block-cards-cards-column-gap:80px;--mht-block-cards-cards-row-gap:80px;--mht-block-cards-content-max-width:1128px;--mht-block-cards-card-text-align:center;--mht-block-cards-card-image-margin-left:auto;--mht-block-cards-card-image-margin-right:auto;--mht-block-cards-card-icon-font-size:40px;--mht-block-cards-card-icon-color:var(--mht-color-accent);--mht-block-cards-title-margin-top:46px;--mht-block-cards-title-margin-bottom:12px}@media(max-width:991.98px){section.mht-block-cards-f604c68edd3fcbf3fa5ced441290016d{--mht-block-cards-card-padding-right:19px;--mht-block-cards-card-padding-left:19px;--mht-block-cards-title-margin-top:36px}}<\/style>\n\n    <div class=\"section-rich-bg rich-bg\">\n            <\/div>\n\n    <div class=\"container\">\n        <div class=\"section-content\">\n            <div class=\"section-content--inner\" style=\"max-width:var(--mht-block-cards-content-max-width)\">\n\n                <ul class=\"cards--cards mht-grid-3 mht-grid-m-1\">\n                                            <li class=\"cards--card-item\">\n                                <div class=\"cards--card cards--card-v1\" style=\"text-align:var(--mht-block-cards-card-text-align);padding-right:var(--mht-block-cards-card-padding-right);padding-left:var(--mht-block-cards-card-padding-left)\">\n\n    <div class=\"cards--card--header\">\n        \r\n    <\/div><!-- .cards--card--header -->\n\n    <div class=\"cards--card--texts\">\n        <div class=\"cards--card--texts--inner\">\n\n            <div class=\"cards--card--body\">\n                                    <h3 class=\"cards--card--title mht-heading h5\" style=\"margin-top:var(--mht-block-cards-title-margin-top);margin-bottom:var(--mht-block-cards-title-margin-bottom)\">                        Hra\u00f0greining                    <\/h3>                \n                \n                                    <div class=\"cards--card--desc mht-wysiwyg\">\n                        <p>Greina falin vandam\u00e1l me\u00f0 raka, lykt og radon \u00e1n \u00feess a\u00f0 skemma n\u00faverandi yfirbor\u00f0sme\u00f0fer\u00f0 g\u00f3lfsins.<\/p>\n                    <\/div>\n                            <\/div><!-- .cards--card--body -->\n\n            \n        <\/div><!-- .cards--card--texts--inner -->\n    <\/div><!-- .cards--card--texts -->\n\n    <\/div>\n                        <\/li>\n                                            <li class=\"cards--card-item\">\n                                <div class=\"cards--card cards--card-v1\" style=\"text-align:var(--mht-block-cards-card-text-align);padding-right:var(--mht-block-cards-card-padding-right);padding-left:var(--mht-block-cards-card-padding-left)\">\n\n    <div class=\"cards--card--header\">\n        \r\n    <\/div><!-- .cards--card--header -->\n\n    <div class=\"cards--card--texts\">\n        <div class=\"cards--card--texts--inner\">\n\n            <div class=\"cards--card--body\">\n                                    <h3 class=\"cards--card--title mht-heading h5\" style=\"margin-top:var(--mht-block-cards-title-margin-top);margin-bottom:var(--mht-block-cards-title-margin-bottom)\">                        L\u00e1gmarksska\u00f0i                    <\/h3>                \n                \n                                    <div class=\"cards--card--desc mht-wysiwyg\">\n                        <p>S\u00e9rst\u00f6k borhausar og fyrirfram ger\u00f0ar lokkhettur tryggja diskret sko\u00f0un sem skilur varla eftir sig neinar v\u00edsbendingar.<\/p>\n                    <\/div>\n                            <\/div><!-- .cards--card--body -->\n\n            \n        <\/div><!-- .cards--card--texts--inner -->\n    <\/div><!-- .cards--card--texts -->\n\n    <\/div>\n                        <\/li>\n                                            <li class=\"cards--card-item\">\n                                <div class=\"cards--card cards--card-v1\" style=\"text-align:var(--mht-block-cards-card-text-align);padding-right:var(--mht-block-cards-card-padding-right);padding-left:var(--mht-block-cards-card-padding-left)\">\n\n    <div class=\"cards--card--header\">\n        \r\n    <\/div><!-- .cards--card--header -->\n\n    <div class=\"cards--card--texts\">\n        <div class=\"cards--card--texts--inner\">\n\n            <div class=\"cards--card--body\">\n                                    <h3 class=\"cards--card--title mht-heading h5\" style=\"margin-top:var(--mht-block-cards-title-margin-top);margin-bottom:var(--mht-block-cards-title-margin-bottom)\">                        Faglegur sta\u00f0all                    <\/h3>                \n                \n                                    <div class=\"cards--card--desc mht-wysiwyg\">\n                        <p>\u00der\u00f3a\u00f0 \u00ed samvinnu vi\u00f0 lei\u00f0andi rakar\u00e1\u00f0gjafa til a\u00f0 tryggja sem mestan n\u00e1kv\u00e6mni \u00ed hverri sko\u00f0un.<\/p>\n                    <\/div>\n                            <\/div><!-- .cards--card--body -->\n\n            \n        <\/div><!-- .cards--card--texts--inner -->\n    <\/div><!-- .cards--card--texts -->\n\n    <\/div>\n                        <\/li>\n                                    <\/ul>\n\n            <\/div><!-- .section-content-inner -->\n        <\/div><!-- .section-content -->\n    <\/div><!-- .container -->\n\n<\/section>\n<\/div>\n\n\n\n<div class=\"gb-element-4b2501b7 folj-oss\">\n<div class=\"container gb-element-fd1041ea\">\n<div class=\"last-child-mb-0 gb-element-b1b220f1\">\n<h2 class=\"gb-text h5 gb-text-350af809\">Fylgdu Giha \u00e1 Facebook!<\/h2>\n<\/div>\n\n\n\n<div class=\"gb-element-1cd099e6\"><div class=\"mht-block mht-block-contact-info mht-block-contact-info-c9879da0124c9da652e0f0789d0b55a4 social-info\">\r\n\r\n    \n<style id='mht-block-contact-info-c9879da0124c9da652e0f0789d0b55a4-vars'><\/style>\n\r\n    <ul class=\"contact-info-items fa-ul layout-d-horizontal layout-m-vertical justify-content-flex-start\">\r\n                                    <li class=\"item\">\r\n                                            <a class=\"item-inner\" href=\"https:\/\/www.facebook.com\/gihagolvet\/?locale=sv_SE\" target=\"_blank\">\r\n                    \r\n                                            <span class=\"fa-li icon-wrap\"><i class=\"fa-brands fa-facebook\"><\/i><\/span>\r\n                                                                <span class=\"text\">Facebook<\/span>\r\n                    \r\n                                            <\/a>\r\n                                    <\/li>\r\n                        <\/ul>\r\n\r\n<\/div>\r\n<\/div>\n<\/div>\n<\/div>","protected":false},"excerpt":{"rendered":"<p>Golvinspektion Giha Ventinspect Giha Ventinspect \u00e4r den marknadsledande metoden f\u00f6r professionell golvinspektion. Genom innovativ teknik m\u00f6jligg\u00f6r vi snabb och precis kontroll av undergolv utan att orsaka on\u00f6dig skada p\u00e5 ytmaterialet eller konstruktionen. Giha Ventinspect &#8211; den smarta metoden f\u00f6r golvinspektion Kontrollera fukt, m\u00f6gel eller d\u00e5lig lukt Att uppt\u00e4cka problem i tid \u00e4r avg\u00f6rande f\u00f6r en [&hellip;]<\/p>\n","protected":false},"author":2,"featured_media":0,"parent":10,"menu_order":6,"comment_status":"closed","ping_status":"closed","template":"","meta":{"_acf_changed":true,"inline_featured_image":false,"footnotes":""},"class_list":["post-1636","page","type-page","status-publish","hentry"],"acf":[],"yoast_head":"<!-- This site is optimized with the Yoast SEO plugin v27.6 - https:\/\/yoast.com\/product\/yoast-seo-wordpress\/ -->\n<title>Golvinspektion med Giha Ventinspect | Smart metod f\u00f6r fukt &amp; lukt<\/title>\n<meta name=\"description\" content=\"Uppt\u00e4ck fukt, m\u00f6gel och radon med Giha Ventinspect. Snabb metod f\u00f6r golvinspektion - anv\u00e4nds av experter. Minimal \u00e5verkan, enkel \u00e5terlagning.\" \/>\n<meta name=\"robots\" content=\"index, follow, max-snippet:-1, max-image-preview:large, max-video-preview:-1\" \/>\n<link rel=\"canonical\" href=\"https:\/\/giha.se\/is\/golf\/loftleidsluskodun\/\" \/>\n<meta property=\"og:locale\" content=\"is_IS\" \/>\n<meta property=\"og:type\" content=\"article\" \/>\n<meta property=\"og:title\" content=\"Golvinspektion med Giha Ventinspect | Smart metod f\u00f6r fukt &amp; lukt\" \/>\n<meta property=\"og:description\" content=\"Uppt\u00e4ck fukt, m\u00f6gel och radon med Giha Ventinspect. Snabb metod f\u00f6r golvinspektion - anv\u00e4nds av experter. Minimal \u00e5verkan, enkel \u00e5terlagning.\" \/>\n<meta property=\"og:url\" content=\"https:\/\/giha.se\/is\/golf\/loftleidsluskodun\/\" \/>\n<meta property=\"og:site_name\" content=\"Giha Golvsystem\" \/>\n<meta property=\"article:publisher\" content=\"https:\/\/www.facebook.com\/gihagolvet\/?locale=sv_SE\" \/>\n<meta property=\"article:modified_time\" content=\"2026-04-21T11:49:39+00:00\" \/>\n<meta property=\"og:image\" content=\"https:\/\/giha.se\/wp-content\/uploads\/2026\/04\/mekaniskt-ventilerat-golv-giha-hisab@2x.webp\" \/>\n<meta name=\"twitter:card\" content=\"summary_large_image\" \/>\n<meta name=\"twitter:label1\" content=\"Est. reading time\" \/>\n\t<meta name=\"twitter:data1\" content=\"2 minutes\" \/>\n<script type=\"application\/ld+json\" class=\"yoast-schema-graph\">{\"@context\":\"https:\\\/\\\/schema.org\",\"@graph\":[{\"@type\":\"WebPage\",\"@id\":\"https:\\\/\\\/giha.se\\\/golv\\\/ventinspect\\\/\",\"url\":\"https:\\\/\\\/giha.se\\\/golv\\\/ventinspect\\\/\",\"name\":\"Golvinspektion med Giha Ventinspect | Smart metod f\u00f6r fukt & lukt\",\"isPartOf\":{\"@id\":\"https:\\\/\\\/giha.se\\\/#website\"},\"primaryImageOfPage\":{\"@id\":\"https:\\\/\\\/giha.se\\\/golv\\\/ventinspect\\\/#primaryimage\"},\"image\":{\"@id\":\"https:\\\/\\\/giha.se\\\/golv\\\/ventinspect\\\/#primaryimage\"},\"thumbnailUrl\":\"https:\\\/\\\/giha.se\\\/wp-content\\\/uploads\\\/2026\\\/04\\\/mekaniskt-ventilerat-golv-giha-hisab@2x.webp\",\"datePublished\":\"2026-04-08T07:33:29+00:00\",\"dateModified\":\"2026-04-21T11:49:39+00:00\",\"description\":\"Uppt\u00e4ck fukt, m\u00f6gel och radon med Giha Ventinspect. Snabb metod f\u00f6r golvinspektion - anv\u00e4nds av experter. Minimal \u00e5verkan, enkel \u00e5terlagning.\",\"breadcrumb\":{\"@id\":\"https:\\\/\\\/giha.se\\\/golv\\\/ventinspect\\\/#breadcrumb\"},\"inLanguage\":\"is\",\"potentialAction\":[{\"@type\":\"ReadAction\",\"target\":[\"https:\\\/\\\/giha.se\\\/golv\\\/ventinspect\\\/\"]}]},{\"@type\":\"ImageObject\",\"inLanguage\":\"is\",\"@id\":\"https:\\\/\\\/giha.se\\\/golv\\\/ventinspect\\\/#primaryimage\",\"url\":\"https:\\\/\\\/giha.se\\\/wp-content\\\/uploads\\\/2026\\\/04\\\/mekaniskt-ventilerat-golv-giha-hisab@2x.webp\",\"contentUrl\":\"https:\\\/\\\/giha.se\\\/wp-content\\\/uploads\\\/2026\\\/04\\\/mekaniskt-ventilerat-golv-giha-hisab@2x.webp\"},{\"@type\":\"BreadcrumbList\",\"@id\":\"https:\\\/\\\/giha.se\\\/golv\\\/ventinspect\\\/#breadcrumb\",\"itemListElement\":[{\"@type\":\"ListItem\",\"position\":1,\"name\":\"Home\",\"item\":\"https:\\\/\\\/giha.se\\\/\"},{\"@type\":\"ListItem\",\"position\":2,\"name\":\"Golv\",\"item\":\"https:\\\/\\\/giha.se\\\/golv\\\/\"},{\"@type\":\"ListItem\",\"position\":3,\"name\":\"Ventinspect\"}]},{\"@type\":\"WebSite\",\"@id\":\"https:\\\/\\\/giha.se\\\/#website\",\"url\":\"https:\\\/\\\/giha.se\\\/\",\"name\":\"Giha Golvsystem\",\"description\":\"\",\"publisher\":{\"@id\":\"https:\\\/\\\/giha.se\\\/#organization\"},\"potentialAction\":[{\"@type\":\"SearchAction\",\"target\":{\"@type\":\"EntryPoint\",\"urlTemplate\":\"https:\\\/\\\/giha.se\\\/?s={search_term_string}\"},\"query-input\":{\"@type\":\"PropertyValueSpecification\",\"valueRequired\":true,\"valueName\":\"search_term_string\"}}],\"inLanguage\":\"is\"},{\"@type\":[\"Organization\",\"Place\"],\"@id\":\"https:\\\/\\\/giha.se\\\/#organization\",\"name\":\"Hertig Knut Aktiebolag\",\"url\":\"https:\\\/\\\/giha.se\\\/\",\"logo\":{\"@id\":\"https:\\\/\\\/giha.se\\\/golv\\\/ventinspect\\\/#local-main-organization-logo\"},\"image\":{\"@id\":\"https:\\\/\\\/giha.se\\\/golv\\\/ventinspect\\\/#local-main-organization-logo\"},\"sameAs\":[\"https:\\\/\\\/www.facebook.com\\\/gihagolvet\\\/?locale=sv_SE\"],\"address\":{\"@id\":\"https:\\\/\\\/giha.se\\\/golv\\\/ventinspect\\\/#local-main-place-address\"},\"geo\":{\"@type\":\"GeoCoordinates\",\"latitude\":\"57.15223341785647\",\"longitude\":\"12.320171146322505\"},\"telephone\":[\"0340 \u2013 62 07 64\"],\"openingHoursSpecification\":[],\"email\":\"info@giha.se\"},{\"@type\":\"PostalAddress\",\"@id\":\"https:\\\/\\\/giha.se\\\/golv\\\/ventinspect\\\/#local-main-place-address\",\"streetAddress\":\"Lindberg 97\",\"addressLocality\":\"Varberg\",\"postalCode\":\"432 92\",\"addressCountry\":\"SE\"},{\"@type\":\"ImageObject\",\"inLanguage\":\"is\",\"@id\":\"https:\\\/\\\/giha.se\\\/golv\\\/ventinspect\\\/#local-main-organization-logo\",\"url\":\"https:\\\/\\\/giha.se\\\/wp-content\\\/uploads\\\/2026\\\/05\\\/Giha-Org-logo.webp\",\"contentUrl\":\"https:\\\/\\\/giha.se\\\/wp-content\\\/uploads\\\/2026\\\/05\\\/Giha-Org-logo.webp\",\"width\":696,\"height\":696,\"caption\":\"Hertig Knut Aktiebolag\"}]}<\/script>\n<meta name=\"geo.placename\" content=\"Varberg\" \/>\n<meta name=\"geo.position\" content=\"57.15223341785647;12.320171146322505\" \/>\n<meta name=\"geo.region\" content=\"Sweden\" \/>\n<!-- \/ Yoast SEO plugin. -->","yoast_head_json":{"title":"G\u00f3lfssko\u00f0un me\u00f0 Giha Ventinspect | Snj\u00f6ll a\u00f0fer\u00f0 til a\u00f0 greina raka og lykt","description":"Greindu raka, myglu og radon me\u00f0 Giha Ventinspect. Flj\u00f3tleg a\u00f0fer\u00f0 til g\u00f3lfssko\u00f0unar \u2013 notu\u00f0 af s\u00e9rfr\u00e6\u00f0ingum. L\u00e1gmarks truflun, au\u00f0velt a\u00f0 koma g\u00f3lfinu aftur \u00ed upprunalegt horf.","robots":{"index":"index","follow":"follow","max-snippet":"max-snippet:-1","max-image-preview":"max-image-preview:large","max-video-preview":"max-video-preview:-1"},"canonical":"https:\/\/giha.se\/is\/golf\/loftleidsluskodun\/","og_locale":"is_IS","og_type":"article","og_title":"Golvinspektion med Giha Ventinspect | Smart metod f\u00f6r fukt & lukt","og_description":"Uppt\u00e4ck fukt, m\u00f6gel och radon med Giha Ventinspect. Snabb metod f\u00f6r golvinspektion - anv\u00e4nds av experter. Minimal \u00e5verkan, enkel \u00e5terlagning.","og_url":"https:\/\/giha.se\/is\/golf\/loftleidsluskodun\/","og_site_name":"Giha Golvsystem","article_publisher":"https:\/\/www.facebook.com\/gihagolvet\/?locale=sv_SE","article_modified_time":"2026-04-21T11:49:39+00:00","og_image":[{"url":"https:\/\/giha.se\/wp-content\/uploads\/2026\/04\/mekaniskt-ventilerat-golv-giha-hisab@2x.webp","type":"","width":"","height":""}],"twitter_card":"summary_large_image","twitter_misc":{"Est. reading time":"2 minutes"},"schema":{"@context":"https:\/\/schema.org","@graph":[{"@type":"WebPage","@id":"https:\/\/giha.se\/golv\/ventinspect\/","url":"https:\/\/giha.se\/golv\/ventinspect\/","name":"G\u00f3lfssko\u00f0un me\u00f0 Giha Ventinspect | Snj\u00f6ll a\u00f0fer\u00f0 til a\u00f0 greina raka og lykt","isPartOf":{"@id":"https:\/\/giha.se\/#website"},"primaryImageOfPage":{"@id":"https:\/\/giha.se\/golv\/ventinspect\/#primaryimage"},"image":{"@id":"https:\/\/giha.se\/golv\/ventinspect\/#primaryimage"},"thumbnailUrl":"https:\/\/giha.se\/wp-content\/uploads\/2026\/04\/mekaniskt-ventilerat-golv-giha-hisab@2x.webp","datePublished":"2026-04-08T07:33:29+00:00","dateModified":"2026-04-21T11:49:39+00:00","description":"Greindu raka, myglu og radon me\u00f0 Giha Ventinspect. Flj\u00f3tleg a\u00f0fer\u00f0 til g\u00f3lfssko\u00f0unar \u2013 notu\u00f0 af s\u00e9rfr\u00e6\u00f0ingum. L\u00e1gmarks truflun, au\u00f0velt a\u00f0 koma g\u00f3lfinu aftur \u00ed upprunalegt horf.","breadcrumb":{"@id":"https:\/\/giha.se\/golv\/ventinspect\/#breadcrumb"},"inLanguage":"is","potentialAction":[{"@type":"ReadAction","target":["https:\/\/giha.se\/golv\/ventinspect\/"]}]},{"@type":"ImageObject","inLanguage":"is","@id":"https:\/\/giha.se\/golv\/ventinspect\/#primaryimage","url":"https:\/\/giha.se\/wp-content\/uploads\/2026\/04\/mekaniskt-ventilerat-golv-giha-hisab@2x.webp","contentUrl":"https:\/\/giha.se\/wp-content\/uploads\/2026\/04\/mekaniskt-ventilerat-golv-giha-hisab@2x.webp"},{"@type":"BreadcrumbList","@id":"https:\/\/giha.se\/golv\/ventinspect\/#breadcrumb","itemListElement":[{"@type":"ListItem","position":1,"name":"Home","item":"https:\/\/giha.se\/"},{"@type":"ListItem","position":2,"name":"Golv","item":"https:\/\/giha.se\/golv\/"},{"@type":"ListItem","position":3,"name":"Ventinspect"}]},{"@type":"WebSite","@id":"https:\/\/giha.se\/#website","url":"https:\/\/giha.se\/","name":"Giha g\u00f3lffl\u00edsakerfi","description":"","publisher":{"@id":"https:\/\/giha.se\/#organization"},"potentialAction":[{"@type":"SearchAction","target":{"@type":"EntryPoint","urlTemplate":"https:\/\/giha.se\/?s={search_term_string}"},"query-input":{"@type":"PropertyValueSpecification","valueRequired":true,"valueName":"search_term_string"}}],"inLanguage":"is"},{"@type":["Organization","Place"],"@id":"https:\/\/giha.se\/#organization","name":"Hertig Knut Limited","url":"https:\/\/giha.se\/","logo":{"@id":"https:\/\/giha.se\/golv\/ventinspect\/#local-main-organization-logo"},"image":{"@id":"https:\/\/giha.se\/golv\/ventinspect\/#local-main-organization-logo"},"sameAs":["https:\/\/www.facebook.com\/gihagolvet\/?locale=sv_SE"],"address":{"@id":"https:\/\/giha.se\/golv\/ventinspect\/#local-main-place-address"},"geo":{"@type":"GeoCoordinates","latitude":"57.15223341785647","longitude":"12.320171146322505"},"telephone":["0340 \u2013 62 07 64"],"openingHoursSpecification":[],"email":"info@giha.se"},{"@type":"PostalAddress","@id":"https:\/\/giha.se\/golv\/ventinspect\/#local-main-place-address","streetAddress":"Lindberg 97","addressLocality":"Varberg","postalCode":"432 92","addressCountry":"SE"},{"@type":"ImageObject","inLanguage":"is","@id":"https:\/\/giha.se\/golv\/ventinspect\/#local-main-organization-logo","url":"https:\/\/giha.se\/wp-content\/uploads\/2026\/05\/Giha-Org-logo.webp","contentUrl":"https:\/\/giha.se\/wp-content\/uploads\/2026\/05\/Giha-Org-logo.webp","width":696,"height":696,"caption":"Hertig Knut Aktiebolag"}]},"geo.placename":"Varberg","geo.position":{"lat":"57.15223341785647","long":"12.320171146322505"},"geo.region":"Sweden"},"_links":{"self":[{"href":"https:\/\/giha.se\/is\/wp-json\/wp\/v2\/pages\/1636","targetHints":{"allow":["GET"]}}],"collection":[{"href":"https:\/\/giha.se\/is\/wp-json\/wp\/v2\/pages"}],"about":[{"href":"https:\/\/giha.se\/is\/wp-json\/wp\/v2\/types\/page"}],"author":[{"embeddable":true,"href":"https:\/\/giha.se\/is\/wp-json\/wp\/v2\/users\/2"}],"replies":[{"embeddable":true,"href":"https:\/\/giha.se\/is\/wp-json\/wp\/v2\/comments?post=1636"}],"version-history":[{"count":0,"href":"https:\/\/giha.se\/is\/wp-json\/wp\/v2\/pages\/1636\/revisions"}],"up":[{"embeddable":true,"href":"https:\/\/giha.se\/is\/wp-json\/wp\/v2\/pages\/10"}],"wp:attachment":[{"href":"https:\/\/giha.se\/is\/wp-json\/wp\/v2\/media?parent=1636"}],"curies":[{"name":"wp","href":"https:\/\/api.w.org\/{rel}","templated":true}]}}