{"id":14,"date":"2025-12-10T15:49:14","date_gmt":"2025-12-10T14:49:14","guid":{"rendered":"https:\/\/nstmpl26dev.wpenginepowered.com\/?page_id=14"},"modified":"2026-04-21T14:27:54","modified_gmt":"2026-04-21T12:27:54","slug":"om-oss","status":"publish","type":"page","link":"https:\/\/giha.se\/nb\/om-oss\/","title":{"rendered":"Om oss"},"content":{"rendered":"<section class=\"mht-block mht-block-hero mht-block-hero-e29f886ba20c317c98e1ec10e25384b4 height-type-d-full-height height-type-m-full-height hero-om-oss\" style=\"margin-bottom:var(--mht-block-hero-section-margin-bottom)\">\n\n    \n<style id='mht-block-hero-e29f886ba20c317c98e1ec10e25384b4-vars'>section.mht-block-hero-e29f886ba20c317c98e1ec10e25384b4{--mht-block-hero-section-margin-bottom:100px;--mht-block-hero-section-min-height:650px;--mht-block-hero-section-max-height:1280px;--mht-block-hero-subtitle-color:var(--mht-color-accent);--mht-block-hero-subtitle-margin-top:auto;--mht-block-hero-subtitle-margin-bottom:24px;--mht-block-hero-title-color:var(--mht-color-body-bg);--mht-block-hero-title-margin-bottom:100px;--mht-block-hero-desc-color:var(--mht-color-body-bg);--mht-block-hero-slide-1-padding-bottom:60px;--mht-block-hero-slide-1-rich-bg-color:var(--mht-color-dark);--mht-block-hero-slide-1-rich-bg-image:url('https:\/\/giha.se\/wp-content\/uploads\/2026\/04\/Ljuddampande-akustikgolv-Giha-Hisab@2x-1-1920x1000.webp');--mht-block-hero-slide-1-rich-bg-overlay-bg-image:linear-gradient(62deg, var(--mht-color-dark) 0%, rgb(from var(--mht-color-dark) r g b \/ 35%) 100%)}@media(max-width:991.98px){section.mht-block-hero-e29f886ba20c317c98e1ec10e25384b4{--mht-block-hero-section-margin-bottom:46px;--mht-block-hero-section-min-height:650px;--mht-block-hero-section-max-height:1080px;--mht-block-hero-title-margin-bottom:60px;--mht-block-hero-slide-1-rich-bg-image:url('https:\/\/giha.se\/wp-content\/uploads\/2026\/04\/Ljuddampande-akustikgolv-Giha-Hisab@2x-575x1106.webp')}}<\/style>\n\n    <div class=\"section-rich-bg rich-bg\">\n            <\/div>\n\n    <div class=\"hero-slider\" data-slick=\"{&quot;pauseOnFocus&quot;:false,&quot;pauseOnHover&quot;:false,&quot;prevArrow&quot;:&quot;&lt;button aria-label=\\&quot;Previous\\&quot; class=\\&quot;slick-prev slick-arrow\\&quot;&gt;&lt;i class=\\&quot;fal fa-chevron-left\\&quot;&gt;&lt;\\\/i&gt;&lt;\\\/button&gt;&quot;,&quot;nextArrow&quot;:&quot;&lt;button aria-label=\\&quot;Next\\&quot; class=\\&quot;slick-next slick-arrow\\&quot;&gt;&lt;i class=\\&quot;fal fa-chevron-right\\&quot;&gt;&lt;\\\/i&gt;&lt;\\\/button&gt;&quot;}\">\n                    <div class=\"hero-slide hero-slide-1\" style=\"padding-bottom:var(--mht-block-hero-slide-1-padding-bottom)\">\n\n                <div class=\"hero-slide--rich-bg rich-bg\" style=\"background-color:var(--mht-block-hero-slide-1-rich-bg-color);background-image:var(--mht-block-hero-slide-1-rich-bg-image)\">\n                                        \n<style>section.mht-block-hero-e29f886ba20c317c98e1ec10e25384b4 .hero-slide-1 .rich-bg::after {\n            background-color: var(--mht-block-hero-slide-1-rich-bg-overlay-bg-color, transparent);\n            background-image: var(--mht-block-hero-slide-1-rich-bg-overlay-bg-image, none);\n            -webkit-backdrop-filter: blur(var(--mht-block-hero-slide-1-rich-bg-overlay-blur, 0));\n            backdrop-filter: blur(var(--mht-block-hero-slide-1-rich-bg-overlay-blur, 0));\n        }<\/style>\n                <\/div>\n\n                <div class=\"container\">\n                    <div class=\"hero-slide--content justify-content-flex-start align-items-flex-end\">\n                        <div class=\"hero-slide--content--inner\">\n\n                                                            <h2 class=\"hero--subtitle mht-subtitle mht-heading h5\" style=\"color:var(--mht-block-hero-subtitle-color);margin-top:var(--mht-block-hero-subtitle-margin-top);margin-bottom:var(--mht-block-hero-subtitle-margin-bottom)\">                                    Om oss                                <\/h2>                            \n                                                            <h1 class=\"hero--title mht-heading\" style=\"color:var(--mht-block-hero-title-color);margin-bottom:var(--mht-block-hero-title-margin-bottom)\">                                    Giha Golvsystem \u2013 25 \u00e5r av svensk innovation                                <\/h1>                            \n                                                            <div class=\"hero--desc mht-wysiwyg\" style=\"color:var(--mht-block-hero-desc-color)\">\n                                    <ul>\n<li>H\u00f6gsta kreditv\u00e4rdighet<\/li>\n<li>L\u00e4nets f\u00f6retagare<\/li>\n<li>P-m\u00e4rkta golvsystem<\/li>\n<li>Svanen-m\u00e4rkt<\/li>\n<\/ul>\n                                <\/div>\n                            \n                            \n                        <\/div><!-- .section-content-inner -->\n\n                        \n                    <\/div><!-- .section-content -->\n                <\/div><!-- .container -->\n\n            <\/div>\n            <\/div>\n\n    \n<\/section>\n\n\n\n<div class=\"container\">\n<div class=\"gb-element-5bd14ef8\">\n<div class=\"last-child-mb-0\">\n<h2 class=\"gb-text gb-text-ec480733\">Utm\u00e4rkelser och certifieringar<\/h2>\n\n\n<div class=\"mht-block mht-block-contact-info mht-block-contact-info-7651305629b4dd42129911b6df13df4e\">\r\n\r\n    \n<style id='mht-block-contact-info-7651305629b4dd42129911b6df13df4e-vars'><\/style>\n\r\n    <ul class=\"contact-info-items fa-ul layout-d-vertical layout-m-vertical\">\r\n                                    <li class=\"item\">\r\n                                            <a class=\"item-inner\" href=\"https:\/\/giha.se\/wp-content\/uploads\/2026\/04\/Hisab-giha-fornybar-el@2x.webp\" target=\"_blank\">\r\n                    \r\n                                            <span class=\"fa-li icon-wrap\"><i class=\"fa-sharp fa-light fa-file-pdf\"><\/i><\/span>\r\n                                                                <span class=\"text\">Intyg Varbergsortens El<\/span>\r\n                    \r\n                                            <\/a>\r\n                                    <\/li>\r\n                                                <li class=\"item\">\r\n                                            <a class=\"item-inner\" href=\"https:\/\/giha.se\/wp-content\/uploads\/2026\/04\/Hisab-varderingsdiplom@2x.webp\" target=\"_blank\">\r\n                    \r\n                                            <span class=\"fa-li icon-wrap\"><i class=\"fa-sharp fa-light fa-file-pdf\"><\/i><\/span>\r\n                                                                <span class=\"text\">V\u00e4rderingsdiplom Hisab<\/span>\r\n                    \r\n                                            <\/a>\r\n                                    <\/li>\r\n                        <\/ul>\r\n\r\n<\/div>\r\n<\/div>\n\n\n\n<div class=\"last-child-mb-0 gb-element-307c1843\">\n<p>Resan f\u00f6r AB Giha Golvsystem startade f\u00f6r \u00f6ver 25 \u00e5r sedan i Hultsfred, under namnet Hultsfreds Industrisnickeri. Sedan flytten till Varberg 1999 har vi fortsatt att utveckla och producera marknadsledande golvsystem med fokus p\u00e5 funktion, kvalitet och milj\u00f6. V\u00e5rt engagemang har bel\u00f6nats med utm\u00e4rkelsen L\u00e4nets f\u00f6retagare 2023, ett kvitto p\u00e5 v\u00e5r innovationskraft inom snickeribranschen. Vi innehar \u00e4ven H\u00f6gsta kreditv\u00e4rdighet (AAA) enligt UC, vilket ger v\u00e5ra kunder och samarbetspartners en extra trygghet i att vi \u00e4r en stabil och p\u00e5litlig aff\u00e4rspartner \u00f6ver tid.<\/p>\n\n\n\n<p>V\u00e5r tekniska expertis bekr\u00e4ftas av att vi var f\u00f6rst p\u00e5 marknaden med ett P-m\u00e4rkt ventilationsgolv, certifierat av RISE (tidigare SP). Denna m\u00e4rkning garanterar att v\u00e5ra system \u00e4r granskade och godk\u00e4nda enligt strikta kvalitetskrav. Vi \u00e4r \u00e4ven stolta \u00f6ver att v\u00e5ra produkter \u00e4r milj\u00f6m\u00e4rkta med Svanen och FSC, samt godk\u00e4nda i Sunda Hus, Basta och Byggvarubed\u00f6mningen. Genom \u00e5ren har vi n\u00e5tt h\u00f6gsta tillv\u00e4xtklassen i Sverige och tilldelats trippel V-rating, vilket placerar oss bland landets mest framg\u00e5ngsrika aktiebolag i v\u00e5r bransch.<\/p>\n\n\n\n<h4 class=\"gb-text gb-text-0ffff584\">V\u00e5r resa och framtid<\/h4>\n\n\n\n<p>Giha \u00e4r i grunden ett familjef\u00f6retag, grundat av G\u00f6ran och Agneta Carlsson. Med r\u00f6tterna i sm\u00e5l\u00e4ndsk hantverkstradition har vi vuxit till en internationell akt\u00f6r som levererar patenterade l\u00f6sningar till hela Norden och stora delar av Europa, inklusive Spanien, Schweiz och Baltikum. V\u00e5rt n\u00e4ra samarbete med akt\u00f6rer som WSP och tidigare Swedspan (IKEA) har lagt grunden f\u00f6r de smarta konstruktioner vi s\u00e4ljer idag. Vi forts\u00e4tter att blicka fram\u00e5t och utveckla n\u00e4sta generations golvsystem f\u00f6r sunda och h\u00e5llbara inomhusmilj\u00f6er.<\/p>\n<\/div>\n<\/div>\n<\/div>\n\n\n\n<div class=\"container gb-element-22527830\">\n<figure class=\"wp-block-gallery has-nested-images columns-6 is-cropped gallery-lightbox wp-block-gallery-1 is-layout-flex wp-block-gallery-is-layout-flex\">\n<figure class=\"wp-block-image size-full\"><a href=\"https:\/\/giha.se\/wp-content\/uploads\/2026\/04\/Hisab-giha-fornybar-el@2x.webp\"><img loading=\"lazy\" decoding=\"async\" width=\"412\" height=\"362\" data-id=\"1673\" src=\"https:\/\/giha.se\/wp-content\/uploads\/2026\/04\/Component-54-\u2013-1@2x.webp\" alt=\"\" class=\"wp-image-1673\" srcset=\"https:\/\/giha.se\/wp-content\/uploads\/2026\/04\/Component-54-\u2013-1@2x.webp 412w, https:\/\/giha.se\/wp-content\/uploads\/2026\/04\/Component-54-\u2013-1@2x-300x264.webp 300w\" sizes=\"auto, (max-width: 412px) 100vw, 412px\" \/><\/a><\/figure>\n\n\n\n<figure class=\"wp-block-image size-full\"><a href=\"https:\/\/giha.se\/wp-content\/uploads\/2026\/04\/SIGILL_SKOLD_STAENDE_STOR_SVART_TEXT@2x.webp\"><img loading=\"lazy\" decoding=\"async\" width=\"412\" height=\"362\" data-id=\"1674\" src=\"https:\/\/giha.se\/wp-content\/uploads\/2026\/04\/Component-55-\u2013-1@2x.webp\" alt=\"\" class=\"wp-image-1674\" srcset=\"https:\/\/giha.se\/wp-content\/uploads\/2026\/04\/Component-55-\u2013-1@2x.webp 412w, https:\/\/giha.se\/wp-content\/uploads\/2026\/04\/Component-55-\u2013-1@2x-300x264.webp 300w\" sizes=\"auto, (max-width: 412px) 100vw, 412px\" \/><\/a><\/figure>\n\n\n\n<figure class=\"wp-block-image size-full\"><a href=\"https:\/\/giha.se\/wp-content\/uploads\/2026\/04\/Sigill-arets-foretagare-2023@2x.webp\"><img loading=\"lazy\" decoding=\"async\" width=\"412\" height=\"362\" data-id=\"1676\" src=\"https:\/\/giha.se\/wp-content\/uploads\/2026\/04\/Component-56-\u2013-1@2x.webp\" alt=\"\" class=\"wp-image-1676\" srcset=\"https:\/\/giha.se\/wp-content\/uploads\/2026\/04\/Component-56-\u2013-1@2x.webp 412w, https:\/\/giha.se\/wp-content\/uploads\/2026\/04\/Component-56-\u2013-1@2x-300x264.webp 300w\" sizes=\"auto, (max-width: 412px) 100vw, 412px\" \/><\/a><\/figure>\n\n\n\n<figure class=\"wp-block-image size-full\"><a href=\"https:\/\/se.fsc.org\/se-sv\" target=\"_blank\" rel=\" noreferrer noopener\"><img loading=\"lazy\" decoding=\"async\" width=\"412\" height=\"362\" data-id=\"1677\" src=\"https:\/\/giha.se\/wp-content\/uploads\/2026\/04\/Group-1730@2x.webp\" alt=\"\" class=\"wp-image-1677\" srcset=\"https:\/\/giha.se\/wp-content\/uploads\/2026\/04\/Group-1730@2x.webp 412w, https:\/\/giha.se\/wp-content\/uploads\/2026\/04\/Group-1730@2x-300x264.webp 300w\" sizes=\"auto, (max-width: 412px) 100vw, 412px\" \/><\/a><\/figure>\n\n\n\n<figure class=\"wp-block-image size-full\"><a href=\"https:\/\/www.svanen.se\/\" target=\"_blank\" rel=\" noreferrer noopener\"><img loading=\"lazy\" decoding=\"async\" width=\"412\" height=\"362\" data-id=\"1675\" src=\"https:\/\/giha.se\/wp-content\/uploads\/2026\/04\/Group-1729@2x.webp\" alt=\"\" class=\"wp-image-1675\" srcset=\"https:\/\/giha.se\/wp-content\/uploads\/2026\/04\/Group-1729@2x.webp 412w, https:\/\/giha.se\/wp-content\/uploads\/2026\/04\/Group-1729@2x-300x264.webp 300w\" sizes=\"auto, (max-width: 412px) 100vw, 412px\" \/><\/a><\/figure>\n\n\n\n<figure class=\"wp-block-image size-full\"><a href=\"https:\/\/giha.se\/wp-content\/uploads\/2026\/04\/Hisab-varderingsdiplom@2x.webp\"><img loading=\"lazy\" decoding=\"async\" width=\"412\" height=\"362\" data-id=\"1678\" src=\"https:\/\/giha.se\/wp-content\/uploads\/2026\/04\/Component-57-\u2013-1@2x.webp\" alt=\"\" class=\"wp-image-1678\" srcset=\"https:\/\/giha.se\/wp-content\/uploads\/2026\/04\/Component-57-\u2013-1@2x.webp 412w, https:\/\/giha.se\/wp-content\/uploads\/2026\/04\/Component-57-\u2013-1@2x-300x264.webp 300w\" sizes=\"auto, (max-width: 412px) 100vw, 412px\" \/><\/a><\/figure>\n<\/figure>\n<\/div>\n\n\n\n<div class=\"gb-element-4b2501b7 folj-oss\">\n<div class=\"container gb-element-fd1041ea\">\n<div class=\"last-child-mb-0 gb-element-b1b220f1\">\n<h2 class=\"gb-text h5 gb-text-350af809\">F\u00f8lg Giha p\u00e5 Facebook!<\/h2>\n<\/div>\n\n\n\n<div class=\"gb-element-1cd099e6\"><div class=\"mht-block mht-block-contact-info mht-block-contact-info-0ac862d6616d83fbe5b3ef8faa4886ed social-info\">\r\n\r\n    \n<style id='mht-block-contact-info-0ac862d6616d83fbe5b3ef8faa4886ed-vars'><\/style>\n\r\n    <ul class=\"contact-info-items fa-ul layout-d-horizontal layout-m-vertical justify-content-flex-start\">\r\n                                    <li class=\"item\">\r\n                                            <a class=\"item-inner\" href=\"https:\/\/www.facebook.com\/gihagolvet\/?locale=sv_SE\" target=\"_blank\">\r\n                    \r\n                                            <span class=\"fa-li icon-wrap\"><i class=\"fa-brands fa-facebook\"><\/i><\/span>\r\n                                                                <span class=\"text\">Facebook<\/span>\r\n                    \r\n                                            <\/a>\r\n                                    <\/li>\r\n                        <\/ul>\r\n\r\n<\/div>\r\n<\/div>\n<\/div>\n<\/div>","protected":false},"excerpt":{"rendered":"<p>Utm\u00e4rkelser och certifieringar Resan f\u00f6r AB Giha Golvsystem startade f\u00f6r \u00f6ver 25 \u00e5r sedan i Hultsfred, under namnet Hultsfreds Industrisnickeri. Sedan flytten till Varberg 1999 har vi fortsatt att utveckla och producera marknadsledande golvsystem med fokus p\u00e5 funktion, kvalitet och milj\u00f6. V\u00e5rt engagemang har bel\u00f6nats med utm\u00e4rkelsen L\u00e4nets f\u00f6retagare 2023, ett kvitto p\u00e5 v\u00e5r innovationskraft [&hellip;]<\/p>\n","protected":false},"author":1,"featured_media":0,"parent":0,"menu_order":0,"comment_status":"closed","ping_status":"closed","template":"","meta":{"_acf_changed":false,"inline_featured_image":false,"footnotes":""},"class_list":["post-14","page","type-page","status-publish","hentry"],"acf":[],"yoast_head":"<!-- This site is optimized with the Yoast SEO plugin v27.6 - https:\/\/yoast.com\/product\/yoast-seo-wordpress\/ -->\n<title>Om oss - Giha Golvsystem<\/title>\n<meta name=\"robots\" content=\"index, follow, max-snippet:-1, max-image-preview:large, max-video-preview:-1\" \/>\n<link rel=\"canonical\" href=\"https:\/\/giha.se\/nb\/om-oss\/\" \/>\n<meta property=\"og:locale\" content=\"nb_NO\" \/>\n<meta property=\"og:type\" content=\"article\" \/>\n<meta property=\"og:title\" content=\"Om oss - Giha Golvsystem\" \/>\n<meta property=\"og:description\" content=\"Utm\u00e4rkelser och certifieringar Resan f\u00f6r AB Giha Golvsystem startade f\u00f6r \u00f6ver 25 \u00e5r sedan i Hultsfred, under namnet Hultsfreds Industrisnickeri. Sedan flytten till Varberg 1999 har vi fortsatt att utveckla och producera marknadsledande golvsystem med fokus p\u00e5 funktion, kvalitet och milj\u00f6. V\u00e5rt engagemang har bel\u00f6nats med utm\u00e4rkelsen L\u00e4nets f\u00f6retagare 2023, ett kvitto p\u00e5 v\u00e5r innovationskraft [&hellip;]\" \/>\n<meta property=\"og:url\" content=\"https:\/\/giha.se\/nb\/om-oss\/\" \/>\n<meta property=\"og:site_name\" content=\"Giha Golvsystem\" \/>\n<meta property=\"article:publisher\" content=\"https:\/\/www.facebook.com\/gihagolvet\/?locale=sv_SE\" \/>\n<meta property=\"article:modified_time\" content=\"2026-04-21T12:27:54+00:00\" \/>\n<meta property=\"og:image\" content=\"https:\/\/giha.se\/wp-content\/uploads\/2026\/04\/Group-1730@2x.webp\" \/>\n<meta name=\"twitter:card\" content=\"summary_large_image\" \/>\n<meta name=\"twitter:label1\" content=\"Est. reading time\" \/>\n\t<meta name=\"twitter:data1\" content=\"3 minutter\" \/>\n<script type=\"application\/ld+json\" class=\"yoast-schema-graph\">{\"@context\":\"https:\\\/\\\/schema.org\",\"@graph\":[{\"@type\":\"WebPage\",\"@id\":\"https:\\\/\\\/giha.se\\\/om-oss\\\/\",\"url\":\"https:\\\/\\\/giha.se\\\/om-oss\\\/\",\"name\":\"Om oss - Giha Golvsystem\",\"isPartOf\":{\"@id\":\"https:\\\/\\\/giha.se\\\/#website\"},\"primaryImageOfPage\":{\"@id\":\"https:\\\/\\\/giha.se\\\/om-oss\\\/#primaryimage\"},\"image\":{\"@id\":\"https:\\\/\\\/giha.se\\\/om-oss\\\/#primaryimage\"},\"thumbnailUrl\":\"https:\\\/\\\/giha.se\\\/wp-content\\\/uploads\\\/2026\\\/04\\\/Group-1730@2x.webp\",\"datePublished\":\"2025-12-10T14:49:14+00:00\",\"dateModified\":\"2026-04-21T12:27:54+00:00\",\"breadcrumb\":{\"@id\":\"https:\\\/\\\/giha.se\\\/om-oss\\\/#breadcrumb\"},\"inLanguage\":\"nb-NO\",\"potentialAction\":[{\"@type\":\"ReadAction\",\"target\":[\"https:\\\/\\\/giha.se\\\/om-oss\\\/\"]}]},{\"@type\":\"ImageObject\",\"inLanguage\":\"nb-NO\",\"@id\":\"https:\\\/\\\/giha.se\\\/om-oss\\\/#primaryimage\",\"url\":\"https:\\\/\\\/giha.se\\\/wp-content\\\/uploads\\\/2026\\\/04\\\/Group-1730@2x.webp\",\"contentUrl\":\"https:\\\/\\\/giha.se\\\/wp-content\\\/uploads\\\/2026\\\/04\\\/Group-1730@2x.webp\"},{\"@type\":\"BreadcrumbList\",\"@id\":\"https:\\\/\\\/giha.se\\\/om-oss\\\/#breadcrumb\",\"itemListElement\":[{\"@type\":\"ListItem\",\"position\":1,\"name\":\"Home\",\"item\":\"https:\\\/\\\/giha.se\\\/\"},{\"@type\":\"ListItem\",\"position\":2,\"name\":\"Om oss\"}]},{\"@type\":\"WebSite\",\"@id\":\"https:\\\/\\\/giha.se\\\/#website\",\"url\":\"https:\\\/\\\/giha.se\\\/\",\"name\":\"Giha Golvsystem\",\"description\":\"\",\"publisher\":{\"@id\":\"https:\\\/\\\/giha.se\\\/#organization\"},\"potentialAction\":[{\"@type\":\"SearchAction\",\"target\":{\"@type\":\"EntryPoint\",\"urlTemplate\":\"https:\\\/\\\/giha.se\\\/?s={search_term_string}\"},\"query-input\":{\"@type\":\"PropertyValueSpecification\",\"valueRequired\":true,\"valueName\":\"search_term_string\"}}],\"inLanguage\":\"nb-NO\"},{\"@type\":[\"Organization\",\"Place\"],\"@id\":\"https:\\\/\\\/giha.se\\\/#organization\",\"name\":\"Hertig Knut Aktiebolag\",\"url\":\"https:\\\/\\\/giha.se\\\/\",\"logo\":{\"@id\":\"https:\\\/\\\/giha.se\\\/om-oss\\\/#local-main-organization-logo\"},\"image\":{\"@id\":\"https:\\\/\\\/giha.se\\\/om-oss\\\/#local-main-organization-logo\"},\"sameAs\":[\"https:\\\/\\\/www.facebook.com\\\/gihagolvet\\\/?locale=sv_SE\"],\"telephone\":[],\"openingHoursSpecification\":[{\"@type\":\"OpeningHoursSpecification\",\"dayOfWeek\":[\"Monday\",\"Tuesday\",\"Wednesday\",\"Thursday\",\"Friday\",\"Saturday\",\"Sunday\"],\"opens\":\"09:00\",\"closes\":\"17:00\"}]},{\"@type\":\"ImageObject\",\"inLanguage\":\"nb-NO\",\"@id\":\"https:\\\/\\\/giha.se\\\/om-oss\\\/#local-main-organization-logo\",\"url\":\"https:\\\/\\\/giha.se\\\/wp-content\\\/uploads\\\/2026\\\/05\\\/Giha-Org-logo.webp\",\"contentUrl\":\"https:\\\/\\\/giha.se\\\/wp-content\\\/uploads\\\/2026\\\/05\\\/Giha-Org-logo.webp\",\"width\":696,\"height\":696,\"caption\":\"Hertig Knut Aktiebolag\"}]}<\/script>\n<!-- \/ Yoast SEO plugin. -->","yoast_head_json":{"title":"Om oss - Giha Golvsystem","robots":{"index":"index","follow":"follow","max-snippet":"max-snippet:-1","max-image-preview":"max-image-preview:large","max-video-preview":"max-video-preview:-1"},"canonical":"https:\/\/giha.se\/nb\/om-oss\/","og_locale":"nb_NO","og_type":"article","og_title":"Om oss - Giha Golvsystem","og_description":"Utm\u00e4rkelser och certifieringar Resan f\u00f6r AB Giha Golvsystem startade f\u00f6r \u00f6ver 25 \u00e5r sedan i Hultsfred, under namnet Hultsfreds Industrisnickeri. Sedan flytten till Varberg 1999 har vi fortsatt att utveckla och producera marknadsledande golvsystem med fokus p\u00e5 funktion, kvalitet och milj\u00f6. V\u00e5rt engagemang har bel\u00f6nats med utm\u00e4rkelsen L\u00e4nets f\u00f6retagare 2023, ett kvitto p\u00e5 v\u00e5r innovationskraft [&hellip;]","og_url":"https:\/\/giha.se\/nb\/om-oss\/","og_site_name":"Giha Golvsystem","article_publisher":"https:\/\/www.facebook.com\/gihagolvet\/?locale=sv_SE","article_modified_time":"2026-04-21T12:27:54+00:00","og_image":[{"url":"https:\/\/giha.se\/wp-content\/uploads\/2026\/04\/Group-1730@2x.webp","type":"","width":"","height":""}],"twitter_card":"summary_large_image","twitter_misc":{"Est. reading time":"3 minutter"},"schema":{"@context":"https:\/\/schema.org","@graph":[{"@type":"WebPage","@id":"https:\/\/giha.se\/om-oss\/","url":"https:\/\/giha.se\/om-oss\/","name":"Om oss - Giha Golvsystem","isPartOf":{"@id":"https:\/\/giha.se\/#website"},"primaryImageOfPage":{"@id":"https:\/\/giha.se\/om-oss\/#primaryimage"},"image":{"@id":"https:\/\/giha.se\/om-oss\/#primaryimage"},"thumbnailUrl":"https:\/\/giha.se\/wp-content\/uploads\/2026\/04\/Group-1730@2x.webp","datePublished":"2025-12-10T14:49:14+00:00","dateModified":"2026-04-21T12:27:54+00:00","breadcrumb":{"@id":"https:\/\/giha.se\/om-oss\/#breadcrumb"},"inLanguage":"nb-NO","potentialAction":[{"@type":"ReadAction","target":["https:\/\/giha.se\/om-oss\/"]}]},{"@type":"ImageObject","inLanguage":"nb-NO","@id":"https:\/\/giha.se\/om-oss\/#primaryimage","url":"https:\/\/giha.se\/wp-content\/uploads\/2026\/04\/Group-1730@2x.webp","contentUrl":"https:\/\/giha.se\/wp-content\/uploads\/2026\/04\/Group-1730@2x.webp"},{"@type":"BreadcrumbList","@id":"https:\/\/giha.se\/om-oss\/#breadcrumb","itemListElement":[{"@type":"ListItem","position":1,"name":"Home","item":"https:\/\/giha.se\/"},{"@type":"ListItem","position":2,"name":"Om oss"}]},{"@type":"WebSite","@id":"https:\/\/giha.se\/#website","url":"https:\/\/giha.se\/","name":"Giha Golvsystem","description":"","publisher":{"@id":"https:\/\/giha.se\/#organization"},"potentialAction":[{"@type":"SearchAction","target":{"@type":"EntryPoint","urlTemplate":"https:\/\/giha.se\/?s={search_term_string}"},"query-input":{"@type":"PropertyValueSpecification","valueRequired":true,"valueName":"search_term_string"}}],"inLanguage":"nb-NO"},{"@type":["Organization","Place"],"@id":"https:\/\/giha.se\/#organization","name":"Hertig Knut Aktiebolag","url":"https:\/\/giha.se\/","logo":{"@id":"https:\/\/giha.se\/om-oss\/#local-main-organization-logo"},"image":{"@id":"https:\/\/giha.se\/om-oss\/#local-main-organization-logo"},"sameAs":["https:\/\/www.facebook.com\/gihagolvet\/?locale=sv_SE"],"telephone":[],"openingHoursSpecification":[{"@type":"OpeningHoursSpecification","dayOfWeek":["Monday","Tuesday","Wednesday","Thursday","Friday","Saturday","Sunday"],"opens":"09:00","closes":"17:00"}]},{"@type":"ImageObject","inLanguage":"nb-NO","@id":"https:\/\/giha.se\/om-oss\/#local-main-organization-logo","url":"https:\/\/giha.se\/wp-content\/uploads\/2026\/05\/Giha-Org-logo.webp","contentUrl":"https:\/\/giha.se\/wp-content\/uploads\/2026\/05\/Giha-Org-logo.webp","width":696,"height":696,"caption":"Hertig Knut Aktiebolag"}]}},"_links":{"self":[{"href":"https:\/\/giha.se\/nb\/wp-json\/wp\/v2\/pages\/14","targetHints":{"allow":["GET"]}}],"collection":[{"href":"https:\/\/giha.se\/nb\/wp-json\/wp\/v2\/pages"}],"about":[{"href":"https:\/\/giha.se\/nb\/wp-json\/wp\/v2\/types\/page"}],"author":[{"embeddable":true,"href":"https:\/\/giha.se\/nb\/wp-json\/wp\/v2\/users\/1"}],"replies":[{"embeddable":true,"href":"https:\/\/giha.se\/nb\/wp-json\/wp\/v2\/comments?post=14"}],"version-history":[{"count":0,"href":"https:\/\/giha.se\/nb\/wp-json\/wp\/v2\/pages\/14\/revisions"}],"wp:attachment":[{"href":"https:\/\/giha.se\/nb\/wp-json\/wp\/v2\/media?parent=14"}],"curies":[{"name":"wp","href":"https:\/\/api.w.org\/{rel}","templated":true}]}}