{"id":1626,"date":"2026-04-07T15:52:29","date_gmt":"2026-04-07T13:52:29","guid":{"rendered":"https:\/\/giha.se\/?page_id=1626"},"modified":"2026-04-21T13:53:10","modified_gmt":"2026-04-21T11:53:10","slug":"installationsgolv","status":"publish","type":"page","link":"https:\/\/giha.se\/nb\/golv\/installationsgolv\/","title":{"rendered":"Installasjonsgulv"},"content":{"rendered":"<div class=\"container\">\n<div class=\"gb-element-d80239bf\">\n<div class=\"last-child-mb-0 gb-element-57575c3d\">\n<h2 class=\"gb-text h5 mht-color-accent gb-text-077d671a\">Installasjonsgulv<\/h2>\n\n\n\n<h1 class=\"gb-text gb-text-30719cba\">Giha Installationsgolv<\/h1>\n\n\n\n<p class=\"gb-text gb-text-a83d4b45\">Giha Installationsgolv \u00e4r det optimala valet f\u00f6r en snabb och fuktfri golvkonstruktion. Med v\u00e5ra patenterade system skapar vi j\u00e4mna underlag och d\u00f6ljer installationer effektivt i b\u00e5de nybyggnation och renoveringsprojekt.<\/p>\n<\/div>\n\n\n\n<div class=\"gb-element-3637d379\">\n<img loading=\"lazy\" decoding=\"async\" width=\"1792\" height=\"880\" class=\"gb-media-54c2d586\" alt=\"\" src=\"https:\/\/giha.se\/wp-content\/uploads\/2026\/04\/Hisab-installationsgolv-kontor@2x-1.webp\" srcset=\"https:\/\/giha.se\/wp-content\/uploads\/2026\/04\/Hisab-installationsgolv-kontor@2x-1.webp 1792w, https:\/\/giha.se\/wp-content\/uploads\/2026\/04\/Hisab-installationsgolv-kontor@2x-1-300x147.webp 300w, https:\/\/giha.se\/wp-content\/uploads\/2026\/04\/Hisab-installationsgolv-kontor@2x-1-1024x503.webp 1024w, https:\/\/giha.se\/wp-content\/uploads\/2026\/04\/Hisab-installationsgolv-kontor@2x-1-768x377.webp 768w, https:\/\/giha.se\/wp-content\/uploads\/2026\/04\/Hisab-installationsgolv-kontor@2x-1-575x282.webp 575w, https:\/\/giha.se\/wp-content\/uploads\/2026\/04\/Hisab-installationsgolv-kontor@2x-1-1320x648.webp 1320w\" sizes=\"auto, (max-width: 1792px) 100vw, 1792px\" \/>\n\n\n\n<img loading=\"lazy\" decoding=\"async\" width=\"716\" height=\"762\" class=\"gb-media-39bf6a22\" alt=\"\" src=\"https:\/\/giha.se\/wp-content\/uploads\/2026\/04\/Hisab-installationsgolv-kontor@2x.webp\" srcset=\"https:\/\/giha.se\/wp-content\/uploads\/2026\/04\/Hisab-installationsgolv-kontor@2x.webp 716w, https:\/\/giha.se\/wp-content\/uploads\/2026\/04\/Hisab-installationsgolv-kontor@2x-282x300.webp 282w, https:\/\/giha.se\/wp-content\/uploads\/2026\/04\/Hisab-installationsgolv-kontor@2x-575x612.webp 575w\" sizes=\"auto, (max-width: 716px) 100vw, 716px\" \/>\n<\/div>\n\n\n\n<div class=\"gb-element-ee322066\">\n<h2 class=\"gb-text h4-m gb-text-62d75167\">Tids- och kostnadseffektivt, rikta upp oj\u00e4mna golv och helt fritt fr\u00e5n fukt<\/h2>\n\n\n\n<h4 class=\"gb-text h5 gb-text-ba979222\">S\u00e5 fungerar Giha Installationsgolv<\/h4>\n\n\n\n<p>V\u00e5rt system bygger p\u00e5 en genialisk metod d\u00e4r golvsp\u00e5nskivorna vilar direkt p\u00e5 nylonskruvar som nivelleras till exakt h\u00f6jd. Detta eliminerar behovet av tidskr\u00e4vande gjutning eller flytspackling, vilket g\u00f6r processen b\u00e5de tids- och kostnadseffektiv. Genom att undvika v\u00e5ta arbetsmoment tillf\u00f6rs ingen fukt till byggnaden, och du kan rikta upp gamla, oj\u00e4mna tr\u00e4golv eller r\u00e5betong p\u00e5 ett smidigt s\u00e4tt. Det l\u00e4mnar ett gener\u00f6st utrymme under golvytan f\u00f6r osynlig dragning av el, VVS och n\u00e4tverkskablar.<\/p>\n\n\n\n<p>Systemet \u00e4r extremt flexibelt och l\u00e4mpar sig f\u00f6r en m\u00e4ngd olika milj\u00f6er s\u00e5som moderna kontor, butikslokaler och teknikintensiva datorhallar eller serverrum. Det \u00e4r ocks\u00e5 en utm\u00e4rkt l\u00f6sning f\u00f6r offentliga byggnader som skolor, daghem och kyrkor d\u00e4r tillg\u00e4nglighet och dolda installationer \u00e4r ett krav. \u00c4ven restauranger, utbildningslokaler och servicebyggnader drar nytta av den korta monteringstiden. F\u00f6r k\u00e4llarmilj\u00f6er \u00e4r det ett tryggt val d\u00e5 konstruktionen till\u00e5ter underliggande luftcirkulation och h\u00e5ller golvytan torr och varm.<\/p>\n<\/div>\n\n\n\n<div class=\"gb-element-bd49e5df\">\n<div class=\"gb-element-5bd14ef8 dash-top\">\n<div class=\"last-child-mb-0\">\n<h2 class=\"gb-text h4 gb-text-ec480733\">Niv\u00e5reglerande funktion f\u00f6r total flexibilitet<\/h2>\n<\/div>\n\n\n\n<div class=\"last-child-mb-0 gb-element-307c1843\">\n<p>Giha Installationsgolv erbjuder en unik niv\u00e5reglerande funktion som kan justera golvh\u00f6jden fr\u00e5n 26 mm \u00e4nda upp till 400 mm inklusive sp\u00e5nskiva. Detta g\u00f6r det m\u00f6jligt att \u00f6verbrygga stora niv\u00e5skillnader och oj\u00e4mnheter i underlaget utan tunga och kostsamma uppreglingar. <\/p>\n\n\n\n<p>Justeringen sker snabbt och enkelt genom de f\u00f6rmonterade bussningarna, vilket s\u00e4kerst\u00e4ller ett helt plant slutresultat oavsett om f\u00f6ruts\u00e4ttningarna \u00e4r ett lutande industrigolv eller ett sviktande bj\u00e4lklag i ett \u00e4ldre hus.<\/p>\n<\/div>\n<\/div>\n\n\n\n<div class=\"gb-element-d69de223 dash-top\">\n<div class=\"last-child-mb-0\">\n<h2 class=\"gb-text h4 gb-text-9581baac\">Enkel efterjustering och osynlig \u00e5terlagning<\/h2>\n<\/div>\n\n\n\n<div class=\"last-child-mb-0 gb-element-fb66abdd\">\n<p>N\u00e4r installationsarbetet under golvet \u00e4r klart och h\u00f6jden \u00e4r inst\u00e4lld kapas nylonskruvarna f\u00f6r en perfekt finish. Vid behov av framtida inspektioner eller kompletterande kabeldragning kan man anv\u00e4nda v\u00e5ra specialanpassade t\u00e4cklock f\u00f6r en enkel \u00e5terlagning. <\/p>\n\n\n\n<p>Locken monteras i golvplattans bussningar och t\u00e4cks sedan diskret av mattl\u00e4ggning eller flytspackling. Om du v\u00e4ljer att l\u00e4gga parkett eller tr\u00e4golv ovanp\u00e5 beh\u00f6vs inga t\u00e4cklock alls, vilket g\u00f6r systemet helt osynligt f\u00f6r \u00f6gat.<\/p>\n<\/div>\n<\/div>\n\n\n\n<div class=\"gb-element-5d28a983 dash-top\">\n<div class=\"last-child-mb-0\">\n<h2 class=\"gb-text h4 gb-text-9cdd281e\">Teknisk information f\u00f6r Giha installationsgolv<\/h2>\n<\/div>\n\n\n\n<div class=\"last-child-mb-0 gb-element-176aa6be\">\n<p>Systemet best\u00e5r av f\u00e5 komponenter f\u00f6r att minimera materialhantering och transportbehov. V\u00e5ra golvplattor \u00e4r 22 mm tjocka och kan levereras med f\u00f6rmonterad cellplastisolering f\u00f6r f\u00f6rb\u00e4ttrad termisk komfort och ljudd\u00e4mpning. <\/p>\n\n\n\n<p>F\u00f6r stabil inf\u00e4stning anv\u00e4nds antingen betongskruv eller spikplugg beroende p\u00e5 underlagets beskaffenhet. Alla delar \u00e4r dimensionerade f\u00f6r att t\u00e5la h\u00f6g belastning, vilket g\u00f6r Giha till en p\u00e5litlig partner f\u00f6r tunga kontorsm\u00f6bler och teknisk utrustning i kr\u00e4vande milj\u00f6er.<\/p>\n<\/div>\n<\/div>\n<\/div>\n<\/div>\n\n\n\n<div>\n<div>\n<div class=\"container last-child-mb-0 gb-element-47f31ca2\">\n<h5 class=\"gb-text mht-color-accent gb-text-c58c5f8f\">Giha Installationsgolv<\/h5>\n\n\n\n<h2 class=\"gb-text\">Snabb montering, h\u00f6g belastning och fuktfri konstruktion<\/h2>\n<\/div>\n<\/div>\n\n\n<section class=\"mht-block mht-block-cards mht-block-cards-69450ee1e749475ce9aef2e5d7c6e869\">\n\n    \n<style id='mht-block-cards-69450ee1e749475ce9aef2e5d7c6e869-vars'>section.mht-block-cards-69450ee1e749475ce9aef2e5d7c6e869{--mht-block-cards-cards-column-gap:80px;--mht-block-cards-cards-row-gap:80px;--mht-block-cards-content-max-width:1128px;--mht-block-cards-card-text-align:center;--mht-block-cards-card-image-margin-left:auto;--mht-block-cards-card-image-margin-right:auto;--mht-block-cards-card-icon-font-size:40px;--mht-block-cards-card-icon-color:var(--mht-color-accent);--mht-block-cards-title-margin-top:46px;--mht-block-cards-title-margin-bottom:12px}@media(max-width:991.98px){section.mht-block-cards-69450ee1e749475ce9aef2e5d7c6e869{--mht-block-cards-card-padding-right:19px;--mht-block-cards-card-padding-left:19px;--mht-block-cards-title-margin-top:36px}}<\/style>\n\n    <div class=\"section-rich-bg rich-bg\">\n            <\/div>\n\n    <div class=\"container\">\n        <div class=\"section-content\">\n            <div class=\"section-content--inner\" style=\"max-width:var(--mht-block-cards-content-max-width)\">\n\n                <ul class=\"cards--cards mht-grid-3 mht-grid-m-1\">\n                                            <li class=\"cards--card-item\">\n                                <div class=\"cards--card cards--card-v1\" style=\"text-align:var(--mht-block-cards-card-text-align);padding-right:var(--mht-block-cards-card-padding-right);padding-left:var(--mht-block-cards-card-padding-left)\">\n\n    <div class=\"cards--card--header\">\n        \r\n    <\/div><!-- .cards--card--header -->\n\n    <div class=\"cards--card--texts\">\n        <div class=\"cards--card--texts--inner\">\n\n            <div class=\"cards--card--body\">\n                                    <h3 class=\"cards--card--title mht-heading h5\" style=\"margin-top:var(--mht-block-cards-title-margin-top);margin-bottom:var(--mht-block-cards-title-margin-bottom)\">                        F\u00f6r flera underlag                    <\/h3>                \n                \n                                    <div class=\"cards--card--desc mht-wysiwyg\">\n                        <p>V\u00e5ra system anpassas enkelt f\u00f6r b\u00e5de nybyggnation och renovering, oavsett om underlaget \u00e4r betong, tr\u00e4 eller har stora oj\u00e4mnheter.<\/p>\n                    <\/div>\n                            <\/div><!-- .cards--card--body -->\n\n            \n        <\/div><!-- .cards--card--texts--inner -->\n    <\/div><!-- .cards--card--texts -->\n\n    <\/div>\n                        <\/li>\n                                            <li class=\"cards--card-item\">\n                                <div class=\"cards--card cards--card-v1\" style=\"text-align:var(--mht-block-cards-card-text-align);padding-right:var(--mht-block-cards-card-padding-right);padding-left:var(--mht-block-cards-card-padding-left)\">\n\n    <div class=\"cards--card--header\">\n        \r\n    <\/div><!-- .cards--card--header -->\n\n    <div class=\"cards--card--texts\">\n        <div class=\"cards--card--texts--inner\">\n\n            <div class=\"cards--card--body\">\n                                    <h3 class=\"cards--card--title mht-heading h5\" style=\"margin-top:var(--mht-block-cards-title-margin-top);margin-bottom:var(--mht-block-cards-title-margin-bottom)\">                        F\u00e4rre arbetsmoment                    <\/h3>                \n                \n                                    <div class=\"cards--card--desc mht-wysiwyg\">\n                        <p>Slipp gjutning och spackling; golvet vilar p\u00e5 nylonskruvar vilket g\u00f6r monteringen snabbare och s\u00e4nker den totala projektkostnaden avsev\u00e4rt.<\/p>\n                    <\/div>\n                            <\/div><!-- .cards--card--body -->\n\n            \n        <\/div><!-- .cards--card--texts--inner -->\n    <\/div><!-- .cards--card--texts -->\n\n    <\/div>\n                        <\/li>\n                                            <li class=\"cards--card-item\">\n                                <div class=\"cards--card cards--card-v1\" style=\"text-align:var(--mht-block-cards-card-text-align);padding-right:var(--mht-block-cards-card-padding-right);padding-left:var(--mht-block-cards-card-padding-left)\">\n\n    <div class=\"cards--card--header\">\n        \r\n    <\/div><!-- .cards--card--header -->\n\n    <div class=\"cards--card--texts\">\n        <div class=\"cards--card--texts--inner\">\n\n            <div class=\"cards--card--body\">\n                                    <h3 class=\"cards--card--title mht-heading h5\" style=\"margin-top:var(--mht-block-cards-title-margin-top);margin-bottom:var(--mht-block-cards-title-margin-bottom)\">                        P\u00e5verkar inte layout                    <\/h3>                \n                \n                                    <div class=\"cards--card--desc mht-wysiwyg\">\n                        <p>Den l\u00e5ga byggh\u00f6jden och flexibla nivelleringen g\u00f6r att lokalens befintliga layout bevaras utan att kr\u00e4va stora ingrepp i konstruktionen.<\/p>\n                    <\/div>\n                            <\/div><!-- .cards--card--body -->\n\n            \n        <\/div><!-- .cards--card--texts--inner -->\n    <\/div><!-- .cards--card--texts -->\n\n    <\/div>\n                        <\/li>\n                                    <\/ul>\n\n            <\/div><!-- .section-content-inner -->\n        <\/div><!-- .section-content -->\n    <\/div><!-- .container -->\n\n<\/section>\n<\/div>\n<\/div>\n\n\n\n<div class=\"gb-element-4b2501b7 folj-oss\">\n<div class=\"container gb-element-fd1041ea\">\n<div class=\"last-child-mb-0 gb-element-b1b220f1\">\n<h2 class=\"gb-text h5 gb-text-350af809\">F\u00f8lg Giha p\u00e5 Facebook!<\/h2>\n<\/div>\n\n\n\n<div class=\"gb-element-1cd099e6\"><div class=\"mht-block mht-block-contact-info mht-block-contact-info-e5aecf11a4973492f826872837b7f664 social-info\">\r\n\r\n    \n<style id='mht-block-contact-info-e5aecf11a4973492f826872837b7f664-vars'><\/style>\n\r\n    <ul class=\"contact-info-items fa-ul layout-d-horizontal layout-m-vertical justify-content-flex-start\">\r\n                                    <li class=\"item\">\r\n                                            <a class=\"item-inner\" href=\"https:\/\/www.facebook.com\/gihagolvet\/?locale=sv_SE\" target=\"_blank\">\r\n                    \r\n                                            <span class=\"fa-li icon-wrap\"><i class=\"fa-brands fa-facebook\"><\/i><\/span>\r\n                                                                <span class=\"text\">Facebook<\/span>\r\n                    \r\n                                            <\/a>\r\n                                    <\/li>\r\n                        <\/ul>\r\n\r\n<\/div>\r\n<\/div>\n<\/div>\n<\/div>","protected":false},"excerpt":{"rendered":"<p>Installationsgolv Giha Installationsgolv Giha Installationsgolv \u00e4r det optimala valet f\u00f6r en snabb och fuktfri golvkonstruktion. Med v\u00e5ra patenterade system skapar vi j\u00e4mna underlag och d\u00f6ljer installationer effektivt i b\u00e5de nybyggnation och renoveringsprojekt. Tids- och kostnadseffektivt, rikta upp oj\u00e4mna golv och helt fritt fr\u00e5n fukt S\u00e5 fungerar Giha Installationsgolv V\u00e5rt system bygger p\u00e5 en genialisk metod [&hellip;]<\/p>\n","protected":false},"author":2,"featured_media":0,"parent":10,"menu_order":1,"comment_status":"closed","ping_status":"closed","template":"","meta":{"_acf_changed":true,"inline_featured_image":false,"footnotes":""},"class_list":["post-1626","page","type-page","status-publish","hentry"],"acf":[],"yoast_head":"<!-- This site is optimized with the Yoast SEO plugin v27.6 - https:\/\/yoast.com\/product\/yoast-seo-wordpress\/ -->\n<title>Giha Installationsgolv | Smart golvsystem med enkel installation<\/title>\n<meta name=\"description\" content=\"Snabb golvl\u00e4ggning med Giha Installationsgolv. Slipp gjutning med v\u00e5ra niv\u00e5reglerande system. Milj\u00f6v\u00e4nligt, fuktfritt och t\u00e5l h\u00f6g belastning.\" \/>\n<meta name=\"robots\" content=\"index, follow, max-snippet:-1, max-image-preview:large, max-video-preview:-1\" \/>\n<link rel=\"canonical\" href=\"https:\/\/giha.se\/nb\/gulv\/installationsgolv\/\" \/>\n<meta property=\"og:locale\" content=\"nb_NO\" \/>\n<meta property=\"og:type\" content=\"article\" \/>\n<meta property=\"og:title\" content=\"Giha Installationsgolv | Smart golvsystem med enkel installation\" \/>\n<meta property=\"og:description\" content=\"Snabb golvl\u00e4ggning med Giha Installationsgolv. Slipp gjutning med v\u00e5ra niv\u00e5reglerande system. Milj\u00f6v\u00e4nligt, fuktfritt och t\u00e5l h\u00f6g belastning.\" \/>\n<meta property=\"og:url\" content=\"https:\/\/giha.se\/nb\/gulv\/installationsgolv\/\" \/>\n<meta property=\"og:site_name\" content=\"Giha Golvsystem\" \/>\n<meta property=\"article:publisher\" content=\"https:\/\/www.facebook.com\/gihagolvet\/?locale=sv_SE\" \/>\n<meta property=\"article:modified_time\" content=\"2026-04-21T11:53:10+00:00\" \/>\n<meta property=\"og:image\" content=\"https:\/\/giha.se\/wp-content\/uploads\/2026\/04\/Hisab-installationsgolv-kontor@2x-1.webp\" \/>\n<meta name=\"twitter:card\" content=\"summary_large_image\" \/>\n<meta name=\"twitter:label1\" content=\"Est. reading time\" \/>\n\t<meta name=\"twitter:data1\" content=\"3 minutter\" \/>\n<script type=\"application\/ld+json\" class=\"yoast-schema-graph\">{\"@context\":\"https:\\\/\\\/schema.org\",\"@graph\":[{\"@type\":\"WebPage\",\"@id\":\"https:\\\/\\\/giha.se\\\/golv\\\/installationsgolv\\\/\",\"url\":\"https:\\\/\\\/giha.se\\\/golv\\\/installationsgolv\\\/\",\"name\":\"Giha Installationsgolv | Smart golvsystem med enkel installation\",\"isPartOf\":{\"@id\":\"https:\\\/\\\/giha.se\\\/#website\"},\"primaryImageOfPage\":{\"@id\":\"https:\\\/\\\/giha.se\\\/golv\\\/installationsgolv\\\/#primaryimage\"},\"image\":{\"@id\":\"https:\\\/\\\/giha.se\\\/golv\\\/installationsgolv\\\/#primaryimage\"},\"thumbnailUrl\":\"https:\\\/\\\/giha.se\\\/wp-content\\\/uploads\\\/2026\\\/04\\\/Hisab-installationsgolv-kontor@2x-1.webp\",\"datePublished\":\"2026-04-07T13:52:29+00:00\",\"dateModified\":\"2026-04-21T11:53:10+00:00\",\"description\":\"Snabb golvl\u00e4ggning med Giha Installationsgolv. Slipp gjutning med v\u00e5ra niv\u00e5reglerande system. Milj\u00f6v\u00e4nligt, fuktfritt och t\u00e5l h\u00f6g belastning.\",\"breadcrumb\":{\"@id\":\"https:\\\/\\\/giha.se\\\/golv\\\/installationsgolv\\\/#breadcrumb\"},\"inLanguage\":\"nb-NO\",\"potentialAction\":[{\"@type\":\"ReadAction\",\"target\":[\"https:\\\/\\\/giha.se\\\/golv\\\/installationsgolv\\\/\"]}]},{\"@type\":\"ImageObject\",\"inLanguage\":\"nb-NO\",\"@id\":\"https:\\\/\\\/giha.se\\\/golv\\\/installationsgolv\\\/#primaryimage\",\"url\":\"https:\\\/\\\/giha.se\\\/wp-content\\\/uploads\\\/2026\\\/04\\\/Hisab-installationsgolv-kontor@2x-1.webp\",\"contentUrl\":\"https:\\\/\\\/giha.se\\\/wp-content\\\/uploads\\\/2026\\\/04\\\/Hisab-installationsgolv-kontor@2x-1.webp\"},{\"@type\":\"BreadcrumbList\",\"@id\":\"https:\\\/\\\/giha.se\\\/golv\\\/installationsgolv\\\/#breadcrumb\",\"itemListElement\":[{\"@type\":\"ListItem\",\"position\":1,\"name\":\"Home\",\"item\":\"https:\\\/\\\/giha.se\\\/\"},{\"@type\":\"ListItem\",\"position\":2,\"name\":\"Golv\",\"item\":\"https:\\\/\\\/giha.se\\\/golv\\\/\"},{\"@type\":\"ListItem\",\"position\":3,\"name\":\"Installationsgolv\"}]},{\"@type\":\"WebSite\",\"@id\":\"https:\\\/\\\/giha.se\\\/#website\",\"url\":\"https:\\\/\\\/giha.se\\\/\",\"name\":\"Giha Golvsystem\",\"description\":\"\",\"publisher\":{\"@id\":\"https:\\\/\\\/giha.se\\\/#organization\"},\"potentialAction\":[{\"@type\":\"SearchAction\",\"target\":{\"@type\":\"EntryPoint\",\"urlTemplate\":\"https:\\\/\\\/giha.se\\\/?s={search_term_string}\"},\"query-input\":{\"@type\":\"PropertyValueSpecification\",\"valueRequired\":true,\"valueName\":\"search_term_string\"}}],\"inLanguage\":\"nb-NO\"},{\"@type\":[\"Organization\",\"Place\"],\"@id\":\"https:\\\/\\\/giha.se\\\/#organization\",\"name\":\"Hertig Knut Aktiebolag\",\"url\":\"https:\\\/\\\/giha.se\\\/\",\"logo\":{\"@id\":\"https:\\\/\\\/giha.se\\\/golv\\\/installationsgolv\\\/#local-main-organization-logo\"},\"image\":{\"@id\":\"https:\\\/\\\/giha.se\\\/golv\\\/installationsgolv\\\/#local-main-organization-logo\"},\"sameAs\":[\"https:\\\/\\\/www.facebook.com\\\/gihagolvet\\\/?locale=sv_SE\"],\"telephone\":[],\"openingHoursSpecification\":[{\"@type\":\"OpeningHoursSpecification\",\"dayOfWeek\":[\"Monday\",\"Tuesday\",\"Wednesday\",\"Thursday\",\"Friday\",\"Saturday\",\"Sunday\"],\"opens\":\"09:00\",\"closes\":\"17:00\"}]},{\"@type\":\"ImageObject\",\"inLanguage\":\"nb-NO\",\"@id\":\"https:\\\/\\\/giha.se\\\/golv\\\/installationsgolv\\\/#local-main-organization-logo\",\"url\":\"https:\\\/\\\/giha.se\\\/wp-content\\\/uploads\\\/2026\\\/05\\\/Giha-Org-logo.webp\",\"contentUrl\":\"https:\\\/\\\/giha.se\\\/wp-content\\\/uploads\\\/2026\\\/05\\\/Giha-Org-logo.webp\",\"width\":696,\"height\":696,\"caption\":\"Hertig Knut Aktiebolag\"}]}<\/script>\n<!-- \/ Yoast SEO plugin. -->","yoast_head_json":{"title":"Giha Installationsgolv | Smart golvsystem med enkel installation","description":"Snabb golvl\u00e4ggning med Giha Installationsgolv. Slipp gjutning med v\u00e5ra niv\u00e5reglerande system. Milj\u00f6v\u00e4nligt, fuktfritt och t\u00e5l h\u00f6g belastning.","robots":{"index":"index","follow":"follow","max-snippet":"max-snippet:-1","max-image-preview":"max-image-preview:large","max-video-preview":"max-video-preview:-1"},"canonical":"https:\/\/giha.se\/nb\/gulv\/installationsgolv\/","og_locale":"nb_NO","og_type":"article","og_title":"Giha Installationsgolv | Smart golvsystem med enkel installation","og_description":"Snabb golvl\u00e4ggning med Giha Installationsgolv. Slipp gjutning med v\u00e5ra niv\u00e5reglerande system. Milj\u00f6v\u00e4nligt, fuktfritt och t\u00e5l h\u00f6g belastning.","og_url":"https:\/\/giha.se\/nb\/gulv\/installationsgolv\/","og_site_name":"Giha Golvsystem","article_publisher":"https:\/\/www.facebook.com\/gihagolvet\/?locale=sv_SE","article_modified_time":"2026-04-21T11:53:10+00:00","og_image":[{"url":"https:\/\/giha.se\/wp-content\/uploads\/2026\/04\/Hisab-installationsgolv-kontor@2x-1.webp","type":"","width":"","height":""}],"twitter_card":"summary_large_image","twitter_misc":{"Est. reading time":"3 minutter"},"schema":{"@context":"https:\/\/schema.org","@graph":[{"@type":"WebPage","@id":"https:\/\/giha.se\/golv\/installationsgolv\/","url":"https:\/\/giha.se\/golv\/installationsgolv\/","name":"Giha Installationsgolv | Smart golvsystem med enkel installation","isPartOf":{"@id":"https:\/\/giha.se\/#website"},"primaryImageOfPage":{"@id":"https:\/\/giha.se\/golv\/installationsgolv\/#primaryimage"},"image":{"@id":"https:\/\/giha.se\/golv\/installationsgolv\/#primaryimage"},"thumbnailUrl":"https:\/\/giha.se\/wp-content\/uploads\/2026\/04\/Hisab-installationsgolv-kontor@2x-1.webp","datePublished":"2026-04-07T13:52:29+00:00","dateModified":"2026-04-21T11:53:10+00:00","description":"Snabb golvl\u00e4ggning med Giha Installationsgolv. Slipp gjutning med v\u00e5ra niv\u00e5reglerande system. Milj\u00f6v\u00e4nligt, fuktfritt och t\u00e5l h\u00f6g belastning.","breadcrumb":{"@id":"https:\/\/giha.se\/golv\/installationsgolv\/#breadcrumb"},"inLanguage":"nb-NO","potentialAction":[{"@type":"ReadAction","target":["https:\/\/giha.se\/golv\/installationsgolv\/"]}]},{"@type":"ImageObject","inLanguage":"nb-NO","@id":"https:\/\/giha.se\/golv\/installationsgolv\/#primaryimage","url":"https:\/\/giha.se\/wp-content\/uploads\/2026\/04\/Hisab-installationsgolv-kontor@2x-1.webp","contentUrl":"https:\/\/giha.se\/wp-content\/uploads\/2026\/04\/Hisab-installationsgolv-kontor@2x-1.webp"},{"@type":"BreadcrumbList","@id":"https:\/\/giha.se\/golv\/installationsgolv\/#breadcrumb","itemListElement":[{"@type":"ListItem","position":1,"name":"Home","item":"https:\/\/giha.se\/"},{"@type":"ListItem","position":2,"name":"Golv","item":"https:\/\/giha.se\/golv\/"},{"@type":"ListItem","position":3,"name":"Installationsgolv"}]},{"@type":"WebSite","@id":"https:\/\/giha.se\/#website","url":"https:\/\/giha.se\/","name":"Giha Golvsystem","description":"","publisher":{"@id":"https:\/\/giha.se\/#organization"},"potentialAction":[{"@type":"SearchAction","target":{"@type":"EntryPoint","urlTemplate":"https:\/\/giha.se\/?s={search_term_string}"},"query-input":{"@type":"PropertyValueSpecification","valueRequired":true,"valueName":"search_term_string"}}],"inLanguage":"nb-NO"},{"@type":["Organization","Place"],"@id":"https:\/\/giha.se\/#organization","name":"Hertig Knut Aktiebolag","url":"https:\/\/giha.se\/","logo":{"@id":"https:\/\/giha.se\/golv\/installationsgolv\/#local-main-organization-logo"},"image":{"@id":"https:\/\/giha.se\/golv\/installationsgolv\/#local-main-organization-logo"},"sameAs":["https:\/\/www.facebook.com\/gihagolvet\/?locale=sv_SE"],"telephone":[],"openingHoursSpecification":[{"@type":"OpeningHoursSpecification","dayOfWeek":["Monday","Tuesday","Wednesday","Thursday","Friday","Saturday","Sunday"],"opens":"09:00","closes":"17:00"}]},{"@type":"ImageObject","inLanguage":"nb-NO","@id":"https:\/\/giha.se\/golv\/installationsgolv\/#local-main-organization-logo","url":"https:\/\/giha.se\/wp-content\/uploads\/2026\/05\/Giha-Org-logo.webp","contentUrl":"https:\/\/giha.se\/wp-content\/uploads\/2026\/05\/Giha-Org-logo.webp","width":696,"height":696,"caption":"Hertig Knut Aktiebolag"}]}},"_links":{"self":[{"href":"https:\/\/giha.se\/nb\/wp-json\/wp\/v2\/pages\/1626","targetHints":{"allow":["GET"]}}],"collection":[{"href":"https:\/\/giha.se\/nb\/wp-json\/wp\/v2\/pages"}],"about":[{"href":"https:\/\/giha.se\/nb\/wp-json\/wp\/v2\/types\/page"}],"author":[{"embeddable":true,"href":"https:\/\/giha.se\/nb\/wp-json\/wp\/v2\/users\/2"}],"replies":[{"embeddable":true,"href":"https:\/\/giha.se\/nb\/wp-json\/wp\/v2\/comments?post=1626"}],"version-history":[{"count":0,"href":"https:\/\/giha.se\/nb\/wp-json\/wp\/v2\/pages\/1626\/revisions"}],"up":[{"embeddable":true,"href":"https:\/\/giha.se\/nb\/wp-json\/wp\/v2\/pages\/10"}],"wp:attachment":[{"href":"https:\/\/giha.se\/nb\/wp-json\/wp\/v2\/media?parent=1626"}],"curies":[{"name":"wp","href":"https:\/\/api.w.org\/{rel}","templated":true}]}}