{"id":1636,"date":"2026-04-08T09:33:29","date_gmt":"2026-04-08T07:33:29","guid":{"rendered":"https:\/\/giha.se\/?page_id=1636"},"modified":"2026-04-21T13:49:39","modified_gmt":"2026-04-21T11:49:39","slug":"ventinspect","status":"publish","type":"page","link":"https:\/\/giha.se\/nb\/golv\/ventinspect\/","title":{"rendered":"Ventinspeksjon"},"content":{"rendered":"<div class=\"container\">\n<div class=\"gb-element-d80239bf\">\n<div class=\"last-child-mb-0 gb-element-57575c3d\">\n<h2 class=\"gb-text h5 mht-color-accent gb-text-077d671a\">Golvinspektion<\/h2>\n\n\n\n<h1 class=\"gb-text gb-text-30719cba\">Giha Ventinspect<\/h1>\n\n\n\n<p class=\"gb-text gb-text-a83d4b45\">Giha Ventinspect \u00e4r den marknadsledande metoden f\u00f6r professionell golvinspektion. Genom innovativ teknik m\u00f6jligg\u00f6r vi snabb och precis kontroll av undergolv utan att orsaka on\u00f6dig skada p\u00e5 ytmaterialet eller konstruktionen.<\/p>\n<\/div>\n\n\n\n<div class=\"gb-element-3637d379\">\n<img loading=\"lazy\" decoding=\"async\" width=\"1792\" height=\"880\" class=\"gb-media-54c2d586\" alt=\"\" src=\"https:\/\/giha.se\/wp-content\/uploads\/2026\/04\/mekaniskt-ventilerat-golv-giha-hisab@2x.webp\" srcset=\"https:\/\/giha.se\/wp-content\/uploads\/2026\/04\/mekaniskt-ventilerat-golv-giha-hisab@2x.webp 1792w, https:\/\/giha.se\/wp-content\/uploads\/2026\/04\/mekaniskt-ventilerat-golv-giha-hisab@2x-300x147.webp 300w, https:\/\/giha.se\/wp-content\/uploads\/2026\/04\/mekaniskt-ventilerat-golv-giha-hisab@2x-1024x503.webp 1024w, https:\/\/giha.se\/wp-content\/uploads\/2026\/04\/mekaniskt-ventilerat-golv-giha-hisab@2x-768x377.webp 768w, https:\/\/giha.se\/wp-content\/uploads\/2026\/04\/mekaniskt-ventilerat-golv-giha-hisab@2x-575x282.webp 575w, https:\/\/giha.se\/wp-content\/uploads\/2026\/04\/mekaniskt-ventilerat-golv-giha-hisab@2x-1320x648.webp 1320w\" sizes=\"auto, (max-width: 1792px) 100vw, 1792px\" \/>\n\n\n\n<img loading=\"lazy\" decoding=\"async\" width=\"716\" height=\"762\" class=\"gb-media-39bf6a22\" alt=\"\" src=\"https:\/\/giha.se\/wp-content\/uploads\/2026\/04\/mekaniskt-ventilerat-golv-giha-hisab@2x-1.webp\" srcset=\"https:\/\/giha.se\/wp-content\/uploads\/2026\/04\/mekaniskt-ventilerat-golv-giha-hisab@2x-1.webp 716w, https:\/\/giha.se\/wp-content\/uploads\/2026\/04\/mekaniskt-ventilerat-golv-giha-hisab@2x-1-282x300.webp 282w, https:\/\/giha.se\/wp-content\/uploads\/2026\/04\/mekaniskt-ventilerat-golv-giha-hisab@2x-1-575x612.webp 575w\" sizes=\"auto, (max-width: 716px) 100vw, 716px\" \/>\n<\/div>\n\n\n\n<div class=\"gb-element-ee322066\">\n<h2 class=\"gb-text h4-m gb-text-62d75167\">Giha Ventinspect &#8211; den smarta metoden f\u00f6r golvinspektion<\/h2>\n\n\n\n<h4 class=\"gb-text h5 gb-text-ba979222\">Kontrollera fukt, m\u00f6gel eller d\u00e5lig lukt<\/h4>\n\n\n\n<p>Att uppt\u00e4cka problem i tid \u00e4r avg\u00f6rande f\u00f6r en h\u00e4lsosam inomhusmilj\u00f6. Med v\u00e5r metod f\u00f6r golvinspektion kan experter snabbt identifiera f\u00f6rekomst av fukt, m\u00f6gel eller d\u00e5lig lukt som tr\u00e4ngt upp fr\u00e5n betongplattan. Genom att inspektera utrymmet under golvet f\u00e5r du ett direkt svar p\u00e5 konstruktionens skick.<\/p>\n\n\n\n<p>Detta \u00e4r ett oumb\u00e4rligt verktyg vid misstanke om dolda skador eller vid radonm\u00e4tning. Ist\u00e4llet f\u00f6r kostsamma uppbrytningar ger Ventinspect en tydlig bild av underlaget, vilket sparar b\u00e5de tid och pengar vid saneringsbeslut.<\/p>\n<\/div>\n\n\n\n<div class=\"gb-element-bd49e5df\">\n<div class=\"gb-element-5bd14ef8 dash-top\">\n<div class=\"last-child-mb-0\">\n<h2 class=\"gb-text h4 gb-text-ec480733\">Specialutvecklad ventinspectborr<\/h2>\n<\/div>\n\n\n\n<div class=\"last-child-mb-0 gb-element-307c1843\">\n<p>K\u00e4rnan i systemet \u00e4r v\u00e5r specialutvecklade ventinspectborr. Borren \u00e4r tekniskt utformad f\u00f6r att skapa exakta \u00f6ppningar i golvkonstruktionen med minimal p\u00e5verkan. <\/p>\n\n\n\n<p>Verktyget \u00e4r framtaget f\u00f6r att m\u00f6ta de h\u00f6ga krav som st\u00e4lls av fuktkonsulter och besiktningsm\u00e4n som beh\u00f6ver en p\u00e5litlig och smidig l\u00f6sning f\u00f6r att komma \u00e5t utrymmet mellan underlaget och installationsgolvet vid m\u00e4tningar.<\/p>\n<\/div>\n<\/div>\n\n\n\n<div class=\"gb-element-d69de223 dash-top\">\n<div class=\"last-child-mb-0\">\n<h2 class=\"gb-text h4 gb-text-9581baac\">Enkel \u00e5terlagning med f\u00e4rdiga lock<\/h2>\n<\/div>\n\n\n\n<div class=\"last-child-mb-0 gb-element-fb66abdd\">\n<p>Efter utf\u00f6rd inspektion \u00e5terst\u00e4lls golvet snabbt och estetiskt med v\u00e5ra f\u00e4rdiga lock. Du slipper fula lagningar eller behovet av att byta ut hela golvsektioner. <\/p>\n\n\n\n<p>Locken finns i flera olika standardutf\u00f6randen, men kan \u00e4ven kundanpassas f\u00f6r att sm\u00e4lta in perfekt i din specifika milj\u00f6. Det g\u00f6r metoden lika effektiv i industrilokaler som i offentliga milj\u00f6er och kontor.<\/p>\n<\/div>\n<\/div>\n\n\n\n<div class=\"gb-element-5d28a983 dash-top\">\n<div class=\"last-child-mb-0\">\n<h2 class=\"gb-text h4 gb-text-9cdd281e\">Betrodd av branschens experter<\/h2>\n<\/div>\n\n\n\n<div class=\"last-child-mb-0 gb-element-176aa6be\">\n<p>V\u00e5r metod f\u00f6r golvinspektion anv\u00e4nds dagligen av ledande akt\u00f6rer inom fuktsanering och byggkonsultation, d\u00e4ribland Anticimex, Polygon och RISE. <\/p>\n\n\n\n<p>Att branschens mest v\u00e4lrenommerade experter v\u00e4ljer Giha Ventinspect \u00e4r ett kvitto p\u00e5 systemets precision och tillf\u00f6rlitlighet. Vi utvecklar st\u00e4ndigt metoden f\u00f6r att ligga i framkant n\u00e4r det g\u00e4ller svensk byggstandard och innovativ skadekontroll.<\/p>\n<\/div>\n<\/div>\n<\/div>\n<\/div>\n<\/div>\n\n\n\n<div>\n<div>\n<div class=\"container last-child-mb-0 gb-element-47f31ca2\">\n<h5 class=\"gb-text mht-color-accent gb-text-c58c5f8f\">Golvinspektion<\/h5>\n\n\n\n<h2 class=\"gb-text\">Smidigare inspektion med Giha Ventinspect<\/h2>\n<\/div>\n<\/div>\n\n\n<section class=\"mht-block mht-block-cards mht-block-cards-f604c68edd3fcbf3fa5ced441290016d\">\n\n    \n<style id='mht-block-cards-f604c68edd3fcbf3fa5ced441290016d-vars'>section.mht-block-cards-f604c68edd3fcbf3fa5ced441290016d{--mht-block-cards-cards-column-gap:80px;--mht-block-cards-cards-row-gap:80px;--mht-block-cards-content-max-width:1128px;--mht-block-cards-card-text-align:center;--mht-block-cards-card-image-margin-left:auto;--mht-block-cards-card-image-margin-right:auto;--mht-block-cards-card-icon-font-size:40px;--mht-block-cards-card-icon-color:var(--mht-color-accent);--mht-block-cards-title-margin-top:46px;--mht-block-cards-title-margin-bottom:12px}@media(max-width:991.98px){section.mht-block-cards-f604c68edd3fcbf3fa5ced441290016d{--mht-block-cards-card-padding-right:19px;--mht-block-cards-card-padding-left:19px;--mht-block-cards-title-margin-top:36px}}<\/style>\n\n    <div class=\"section-rich-bg rich-bg\">\n            <\/div>\n\n    <div class=\"container\">\n        <div class=\"section-content\">\n            <div class=\"section-content--inner\" style=\"max-width:var(--mht-block-cards-content-max-width)\">\n\n                <ul class=\"cards--cards mht-grid-3 mht-grid-m-1\">\n                                            <li class=\"cards--card-item\">\n                                <div class=\"cards--card cards--card-v1\" style=\"text-align:var(--mht-block-cards-card-text-align);padding-right:var(--mht-block-cards-card-padding-right);padding-left:var(--mht-block-cards-card-padding-left)\">\n\n    <div class=\"cards--card--header\">\n        \r\n    <\/div><!-- .cards--card--header -->\n\n    <div class=\"cards--card--texts\">\n        <div class=\"cards--card--texts--inner\">\n\n            <div class=\"cards--card--body\">\n                                    <h3 class=\"cards--card--title mht-heading h5\" style=\"margin-top:var(--mht-block-cards-title-margin-top);margin-bottom:var(--mht-block-cards-title-margin-bottom)\">                        Snabb diagnos                    <\/h3>                \n                \n                                    <div class=\"cards--card--desc mht-wysiwyg\">\n                        <p>Identifiera dolda problem med fukt, lukt och radon utan att f\u00f6rst\u00f6ra golvets befintliga ytstruktur.<\/p>\n                    <\/div>\n                            <\/div><!-- .cards--card--body -->\n\n            \n        <\/div><!-- .cards--card--texts--inner -->\n    <\/div><!-- .cards--card--texts -->\n\n    <\/div>\n                        <\/li>\n                                            <li class=\"cards--card-item\">\n                                <div class=\"cards--card cards--card-v1\" style=\"text-align:var(--mht-block-cards-card-text-align);padding-right:var(--mht-block-cards-card-padding-right);padding-left:var(--mht-block-cards-card-padding-left)\">\n\n    <div class=\"cards--card--header\">\n        \r\n    <\/div><!-- .cards--card--header -->\n\n    <div class=\"cards--card--texts\">\n        <div class=\"cards--card--texts--inner\">\n\n            <div class=\"cards--card--body\">\n                                    <h3 class=\"cards--card--title mht-heading h5\" style=\"margin-top:var(--mht-block-cards-title-margin-top);margin-bottom:var(--mht-block-cards-title-margin-bottom)\">                        Minimal \u00e5verkan                    <\/h3>                \n                \n                                    <div class=\"cards--card--desc mht-wysiwyg\">\n                        <p>Specialborr och f\u00e4rdiga t\u00e4cklock garanterar en diskret inspektion som knappt l\u00e4mnar n\u00e5gra sp\u00e5r efter\u00e5t.<\/p>\n                    <\/div>\n                            <\/div><!-- .cards--card--body -->\n\n            \n        <\/div><!-- .cards--card--texts--inner -->\n    <\/div><!-- .cards--card--texts -->\n\n    <\/div>\n                        <\/li>\n                                            <li class=\"cards--card-item\">\n                                <div class=\"cards--card cards--card-v1\" style=\"text-align:var(--mht-block-cards-card-text-align);padding-right:var(--mht-block-cards-card-padding-right);padding-left:var(--mht-block-cards-card-padding-left)\">\n\n    <div class=\"cards--card--header\">\n        \r\n    <\/div><!-- .cards--card--header -->\n\n    <div class=\"cards--card--texts\">\n        <div class=\"cards--card--texts--inner\">\n\n            <div class=\"cards--card--body\">\n                                    <h3 class=\"cards--card--title mht-heading h5\" style=\"margin-top:var(--mht-block-cards-title-margin-top);margin-bottom:var(--mht-block-cards-title-margin-bottom)\">                        Professionell standard                    <\/h3>                \n                \n                                    <div class=\"cards--card--desc mht-wysiwyg\">\n                        <p>Utvecklat i samarbete med ledande fuktkonsulter f\u00f6r h\u00f6gsta m\u00f6jliga precision vid varje inspektionstillf\u00e4lle.<\/p>\n                    <\/div>\n                            <\/div><!-- .cards--card--body -->\n\n            \n        <\/div><!-- .cards--card--texts--inner -->\n    <\/div><!-- .cards--card--texts -->\n\n    <\/div>\n                        <\/li>\n                                    <\/ul>\n\n            <\/div><!-- .section-content-inner -->\n        <\/div><!-- .section-content -->\n    <\/div><!-- .container -->\n\n<\/section>\n<\/div>\n\n\n\n<div class=\"gb-element-4b2501b7 folj-oss\">\n<div class=\"container gb-element-fd1041ea\">\n<div class=\"last-child-mb-0 gb-element-b1b220f1\">\n<h2 class=\"gb-text h5 gb-text-350af809\">F\u00f8lg Giha p\u00e5 Facebook!<\/h2>\n<\/div>\n\n\n\n<div class=\"gb-element-1cd099e6\"><div class=\"mht-block mht-block-contact-info mht-block-contact-info-c9879da0124c9da652e0f0789d0b55a4 social-info\">\r\n\r\n    \n<style id='mht-block-contact-info-c9879da0124c9da652e0f0789d0b55a4-vars'><\/style>\n\r\n    <ul class=\"contact-info-items fa-ul layout-d-horizontal layout-m-vertical justify-content-flex-start\">\r\n                                    <li class=\"item\">\r\n                                            <a class=\"item-inner\" href=\"https:\/\/www.facebook.com\/gihagolvet\/?locale=sv_SE\" target=\"_blank\">\r\n                    \r\n                                            <span class=\"fa-li icon-wrap\"><i class=\"fa-brands fa-facebook\"><\/i><\/span>\r\n                                                                <span class=\"text\">Facebook<\/span>\r\n                    \r\n                                            <\/a>\r\n                                    <\/li>\r\n                        <\/ul>\r\n\r\n<\/div>\r\n<\/div>\n<\/div>\n<\/div>","protected":false},"excerpt":{"rendered":"<p>Golvinspektion Giha Ventinspect Giha Ventinspect \u00e4r den marknadsledande metoden f\u00f6r professionell golvinspektion. Genom innovativ teknik m\u00f6jligg\u00f6r vi snabb och precis kontroll av undergolv utan att orsaka on\u00f6dig skada p\u00e5 ytmaterialet eller konstruktionen. Giha Ventinspect &#8211; den smarta metoden f\u00f6r golvinspektion Kontrollera fukt, m\u00f6gel eller d\u00e5lig lukt Att uppt\u00e4cka problem i tid \u00e4r avg\u00f6rande f\u00f6r en [&hellip;]<\/p>\n","protected":false},"author":2,"featured_media":0,"parent":10,"menu_order":6,"comment_status":"closed","ping_status":"closed","template":"","meta":{"_acf_changed":true,"inline_featured_image":false,"footnotes":""},"class_list":["post-1636","page","type-page","status-publish","hentry"],"acf":[],"yoast_head":"<!-- This site is optimized with the Yoast SEO plugin v27.6 - https:\/\/yoast.com\/product\/yoast-seo-wordpress\/ -->\n<title>Golvinspektion med Giha Ventinspect | Smart metod f\u00f6r fukt &amp; lukt<\/title>\n<meta name=\"description\" content=\"Uppt\u00e4ck fukt, m\u00f6gel och radon med Giha Ventinspect. Snabb metod f\u00f6r golvinspektion - anv\u00e4nds av experter. Minimal \u00e5verkan, enkel \u00e5terlagning.\" \/>\n<meta name=\"robots\" content=\"index, follow, max-snippet:-1, max-image-preview:large, max-video-preview:-1\" \/>\n<link rel=\"canonical\" href=\"https:\/\/giha.se\/nb\/gulv\/ventinspect\/\" \/>\n<meta property=\"og:locale\" content=\"nb_NO\" \/>\n<meta property=\"og:type\" content=\"article\" \/>\n<meta property=\"og:title\" content=\"Golvinspektion med Giha Ventinspect | Smart metod f\u00f6r fukt &amp; lukt\" \/>\n<meta property=\"og:description\" content=\"Uppt\u00e4ck fukt, m\u00f6gel och radon med Giha Ventinspect. Snabb metod f\u00f6r golvinspektion - anv\u00e4nds av experter. Minimal \u00e5verkan, enkel \u00e5terlagning.\" \/>\n<meta property=\"og:url\" content=\"https:\/\/giha.se\/nb\/gulv\/ventinspect\/\" \/>\n<meta property=\"og:site_name\" content=\"Giha Golvsystem\" \/>\n<meta property=\"article:publisher\" content=\"https:\/\/www.facebook.com\/gihagolvet\/?locale=sv_SE\" \/>\n<meta property=\"article:modified_time\" content=\"2026-04-21T11:49:39+00:00\" \/>\n<meta property=\"og:image\" content=\"https:\/\/giha.se\/wp-content\/uploads\/2026\/04\/mekaniskt-ventilerat-golv-giha-hisab@2x.webp\" \/>\n<meta name=\"twitter:card\" content=\"summary_large_image\" \/>\n<meta name=\"twitter:label1\" content=\"Est. reading time\" \/>\n\t<meta name=\"twitter:data1\" content=\"2 minutter\" \/>\n<script type=\"application\/ld+json\" class=\"yoast-schema-graph\">{\"@context\":\"https:\\\/\\\/schema.org\",\"@graph\":[{\"@type\":\"WebPage\",\"@id\":\"https:\\\/\\\/giha.se\\\/golv\\\/ventinspect\\\/\",\"url\":\"https:\\\/\\\/giha.se\\\/golv\\\/ventinspect\\\/\",\"name\":\"Golvinspektion med Giha Ventinspect | Smart metod f\u00f6r fukt & lukt\",\"isPartOf\":{\"@id\":\"https:\\\/\\\/giha.se\\\/#website\"},\"primaryImageOfPage\":{\"@id\":\"https:\\\/\\\/giha.se\\\/golv\\\/ventinspect\\\/#primaryimage\"},\"image\":{\"@id\":\"https:\\\/\\\/giha.se\\\/golv\\\/ventinspect\\\/#primaryimage\"},\"thumbnailUrl\":\"https:\\\/\\\/giha.se\\\/wp-content\\\/uploads\\\/2026\\\/04\\\/mekaniskt-ventilerat-golv-giha-hisab@2x.webp\",\"datePublished\":\"2026-04-08T07:33:29+00:00\",\"dateModified\":\"2026-04-21T11:49:39+00:00\",\"description\":\"Uppt\u00e4ck fukt, m\u00f6gel och radon med Giha Ventinspect. Snabb metod f\u00f6r golvinspektion - anv\u00e4nds av experter. Minimal \u00e5verkan, enkel \u00e5terlagning.\",\"breadcrumb\":{\"@id\":\"https:\\\/\\\/giha.se\\\/golv\\\/ventinspect\\\/#breadcrumb\"},\"inLanguage\":\"nb-NO\",\"potentialAction\":[{\"@type\":\"ReadAction\",\"target\":[\"https:\\\/\\\/giha.se\\\/golv\\\/ventinspect\\\/\"]}]},{\"@type\":\"ImageObject\",\"inLanguage\":\"nb-NO\",\"@id\":\"https:\\\/\\\/giha.se\\\/golv\\\/ventinspect\\\/#primaryimage\",\"url\":\"https:\\\/\\\/giha.se\\\/wp-content\\\/uploads\\\/2026\\\/04\\\/mekaniskt-ventilerat-golv-giha-hisab@2x.webp\",\"contentUrl\":\"https:\\\/\\\/giha.se\\\/wp-content\\\/uploads\\\/2026\\\/04\\\/mekaniskt-ventilerat-golv-giha-hisab@2x.webp\"},{\"@type\":\"BreadcrumbList\",\"@id\":\"https:\\\/\\\/giha.se\\\/golv\\\/ventinspect\\\/#breadcrumb\",\"itemListElement\":[{\"@type\":\"ListItem\",\"position\":1,\"name\":\"Home\",\"item\":\"https:\\\/\\\/giha.se\\\/\"},{\"@type\":\"ListItem\",\"position\":2,\"name\":\"Golv\",\"item\":\"https:\\\/\\\/giha.se\\\/golv\\\/\"},{\"@type\":\"ListItem\",\"position\":3,\"name\":\"Ventinspect\"}]},{\"@type\":\"WebSite\",\"@id\":\"https:\\\/\\\/giha.se\\\/#website\",\"url\":\"https:\\\/\\\/giha.se\\\/\",\"name\":\"Giha Golvsystem\",\"description\":\"\",\"publisher\":{\"@id\":\"https:\\\/\\\/giha.se\\\/#organization\"},\"potentialAction\":[{\"@type\":\"SearchAction\",\"target\":{\"@type\":\"EntryPoint\",\"urlTemplate\":\"https:\\\/\\\/giha.se\\\/?s={search_term_string}\"},\"query-input\":{\"@type\":\"PropertyValueSpecification\",\"valueRequired\":true,\"valueName\":\"search_term_string\"}}],\"inLanguage\":\"nb-NO\"},{\"@type\":[\"Organization\",\"Place\"],\"@id\":\"https:\\\/\\\/giha.se\\\/#organization\",\"name\":\"Hertig Knut Aktiebolag\",\"url\":\"https:\\\/\\\/giha.se\\\/\",\"logo\":{\"@id\":\"https:\\\/\\\/giha.se\\\/golv\\\/ventinspect\\\/#local-main-organization-logo\"},\"image\":{\"@id\":\"https:\\\/\\\/giha.se\\\/golv\\\/ventinspect\\\/#local-main-organization-logo\"},\"sameAs\":[\"https:\\\/\\\/www.facebook.com\\\/gihagolvet\\\/?locale=sv_SE\"],\"telephone\":[],\"openingHoursSpecification\":[{\"@type\":\"OpeningHoursSpecification\",\"dayOfWeek\":[\"Monday\",\"Tuesday\",\"Wednesday\",\"Thursday\",\"Friday\",\"Saturday\",\"Sunday\"],\"opens\":\"09:00\",\"closes\":\"17:00\"}]},{\"@type\":\"ImageObject\",\"inLanguage\":\"nb-NO\",\"@id\":\"https:\\\/\\\/giha.se\\\/golv\\\/ventinspect\\\/#local-main-organization-logo\",\"url\":\"https:\\\/\\\/giha.se\\\/wp-content\\\/uploads\\\/2026\\\/05\\\/Giha-Org-logo.webp\",\"contentUrl\":\"https:\\\/\\\/giha.se\\\/wp-content\\\/uploads\\\/2026\\\/05\\\/Giha-Org-logo.webp\",\"width\":696,\"height\":696,\"caption\":\"Hertig Knut Aktiebolag\"}]}<\/script>\n<!-- \/ Yoast SEO plugin. -->","yoast_head_json":{"title":"Golvinspektion med Giha Ventinspect | Smart metod f\u00f6r fukt & lukt","description":"Uppt\u00e4ck fukt, m\u00f6gel och radon med Giha Ventinspect. Snabb metod f\u00f6r golvinspektion - anv\u00e4nds av experter. Minimal \u00e5verkan, enkel \u00e5terlagning.","robots":{"index":"index","follow":"follow","max-snippet":"max-snippet:-1","max-image-preview":"max-image-preview:large","max-video-preview":"max-video-preview:-1"},"canonical":"https:\/\/giha.se\/nb\/gulv\/ventinspect\/","og_locale":"nb_NO","og_type":"article","og_title":"Golvinspektion med Giha Ventinspect | Smart metod f\u00f6r fukt & lukt","og_description":"Uppt\u00e4ck fukt, m\u00f6gel och radon med Giha Ventinspect. Snabb metod f\u00f6r golvinspektion - anv\u00e4nds av experter. Minimal \u00e5verkan, enkel \u00e5terlagning.","og_url":"https:\/\/giha.se\/nb\/gulv\/ventinspect\/","og_site_name":"Giha Golvsystem","article_publisher":"https:\/\/www.facebook.com\/gihagolvet\/?locale=sv_SE","article_modified_time":"2026-04-21T11:49:39+00:00","og_image":[{"url":"https:\/\/giha.se\/wp-content\/uploads\/2026\/04\/mekaniskt-ventilerat-golv-giha-hisab@2x.webp","type":"","width":"","height":""}],"twitter_card":"summary_large_image","twitter_misc":{"Est. reading time":"2 minutter"},"schema":{"@context":"https:\/\/schema.org","@graph":[{"@type":"WebPage","@id":"https:\/\/giha.se\/golv\/ventinspect\/","url":"https:\/\/giha.se\/golv\/ventinspect\/","name":"Golvinspektion med Giha Ventinspect | Smart metod f\u00f6r fukt & lukt","isPartOf":{"@id":"https:\/\/giha.se\/#website"},"primaryImageOfPage":{"@id":"https:\/\/giha.se\/golv\/ventinspect\/#primaryimage"},"image":{"@id":"https:\/\/giha.se\/golv\/ventinspect\/#primaryimage"},"thumbnailUrl":"https:\/\/giha.se\/wp-content\/uploads\/2026\/04\/mekaniskt-ventilerat-golv-giha-hisab@2x.webp","datePublished":"2026-04-08T07:33:29+00:00","dateModified":"2026-04-21T11:49:39+00:00","description":"Uppt\u00e4ck fukt, m\u00f6gel och radon med Giha Ventinspect. Snabb metod f\u00f6r golvinspektion - anv\u00e4nds av experter. Minimal \u00e5verkan, enkel \u00e5terlagning.","breadcrumb":{"@id":"https:\/\/giha.se\/golv\/ventinspect\/#breadcrumb"},"inLanguage":"nb-NO","potentialAction":[{"@type":"ReadAction","target":["https:\/\/giha.se\/golv\/ventinspect\/"]}]},{"@type":"ImageObject","inLanguage":"nb-NO","@id":"https:\/\/giha.se\/golv\/ventinspect\/#primaryimage","url":"https:\/\/giha.se\/wp-content\/uploads\/2026\/04\/mekaniskt-ventilerat-golv-giha-hisab@2x.webp","contentUrl":"https:\/\/giha.se\/wp-content\/uploads\/2026\/04\/mekaniskt-ventilerat-golv-giha-hisab@2x.webp"},{"@type":"BreadcrumbList","@id":"https:\/\/giha.se\/golv\/ventinspect\/#breadcrumb","itemListElement":[{"@type":"ListItem","position":1,"name":"Home","item":"https:\/\/giha.se\/"},{"@type":"ListItem","position":2,"name":"Golv","item":"https:\/\/giha.se\/golv\/"},{"@type":"ListItem","position":3,"name":"Ventinspect"}]},{"@type":"WebSite","@id":"https:\/\/giha.se\/#website","url":"https:\/\/giha.se\/","name":"Giha Golvsystem","description":"","publisher":{"@id":"https:\/\/giha.se\/#organization"},"potentialAction":[{"@type":"SearchAction","target":{"@type":"EntryPoint","urlTemplate":"https:\/\/giha.se\/?s={search_term_string}"},"query-input":{"@type":"PropertyValueSpecification","valueRequired":true,"valueName":"search_term_string"}}],"inLanguage":"nb-NO"},{"@type":["Organization","Place"],"@id":"https:\/\/giha.se\/#organization","name":"Hertig Knut Aktiebolag","url":"https:\/\/giha.se\/","logo":{"@id":"https:\/\/giha.se\/golv\/ventinspect\/#local-main-organization-logo"},"image":{"@id":"https:\/\/giha.se\/golv\/ventinspect\/#local-main-organization-logo"},"sameAs":["https:\/\/www.facebook.com\/gihagolvet\/?locale=sv_SE"],"telephone":[],"openingHoursSpecification":[{"@type":"OpeningHoursSpecification","dayOfWeek":["Monday","Tuesday","Wednesday","Thursday","Friday","Saturday","Sunday"],"opens":"09:00","closes":"17:00"}]},{"@type":"ImageObject","inLanguage":"nb-NO","@id":"https:\/\/giha.se\/golv\/ventinspect\/#local-main-organization-logo","url":"https:\/\/giha.se\/wp-content\/uploads\/2026\/05\/Giha-Org-logo.webp","contentUrl":"https:\/\/giha.se\/wp-content\/uploads\/2026\/05\/Giha-Org-logo.webp","width":696,"height":696,"caption":"Hertig Knut Aktiebolag"}]}},"_links":{"self":[{"href":"https:\/\/giha.se\/nb\/wp-json\/wp\/v2\/pages\/1636","targetHints":{"allow":["GET"]}}],"collection":[{"href":"https:\/\/giha.se\/nb\/wp-json\/wp\/v2\/pages"}],"about":[{"href":"https:\/\/giha.se\/nb\/wp-json\/wp\/v2\/types\/page"}],"author":[{"embeddable":true,"href":"https:\/\/giha.se\/nb\/wp-json\/wp\/v2\/users\/2"}],"replies":[{"embeddable":true,"href":"https:\/\/giha.se\/nb\/wp-json\/wp\/v2\/comments?post=1636"}],"version-history":[{"count":0,"href":"https:\/\/giha.se\/nb\/wp-json\/wp\/v2\/pages\/1636\/revisions"}],"up":[{"embeddable":true,"href":"https:\/\/giha.se\/nb\/wp-json\/wp\/v2\/pages\/10"}],"wp:attachment":[{"href":"https:\/\/giha.se\/nb\/wp-json\/wp\/v2\/media?parent=1636"}],"curies":[{"name":"wp","href":"https:\/\/api.w.org\/{rel}","templated":true}]}}